{"id":1002,"date":"2024-01-08T15:27:34","date_gmt":"2024-01-08T15:27:34","guid":{"rendered":"https:\/\/apuliapraia-hotel.com\/?page_id=1002"},"modified":"2024-01-09T14:46:35","modified_gmt":"2024-01-09T14:46:35","slug":"castro-de-sao-lourenco","status":"publish","type":"page","link":"https:\/\/apuliapraia-hotel.com\/fr\/region\/castro-de-sao-lourenco\/","title":{"rendered":"Clarinhas de F\u00e3o"},"content":{"rendered":"<p>Reconnue dans le Nord comme une p\u00e2tisserie traditionnelle charg\u00e9e d&rsquo;histoire, <strong>Clarinhas de F\u00e3o<\/strong> enchante les tables et les ventres de tous ceux qui d\u00e9cident de savourer cette d\u00e9licatesse r\u00e9gionale tout au long de l\u2019ann\u00e9e. Ce qui les distingue, c\u2019est incontestablement leur garniture a la confiture de courge, leur fine p\u00e2te en forme de lune croustillante et d\u00e9licatement saupoudr\u00e9e de sucre. Cette combinaison apporte une explosion de saveurs avec une texture et un contraste unique. Vous pouvez acqu\u00e9rir cette d\u00e9licieuse douceur r\u00e9gionale directement \u00e0 notre <a href=\"https:\/\/apuliapraia-hotel.com\/restaurante\/\">h\u00f4tel<\/a>, provenant de notre propre p\u00e2tisserie.<\/p>\n","protected":false},"excerpt":{"rendered":"<p>Reconnue dans le Nord comme une p\u00e2tisserie traditionnelle charg\u00e9e d&rsquo;histoire, Clarinhas de F\u00e3o enchante les tables et les ventres de tous ceux qui d\u00e9cident de savourer cette d\u00e9licatesse r\u00e9gionale tout au long de l\u2019ann\u00e9e. Ce qui les distingue, c\u2019est incontestablement leur garniture a la confiture de courge, leur fine p\u00e2te en forme de lune croustillante [&hellip;]<\/p>\n","protected":false},"author":565,"featured_media":366,"parent":984,"menu_order":2,"comment_status":"closed","ping_status":"closed","template":"template-default-4.php","meta":{"footnotes":""},"class_list":["post-1002","page","type-page","status-publish","has-post-thumbnail","hentry"],"yoast_head":"<!-- This site is optimized with the Yoast SEO plugin v26.9 - https:\/\/yoast.com\/product\/yoast-seo-wordpress\/ -->\n<title>Clarinhas de F\u00e3o - Apulia Praia Hotel -<\/title>\n<meta name=\"description\" content=\"Reconnue dans le Nord comme une p\u00e2tisserie traditionnelle charg\u00e9e d&#039;histoire, Clarinhas de F\u00e3o enchante les tables et les ventres de tous ceux qui d\u00e9cident de savourer cette d\u00e9licatesse r\u00e9gionale tout au long de l\u2019ann\u00e9e. Ce qui les distingue, c\u2019est incontestablement leur garniture a la confiture de courge, leur fine p\u00e2te en forme de lune croustillante et d\u00e9licatement saupoudr\u00e9e de sucre\" \/>\n<meta name=\"robots\" content=\"index, follow, max-snippet:-1, max-image-preview:large, max-video-preview:-1\" \/>\n<link rel=\"canonical\" href=\"https:\/\/apuliapraia-hotel.com\/fr\/region\/castro-de-sao-lourenco\/\" \/>\n<meta property=\"og:locale\" content=\"fr_FR\" \/>\n<meta property=\"og:type\" content=\"article\" \/>\n<meta property=\"og:title\" content=\"Clarinhas de F\u00e3o - Apulia Praia Hotel -\" \/>\n<meta property=\"og:description\" content=\"Reconnue dans le Nord comme une p\u00e2tisserie traditionnelle charg\u00e9e d&#039;histoire, Clarinhas de F\u00e3o enchante les tables et les ventres de tous ceux qui d\u00e9cident de savourer cette d\u00e9licatesse r\u00e9gionale tout au long de l\u2019ann\u00e9e. Ce qui les distingue, c\u2019est incontestablement leur garniture a la confiture de courge, leur fine p\u00e2te en forme de lune croustillante et d\u00e9licatement saupoudr\u00e9e de sucre\" \/>\n<meta property=\"og:url\" content=\"https:\/\/apuliapraia-hotel.com\/fr\/region\/castro-de-sao-lourenco\/\" \/>\n<meta property=\"og:site_name\" content=\"Apulia Praia Hotel\" \/>\n<meta property=\"article:modified_time\" content=\"2024-01-09T14:46:35+00:00\" \/>\n<meta property=\"og:image\" content=\"https:\/\/apuliapraia-hotel.com\/wp-content\/uploads\/sites\/512\/2023\/02\/Clarinhas-de-Fao.png\" \/>\n\t<meta property=\"og:image:width\" content=\"1200\" \/>\n\t<meta property=\"og:image:height\" content=\"800\" \/>\n\t<meta property=\"og:image:type\" content=\"image\/png\" \/>\n<meta name=\"twitter:card\" content=\"summary_large_image\" \/>\n<meta name=\"twitter:label1\" content=\"Dur\u00e9e de lecture estim\u00e9e\" \/>\n\t<meta name=\"twitter:data1\" content=\"1 minute\" \/>\n<script type=\"application\/ld+json\" class=\"yoast-schema-graph\">{\"@context\":\"https:\/\/schema.org\",\"@graph\":[{\"@type\":\"WebPage\",\"@id\":\"https:\/\/apuliapraia-hotel.com\/fr\/region\/castro-de-sao-lourenco\/\",\"url\":\"https:\/\/apuliapraia-hotel.com\/fr\/region\/castro-de-sao-lourenco\/\",\"name\":\"Clarinhas de F\u00e3o - Apulia Praia Hotel -\",\"isPartOf\":{\"@id\":\"https:\/\/apuliapraia-hotel.com\/fr\/#website\"},\"primaryImageOfPage\":{\"@id\":\"https:\/\/apuliapraia-hotel.com\/fr\/region\/castro-de-sao-lourenco\/#primaryimage\"},\"image\":{\"@id\":\"https:\/\/apuliapraia-hotel.com\/fr\/region\/castro-de-sao-lourenco\/#primaryimage\"},\"thumbnailUrl\":\"https:\/\/apuliapraia-hotel.com\/wp-content\/uploads\/sites\/512\/2023\/02\/Clarinhas-de-Fao.png\",\"datePublished\":\"2024-01-08T15:27:34+00:00\",\"dateModified\":\"2024-01-09T14:46:35+00:00\",\"description\":\"Reconnue dans le Nord comme une p\u00e2tisserie traditionnelle charg\u00e9e d'histoire, Clarinhas de F\u00e3o enchante les tables et les ventres de tous ceux qui d\u00e9cident de savourer cette d\u00e9licatesse r\u00e9gionale tout au long de l\u2019ann\u00e9e. Ce qui les distingue, c\u2019est incontestablement leur garniture a la confiture de courge, leur fine p\u00e2te en forme de lune croustillante et d\u00e9licatement saupoudr\u00e9e de sucre\",\"breadcrumb\":{\"@id\":\"https:\/\/apuliapraia-hotel.com\/fr\/region\/castro-de-sao-lourenco\/#breadcrumb\"},\"inLanguage\":\"fr-FR\",\"potentialAction\":[{\"@type\":\"ReadAction\",\"target\":[\"https:\/\/apuliapraia-hotel.com\/fr\/region\/castro-de-sao-lourenco\/\"]}]},{\"@type\":\"ImageObject\",\"inLanguage\":\"fr-FR\",\"@id\":\"https:\/\/apuliapraia-hotel.com\/fr\/region\/castro-de-sao-lourenco\/#primaryimage\",\"url\":\"https:\/\/apuliapraia-hotel.com\/wp-content\/uploads\/sites\/512\/2023\/02\/Clarinhas-de-Fao.png\",\"contentUrl\":\"https:\/\/apuliapraia-hotel.com\/wp-content\/uploads\/sites\/512\/2023\/02\/Clarinhas-de-Fao.png\",\"width\":1200,\"height\":800,\"caption\":\"Clarinhas de F\u00e3o\"},{\"@type\":\"BreadcrumbList\",\"@id\":\"https:\/\/apuliapraia-hotel.com\/fr\/region\/castro-de-sao-lourenco\/#breadcrumb\",\"itemListElement\":[{\"@type\":\"ListItem\",\"position\":1,\"name\":\"Home\",\"item\":\"https:\/\/apuliapraia-hotel.com\/fr\/\"},{\"@type\":\"ListItem\",\"position\":2,\"name\":\"R\u00e9gion\",\"item\":\"https:\/\/apuliapraia-hotel.com\/fr\/region\/\"},{\"@type\":\"ListItem\",\"position\":3,\"name\":\"Clarinhas de F\u00e3o\"}]},{\"@type\":\"WebSite\",\"@id\":\"https:\/\/apuliapraia-hotel.com\/fr\/#website\",\"url\":\"https:\/\/apuliapraia-hotel.com\/fr\/\",\"name\":\"Apulia Praia Hotel\",\"description\":\"\",\"potentialAction\":[{\"@type\":\"SearchAction\",\"target\":{\"@type\":\"EntryPoint\",\"urlTemplate\":\"https:\/\/apuliapraia-hotel.com\/fr\/?s={search_term_string}\"},\"query-input\":{\"@type\":\"PropertyValueSpecification\",\"valueRequired\":true,\"valueName\":\"search_term_string\"}}],\"inLanguage\":\"fr-FR\"}]}<\/script>\n<!-- \/ Yoast SEO plugin. -->","yoast_head_json":{"title":"Clarinhas de F\u00e3o - Apulia Praia Hotel -","description":"Reconnue dans le Nord comme une p\u00e2tisserie traditionnelle charg\u00e9e d'histoire, Clarinhas de F\u00e3o enchante les tables et les ventres de tous ceux qui d\u00e9cident de savourer cette d\u00e9licatesse r\u00e9gionale tout au long de l\u2019ann\u00e9e. Ce qui les distingue, c\u2019est incontestablement leur garniture a la confiture de courge, leur fine p\u00e2te en forme de lune croustillante et d\u00e9licatement saupoudr\u00e9e de sucre","robots":{"index":"index","follow":"follow","max-snippet":"max-snippet:-1","max-image-preview":"max-image-preview:large","max-video-preview":"max-video-preview:-1"},"canonical":"https:\/\/apuliapraia-hotel.com\/fr\/region\/castro-de-sao-lourenco\/","og_locale":"fr_FR","og_type":"article","og_title":"Clarinhas de F\u00e3o - Apulia Praia Hotel -","og_description":"Reconnue dans le Nord comme une p\u00e2tisserie traditionnelle charg\u00e9e d'histoire, Clarinhas de F\u00e3o enchante les tables et les ventres de tous ceux qui d\u00e9cident de savourer cette d\u00e9licatesse r\u00e9gionale tout au long de l\u2019ann\u00e9e. Ce qui les distingue, c\u2019est incontestablement leur garniture a la confiture de courge, leur fine p\u00e2te en forme de lune croustillante et d\u00e9licatement saupoudr\u00e9e de sucre","og_url":"https:\/\/apuliapraia-hotel.com\/fr\/region\/castro-de-sao-lourenco\/","og_site_name":"Apulia Praia Hotel","article_modified_time":"2024-01-09T14:46:35+00:00","og_image":[{"width":1200,"height":800,"url":"https:\/\/apuliapraia-hotel.com\/wp-content\/uploads\/sites\/512\/2023\/02\/Clarinhas-de-Fao.png","type":"image\/png"}],"twitter_card":"summary_large_image","twitter_misc":{"Dur\u00e9e de lecture estim\u00e9e":"1 minute"},"schema":{"@context":"https:\/\/schema.org","@graph":[{"@type":"WebPage","@id":"https:\/\/apuliapraia-hotel.com\/fr\/region\/castro-de-sao-lourenco\/","url":"https:\/\/apuliapraia-hotel.com\/fr\/region\/castro-de-sao-lourenco\/","name":"Clarinhas de F\u00e3o - Apulia Praia Hotel -","isPartOf":{"@id":"https:\/\/apuliapraia-hotel.com\/fr\/#website"},"primaryImageOfPage":{"@id":"https:\/\/apuliapraia-hotel.com\/fr\/region\/castro-de-sao-lourenco\/#primaryimage"},"image":{"@id":"https:\/\/apuliapraia-hotel.com\/fr\/region\/castro-de-sao-lourenco\/#primaryimage"},"thumbnailUrl":"https:\/\/apuliapraia-hotel.com\/wp-content\/uploads\/sites\/512\/2023\/02\/Clarinhas-de-Fao.png","datePublished":"2024-01-08T15:27:34+00:00","dateModified":"2024-01-09T14:46:35+00:00","description":"Reconnue dans le Nord comme une p\u00e2tisserie traditionnelle charg\u00e9e d'histoire, Clarinhas de F\u00e3o enchante les tables et les ventres de tous ceux qui d\u00e9cident de savourer cette d\u00e9licatesse r\u00e9gionale tout au long de l\u2019ann\u00e9e. Ce qui les distingue, c\u2019est incontestablement leur garniture a la confiture de courge, leur fine p\u00e2te en forme de lune croustillante et d\u00e9licatement saupoudr\u00e9e de sucre","breadcrumb":{"@id":"https:\/\/apuliapraia-hotel.com\/fr\/region\/castro-de-sao-lourenco\/#breadcrumb"},"inLanguage":"fr-FR","potentialAction":[{"@type":"ReadAction","target":["https:\/\/apuliapraia-hotel.com\/fr\/region\/castro-de-sao-lourenco\/"]}]},{"@type":"ImageObject","inLanguage":"fr-FR","@id":"https:\/\/apuliapraia-hotel.com\/fr\/region\/castro-de-sao-lourenco\/#primaryimage","url":"https:\/\/apuliapraia-hotel.com\/wp-content\/uploads\/sites\/512\/2023\/02\/Clarinhas-de-Fao.png","contentUrl":"https:\/\/apuliapraia-hotel.com\/wp-content\/uploads\/sites\/512\/2023\/02\/Clarinhas-de-Fao.png","width":1200,"height":800,"caption":"Clarinhas de F\u00e3o"},{"@type":"BreadcrumbList","@id":"https:\/\/apuliapraia-hotel.com\/fr\/region\/castro-de-sao-lourenco\/#breadcrumb","itemListElement":[{"@type":"ListItem","position":1,"name":"Home","item":"https:\/\/apuliapraia-hotel.com\/fr\/"},{"@type":"ListItem","position":2,"name":"R\u00e9gion","item":"https:\/\/apuliapraia-hotel.com\/fr\/region\/"},{"@type":"ListItem","position":3,"name":"Clarinhas de F\u00e3o"}]},{"@type":"WebSite","@id":"https:\/\/apuliapraia-hotel.com\/fr\/#website","url":"https:\/\/apuliapraia-hotel.com\/fr\/","name":"Apulia Praia Hotel","description":"","potentialAction":[{"@type":"SearchAction","target":{"@type":"EntryPoint","urlTemplate":"https:\/\/apuliapraia-hotel.com\/fr\/?s={search_term_string}"},"query-input":{"@type":"PropertyValueSpecification","valueRequired":true,"valueName":"search_term_string"}}],"inLanguage":"fr-FR"}]}},"acf":[],"_links":{"self":[{"href":"https:\/\/apuliapraia-hotel.com\/fr\/wp-json\/wp\/v2\/pages\/1002","targetHints":{"allow":["GET"]}}],"collection":[{"href":"https:\/\/apuliapraia-hotel.com\/fr\/wp-json\/wp\/v2\/pages"}],"about":[{"href":"https:\/\/apuliapraia-hotel.com\/fr\/wp-json\/wp\/v2\/types\/page"}],"author":[{"embeddable":true,"href":"https:\/\/apuliapraia-hotel.com\/fr\/wp-json\/wp\/v2\/users\/565"}],"replies":[{"embeddable":true,"href":"https:\/\/apuliapraia-hotel.com\/fr\/wp-json\/wp\/v2\/comments?post=1002"}],"version-history":[{"count":0,"href":"https:\/\/apuliapraia-hotel.com\/fr\/wp-json\/wp\/v2\/pages\/1002\/revisions"}],"up":[{"embeddable":true,"href":"https:\/\/apuliapraia-hotel.com\/fr\/wp-json\/wp\/v2\/pages\/984"}],"wp:featuredmedia":[{"embeddable":true,"href":"https:\/\/apuliapraia-hotel.com\/fr\/wp-json\/wp\/v2\/media\/366"}],"wp:attachment":[{"href":"https:\/\/apuliapraia-hotel.com\/fr\/wp-json\/wp\/v2\/media?parent=1002"}],"curies":[{"name":"wp","href":"https:\/\/api.w.org\/{rel}","templated":true}]}}