{"id":620,"date":"2023-04-26T09:20:21","date_gmt":"2023-04-26T09:20:21","guid":{"rendered":"https:\/\/apuliapraia-hotel.com\/?page_id=620"},"modified":"2023-04-26T09:20:21","modified_gmt":"2023-04-26T09:20:21","slug":"politica-de-cookies","status":"publish","type":"page","link":"https:\/\/apuliapraia-hotel.com\/es\/politica-de-cookies\/","title":{"rendered":"Pol\u00edtica de cookies"},"content":{"rendered":"<p>Informamos que el hotel Apulia Praia Hotel utiliza cookies u otros marcadores en su sitio web <a href=\"http:\/\/www.apuliapraia-hotel.com\/\" target=\"_new\" rel=\"noopener\">www.apuliapraia-hotel.com<\/a>.<\/p>\n<p>Estos marcadores pueden ser instalados en su dispositivo, dependiendo de las preferencias que haya elegido o que pueda elegir en cualquier momento de acuerdo con esta pol\u00edtica.<\/p>\n<p><strong>1. \u00bfPor qu\u00e9 tener una pol\u00edtica de cookies?<\/strong><\/p>\n<p>Con el objetivo de proporcionar informaci\u00f3n y garantizar la transparencia, el hotel Apulia Praia Hotel estableci\u00f3 esta pol\u00edtica para que pueda saber m\u00e1s sobre:<\/p>\n<p>El origen y el prop\u00f3sito de la informaci\u00f3n procesada al navegar en apuliapraia-hotel.com.<\/p>\n<p>Sus derechos en relaci\u00f3n con las cookies y otros marcadores utilizados por el hotel Apulia Praia Hotel.\u00bfQu\u00e9 es una cookie<\/p>\n<p><strong>2. \u00bfQu\u00e9 es una cookie?<\/strong><\/p>\n<p>Las cookies y otros marcadores similares son paquetes de datos utilizados por los servidores para enviar informaci\u00f3n de estado al navegador de un usuario y devolver informaci\u00f3n de estado al servidor original a trav\u00e9s de este mismo navegador. La informaci\u00f3n de estado puede ser un identificador de sesi\u00f3n, un idioma, una fecha de vencimiento, un campo de respuesta u otros tipos de informaci\u00f3n. Durante el per\u00edodo de validez, las cookies se utilizan para almacenar informaci\u00f3n de estado cuando un navegador accede a varias p\u00e1ginas de un sitio web o cuando el navegador vuelve a este sitio en un momento posterior.<\/p>\n<p>Existen diferentes tipos de cookies:<\/p>\n<ul>\n<li>Cookies de sesi\u00f3n, que se eliminan tan pronto como sale del navegador o del sitio web.<\/li>\n<li>Cookies persistentes, que permanecen en su dispositivo hasta que caducan o hasta que las elimine utilizando las funciones de su navegador.<\/li>\n<\/ul>\n<p><strong>3. \u00bfPor qu\u00e9 usar cookies?<\/strong><\/p>\n<p>Utilizamos cookies y otros marcadores principalmente para las siguientes finalidades:<\/p>\n<p>Cookies estrictamente necesarios para navegar en <a href=\"http:\/\/www.apuliapraia-hotel.com\/\" target=\"_new\" rel=\"noopener\">www.apuliapraia-hotel.com<\/a> y la capacidad de usar todos sus recursos, destinados en particular a:<\/p>\n<ul>\n<li>Gestionar la autenticaci\u00f3n de los visitantes de los sitios y sus medidas de seguridad, as\u00ed como el buen funcionamiento del m\u00f3dulo de autenticaci\u00f3n<\/li>\n<li>Optimizar la experiencia del usuario y facilitar la navegaci\u00f3n, en particular determinando \u00abrutas t\u00e9cnicas\u00bb para la navegaci\u00f3n<\/li>\n<li>Almacenar informaci\u00f3n sobre el banner de informaci\u00f3n \u00abcookies\u00bb visto por los visitantes del sitio que, a continuaci\u00f3n, contin\u00faan navegando en el sitio despu\u00e9s de aceptar cookies en su dispositivo<\/li>\n<\/ul>\n<p>Implementar medidas de seguridad (por ejemplo, cuando se solicita que inicie sesi\u00f3n de nuevo para acceder a contenido o un servicio despu\u00e9s de un cierto per\u00edodo o para asegurar la operaci\u00f3n b\u00e1sica de <a href=\"http:\/\/www.apuliapraia-hotel.com\/\" target=\"_new\" rel=\"noopener\">www.apuliapraia-hotel.com<\/a> y la utilizaci\u00f3n de sus principales recursos t\u00e9cnicos, (como monitoreo de rendimiento y errores de navegaci\u00f3n, gesti\u00f3n de sesiones de usuario, etc.))<\/p>\n<p>Cookies para caracter\u00edsticas destinadas, en especial, a:<\/p>\n<ul>\n<li>Adaptar <a href=\"http:\/\/www.apuliapraia-hotel.com\/\" target=\"_new\" rel=\"noopener\">www.apuliapraia-hotel.com<\/a> a las preferencias de visualizaci\u00f3n de su dispositivo (idioma, moneda, resoluci\u00f3n de pantalla, sistema operativo usado, configuraci\u00f3n y ajustes de la visualizaci\u00f3n de p\u00e1ginas de Internet basado en el dispositivo que est\u00e1 utilizando y su ubicaci\u00f3n, etc.)<\/li>\n<li>Almacenar la informaci\u00f3n espec\u00edfica que ingresa en <a href=\"http:\/\/www.apuliapraia-hotel.com\/\" target=\"_new\" rel=\"noopener\">www.apuliapraia-hotel.com<\/a> para facilitar y personalizar sus visitas posteriores (incluyendo la visualizaci\u00f3n del nombre y apellido del visitante si el visitante tiene una cuenta de usuario)<\/li>\n<li>Permitirle acceder a sus p\u00e1ginas personales m\u00e1s r\u00e1pidamente, almacenando los datos de inicio de sesi\u00f3n o la informaci\u00f3n que introdujo anteriormente<\/li>\n<\/ul>\n<p><em>Las cookies de seguimiento de visitantes buscan mejorar la comodidad de los usuarios, ayud\u00e1ndonos a comprender sus interacciones con <a href=\"http:\/\/www.apuliapraia-hotel.com\/\" target=\"_new\" rel=\"noopener\">www.apuliapraia-hotel.com<\/a> (p\u00e1ginas m\u00e1s visitadas, aplicaciones usadas, etc.); estas cookies pueden recopilar estad\u00edsticas o probar diferentes formas de mostrar informaci\u00f3n, para mejorar la relevancia y la usabilidad de nuestros servicios.<\/em><\/p>\n<p><em>Las cookies de publicidad se destinan a (i) ofrecerle, en espacios publicitarios, contenido espec\u00edfico relevante que pueda ser de su inter\u00e9s (mejores ofertas, otros destinos, etc.) basado en sus intereses, comportamiento de navegaci\u00f3n, preferencias y otros factores, y (ii) reducir el n\u00famero de veces que aparecen los anuncios.<\/em><\/p>\n<p><em>Las cookies afiliadas identifican el sitio de otras entidades que redireccion\u00f3 a un visitante a <a href=\"http:\/\/www.apuliapraia-hotel.com\/\" target=\"_new\" rel=\"noopener\">www.apuliapraia-hotel.com<\/a>.<\/em><\/p>\n<p><em>Las cookies de redes sociales, definidos por terceros, permiten que comparta su opini\u00f3n y contenido de <a href=\"http:\/\/www.apuliapraia-hotel.com\/\" target=\"_new\" rel=\"noopener\">www.apuliapraia-hotel.com<\/a> en las redes sociales (por ejemplo, los botones de aplicaci\u00f3n \u00abCompartir\u00bb o \u00abMe gusta\u00bb para redes sociales).<\/em><\/p>\n<p>Recomendamos que lea las pol\u00edticas de estas redes sociales para familiarizarse con c\u00f3mo utilizan la informaci\u00f3n de navegaci\u00f3n que recopilan, especialmente en cuanto a publicidad. Estas pol\u00edticas deben permitirle tomar decisiones en estas redes sociales, en particular configurando las cuentas de usuario para cada una de ellas.<\/p>\n<h3>4. Consentimiento<\/h3>\n<p>La instalaci\u00f3n de ciertas cookies est\u00e1 sujeta a su consentimiento. Adem\u00e1s, cuando visita <a href=\"http:\/\/www.apuliapraia-hotel.com\/\" target=\"_new\" rel=\"noopener\">www.apuliapraia-hotel.com<\/a> por primera vez, se le pregunta si acepta la instalaci\u00f3n de este tipo de cookie, que solo se activa despu\u00e9s de la aceptaci\u00f3n.<\/p>\n<p>Este proceso est\u00e1 respaldado por un banner informativo en la p\u00e1gina de inicio de <a href=\"http:\/\/www.apuliapraia-hotel.com\/\" target=\"_new\" rel=\"noopener\">www.apuliapraia-hotel.com<\/a>, que le informa que, al continuar navegando, acepta la instalaci\u00f3n de cookies que requieren su consentimiento en su dispositivo.<\/p>\n<p>Puede cambiar de opini\u00f3n en cualquier momento utilizando los diversos m\u00e9todos descritos en la secci\u00f3n \u00abEliminar y\/o bloquear cookies\u00bb.<\/p>\n<div id=\"macaron_inline_cookie_box\"><\/div>\n<div class=\"group w-full text-gray-800 dark:text-gray-100 border-b border-black\/10 dark:border-gray-900\/50 bg-gray-50 dark:bg-[#444654]\">\n<div class=\"text-base gap-4 md:gap-6 md:max-w-2xl lg:max-w-xl xl:max-w-3xl p-4 md:py-6 flex lg:px-0 m-auto\">\n<div class=\"relative flex w-[calc(100%-50px)] flex-col gap-1 md:gap-3 lg:w-[calc(100%-115px)]\">\n<div class=\"flex flex-grow flex-col gap-3\">\n<div class=\"min-h-[20px] flex flex-col items-start gap-4 whitespace-pre-wrap\">\n<div class=\"markdown prose w-full break-words dark:prose-invert light\">\n<h3>5. Eliminar y\/o bloquear cookies<\/h3>\n<p>Tienes varias opciones para eliminar cookies y otros marcadores.<\/p>\n<p><strong>Configuraci\u00f3n del navegador<\/strong><\/p>\n<p>Aunque la mayor\u00eda de los navegadores est\u00e1n configurados por defecto para aceptar cookies, si lo deseas, puedes elegir aceptar todas las cookies, bloquear siempre las cookies o elegir qu\u00e9 cookies aceptar en funci\u00f3n de su remitente.<\/p>\n<p>Tambi\u00e9n puedes configurar tu navegador para aceptar o bloquear cookies caso por caso antes de que se instalen. Tu navegador tambi\u00e9n te permite eliminar regularmente las cookies de tu dispositivo. Recuerda configurar todos los navegadores en tus diferentes dispositivos (tabletas, tel\u00e9fonos inteligentes, computadoras, etc.).<\/p>\n<p>En cuanto a la gesti\u00f3n de cookies y tus preferencias, la configuraci\u00f3n var\u00eda para cada navegador. Este procedimiento se describe en el men\u00fa de Ayuda de tu navegador, as\u00ed como el procedimiento para editar tus preferencias de cookies. Por ejemplo:<\/p>\n<ul>\n<li>Para Microsoft Edge\u2122: <a href=\"https:\/\/support.microsoft.com\/es-es\/windows\/microsoft-edge-browsing-data-and-privacy-bb8174ba-9d73-dcf2-9b4a-c582b4e640dd\" target=\"_new\" rel=\"noopener\">https:\/\/support.microsoft.com\/es-es\/windows\/microsoft-edge-browsing-data-and-privacy-bb8174ba-9d73-dcf2-9b4a-c582b4e640dd<\/a><\/li>\n<li>Para Safari\u2122: <a href=\"https:\/\/support.apple.com\/es-es\/guide\/safari\/manage-cookies-and-website-data-sfri11471\/mac\" target=\"_new\" rel=\"noopener\">https:\/\/support.apple.com\/es-es\/guide\/safari\/manage-cookies-and-website-data-sfri11471\/mac<\/a><\/li>\n<li>Para Chrome\u2122: <a href=\"https:\/\/support.google.com\/chrome\/answer\/95647\" target=\"_new\" rel=\"noopener\">https:\/\/support.google.com\/chrome\/answer\/95647<\/a><\/li>\n<li>Para Firefox\u2122: <a href=\"https:\/\/support.mozilla.org\/es\/kb\/habilitar-y-deshabilitar-cookies-que-los-sitios-we\" target=\"_new\" rel=\"noopener\">https:\/\/support.mozilla.org\/es\/kb\/habilitar-y-deshabilitar-cookies-que-los-sitios-we<\/a><\/li>\n<li>Para Opera\u2122: <a href=\"https:\/\/help.opera.com\/es\/latest\/web-preferences\/#cookies%C2%A0\" target=\"_new\" rel=\"noopener\">https:\/\/help.opera.com\/es\/latest\/web-preferences\/#cookies\u00a0<\/a><\/li>\n<\/ul>\n<p>Guardar una cookie en tu dispositivo depende de tu intenci\u00f3n, que puedes ejercer y cambiar en cualquier momento y de forma gratuita, utilizando la configuraci\u00f3n que ofrece tu software de navegador.<\/p>\n<p>Si tu navegador est\u00e1 configurado para aceptar cookies en tu dispositivo, las cookies integradas en las p\u00e1ginas y el contenido que visualizas pueden ser almacenadas temporalmente en un espacio dedicado en tu dispositivo. Solo pueden ser le\u00eddas por su emisor.<\/p>\n<p>Sin embargo, puedes configurar tu navegador para bloquear las cookies. Recuerda que si configuras tu navegador para bloquear las cookies, algunos recursos, p\u00e1ginas y espacios en <a href=\"http:\/\/www.apuliapraia-hotel.com\/\" target=\"_new\" rel=\"noopener\">www.apuliapraia-hotel.com<\/a> no estar\u00e1n accesibles, y no podemos hacernos responsables en ese caso.<\/p>\n<p><strong>Plataformas publicitarias especializadas<\/strong><\/p>\n<p>Varias plataformas publicitarias profesionales tambi\u00e9n ofrecen la opci\u00f3n de aceptar o bloquear las cookies utilizadas por las empresas miembro. Estos mecanismos centralizados no bloquean la visualizaci\u00f3n de anuncios; solo impiden la instalaci\u00f3n de cookies que personalizan los anuncios seg\u00fan tus intereses.<\/p>\n<p>Por ejemplo, puedes visitar <a href=\"http:\/\/www.youronlinechoices.com\/\" target=\"_new\" rel=\"noopener\">http:\/\/www.youronlinechoices.com<\/a> para prohibir la instalaci\u00f3n de estas cookies en tu dispositivo. Este sitio web es ofrecido por profesionales de la publicidad digital reunidos en la Alianza Europea de Publicidad Digital (EDAA) y gestionado en Francia por la Oficina de Publicidad Interactiva.<\/p>\n<\/div>\n<\/div>\n<\/div>\n<\/div>\n<\/div>\n<\/div>\n","protected":false},"excerpt":{"rendered":"<p>Informamos que el hotel Apulia Praia Hotel utiliza cookies u otros marcadores en su sitio web www.apuliapraia-hotel.com. Estos marcadores pueden ser instalados en su dispositivo, dependiendo de las preferencias que haya elegido o que pueda elegir en cualquier momento de acuerdo con esta pol\u00edtica. 1. \u00bfPor qu\u00e9 tener una pol\u00edtica de cookies? Con el objetivo [&hellip;]<\/p>\n","protected":false},"author":565,"featured_media":0,"parent":0,"menu_order":31,"comment_status":"closed","ping_status":"closed","template":"template-default-2.php","meta":{"footnotes":""},"class_list":["post-620","page","type-page","status-publish","hentry"],"yoast_head":"<!-- This site is optimized with the Yoast SEO plugin v26.9 - https:\/\/yoast.com\/product\/yoast-seo-wordpress\/ -->\n<title>Pol\u00edtica de cookies - Apulia Praia Hotel -<\/title>\n<meta name=\"description\" content=\"Informamos que el hotel Apulia Praia Hotel utiliza cookies u otros marcadores en su sitio web www.apuliapraia-hotel.com.  Estos marcadores pueden ser instalados en su dispositivo, dependiendo de las preferencias que haya elegido o que pueda elegir en cualquier momento de acuerdo con esta pol\u00edtica.  1. \u00bfPor qu\u00e9 tener una pol\u00edtica de cookies?  Con el objetivo de proporcionar informaci\u00f3n y garantizar la transparencia, el hotel Apulia Praia Hotel estableci\u00f3 esta pol\u00edtica para que pueda saber m\u00e1s sobre:  El origen y el prop\u00f3sito de la informaci\u00f3n procesada al navegar en apuliapraia-hotel.com.  Sus derechos en relaci\u00f3n con las cookies y otros marcadores utilizados por el hotel Apulia Praia Hotel.\u00bfQu\u00e9 es una cookie  2\" \/>\n<meta name=\"robots\" content=\"index, follow, max-snippet:-1, max-image-preview:large, max-video-preview:-1\" \/>\n<link rel=\"canonical\" href=\"https:\/\/apuliapraia-hotel.com\/es\/politica-de-cookies\/\" \/>\n<meta property=\"og:locale\" content=\"es_ES\" \/>\n<meta property=\"og:type\" content=\"article\" \/>\n<meta property=\"og:title\" content=\"Pol\u00edtica de cookies - Apulia Praia Hotel -\" \/>\n<meta property=\"og:description\" content=\"Informamos que el hotel Apulia Praia Hotel utiliza cookies u otros marcadores en su sitio web www.apuliapraia-hotel.com.  Estos marcadores pueden ser instalados en su dispositivo, dependiendo de las preferencias que haya elegido o que pueda elegir en cualquier momento de acuerdo con esta pol\u00edtica.  1. \u00bfPor qu\u00e9 tener una pol\u00edtica de cookies?  Con el objetivo de proporcionar informaci\u00f3n y garantizar la transparencia, el hotel Apulia Praia Hotel estableci\u00f3 esta pol\u00edtica para que pueda saber m\u00e1s sobre:  El origen y el prop\u00f3sito de la informaci\u00f3n procesada al navegar en apuliapraia-hotel.com.  Sus derechos en relaci\u00f3n con las cookies y otros marcadores utilizados por el hotel Apulia Praia Hotel.\u00bfQu\u00e9 es una cookie  2\" \/>\n<meta property=\"og:url\" content=\"https:\/\/apuliapraia-hotel.com\/es\/politica-de-cookies\/\" \/>\n<meta property=\"og:site_name\" content=\"Apulia Praia Hotel\" \/>\n<meta name=\"twitter:card\" content=\"summary_large_image\" \/>\n<meta name=\"twitter:label1\" content=\"Tiempo de lectura\" \/>\n\t<meta name=\"twitter:data1\" content=\"7 minutos\" \/>\n<script type=\"application\/ld+json\" class=\"yoast-schema-graph\">{\"@context\":\"https:\/\/schema.org\",\"@graph\":[{\"@type\":\"WebPage\",\"@id\":\"https:\/\/apuliapraia-hotel.com\/es\/politica-de-cookies\/\",\"url\":\"https:\/\/apuliapraia-hotel.com\/es\/politica-de-cookies\/\",\"name\":\"Pol\u00edtica de cookies - Apulia Praia Hotel -\",\"isPartOf\":{\"@id\":\"https:\/\/apuliapraia-hotel.com\/es\/#website\"},\"datePublished\":\"2023-04-26T09:20:21+00:00\",\"description\":\"Informamos que el hotel Apulia Praia Hotel utiliza cookies u otros marcadores en su sitio web www.apuliapraia-hotel.com. Estos marcadores pueden ser instalados en su dispositivo, dependiendo de las preferencias que haya elegido o que pueda elegir en cualquier momento de acuerdo con esta pol\u00edtica. 1. \u00bfPor qu\u00e9 tener una pol\u00edtica de cookies? Con el objetivo de proporcionar informaci\u00f3n y garantizar la transparencia, el hotel Apulia Praia Hotel estableci\u00f3 esta pol\u00edtica para que pueda saber m\u00e1s sobre: El origen y el prop\u00f3sito de la informaci\u00f3n procesada al navegar en apuliapraia-hotel.com. Sus derechos en relaci\u00f3n con las cookies y otros marcadores utilizados por el hotel Apulia Praia Hotel.\u00bfQu\u00e9 es una cookie 2\",\"breadcrumb\":{\"@id\":\"https:\/\/apuliapraia-hotel.com\/es\/politica-de-cookies\/#breadcrumb\"},\"inLanguage\":\"es\",\"potentialAction\":[{\"@type\":\"ReadAction\",\"target\":[\"https:\/\/apuliapraia-hotel.com\/es\/politica-de-cookies\/\"]}]},{\"@type\":\"BreadcrumbList\",\"@id\":\"https:\/\/apuliapraia-hotel.com\/es\/politica-de-cookies\/#breadcrumb\",\"itemListElement\":[{\"@type\":\"ListItem\",\"position\":1,\"name\":\"Home\",\"item\":\"https:\/\/apuliapraia-hotel.com\/es\/\"},{\"@type\":\"ListItem\",\"position\":2,\"name\":\"Pol\u00edtica de cookies\"}]},{\"@type\":\"WebSite\",\"@id\":\"https:\/\/apuliapraia-hotel.com\/es\/#website\",\"url\":\"https:\/\/apuliapraia-hotel.com\/es\/\",\"name\":\"Apulia Praia Hotel\",\"description\":\"\",\"potentialAction\":[{\"@type\":\"SearchAction\",\"target\":{\"@type\":\"EntryPoint\",\"urlTemplate\":\"https:\/\/apuliapraia-hotel.com\/es\/?s={search_term_string}\"},\"query-input\":{\"@type\":\"PropertyValueSpecification\",\"valueRequired\":true,\"valueName\":\"search_term_string\"}}],\"inLanguage\":\"es\"}]}<\/script>\n<!-- \/ Yoast SEO plugin. -->","yoast_head_json":{"title":"Pol\u00edtica de cookies - Apulia Praia Hotel -","description":"Informamos que el hotel Apulia Praia Hotel utiliza cookies u otros marcadores en su sitio web www.apuliapraia-hotel.com.  Estos marcadores pueden ser instalados en su dispositivo, dependiendo de las preferencias que haya elegido o que pueda elegir en cualquier momento de acuerdo con esta pol\u00edtica.  1. \u00bfPor qu\u00e9 tener una pol\u00edtica de cookies?  Con el objetivo de proporcionar informaci\u00f3n y garantizar la transparencia, el hotel Apulia Praia Hotel estableci\u00f3 esta pol\u00edtica para que pueda saber m\u00e1s sobre:  El origen y el prop\u00f3sito de la informaci\u00f3n procesada al navegar en apuliapraia-hotel.com.  Sus derechos en relaci\u00f3n con las cookies y otros marcadores utilizados por el hotel Apulia Praia Hotel.\u00bfQu\u00e9 es una cookie  2","robots":{"index":"index","follow":"follow","max-snippet":"max-snippet:-1","max-image-preview":"max-image-preview:large","max-video-preview":"max-video-preview:-1"},"canonical":"https:\/\/apuliapraia-hotel.com\/es\/politica-de-cookies\/","og_locale":"es_ES","og_type":"article","og_title":"Pol\u00edtica de cookies - Apulia Praia Hotel -","og_description":"Informamos que el hotel Apulia Praia Hotel utiliza cookies u otros marcadores en su sitio web www.apuliapraia-hotel.com.  Estos marcadores pueden ser instalados en su dispositivo, dependiendo de las preferencias que haya elegido o que pueda elegir en cualquier momento de acuerdo con esta pol\u00edtica.  1. \u00bfPor qu\u00e9 tener una pol\u00edtica de cookies?  Con el objetivo de proporcionar informaci\u00f3n y garantizar la transparencia, el hotel Apulia Praia Hotel estableci\u00f3 esta pol\u00edtica para que pueda saber m\u00e1s sobre:  El origen y el prop\u00f3sito de la informaci\u00f3n procesada al navegar en apuliapraia-hotel.com.  Sus derechos en relaci\u00f3n con las cookies y otros marcadores utilizados por el hotel Apulia Praia Hotel.\u00bfQu\u00e9 es una cookie  2","og_url":"https:\/\/apuliapraia-hotel.com\/es\/politica-de-cookies\/","og_site_name":"Apulia Praia Hotel","twitter_card":"summary_large_image","twitter_misc":{"Tiempo de lectura":"7 minutos"},"schema":{"@context":"https:\/\/schema.org","@graph":[{"@type":"WebPage","@id":"https:\/\/apuliapraia-hotel.com\/es\/politica-de-cookies\/","url":"https:\/\/apuliapraia-hotel.com\/es\/politica-de-cookies\/","name":"Pol\u00edtica de cookies - Apulia Praia Hotel -","isPartOf":{"@id":"https:\/\/apuliapraia-hotel.com\/es\/#website"},"datePublished":"2023-04-26T09:20:21+00:00","description":"Informamos que el hotel Apulia Praia Hotel utiliza cookies u otros marcadores en su sitio web www.apuliapraia-hotel.com. Estos marcadores pueden ser instalados en su dispositivo, dependiendo de las preferencias que haya elegido o que pueda elegir en cualquier momento de acuerdo con esta pol\u00edtica. 1. \u00bfPor qu\u00e9 tener una pol\u00edtica de cookies? Con el objetivo de proporcionar informaci\u00f3n y garantizar la transparencia, el hotel Apulia Praia Hotel estableci\u00f3 esta pol\u00edtica para que pueda saber m\u00e1s sobre: El origen y el prop\u00f3sito de la informaci\u00f3n procesada al navegar en apuliapraia-hotel.com. Sus derechos en relaci\u00f3n con las cookies y otros marcadores utilizados por el hotel Apulia Praia Hotel.\u00bfQu\u00e9 es una cookie 2","breadcrumb":{"@id":"https:\/\/apuliapraia-hotel.com\/es\/politica-de-cookies\/#breadcrumb"},"inLanguage":"es","potentialAction":[{"@type":"ReadAction","target":["https:\/\/apuliapraia-hotel.com\/es\/politica-de-cookies\/"]}]},{"@type":"BreadcrumbList","@id":"https:\/\/apuliapraia-hotel.com\/es\/politica-de-cookies\/#breadcrumb","itemListElement":[{"@type":"ListItem","position":1,"name":"Home","item":"https:\/\/apuliapraia-hotel.com\/es\/"},{"@type":"ListItem","position":2,"name":"Pol\u00edtica de cookies"}]},{"@type":"WebSite","@id":"https:\/\/apuliapraia-hotel.com\/es\/#website","url":"https:\/\/apuliapraia-hotel.com\/es\/","name":"Apulia Praia Hotel","description":"","potentialAction":[{"@type":"SearchAction","target":{"@type":"EntryPoint","urlTemplate":"https:\/\/apuliapraia-hotel.com\/es\/?s={search_term_string}"},"query-input":{"@type":"PropertyValueSpecification","valueRequired":true,"valueName":"search_term_string"}}],"inLanguage":"es"}]}},"acf":[],"_links":{"self":[{"href":"https:\/\/apuliapraia-hotel.com\/es\/wp-json\/wp\/v2\/pages\/620","targetHints":{"allow":["GET"]}}],"collection":[{"href":"https:\/\/apuliapraia-hotel.com\/es\/wp-json\/wp\/v2\/pages"}],"about":[{"href":"https:\/\/apuliapraia-hotel.com\/es\/wp-json\/wp\/v2\/types\/page"}],"author":[{"embeddable":true,"href":"https:\/\/apuliapraia-hotel.com\/es\/wp-json\/wp\/v2\/users\/565"}],"replies":[{"embeddable":true,"href":"https:\/\/apuliapraia-hotel.com\/es\/wp-json\/wp\/v2\/comments?post=620"}],"version-history":[{"count":0,"href":"https:\/\/apuliapraia-hotel.com\/es\/wp-json\/wp\/v2\/pages\/620\/revisions"}],"wp:attachment":[{"href":"https:\/\/apuliapraia-hotel.com\/es\/wp-json\/wp\/v2\/media?parent=620"}],"curies":[{"name":"wp","href":"https:\/\/api.w.org\/{rel}","templated":true}]}}