{"id":615,"date":"2023-04-26T09:18:18","date_gmt":"2023-04-26T09:18:18","guid":{"rendered":"https:\/\/apuliapraia-hotel.com\/?page_id=615"},"modified":"2023-04-26T09:18:18","modified_gmt":"2023-04-26T09:18:18","slug":"santuario-de-nuestra-senora-de-guia","status":"publish","type":"page","link":"https:\/\/apuliapraia-hotel.com\/es\/region\/santuario-de-nuestra-senora-de-guia\/","title":{"rendered":"Santuario de Nuestra Se\u00f1ora de Gu\u00eda"},"content":{"rendered":"<p>Este es un lugar que no puedes perderte. Para llegar all\u00ed, puedes optar por el <strong>recorrido de la V\u00eda Sacra<\/strong> o por la subida del admirable escalonado que caracteriza este Santuario. Arriba, en el <strong>Mirador de la Se\u00f1ora de la Gu\u00eda<\/strong>, encontrar\u00e1s una extensi\u00f3n de belleza entre el mar y el acantilado f\u00f3sil, con una vista impresionante de la costa atl\u00e1ntica entre S\u00e3o Bartolomeu do Mar y Viana do Castelo. Adem\u00e1s, tambi\u00e9n tienes la posibilidad de explorar algunos monumentos como la <strong>gruta del J\u00f3ia-Monge<\/strong>, rodeada de leyendas y mitos, o de hacer un agradable picnic. No te pierdas la oportunidad de apreciar la <strong>Capilla de la Se\u00f1ora de la Gu\u00eda<\/strong>, que antiguamente serv\u00eda como faro para todos los navegantes.<\/p>\n","protected":false},"excerpt":{"rendered":"<p>Este es un lugar que no puedes perderte. Para llegar all\u00ed, puedes optar por el recorrido de la V\u00eda Sacra o por la subida del admirable escalonado que caracteriza este Santuario. Arriba, en el Mirador de la Se\u00f1ora de la Gu\u00eda, encontrar\u00e1s una extensi\u00f3n de belleza entre el mar y el acantilado f\u00f3sil, con una [&hellip;]<\/p>\n","protected":false},"author":565,"featured_media":380,"parent":584,"menu_order":13,"comment_status":"closed","ping_status":"closed","template":"template-default-4.php","meta":{"footnotes":""},"class_list":["post-615","page","type-page","status-publish","has-post-thumbnail","hentry"],"yoast_head":"<!-- This site is optimized with the Yoast SEO plugin v26.9 - https:\/\/yoast.com\/product\/yoast-seo-wordpress\/ -->\n<title>Santuario de Nuestra Se\u00f1ora de Gu\u00eda - Apulia Praia Hotel -<\/title>\n<meta name=\"description\" content=\"Este es un lugar que no puedes perderte. Para llegar all\u00ed, puedes optar por el recorrido de la V\u00eda Sacra o por la subida del admirable escalonado que caracteriza este Santuario\" \/>\n<meta name=\"robots\" content=\"index, follow, max-snippet:-1, max-image-preview:large, max-video-preview:-1\" \/>\n<link rel=\"canonical\" href=\"https:\/\/apuliapraia-hotel.com\/es\/region\/santuario-de-nuestra-senora-de-guia\/\" \/>\n<meta property=\"og:locale\" content=\"es_ES\" \/>\n<meta property=\"og:type\" content=\"article\" \/>\n<meta property=\"og:title\" content=\"Santuario de Nuestra Se\u00f1ora de Gu\u00eda - Apulia Praia Hotel -\" \/>\n<meta property=\"og:description\" content=\"Este es un lugar que no puedes perderte. Para llegar all\u00ed, puedes optar por el recorrido de la V\u00eda Sacra o por la subida del admirable escalonado que caracteriza este Santuario\" \/>\n<meta property=\"og:url\" content=\"https:\/\/apuliapraia-hotel.com\/es\/region\/santuario-de-nuestra-senora-de-guia\/\" \/>\n<meta property=\"og:site_name\" content=\"Apulia Praia Hotel\" \/>\n<meta property=\"og:image\" content=\"https:\/\/apuliapraia-hotel.com\/wp-content\/uploads\/sites\/512\/2023\/02\/Santuario-Senhora-da-Guia.png\" \/>\n\t<meta property=\"og:image:width\" content=\"1200\" \/>\n\t<meta property=\"og:image:height\" content=\"800\" \/>\n\t<meta property=\"og:image:type\" content=\"image\/png\" \/>\n<meta name=\"twitter:card\" content=\"summary_large_image\" \/>\n<meta name=\"twitter:label1\" content=\"Tiempo de lectura\" \/>\n\t<meta name=\"twitter:data1\" content=\"1 minuto\" \/>\n<script type=\"application\/ld+json\" class=\"yoast-schema-graph\">{\"@context\":\"https:\/\/schema.org\",\"@graph\":[{\"@type\":\"WebPage\",\"@id\":\"https:\/\/apuliapraia-hotel.com\/es\/region\/santuario-de-nuestra-senora-de-guia\/\",\"url\":\"https:\/\/apuliapraia-hotel.com\/es\/region\/santuario-de-nuestra-senora-de-guia\/\",\"name\":\"Santuario de Nuestra Se\u00f1ora de Gu\u00eda - Apulia Praia Hotel -\",\"isPartOf\":{\"@id\":\"https:\/\/apuliapraia-hotel.com\/es\/#website\"},\"primaryImageOfPage\":{\"@id\":\"https:\/\/apuliapraia-hotel.com\/es\/region\/santuario-de-nuestra-senora-de-guia\/#primaryimage\"},\"image\":{\"@id\":\"https:\/\/apuliapraia-hotel.com\/es\/region\/santuario-de-nuestra-senora-de-guia\/#primaryimage\"},\"thumbnailUrl\":\"https:\/\/apuliapraia-hotel.com\/wp-content\/uploads\/sites\/512\/2023\/02\/Santuario-Senhora-da-Guia.png\",\"datePublished\":\"2023-04-26T09:18:18+00:00\",\"description\":\"Este es un lugar que no puedes perderte. Para llegar all\u00ed, puedes optar por el recorrido de la V\u00eda Sacra o por la subida del admirable escalonado que caracteriza este Santuario\",\"breadcrumb\":{\"@id\":\"https:\/\/apuliapraia-hotel.com\/es\/region\/santuario-de-nuestra-senora-de-guia\/#breadcrumb\"},\"inLanguage\":\"es\",\"potentialAction\":[{\"@type\":\"ReadAction\",\"target\":[\"https:\/\/apuliapraia-hotel.com\/es\/region\/santuario-de-nuestra-senora-de-guia\/\"]}]},{\"@type\":\"ImageObject\",\"inLanguage\":\"es\",\"@id\":\"https:\/\/apuliapraia-hotel.com\/es\/region\/santuario-de-nuestra-senora-de-guia\/#primaryimage\",\"url\":\"https:\/\/apuliapraia-hotel.com\/wp-content\/uploads\/sites\/512\/2023\/02\/Santuario-Senhora-da-Guia.png\",\"contentUrl\":\"https:\/\/apuliapraia-hotel.com\/wp-content\/uploads\/sites\/512\/2023\/02\/Santuario-Senhora-da-Guia.png\",\"width\":1200,\"height\":800,\"caption\":\"Santu\u00e1rio da Nossa Senhora da Guia\"},{\"@type\":\"BreadcrumbList\",\"@id\":\"https:\/\/apuliapraia-hotel.com\/es\/region\/santuario-de-nuestra-senora-de-guia\/#breadcrumb\",\"itemListElement\":[{\"@type\":\"ListItem\",\"position\":1,\"name\":\"Home\",\"item\":\"https:\/\/apuliapraia-hotel.com\/es\/\"},{\"@type\":\"ListItem\",\"position\":2,\"name\":\"Regi\u00f3n\",\"item\":\"https:\/\/apuliapraia-hotel.com\/es\/region\/\"},{\"@type\":\"ListItem\",\"position\":3,\"name\":\"Santuario de Nuestra Se\u00f1ora de Gu\u00eda\"}]},{\"@type\":\"WebSite\",\"@id\":\"https:\/\/apuliapraia-hotel.com\/es\/#website\",\"url\":\"https:\/\/apuliapraia-hotel.com\/es\/\",\"name\":\"Apulia Praia Hotel\",\"description\":\"\",\"potentialAction\":[{\"@type\":\"SearchAction\",\"target\":{\"@type\":\"EntryPoint\",\"urlTemplate\":\"https:\/\/apuliapraia-hotel.com\/es\/?s={search_term_string}\"},\"query-input\":{\"@type\":\"PropertyValueSpecification\",\"valueRequired\":true,\"valueName\":\"search_term_string\"}}],\"inLanguage\":\"es\"}]}<\/script>\n<!-- \/ Yoast SEO plugin. -->","yoast_head_json":{"title":"Santuario de Nuestra Se\u00f1ora de Gu\u00eda - Apulia Praia Hotel -","description":"Este es un lugar que no puedes perderte. Para llegar all\u00ed, puedes optar por el recorrido de la V\u00eda Sacra o por la subida del admirable escalonado que caracteriza este Santuario","robots":{"index":"index","follow":"follow","max-snippet":"max-snippet:-1","max-image-preview":"max-image-preview:large","max-video-preview":"max-video-preview:-1"},"canonical":"https:\/\/apuliapraia-hotel.com\/es\/region\/santuario-de-nuestra-senora-de-guia\/","og_locale":"es_ES","og_type":"article","og_title":"Santuario de Nuestra Se\u00f1ora de Gu\u00eda - Apulia Praia Hotel -","og_description":"Este es un lugar que no puedes perderte. Para llegar all\u00ed, puedes optar por el recorrido de la V\u00eda Sacra o por la subida del admirable escalonado que caracteriza este Santuario","og_url":"https:\/\/apuliapraia-hotel.com\/es\/region\/santuario-de-nuestra-senora-de-guia\/","og_site_name":"Apulia Praia Hotel","og_image":[{"width":1200,"height":800,"url":"https:\/\/apuliapraia-hotel.com\/wp-content\/uploads\/sites\/512\/2023\/02\/Santuario-Senhora-da-Guia.png","type":"image\/png"}],"twitter_card":"summary_large_image","twitter_misc":{"Tiempo de lectura":"1 minuto"},"schema":{"@context":"https:\/\/schema.org","@graph":[{"@type":"WebPage","@id":"https:\/\/apuliapraia-hotel.com\/es\/region\/santuario-de-nuestra-senora-de-guia\/","url":"https:\/\/apuliapraia-hotel.com\/es\/region\/santuario-de-nuestra-senora-de-guia\/","name":"Santuario de Nuestra Se\u00f1ora de Gu\u00eda - Apulia Praia Hotel -","isPartOf":{"@id":"https:\/\/apuliapraia-hotel.com\/es\/#website"},"primaryImageOfPage":{"@id":"https:\/\/apuliapraia-hotel.com\/es\/region\/santuario-de-nuestra-senora-de-guia\/#primaryimage"},"image":{"@id":"https:\/\/apuliapraia-hotel.com\/es\/region\/santuario-de-nuestra-senora-de-guia\/#primaryimage"},"thumbnailUrl":"https:\/\/apuliapraia-hotel.com\/wp-content\/uploads\/sites\/512\/2023\/02\/Santuario-Senhora-da-Guia.png","datePublished":"2023-04-26T09:18:18+00:00","description":"Este es un lugar que no puedes perderte. Para llegar all\u00ed, puedes optar por el recorrido de la V\u00eda Sacra o por la subida del admirable escalonado que caracteriza este Santuario","breadcrumb":{"@id":"https:\/\/apuliapraia-hotel.com\/es\/region\/santuario-de-nuestra-senora-de-guia\/#breadcrumb"},"inLanguage":"es","potentialAction":[{"@type":"ReadAction","target":["https:\/\/apuliapraia-hotel.com\/es\/region\/santuario-de-nuestra-senora-de-guia\/"]}]},{"@type":"ImageObject","inLanguage":"es","@id":"https:\/\/apuliapraia-hotel.com\/es\/region\/santuario-de-nuestra-senora-de-guia\/#primaryimage","url":"https:\/\/apuliapraia-hotel.com\/wp-content\/uploads\/sites\/512\/2023\/02\/Santuario-Senhora-da-Guia.png","contentUrl":"https:\/\/apuliapraia-hotel.com\/wp-content\/uploads\/sites\/512\/2023\/02\/Santuario-Senhora-da-Guia.png","width":1200,"height":800,"caption":"Santu\u00e1rio da Nossa Senhora da Guia"},{"@type":"BreadcrumbList","@id":"https:\/\/apuliapraia-hotel.com\/es\/region\/santuario-de-nuestra-senora-de-guia\/#breadcrumb","itemListElement":[{"@type":"ListItem","position":1,"name":"Home","item":"https:\/\/apuliapraia-hotel.com\/es\/"},{"@type":"ListItem","position":2,"name":"Regi\u00f3n","item":"https:\/\/apuliapraia-hotel.com\/es\/region\/"},{"@type":"ListItem","position":3,"name":"Santuario de Nuestra Se\u00f1ora de Gu\u00eda"}]},{"@type":"WebSite","@id":"https:\/\/apuliapraia-hotel.com\/es\/#website","url":"https:\/\/apuliapraia-hotel.com\/es\/","name":"Apulia Praia Hotel","description":"","potentialAction":[{"@type":"SearchAction","target":{"@type":"EntryPoint","urlTemplate":"https:\/\/apuliapraia-hotel.com\/es\/?s={search_term_string}"},"query-input":{"@type":"PropertyValueSpecification","valueRequired":true,"valueName":"search_term_string"}}],"inLanguage":"es"}]}},"acf":[],"_links":{"self":[{"href":"https:\/\/apuliapraia-hotel.com\/es\/wp-json\/wp\/v2\/pages\/615","targetHints":{"allow":["GET"]}}],"collection":[{"href":"https:\/\/apuliapraia-hotel.com\/es\/wp-json\/wp\/v2\/pages"}],"about":[{"href":"https:\/\/apuliapraia-hotel.com\/es\/wp-json\/wp\/v2\/types\/page"}],"author":[{"embeddable":true,"href":"https:\/\/apuliapraia-hotel.com\/es\/wp-json\/wp\/v2\/users\/565"}],"replies":[{"embeddable":true,"href":"https:\/\/apuliapraia-hotel.com\/es\/wp-json\/wp\/v2\/comments?post=615"}],"version-history":[{"count":0,"href":"https:\/\/apuliapraia-hotel.com\/es\/wp-json\/wp\/v2\/pages\/615\/revisions"}],"up":[{"embeddable":true,"href":"https:\/\/apuliapraia-hotel.com\/es\/wp-json\/wp\/v2\/pages\/584"}],"wp:featuredmedia":[{"embeddable":true,"href":"https:\/\/apuliapraia-hotel.com\/es\/wp-json\/wp\/v2\/media\/380"}],"wp:attachment":[{"href":"https:\/\/apuliapraia-hotel.com\/es\/wp-json\/wp\/v2\/media?parent=615"}],"curies":[{"name":"wp","href":"https:\/\/api.w.org\/{rel}","templated":true}]}}