{"id":614,"date":"2023-04-26T09:18:15","date_gmt":"2023-04-26T09:18:15","guid":{"rendered":"https:\/\/apuliapraia-hotel.com\/?page_id=614"},"modified":"2023-04-26T09:18:15","modified_gmt":"2023-04-26T09:18:15","slug":"molinos-de-abelheira","status":"publish","type":"page","link":"https:\/\/apuliapraia-hotel.com\/es\/region\/molinos-de-abelheira\/","title":{"rendered":"Molinos de Abelheira"},"content":{"rendered":"<p>Los siete <strong>Molinos de Viento de Abelheira<\/strong> son enormes testimonios de la historia y las tradiciones cerealeras de nuestra regi\u00f3n. Con el objetivo de recuperar y revitalizar este patrimonio y ponerlo al servicio de la comunidad, hoy los Molinos de Abelheira se encuentran integrados en un <a href=\"https:\/\/www.municipio.esposende.pt\/pages\/603?poi_id=276\">Parque Tem\u00e1tico<\/a>. El proyecto en acci\u00f3n pretende crear un circuito tem\u00e1tico conectado a un recorrido de paisaje natural, teniendo como puntos de referencia las diferentes estructuras. Estos lugares est\u00e1n acompa\u00f1ados de infopuntos y mesas interpretativas, lo que permite que los visitantes tengan m\u00e1s apoyo y, simult\u00e1neamente, m\u00e1s autonom\u00eda durante toda la visita. Es un excelente lugar para explorar en familia y maravillarse con la belleza de nuestra localidad.<\/p>\n","protected":false},"excerpt":{"rendered":"<p>Los siete Molinos de Viento de Abelheira son enormes testimonios de la historia y las tradiciones cerealeras de nuestra regi\u00f3n. Con el objetivo de recuperar y revitalizar este patrimonio y ponerlo al servicio de la comunidad, hoy los Molinos de Abelheira se encuentran integrados en un Parque Tem\u00e1tico. El proyecto en acci\u00f3n pretende crear un [&hellip;]<\/p>\n","protected":false},"author":565,"featured_media":393,"parent":584,"menu_order":12,"comment_status":"closed","ping_status":"closed","template":"template-default-4.php","meta":{"footnotes":""},"class_list":["post-614","page","type-page","status-publish","has-post-thumbnail","hentry"],"yoast_head":"<!-- This site is optimized with the Yoast SEO plugin v26.9 - https:\/\/yoast.com\/product\/yoast-seo-wordpress\/ -->\n<title>Molinos de Abelheira - Apulia Praia Hotel -<\/title>\n<meta name=\"description\" content=\"Los siete Molinos de Viento de Abelheira son enormes testimonios de la historia y las tradiciones cerealeras de nuestra regi\u00f3n. Con el objetivo de recuperar y revitalizar este patrimonio y ponerlo al servicio de la comunidad, hoy los Molinos de Abelheira se encuentran integrados en un Parque Tem\u00e1tico\" \/>\n<meta name=\"robots\" content=\"index, follow, max-snippet:-1, max-image-preview:large, max-video-preview:-1\" \/>\n<link rel=\"canonical\" href=\"https:\/\/apuliapraia-hotel.com\/es\/region\/molinos-de-abelheira\/\" \/>\n<meta property=\"og:locale\" content=\"es_ES\" \/>\n<meta property=\"og:type\" content=\"article\" \/>\n<meta property=\"og:title\" content=\"Molinos de Abelheira - Apulia Praia Hotel -\" \/>\n<meta property=\"og:description\" content=\"Los siete Molinos de Viento de Abelheira son enormes testimonios de la historia y las tradiciones cerealeras de nuestra regi\u00f3n. Con el objetivo de recuperar y revitalizar este patrimonio y ponerlo al servicio de la comunidad, hoy los Molinos de Abelheira se encuentran integrados en un Parque Tem\u00e1tico\" \/>\n<meta property=\"og:url\" content=\"https:\/\/apuliapraia-hotel.com\/es\/region\/molinos-de-abelheira\/\" \/>\n<meta property=\"og:site_name\" content=\"Apulia Praia Hotel\" \/>\n<meta property=\"og:image\" content=\"https:\/\/apuliapraia-hotel.com\/wp-content\/uploads\/sites\/512\/2023\/02\/Moinhos-da-Abelheira-2.png\" \/>\n\t<meta property=\"og:image:width\" content=\"1200\" \/>\n\t<meta property=\"og:image:height\" content=\"800\" \/>\n\t<meta property=\"og:image:type\" content=\"image\/png\" \/>\n<meta name=\"twitter:card\" content=\"summary_large_image\" \/>\n<meta name=\"twitter:label1\" content=\"Tiempo de lectura\" \/>\n\t<meta name=\"twitter:data1\" content=\"1 minuto\" \/>\n<script type=\"application\/ld+json\" class=\"yoast-schema-graph\">{\"@context\":\"https:\/\/schema.org\",\"@graph\":[{\"@type\":\"WebPage\",\"@id\":\"https:\/\/apuliapraia-hotel.com\/es\/region\/molinos-de-abelheira\/\",\"url\":\"https:\/\/apuliapraia-hotel.com\/es\/region\/molinos-de-abelheira\/\",\"name\":\"Molinos de Abelheira - Apulia Praia Hotel -\",\"isPartOf\":{\"@id\":\"https:\/\/apuliapraia-hotel.com\/es\/#website\"},\"primaryImageOfPage\":{\"@id\":\"https:\/\/apuliapraia-hotel.com\/es\/region\/molinos-de-abelheira\/#primaryimage\"},\"image\":{\"@id\":\"https:\/\/apuliapraia-hotel.com\/es\/region\/molinos-de-abelheira\/#primaryimage\"},\"thumbnailUrl\":\"https:\/\/apuliapraia-hotel.com\/wp-content\/uploads\/sites\/512\/2023\/02\/Moinhos-da-Abelheira-2.png\",\"datePublished\":\"2023-04-26T09:18:15+00:00\",\"description\":\"Los siete Molinos de Viento de Abelheira son enormes testimonios de la historia y las tradiciones cerealeras de nuestra regi\u00f3n. Con el objetivo de recuperar y revitalizar este patrimonio y ponerlo al servicio de la comunidad, hoy los Molinos de Abelheira se encuentran integrados en un Parque Tem\u00e1tico\",\"breadcrumb\":{\"@id\":\"https:\/\/apuliapraia-hotel.com\/es\/region\/molinos-de-abelheira\/#breadcrumb\"},\"inLanguage\":\"es\",\"potentialAction\":[{\"@type\":\"ReadAction\",\"target\":[\"https:\/\/apuliapraia-hotel.com\/es\/region\/molinos-de-abelheira\/\"]}]},{\"@type\":\"ImageObject\",\"inLanguage\":\"es\",\"@id\":\"https:\/\/apuliapraia-hotel.com\/es\/region\/molinos-de-abelheira\/#primaryimage\",\"url\":\"https:\/\/apuliapraia-hotel.com\/wp-content\/uploads\/sites\/512\/2023\/02\/Moinhos-da-Abelheira-2.png\",\"contentUrl\":\"https:\/\/apuliapraia-hotel.com\/wp-content\/uploads\/sites\/512\/2023\/02\/Moinhos-da-Abelheira-2.png\",\"width\":1200,\"height\":800,\"caption\":\"Moinhos da Abelheira\"},{\"@type\":\"BreadcrumbList\",\"@id\":\"https:\/\/apuliapraia-hotel.com\/es\/region\/molinos-de-abelheira\/#breadcrumb\",\"itemListElement\":[{\"@type\":\"ListItem\",\"position\":1,\"name\":\"Home\",\"item\":\"https:\/\/apuliapraia-hotel.com\/es\/\"},{\"@type\":\"ListItem\",\"position\":2,\"name\":\"Regi\u00f3n\",\"item\":\"https:\/\/apuliapraia-hotel.com\/es\/region\/\"},{\"@type\":\"ListItem\",\"position\":3,\"name\":\"Molinos de Abelheira\"}]},{\"@type\":\"WebSite\",\"@id\":\"https:\/\/apuliapraia-hotel.com\/es\/#website\",\"url\":\"https:\/\/apuliapraia-hotel.com\/es\/\",\"name\":\"Apulia Praia Hotel\",\"description\":\"\",\"potentialAction\":[{\"@type\":\"SearchAction\",\"target\":{\"@type\":\"EntryPoint\",\"urlTemplate\":\"https:\/\/apuliapraia-hotel.com\/es\/?s={search_term_string}\"},\"query-input\":{\"@type\":\"PropertyValueSpecification\",\"valueRequired\":true,\"valueName\":\"search_term_string\"}}],\"inLanguage\":\"es\"}]}<\/script>\n<!-- \/ Yoast SEO plugin. -->","yoast_head_json":{"title":"Molinos de Abelheira - Apulia Praia Hotel -","description":"Los siete Molinos de Viento de Abelheira son enormes testimonios de la historia y las tradiciones cerealeras de nuestra regi\u00f3n. Con el objetivo de recuperar y revitalizar este patrimonio y ponerlo al servicio de la comunidad, hoy los Molinos de Abelheira se encuentran integrados en un Parque Tem\u00e1tico","robots":{"index":"index","follow":"follow","max-snippet":"max-snippet:-1","max-image-preview":"max-image-preview:large","max-video-preview":"max-video-preview:-1"},"canonical":"https:\/\/apuliapraia-hotel.com\/es\/region\/molinos-de-abelheira\/","og_locale":"es_ES","og_type":"article","og_title":"Molinos de Abelheira - Apulia Praia Hotel -","og_description":"Los siete Molinos de Viento de Abelheira son enormes testimonios de la historia y las tradiciones cerealeras de nuestra regi\u00f3n. Con el objetivo de recuperar y revitalizar este patrimonio y ponerlo al servicio de la comunidad, hoy los Molinos de Abelheira se encuentran integrados en un Parque Tem\u00e1tico","og_url":"https:\/\/apuliapraia-hotel.com\/es\/region\/molinos-de-abelheira\/","og_site_name":"Apulia Praia Hotel","og_image":[{"width":1200,"height":800,"url":"https:\/\/apuliapraia-hotel.com\/wp-content\/uploads\/sites\/512\/2023\/02\/Moinhos-da-Abelheira-2.png","type":"image\/png"}],"twitter_card":"summary_large_image","twitter_misc":{"Tiempo de lectura":"1 minuto"},"schema":{"@context":"https:\/\/schema.org","@graph":[{"@type":"WebPage","@id":"https:\/\/apuliapraia-hotel.com\/es\/region\/molinos-de-abelheira\/","url":"https:\/\/apuliapraia-hotel.com\/es\/region\/molinos-de-abelheira\/","name":"Molinos de Abelheira - Apulia Praia Hotel -","isPartOf":{"@id":"https:\/\/apuliapraia-hotel.com\/es\/#website"},"primaryImageOfPage":{"@id":"https:\/\/apuliapraia-hotel.com\/es\/region\/molinos-de-abelheira\/#primaryimage"},"image":{"@id":"https:\/\/apuliapraia-hotel.com\/es\/region\/molinos-de-abelheira\/#primaryimage"},"thumbnailUrl":"https:\/\/apuliapraia-hotel.com\/wp-content\/uploads\/sites\/512\/2023\/02\/Moinhos-da-Abelheira-2.png","datePublished":"2023-04-26T09:18:15+00:00","description":"Los siete Molinos de Viento de Abelheira son enormes testimonios de la historia y las tradiciones cerealeras de nuestra regi\u00f3n. Con el objetivo de recuperar y revitalizar este patrimonio y ponerlo al servicio de la comunidad, hoy los Molinos de Abelheira se encuentran integrados en un Parque Tem\u00e1tico","breadcrumb":{"@id":"https:\/\/apuliapraia-hotel.com\/es\/region\/molinos-de-abelheira\/#breadcrumb"},"inLanguage":"es","potentialAction":[{"@type":"ReadAction","target":["https:\/\/apuliapraia-hotel.com\/es\/region\/molinos-de-abelheira\/"]}]},{"@type":"ImageObject","inLanguage":"es","@id":"https:\/\/apuliapraia-hotel.com\/es\/region\/molinos-de-abelheira\/#primaryimage","url":"https:\/\/apuliapraia-hotel.com\/wp-content\/uploads\/sites\/512\/2023\/02\/Moinhos-da-Abelheira-2.png","contentUrl":"https:\/\/apuliapraia-hotel.com\/wp-content\/uploads\/sites\/512\/2023\/02\/Moinhos-da-Abelheira-2.png","width":1200,"height":800,"caption":"Moinhos da Abelheira"},{"@type":"BreadcrumbList","@id":"https:\/\/apuliapraia-hotel.com\/es\/region\/molinos-de-abelheira\/#breadcrumb","itemListElement":[{"@type":"ListItem","position":1,"name":"Home","item":"https:\/\/apuliapraia-hotel.com\/es\/"},{"@type":"ListItem","position":2,"name":"Regi\u00f3n","item":"https:\/\/apuliapraia-hotel.com\/es\/region\/"},{"@type":"ListItem","position":3,"name":"Molinos de Abelheira"}]},{"@type":"WebSite","@id":"https:\/\/apuliapraia-hotel.com\/es\/#website","url":"https:\/\/apuliapraia-hotel.com\/es\/","name":"Apulia Praia Hotel","description":"","potentialAction":[{"@type":"SearchAction","target":{"@type":"EntryPoint","urlTemplate":"https:\/\/apuliapraia-hotel.com\/es\/?s={search_term_string}"},"query-input":{"@type":"PropertyValueSpecification","valueRequired":true,"valueName":"search_term_string"}}],"inLanguage":"es"}]}},"acf":[],"_links":{"self":[{"href":"https:\/\/apuliapraia-hotel.com\/es\/wp-json\/wp\/v2\/pages\/614","targetHints":{"allow":["GET"]}}],"collection":[{"href":"https:\/\/apuliapraia-hotel.com\/es\/wp-json\/wp\/v2\/pages"}],"about":[{"href":"https:\/\/apuliapraia-hotel.com\/es\/wp-json\/wp\/v2\/types\/page"}],"author":[{"embeddable":true,"href":"https:\/\/apuliapraia-hotel.com\/es\/wp-json\/wp\/v2\/users\/565"}],"replies":[{"embeddable":true,"href":"https:\/\/apuliapraia-hotel.com\/es\/wp-json\/wp\/v2\/comments?post=614"}],"version-history":[{"count":0,"href":"https:\/\/apuliapraia-hotel.com\/es\/wp-json\/wp\/v2\/pages\/614\/revisions"}],"up":[{"embeddable":true,"href":"https:\/\/apuliapraia-hotel.com\/es\/wp-json\/wp\/v2\/pages\/584"}],"wp:featuredmedia":[{"embeddable":true,"href":"https:\/\/apuliapraia-hotel.com\/es\/wp-json\/wp\/v2\/media\/393"}],"wp:attachment":[{"href":"https:\/\/apuliapraia-hotel.com\/es\/wp-json\/wp\/v2\/media?parent=614"}],"curies":[{"name":"wp","href":"https:\/\/api.w.org\/{rel}","templated":true}]}}