{"id":612,"date":"2023-04-26T09:18:11","date_gmt":"2023-04-26T09:18:11","guid":{"rendered":"https:\/\/apuliapraia-hotel.com\/?page_id=612"},"modified":"2023-04-26T09:18:11","modified_gmt":"2023-04-26T09:18:11","slug":"fuerte-de-sao-joao-batista-y-el-faro-de-esposende","status":"publish","type":"page","link":"https:\/\/apuliapraia-hotel.com\/es\/region\/fuerte-de-sao-joao-batista-y-el-faro-de-esposende\/","title":{"rendered":"Fuerte de S\u00e3o Jo\u00e3o Batista y el Faro de Esposende"},"content":{"rendered":"<p>Famoso en la regi\u00f3n por su historia y estructura de piedra, el <strong>Fuerte de San Juan Bautista<\/strong> vio su construcci\u00f3n iniciada en el siglo XVII, durante el reinado de D. Pedro II. Su misi\u00f3n era la defensa y salvaguarda de la costa portuguesa, protegiendo la entrada del r\u00edo C\u00e1vado. La <strong>Torre del Faro<\/strong> que constituye esta fortaleza es, hoy en d\u00eda, una de las pocas torres met\u00e1licas que existen en Portugal. En 2020, el <a href=\"https:\/\/www.municipio.esposende.pt\/\">Municipio de Esposende<\/a> adquiri\u00f3, por un per\u00edodo de 50 a\u00f1os, el <a href=\"https:\/\/natural.pt\/protected-areas\/parque-natural-litoral-norte\/points-of-interest\/s-joao-baptista-fort-and-esposende-lighthouse?locale=pt\">Fuerte de San Juan Bautista<\/a>, con el objetivo de rehabilitar este espacio para la promoci\u00f3n del patrimonio cultural. Sin duda, es un lugar lleno de historia que no puede dejar de visitar.<\/p>\n","protected":false},"excerpt":{"rendered":"<p>Famoso en la regi\u00f3n por su historia y estructura de piedra, el Fuerte de San Juan Bautista vio su construcci\u00f3n iniciada en el siglo XVII, durante el reinado de D. Pedro II. Su misi\u00f3n era la defensa y salvaguarda de la costa portuguesa, protegiendo la entrada del r\u00edo C\u00e1vado. La Torre del Faro que constituye [&hellip;]<\/p>\n","protected":false},"author":565,"featured_media":396,"parent":584,"menu_order":11,"comment_status":"closed","ping_status":"closed","template":"template-default-4.php","meta":{"footnotes":""},"class_list":["post-612","page","type-page","status-publish","has-post-thumbnail","hentry"],"yoast_head":"<!-- This site is optimized with the Yoast SEO plugin v26.9 - https:\/\/yoast.com\/product\/yoast-seo-wordpress\/ -->\n<title>Fuerte de S\u00e3o Jo\u00e3o Batista y el Faro de Esposende - Apulia Praia Hotel -<\/title>\n<meta name=\"description\" content=\"Famoso en la regi\u00f3n por su historia y estructura de piedra, el Fuerte de San Juan Bautista vio su construcci\u00f3n iniciada en el siglo XVII, durante el reinado de D. Pedro II\" \/>\n<meta name=\"robots\" content=\"index, follow, max-snippet:-1, max-image-preview:large, max-video-preview:-1\" \/>\n<link rel=\"canonical\" href=\"https:\/\/apuliapraia-hotel.com\/es\/region\/fuerte-de-sao-joao-batista-y-el-faro-de-esposende\/\" \/>\n<meta property=\"og:locale\" content=\"es_ES\" \/>\n<meta property=\"og:type\" content=\"article\" \/>\n<meta property=\"og:title\" content=\"Fuerte de S\u00e3o Jo\u00e3o Batista y el Faro de Esposende - Apulia Praia Hotel -\" \/>\n<meta property=\"og:description\" content=\"Famoso en la regi\u00f3n por su historia y estructura de piedra, el Fuerte de San Juan Bautista vio su construcci\u00f3n iniciada en el siglo XVII, durante el reinado de D. Pedro II\" \/>\n<meta property=\"og:url\" content=\"https:\/\/apuliapraia-hotel.com\/es\/region\/fuerte-de-sao-joao-batista-y-el-faro-de-esposende\/\" \/>\n<meta property=\"og:site_name\" content=\"Apulia Praia Hotel\" \/>\n<meta property=\"og:image\" content=\"https:\/\/apuliapraia-hotel.com\/wp-content\/uploads\/sites\/512\/2023\/02\/Forte-de-Sao-Batista-2.png\" \/>\n\t<meta property=\"og:image:width\" content=\"1200\" \/>\n\t<meta property=\"og:image:height\" content=\"800\" \/>\n\t<meta property=\"og:image:type\" content=\"image\/png\" \/>\n<meta name=\"twitter:card\" content=\"summary_large_image\" \/>\n<meta name=\"twitter:label1\" content=\"Tiempo de lectura\" \/>\n\t<meta name=\"twitter:data1\" content=\"1 minuto\" \/>\n<script type=\"application\/ld+json\" class=\"yoast-schema-graph\">{\"@context\":\"https:\/\/schema.org\",\"@graph\":[{\"@type\":\"WebPage\",\"@id\":\"https:\/\/apuliapraia-hotel.com\/es\/region\/fuerte-de-sao-joao-batista-y-el-faro-de-esposende\/\",\"url\":\"https:\/\/apuliapraia-hotel.com\/es\/region\/fuerte-de-sao-joao-batista-y-el-faro-de-esposende\/\",\"name\":\"Fuerte de S\u00e3o Jo\u00e3o Batista y el Faro de Esposende - Apulia Praia Hotel -\",\"isPartOf\":{\"@id\":\"https:\/\/apuliapraia-hotel.com\/es\/#website\"},\"primaryImageOfPage\":{\"@id\":\"https:\/\/apuliapraia-hotel.com\/es\/region\/fuerte-de-sao-joao-batista-y-el-faro-de-esposende\/#primaryimage\"},\"image\":{\"@id\":\"https:\/\/apuliapraia-hotel.com\/es\/region\/fuerte-de-sao-joao-batista-y-el-faro-de-esposende\/#primaryimage\"},\"thumbnailUrl\":\"https:\/\/apuliapraia-hotel.com\/wp-content\/uploads\/sites\/512\/2023\/02\/Forte-de-Sao-Batista-2.png\",\"datePublished\":\"2023-04-26T09:18:11+00:00\",\"description\":\"Famoso en la regi\u00f3n por su historia y estructura de piedra, el Fuerte de San Juan Bautista vio su construcci\u00f3n iniciada en el siglo XVII, durante el reinado de D. Pedro II\",\"breadcrumb\":{\"@id\":\"https:\/\/apuliapraia-hotel.com\/es\/region\/fuerte-de-sao-joao-batista-y-el-faro-de-esposende\/#breadcrumb\"},\"inLanguage\":\"es\",\"potentialAction\":[{\"@type\":\"ReadAction\",\"target\":[\"https:\/\/apuliapraia-hotel.com\/es\/region\/fuerte-de-sao-joao-batista-y-el-faro-de-esposende\/\"]}]},{\"@type\":\"ImageObject\",\"inLanguage\":\"es\",\"@id\":\"https:\/\/apuliapraia-hotel.com\/es\/region\/fuerte-de-sao-joao-batista-y-el-faro-de-esposende\/#primaryimage\",\"url\":\"https:\/\/apuliapraia-hotel.com\/wp-content\/uploads\/sites\/512\/2023\/02\/Forte-de-Sao-Batista-2.png\",\"contentUrl\":\"https:\/\/apuliapraia-hotel.com\/wp-content\/uploads\/sites\/512\/2023\/02\/Forte-de-Sao-Batista-2.png\",\"width\":1200,\"height\":800,\"caption\":\"Forte S\u00e3o Jo\u00e3o Batista e Farol de Esposende\"},{\"@type\":\"BreadcrumbList\",\"@id\":\"https:\/\/apuliapraia-hotel.com\/es\/region\/fuerte-de-sao-joao-batista-y-el-faro-de-esposende\/#breadcrumb\",\"itemListElement\":[{\"@type\":\"ListItem\",\"position\":1,\"name\":\"Home\",\"item\":\"https:\/\/apuliapraia-hotel.com\/es\/\"},{\"@type\":\"ListItem\",\"position\":2,\"name\":\"Regi\u00f3n\",\"item\":\"https:\/\/apuliapraia-hotel.com\/es\/region\/\"},{\"@type\":\"ListItem\",\"position\":3,\"name\":\"Fuerte de S\u00e3o Jo\u00e3o Batista y el Faro de Esposende\"}]},{\"@type\":\"WebSite\",\"@id\":\"https:\/\/apuliapraia-hotel.com\/es\/#website\",\"url\":\"https:\/\/apuliapraia-hotel.com\/es\/\",\"name\":\"Apulia Praia Hotel\",\"description\":\"\",\"potentialAction\":[{\"@type\":\"SearchAction\",\"target\":{\"@type\":\"EntryPoint\",\"urlTemplate\":\"https:\/\/apuliapraia-hotel.com\/es\/?s={search_term_string}\"},\"query-input\":{\"@type\":\"PropertyValueSpecification\",\"valueRequired\":true,\"valueName\":\"search_term_string\"}}],\"inLanguage\":\"es\"}]}<\/script>\n<!-- \/ Yoast SEO plugin. -->","yoast_head_json":{"title":"Fuerte de S\u00e3o Jo\u00e3o Batista y el Faro de Esposende - Apulia Praia Hotel -","description":"Famoso en la regi\u00f3n por su historia y estructura de piedra, el Fuerte de San Juan Bautista vio su construcci\u00f3n iniciada en el siglo XVII, durante el reinado de D. Pedro II","robots":{"index":"index","follow":"follow","max-snippet":"max-snippet:-1","max-image-preview":"max-image-preview:large","max-video-preview":"max-video-preview:-1"},"canonical":"https:\/\/apuliapraia-hotel.com\/es\/region\/fuerte-de-sao-joao-batista-y-el-faro-de-esposende\/","og_locale":"es_ES","og_type":"article","og_title":"Fuerte de S\u00e3o Jo\u00e3o Batista y el Faro de Esposende - Apulia Praia Hotel -","og_description":"Famoso en la regi\u00f3n por su historia y estructura de piedra, el Fuerte de San Juan Bautista vio su construcci\u00f3n iniciada en el siglo XVII, durante el reinado de D. Pedro II","og_url":"https:\/\/apuliapraia-hotel.com\/es\/region\/fuerte-de-sao-joao-batista-y-el-faro-de-esposende\/","og_site_name":"Apulia Praia Hotel","og_image":[{"width":1200,"height":800,"url":"https:\/\/apuliapraia-hotel.com\/wp-content\/uploads\/sites\/512\/2023\/02\/Forte-de-Sao-Batista-2.png","type":"image\/png"}],"twitter_card":"summary_large_image","twitter_misc":{"Tiempo de lectura":"1 minuto"},"schema":{"@context":"https:\/\/schema.org","@graph":[{"@type":"WebPage","@id":"https:\/\/apuliapraia-hotel.com\/es\/region\/fuerte-de-sao-joao-batista-y-el-faro-de-esposende\/","url":"https:\/\/apuliapraia-hotel.com\/es\/region\/fuerte-de-sao-joao-batista-y-el-faro-de-esposende\/","name":"Fuerte de S\u00e3o Jo\u00e3o Batista y el Faro de Esposende - Apulia Praia Hotel -","isPartOf":{"@id":"https:\/\/apuliapraia-hotel.com\/es\/#website"},"primaryImageOfPage":{"@id":"https:\/\/apuliapraia-hotel.com\/es\/region\/fuerte-de-sao-joao-batista-y-el-faro-de-esposende\/#primaryimage"},"image":{"@id":"https:\/\/apuliapraia-hotel.com\/es\/region\/fuerte-de-sao-joao-batista-y-el-faro-de-esposende\/#primaryimage"},"thumbnailUrl":"https:\/\/apuliapraia-hotel.com\/wp-content\/uploads\/sites\/512\/2023\/02\/Forte-de-Sao-Batista-2.png","datePublished":"2023-04-26T09:18:11+00:00","description":"Famoso en la regi\u00f3n por su historia y estructura de piedra, el Fuerte de San Juan Bautista vio su construcci\u00f3n iniciada en el siglo XVII, durante el reinado de D. Pedro II","breadcrumb":{"@id":"https:\/\/apuliapraia-hotel.com\/es\/region\/fuerte-de-sao-joao-batista-y-el-faro-de-esposende\/#breadcrumb"},"inLanguage":"es","potentialAction":[{"@type":"ReadAction","target":["https:\/\/apuliapraia-hotel.com\/es\/region\/fuerte-de-sao-joao-batista-y-el-faro-de-esposende\/"]}]},{"@type":"ImageObject","inLanguage":"es","@id":"https:\/\/apuliapraia-hotel.com\/es\/region\/fuerte-de-sao-joao-batista-y-el-faro-de-esposende\/#primaryimage","url":"https:\/\/apuliapraia-hotel.com\/wp-content\/uploads\/sites\/512\/2023\/02\/Forte-de-Sao-Batista-2.png","contentUrl":"https:\/\/apuliapraia-hotel.com\/wp-content\/uploads\/sites\/512\/2023\/02\/Forte-de-Sao-Batista-2.png","width":1200,"height":800,"caption":"Forte S\u00e3o Jo\u00e3o Batista e Farol de Esposende"},{"@type":"BreadcrumbList","@id":"https:\/\/apuliapraia-hotel.com\/es\/region\/fuerte-de-sao-joao-batista-y-el-faro-de-esposende\/#breadcrumb","itemListElement":[{"@type":"ListItem","position":1,"name":"Home","item":"https:\/\/apuliapraia-hotel.com\/es\/"},{"@type":"ListItem","position":2,"name":"Regi\u00f3n","item":"https:\/\/apuliapraia-hotel.com\/es\/region\/"},{"@type":"ListItem","position":3,"name":"Fuerte de S\u00e3o Jo\u00e3o Batista y el Faro de Esposende"}]},{"@type":"WebSite","@id":"https:\/\/apuliapraia-hotel.com\/es\/#website","url":"https:\/\/apuliapraia-hotel.com\/es\/","name":"Apulia Praia Hotel","description":"","potentialAction":[{"@type":"SearchAction","target":{"@type":"EntryPoint","urlTemplate":"https:\/\/apuliapraia-hotel.com\/es\/?s={search_term_string}"},"query-input":{"@type":"PropertyValueSpecification","valueRequired":true,"valueName":"search_term_string"}}],"inLanguage":"es"}]}},"acf":[],"_links":{"self":[{"href":"https:\/\/apuliapraia-hotel.com\/es\/wp-json\/wp\/v2\/pages\/612","targetHints":{"allow":["GET"]}}],"collection":[{"href":"https:\/\/apuliapraia-hotel.com\/es\/wp-json\/wp\/v2\/pages"}],"about":[{"href":"https:\/\/apuliapraia-hotel.com\/es\/wp-json\/wp\/v2\/types\/page"}],"author":[{"embeddable":true,"href":"https:\/\/apuliapraia-hotel.com\/es\/wp-json\/wp\/v2\/users\/565"}],"replies":[{"embeddable":true,"href":"https:\/\/apuliapraia-hotel.com\/es\/wp-json\/wp\/v2\/comments?post=612"}],"version-history":[{"count":0,"href":"https:\/\/apuliapraia-hotel.com\/es\/wp-json\/wp\/v2\/pages\/612\/revisions"}],"up":[{"embeddable":true,"href":"https:\/\/apuliapraia-hotel.com\/es\/wp-json\/wp\/v2\/pages\/584"}],"wp:featuredmedia":[{"embeddable":true,"href":"https:\/\/apuliapraia-hotel.com\/es\/wp-json\/wp\/v2\/media\/396"}],"wp:attachment":[{"href":"https:\/\/apuliapraia-hotel.com\/es\/wp-json\/wp\/v2\/media?parent=612"}],"curies":[{"name":"wp","href":"https:\/\/api.w.org\/{rel}","templated":true}]}}