{"id":611,"date":"2023-04-26T09:18:06","date_gmt":"2023-04-26T09:18:06","guid":{"rendered":"https:\/\/apuliapraia-hotel.com\/?page_id=611"},"modified":"2023-04-26T09:18:06","modified_gmt":"2023-04-26T09:18:06","slug":"parque-natural-de-la-costa-norte","status":"publish","type":"page","link":"https:\/\/apuliapraia-hotel.com\/es\/region\/parque-natural-de-la-costa-norte\/","title":{"rendered":"Parque Natural de la Costa Norte"},"content":{"rendered":"<p>El <strong>Parque Natural del Litoral Norte<\/strong> es un lugar donde podr\u00e1s entrar en contacto con la magn\u00edfica fauna y flora de la regi\u00f3n, ya sea a trav\u00e9s de una tranquila caminata o de un relajante <a href=\"https:\/\/apuliapraia-hotel.com\/experiencias\/aluguer-de-bicicleta\/\">paseo en bicicleta<\/a>. Con una belleza paisaj\u00edstica maravillosa, este Parque recorre toda la costa atl\u00e1ntica desde la desembocadura del r\u00edo Neiva hasta la zona de Ap\u00falia. En un recorrido hecho mayoritariamente en pasarelas, el <a href=\"https:\/\/natural.pt\/protected-areas\/parque-natural-litoral-norte?locale=pt\">Parque Natural del Litoral Norte<\/a> se extiende por un camino de 16 km por la costa, en el que se incluye la <a href=\"https:\/\/www.visitesposende.com\/pt\/fazer\/percursos\">Red Municipal de Senderos Peatonales<\/a>. Si te alojas en el Apulia Praia Hotel, tienes la posibilidad de disfrutar de esta belleza paisaj\u00edstica a trav\u00e9s del <a href=\"https:\/\/pt.wikiloc.com\/trilhas-caminhada\/pr12-eps-trilho-das-masseiras-percurso-do-vento-e-do-homem-17757610\">Sendero de las Masseiras (PR12).<\/a><\/p>\n","protected":false},"excerpt":{"rendered":"<p>El Parque Natural del Litoral Norte es un lugar donde podr\u00e1s entrar en contacto con la magn\u00edfica fauna y flora de la regi\u00f3n, ya sea a trav\u00e9s de una tranquila caminata o de un relajante paseo en bicicleta. Con una belleza paisaj\u00edstica maravillosa, este Parque recorre toda la costa atl\u00e1ntica desde la desembocadura del r\u00edo [&hellip;]<\/p>\n","protected":false},"author":565,"featured_media":398,"parent":584,"menu_order":10,"comment_status":"closed","ping_status":"closed","template":"template-default-4.php","meta":{"footnotes":""},"class_list":["post-611","page","type-page","status-publish","has-post-thumbnail","hentry"],"yoast_head":"<!-- This site is optimized with the Yoast SEO plugin v26.9 - https:\/\/yoast.com\/product\/yoast-seo-wordpress\/ -->\n<title>Parque Natural de la Costa Norte - Apulia Praia Hotel -<\/title>\n<meta name=\"description\" content=\"El Parque Natural del Litoral Norte es un lugar donde podr\u00e1s entrar en contacto con la magn\u00edfica fauna y flora de la regi\u00f3n, ya sea a trav\u00e9s de una tranquila caminata o de un relajante paseo en bicicleta. Con una belleza paisaj\u00edstica maravillosa, este Parque recorre toda la costa atl\u00e1ntica desde la desembocadura del r\u00edo Neiva hasta la zona de Ap\u00falia\" \/>\n<meta name=\"robots\" content=\"index, follow, max-snippet:-1, max-image-preview:large, max-video-preview:-1\" \/>\n<link rel=\"canonical\" href=\"https:\/\/apuliapraia-hotel.com\/es\/region\/parque-natural-de-la-costa-norte\/\" \/>\n<meta property=\"og:locale\" content=\"es_ES\" \/>\n<meta property=\"og:type\" content=\"article\" \/>\n<meta property=\"og:title\" content=\"Parque Natural de la Costa Norte - Apulia Praia Hotel -\" \/>\n<meta property=\"og:description\" content=\"El Parque Natural del Litoral Norte es un lugar donde podr\u00e1s entrar en contacto con la magn\u00edfica fauna y flora de la regi\u00f3n, ya sea a trav\u00e9s de una tranquila caminata o de un relajante paseo en bicicleta. Con una belleza paisaj\u00edstica maravillosa, este Parque recorre toda la costa atl\u00e1ntica desde la desembocadura del r\u00edo Neiva hasta la zona de Ap\u00falia\" \/>\n<meta property=\"og:url\" content=\"https:\/\/apuliapraia-hotel.com\/es\/region\/parque-natural-de-la-costa-norte\/\" \/>\n<meta property=\"og:site_name\" content=\"Apulia Praia Hotel\" \/>\n<meta property=\"og:image\" content=\"https:\/\/apuliapraia-hotel.com\/wp-content\/uploads\/sites\/512\/2023\/02\/Parque-Natural-do-Litoral-Norte-2.png\" \/>\n\t<meta property=\"og:image:width\" content=\"1200\" \/>\n\t<meta property=\"og:image:height\" content=\"800\" \/>\n\t<meta property=\"og:image:type\" content=\"image\/png\" \/>\n<meta name=\"twitter:card\" content=\"summary_large_image\" \/>\n<meta name=\"twitter:label1\" content=\"Tiempo de lectura\" \/>\n\t<meta name=\"twitter:data1\" content=\"1 minuto\" \/>\n<script type=\"application\/ld+json\" class=\"yoast-schema-graph\">{\"@context\":\"https:\/\/schema.org\",\"@graph\":[{\"@type\":\"WebPage\",\"@id\":\"https:\/\/apuliapraia-hotel.com\/es\/region\/parque-natural-de-la-costa-norte\/\",\"url\":\"https:\/\/apuliapraia-hotel.com\/es\/region\/parque-natural-de-la-costa-norte\/\",\"name\":\"Parque Natural de la Costa Norte - Apulia Praia Hotel -\",\"isPartOf\":{\"@id\":\"https:\/\/apuliapraia-hotel.com\/es\/#website\"},\"primaryImageOfPage\":{\"@id\":\"https:\/\/apuliapraia-hotel.com\/es\/region\/parque-natural-de-la-costa-norte\/#primaryimage\"},\"image\":{\"@id\":\"https:\/\/apuliapraia-hotel.com\/es\/region\/parque-natural-de-la-costa-norte\/#primaryimage\"},\"thumbnailUrl\":\"https:\/\/apuliapraia-hotel.com\/wp-content\/uploads\/sites\/512\/2023\/02\/Parque-Natural-do-Litoral-Norte-2.png\",\"datePublished\":\"2023-04-26T09:18:06+00:00\",\"description\":\"El Parque Natural del Litoral Norte es un lugar donde podr\u00e1s entrar en contacto con la magn\u00edfica fauna y flora de la regi\u00f3n, ya sea a trav\u00e9s de una tranquila caminata o de un relajante paseo en bicicleta. Con una belleza paisaj\u00edstica maravillosa, este Parque recorre toda la costa atl\u00e1ntica desde la desembocadura del r\u00edo Neiva hasta la zona de Ap\u00falia\",\"breadcrumb\":{\"@id\":\"https:\/\/apuliapraia-hotel.com\/es\/region\/parque-natural-de-la-costa-norte\/#breadcrumb\"},\"inLanguage\":\"es\",\"potentialAction\":[{\"@type\":\"ReadAction\",\"target\":[\"https:\/\/apuliapraia-hotel.com\/es\/region\/parque-natural-de-la-costa-norte\/\"]}]},{\"@type\":\"ImageObject\",\"inLanguage\":\"es\",\"@id\":\"https:\/\/apuliapraia-hotel.com\/es\/region\/parque-natural-de-la-costa-norte\/#primaryimage\",\"url\":\"https:\/\/apuliapraia-hotel.com\/wp-content\/uploads\/sites\/512\/2023\/02\/Parque-Natural-do-Litoral-Norte-2.png\",\"contentUrl\":\"https:\/\/apuliapraia-hotel.com\/wp-content\/uploads\/sites\/512\/2023\/02\/Parque-Natural-do-Litoral-Norte-2.png\",\"width\":1200,\"height\":800,\"caption\":\"Parque Natural do Litoral Norte\"},{\"@type\":\"BreadcrumbList\",\"@id\":\"https:\/\/apuliapraia-hotel.com\/es\/region\/parque-natural-de-la-costa-norte\/#breadcrumb\",\"itemListElement\":[{\"@type\":\"ListItem\",\"position\":1,\"name\":\"Home\",\"item\":\"https:\/\/apuliapraia-hotel.com\/es\/\"},{\"@type\":\"ListItem\",\"position\":2,\"name\":\"Regi\u00f3n\",\"item\":\"https:\/\/apuliapraia-hotel.com\/es\/region\/\"},{\"@type\":\"ListItem\",\"position\":3,\"name\":\"Parque Natural de la Costa Norte\"}]},{\"@type\":\"WebSite\",\"@id\":\"https:\/\/apuliapraia-hotel.com\/es\/#website\",\"url\":\"https:\/\/apuliapraia-hotel.com\/es\/\",\"name\":\"Apulia Praia Hotel\",\"description\":\"\",\"potentialAction\":[{\"@type\":\"SearchAction\",\"target\":{\"@type\":\"EntryPoint\",\"urlTemplate\":\"https:\/\/apuliapraia-hotel.com\/es\/?s={search_term_string}\"},\"query-input\":{\"@type\":\"PropertyValueSpecification\",\"valueRequired\":true,\"valueName\":\"search_term_string\"}}],\"inLanguage\":\"es\"}]}<\/script>\n<!-- \/ Yoast SEO plugin. -->","yoast_head_json":{"title":"Parque Natural de la Costa Norte - Apulia Praia Hotel -","description":"El Parque Natural del Litoral Norte es un lugar donde podr\u00e1s entrar en contacto con la magn\u00edfica fauna y flora de la regi\u00f3n, ya sea a trav\u00e9s de una tranquila caminata o de un relajante paseo en bicicleta. Con una belleza paisaj\u00edstica maravillosa, este Parque recorre toda la costa atl\u00e1ntica desde la desembocadura del r\u00edo Neiva hasta la zona de Ap\u00falia","robots":{"index":"index","follow":"follow","max-snippet":"max-snippet:-1","max-image-preview":"max-image-preview:large","max-video-preview":"max-video-preview:-1"},"canonical":"https:\/\/apuliapraia-hotel.com\/es\/region\/parque-natural-de-la-costa-norte\/","og_locale":"es_ES","og_type":"article","og_title":"Parque Natural de la Costa Norte - Apulia Praia Hotel -","og_description":"El Parque Natural del Litoral Norte es un lugar donde podr\u00e1s entrar en contacto con la magn\u00edfica fauna y flora de la regi\u00f3n, ya sea a trav\u00e9s de una tranquila caminata o de un relajante paseo en bicicleta. Con una belleza paisaj\u00edstica maravillosa, este Parque recorre toda la costa atl\u00e1ntica desde la desembocadura del r\u00edo Neiva hasta la zona de Ap\u00falia","og_url":"https:\/\/apuliapraia-hotel.com\/es\/region\/parque-natural-de-la-costa-norte\/","og_site_name":"Apulia Praia Hotel","og_image":[{"width":1200,"height":800,"url":"https:\/\/apuliapraia-hotel.com\/wp-content\/uploads\/sites\/512\/2023\/02\/Parque-Natural-do-Litoral-Norte-2.png","type":"image\/png"}],"twitter_card":"summary_large_image","twitter_misc":{"Tiempo de lectura":"1 minuto"},"schema":{"@context":"https:\/\/schema.org","@graph":[{"@type":"WebPage","@id":"https:\/\/apuliapraia-hotel.com\/es\/region\/parque-natural-de-la-costa-norte\/","url":"https:\/\/apuliapraia-hotel.com\/es\/region\/parque-natural-de-la-costa-norte\/","name":"Parque Natural de la Costa Norte - Apulia Praia Hotel -","isPartOf":{"@id":"https:\/\/apuliapraia-hotel.com\/es\/#website"},"primaryImageOfPage":{"@id":"https:\/\/apuliapraia-hotel.com\/es\/region\/parque-natural-de-la-costa-norte\/#primaryimage"},"image":{"@id":"https:\/\/apuliapraia-hotel.com\/es\/region\/parque-natural-de-la-costa-norte\/#primaryimage"},"thumbnailUrl":"https:\/\/apuliapraia-hotel.com\/wp-content\/uploads\/sites\/512\/2023\/02\/Parque-Natural-do-Litoral-Norte-2.png","datePublished":"2023-04-26T09:18:06+00:00","description":"El Parque Natural del Litoral Norte es un lugar donde podr\u00e1s entrar en contacto con la magn\u00edfica fauna y flora de la regi\u00f3n, ya sea a trav\u00e9s de una tranquila caminata o de un relajante paseo en bicicleta. Con una belleza paisaj\u00edstica maravillosa, este Parque recorre toda la costa atl\u00e1ntica desde la desembocadura del r\u00edo Neiva hasta la zona de Ap\u00falia","breadcrumb":{"@id":"https:\/\/apuliapraia-hotel.com\/es\/region\/parque-natural-de-la-costa-norte\/#breadcrumb"},"inLanguage":"es","potentialAction":[{"@type":"ReadAction","target":["https:\/\/apuliapraia-hotel.com\/es\/region\/parque-natural-de-la-costa-norte\/"]}]},{"@type":"ImageObject","inLanguage":"es","@id":"https:\/\/apuliapraia-hotel.com\/es\/region\/parque-natural-de-la-costa-norte\/#primaryimage","url":"https:\/\/apuliapraia-hotel.com\/wp-content\/uploads\/sites\/512\/2023\/02\/Parque-Natural-do-Litoral-Norte-2.png","contentUrl":"https:\/\/apuliapraia-hotel.com\/wp-content\/uploads\/sites\/512\/2023\/02\/Parque-Natural-do-Litoral-Norte-2.png","width":1200,"height":800,"caption":"Parque Natural do Litoral Norte"},{"@type":"BreadcrumbList","@id":"https:\/\/apuliapraia-hotel.com\/es\/region\/parque-natural-de-la-costa-norte\/#breadcrumb","itemListElement":[{"@type":"ListItem","position":1,"name":"Home","item":"https:\/\/apuliapraia-hotel.com\/es\/"},{"@type":"ListItem","position":2,"name":"Regi\u00f3n","item":"https:\/\/apuliapraia-hotel.com\/es\/region\/"},{"@type":"ListItem","position":3,"name":"Parque Natural de la Costa Norte"}]},{"@type":"WebSite","@id":"https:\/\/apuliapraia-hotel.com\/es\/#website","url":"https:\/\/apuliapraia-hotel.com\/es\/","name":"Apulia Praia Hotel","description":"","potentialAction":[{"@type":"SearchAction","target":{"@type":"EntryPoint","urlTemplate":"https:\/\/apuliapraia-hotel.com\/es\/?s={search_term_string}"},"query-input":{"@type":"PropertyValueSpecification","valueRequired":true,"valueName":"search_term_string"}}],"inLanguage":"es"}]}},"acf":[],"_links":{"self":[{"href":"https:\/\/apuliapraia-hotel.com\/es\/wp-json\/wp\/v2\/pages\/611","targetHints":{"allow":["GET"]}}],"collection":[{"href":"https:\/\/apuliapraia-hotel.com\/es\/wp-json\/wp\/v2\/pages"}],"about":[{"href":"https:\/\/apuliapraia-hotel.com\/es\/wp-json\/wp\/v2\/types\/page"}],"author":[{"embeddable":true,"href":"https:\/\/apuliapraia-hotel.com\/es\/wp-json\/wp\/v2\/users\/565"}],"replies":[{"embeddable":true,"href":"https:\/\/apuliapraia-hotel.com\/es\/wp-json\/wp\/v2\/comments?post=611"}],"version-history":[{"count":0,"href":"https:\/\/apuliapraia-hotel.com\/es\/wp-json\/wp\/v2\/pages\/611\/revisions"}],"up":[{"embeddable":true,"href":"https:\/\/apuliapraia-hotel.com\/es\/wp-json\/wp\/v2\/pages\/584"}],"wp:featuredmedia":[{"embeddable":true,"href":"https:\/\/apuliapraia-hotel.com\/es\/wp-json\/wp\/v2\/media\/398"}],"wp:attachment":[{"href":"https:\/\/apuliapraia-hotel.com\/es\/wp-json\/wp\/v2\/media?parent=611"}],"curies":[{"name":"wp","href":"https:\/\/api.w.org\/{rel}","templated":true}]}}