{"id":610,"date":"2023-04-26T09:18:00","date_gmt":"2023-04-26T09:18:00","guid":{"rendered":"https:\/\/apuliapraia-hotel.com\/?page_id=610"},"modified":"2023-04-26T09:18:00","modified_gmt":"2023-04-26T09:18:00","slug":"monte-de-sao-felix","status":"publish","type":"page","link":"https:\/\/apuliapraia-hotel.com\/es\/region\/monte-de-sao-felix\/","title":{"rendered":"Monte de S\u00e3o F\u00e9lix"},"content":{"rendered":"<p>El <strong>Monte de S\u00e3o F\u00e9lix<\/strong> es el punto tur\u00edstico m\u00e1s alto de la comunidad de La\u00fandos. Conocido por su escalera de 328 escalones y sus exuberantes jardines laterales, este lugar est\u00e1 rodeado de belleza y espiritualidad. Aqu\u00ed tendr\u00e1 la oportunidad de contemplar, al pie de la escalera, el <strong>Santuario de Nuestra Se\u00f1ora de la Salud<\/strong> y, en su cima, la <strong>Capilla de S\u00e3o F\u00e9lix<\/strong> y los <strong>Molinos de Viento<\/strong>. Adem\u00e1s, se suma la impresionante vista panor\u00e1mica del mar y la ciudad. Avent\u00farese y descubra uno de los puntos panor\u00e1micos m\u00e1s hermosos de la regi\u00f3n.<\/p>\n<p>&nbsp;<\/p>\n","protected":false},"excerpt":{"rendered":"<p>El Monte de S\u00e3o F\u00e9lix es el punto tur\u00edstico m\u00e1s alto de la comunidad de La\u00fandos. Conocido por su escalera de 328 escalones y sus exuberantes jardines laterales, este lugar est\u00e1 rodeado de belleza y espiritualidad. Aqu\u00ed tendr\u00e1 la oportunidad de contemplar, al pie de la escalera, el Santuario de Nuestra Se\u00f1ora de la Salud [&hellip;]<\/p>\n","protected":false},"author":565,"featured_media":368,"parent":584,"menu_order":9,"comment_status":"closed","ping_status":"closed","template":"template-default-4.php","meta":{"footnotes":""},"class_list":["post-610","page","type-page","status-publish","has-post-thumbnail","hentry"],"yoast_head":"<!-- This site is optimized with the Yoast SEO plugin v26.9 - https:\/\/yoast.com\/product\/yoast-seo-wordpress\/ -->\n<title>Monte de S\u00e3o F\u00e9lix - Apulia Praia Hotel -<\/title>\n<meta name=\"description\" content=\"El Monte de S\u00e3o F\u00e9lix es el punto tur\u00edstico m\u00e1s alto de la comunidad de La\u00fandos. Conocido por su escalera de 328 escalones y sus exuberantes jardines laterales, este lugar est\u00e1 rodeado de belleza y espiritualidad\" \/>\n<meta name=\"robots\" content=\"index, follow, max-snippet:-1, max-image-preview:large, max-video-preview:-1\" \/>\n<link rel=\"canonical\" href=\"https:\/\/apuliapraia-hotel.com\/es\/region\/monte-de-sao-felix\/\" \/>\n<meta property=\"og:locale\" content=\"es_ES\" \/>\n<meta property=\"og:type\" content=\"article\" \/>\n<meta property=\"og:title\" content=\"Monte de S\u00e3o F\u00e9lix - Apulia Praia Hotel -\" \/>\n<meta property=\"og:description\" content=\"El Monte de S\u00e3o F\u00e9lix es el punto tur\u00edstico m\u00e1s alto de la comunidad de La\u00fandos. Conocido por su escalera de 328 escalones y sus exuberantes jardines laterales, este lugar est\u00e1 rodeado de belleza y espiritualidad\" \/>\n<meta property=\"og:url\" content=\"https:\/\/apuliapraia-hotel.com\/es\/region\/monte-de-sao-felix\/\" \/>\n<meta property=\"og:site_name\" content=\"Apulia Praia Hotel\" \/>\n<meta property=\"og:image\" content=\"https:\/\/apuliapraia-hotel.com\/wp-content\/uploads\/sites\/512\/2023\/02\/Monte-Sao-Felix.png\" \/>\n\t<meta property=\"og:image:width\" content=\"1200\" \/>\n\t<meta property=\"og:image:height\" content=\"800\" \/>\n\t<meta property=\"og:image:type\" content=\"image\/png\" \/>\n<meta name=\"twitter:card\" content=\"summary_large_image\" \/>\n<meta name=\"twitter:label1\" content=\"Tiempo de lectura\" \/>\n\t<meta name=\"twitter:data1\" content=\"1 minuto\" \/>\n<script type=\"application\/ld+json\" class=\"yoast-schema-graph\">{\"@context\":\"https:\/\/schema.org\",\"@graph\":[{\"@type\":\"WebPage\",\"@id\":\"https:\/\/apuliapraia-hotel.com\/es\/region\/monte-de-sao-felix\/\",\"url\":\"https:\/\/apuliapraia-hotel.com\/es\/region\/monte-de-sao-felix\/\",\"name\":\"Monte de S\u00e3o F\u00e9lix - Apulia Praia Hotel -\",\"isPartOf\":{\"@id\":\"https:\/\/apuliapraia-hotel.com\/es\/#website\"},\"primaryImageOfPage\":{\"@id\":\"https:\/\/apuliapraia-hotel.com\/es\/region\/monte-de-sao-felix\/#primaryimage\"},\"image\":{\"@id\":\"https:\/\/apuliapraia-hotel.com\/es\/region\/monte-de-sao-felix\/#primaryimage\"},\"thumbnailUrl\":\"https:\/\/apuliapraia-hotel.com\/wp-content\/uploads\/sites\/512\/2023\/02\/Monte-Sao-Felix.png\",\"datePublished\":\"2023-04-26T09:18:00+00:00\",\"description\":\"El Monte de S\u00e3o F\u00e9lix es el punto tur\u00edstico m\u00e1s alto de la comunidad de La\u00fandos. Conocido por su escalera de 328 escalones y sus exuberantes jardines laterales, este lugar est\u00e1 rodeado de belleza y espiritualidad\",\"breadcrumb\":{\"@id\":\"https:\/\/apuliapraia-hotel.com\/es\/region\/monte-de-sao-felix\/#breadcrumb\"},\"inLanguage\":\"es\",\"potentialAction\":[{\"@type\":\"ReadAction\",\"target\":[\"https:\/\/apuliapraia-hotel.com\/es\/region\/monte-de-sao-felix\/\"]}]},{\"@type\":\"ImageObject\",\"inLanguage\":\"es\",\"@id\":\"https:\/\/apuliapraia-hotel.com\/es\/region\/monte-de-sao-felix\/#primaryimage\",\"url\":\"https:\/\/apuliapraia-hotel.com\/wp-content\/uploads\/sites\/512\/2023\/02\/Monte-Sao-Felix.png\",\"contentUrl\":\"https:\/\/apuliapraia-hotel.com\/wp-content\/uploads\/sites\/512\/2023\/02\/Monte-Sao-Felix.png\",\"width\":1200,\"height\":800,\"caption\":\"Monte de S\u00e3o F\u00e9lix\"},{\"@type\":\"BreadcrumbList\",\"@id\":\"https:\/\/apuliapraia-hotel.com\/es\/region\/monte-de-sao-felix\/#breadcrumb\",\"itemListElement\":[{\"@type\":\"ListItem\",\"position\":1,\"name\":\"Home\",\"item\":\"https:\/\/apuliapraia-hotel.com\/es\/\"},{\"@type\":\"ListItem\",\"position\":2,\"name\":\"Regi\u00f3n\",\"item\":\"https:\/\/apuliapraia-hotel.com\/es\/region\/\"},{\"@type\":\"ListItem\",\"position\":3,\"name\":\"Monte de S\u00e3o F\u00e9lix\"}]},{\"@type\":\"WebSite\",\"@id\":\"https:\/\/apuliapraia-hotel.com\/es\/#website\",\"url\":\"https:\/\/apuliapraia-hotel.com\/es\/\",\"name\":\"Apulia Praia Hotel\",\"description\":\"\",\"potentialAction\":[{\"@type\":\"SearchAction\",\"target\":{\"@type\":\"EntryPoint\",\"urlTemplate\":\"https:\/\/apuliapraia-hotel.com\/es\/?s={search_term_string}\"},\"query-input\":{\"@type\":\"PropertyValueSpecification\",\"valueRequired\":true,\"valueName\":\"search_term_string\"}}],\"inLanguage\":\"es\"}]}<\/script>\n<!-- \/ Yoast SEO plugin. -->","yoast_head_json":{"title":"Monte de S\u00e3o F\u00e9lix - Apulia Praia Hotel -","description":"El Monte de S\u00e3o F\u00e9lix es el punto tur\u00edstico m\u00e1s alto de la comunidad de La\u00fandos. Conocido por su escalera de 328 escalones y sus exuberantes jardines laterales, este lugar est\u00e1 rodeado de belleza y espiritualidad","robots":{"index":"index","follow":"follow","max-snippet":"max-snippet:-1","max-image-preview":"max-image-preview:large","max-video-preview":"max-video-preview:-1"},"canonical":"https:\/\/apuliapraia-hotel.com\/es\/region\/monte-de-sao-felix\/","og_locale":"es_ES","og_type":"article","og_title":"Monte de S\u00e3o F\u00e9lix - Apulia Praia Hotel -","og_description":"El Monte de S\u00e3o F\u00e9lix es el punto tur\u00edstico m\u00e1s alto de la comunidad de La\u00fandos. Conocido por su escalera de 328 escalones y sus exuberantes jardines laterales, este lugar est\u00e1 rodeado de belleza y espiritualidad","og_url":"https:\/\/apuliapraia-hotel.com\/es\/region\/monte-de-sao-felix\/","og_site_name":"Apulia Praia Hotel","og_image":[{"width":1200,"height":800,"url":"https:\/\/apuliapraia-hotel.com\/wp-content\/uploads\/sites\/512\/2023\/02\/Monte-Sao-Felix.png","type":"image\/png"}],"twitter_card":"summary_large_image","twitter_misc":{"Tiempo de lectura":"1 minuto"},"schema":{"@context":"https:\/\/schema.org","@graph":[{"@type":"WebPage","@id":"https:\/\/apuliapraia-hotel.com\/es\/region\/monte-de-sao-felix\/","url":"https:\/\/apuliapraia-hotel.com\/es\/region\/monte-de-sao-felix\/","name":"Monte de S\u00e3o F\u00e9lix - Apulia Praia Hotel -","isPartOf":{"@id":"https:\/\/apuliapraia-hotel.com\/es\/#website"},"primaryImageOfPage":{"@id":"https:\/\/apuliapraia-hotel.com\/es\/region\/monte-de-sao-felix\/#primaryimage"},"image":{"@id":"https:\/\/apuliapraia-hotel.com\/es\/region\/monte-de-sao-felix\/#primaryimage"},"thumbnailUrl":"https:\/\/apuliapraia-hotel.com\/wp-content\/uploads\/sites\/512\/2023\/02\/Monte-Sao-Felix.png","datePublished":"2023-04-26T09:18:00+00:00","description":"El Monte de S\u00e3o F\u00e9lix es el punto tur\u00edstico m\u00e1s alto de la comunidad de La\u00fandos. Conocido por su escalera de 328 escalones y sus exuberantes jardines laterales, este lugar est\u00e1 rodeado de belleza y espiritualidad","breadcrumb":{"@id":"https:\/\/apuliapraia-hotel.com\/es\/region\/monte-de-sao-felix\/#breadcrumb"},"inLanguage":"es","potentialAction":[{"@type":"ReadAction","target":["https:\/\/apuliapraia-hotel.com\/es\/region\/monte-de-sao-felix\/"]}]},{"@type":"ImageObject","inLanguage":"es","@id":"https:\/\/apuliapraia-hotel.com\/es\/region\/monte-de-sao-felix\/#primaryimage","url":"https:\/\/apuliapraia-hotel.com\/wp-content\/uploads\/sites\/512\/2023\/02\/Monte-Sao-Felix.png","contentUrl":"https:\/\/apuliapraia-hotel.com\/wp-content\/uploads\/sites\/512\/2023\/02\/Monte-Sao-Felix.png","width":1200,"height":800,"caption":"Monte de S\u00e3o F\u00e9lix"},{"@type":"BreadcrumbList","@id":"https:\/\/apuliapraia-hotel.com\/es\/region\/monte-de-sao-felix\/#breadcrumb","itemListElement":[{"@type":"ListItem","position":1,"name":"Home","item":"https:\/\/apuliapraia-hotel.com\/es\/"},{"@type":"ListItem","position":2,"name":"Regi\u00f3n","item":"https:\/\/apuliapraia-hotel.com\/es\/region\/"},{"@type":"ListItem","position":3,"name":"Monte de S\u00e3o F\u00e9lix"}]},{"@type":"WebSite","@id":"https:\/\/apuliapraia-hotel.com\/es\/#website","url":"https:\/\/apuliapraia-hotel.com\/es\/","name":"Apulia Praia Hotel","description":"","potentialAction":[{"@type":"SearchAction","target":{"@type":"EntryPoint","urlTemplate":"https:\/\/apuliapraia-hotel.com\/es\/?s={search_term_string}"},"query-input":{"@type":"PropertyValueSpecification","valueRequired":true,"valueName":"search_term_string"}}],"inLanguage":"es"}]}},"acf":[],"_links":{"self":[{"href":"https:\/\/apuliapraia-hotel.com\/es\/wp-json\/wp\/v2\/pages\/610","targetHints":{"allow":["GET"]}}],"collection":[{"href":"https:\/\/apuliapraia-hotel.com\/es\/wp-json\/wp\/v2\/pages"}],"about":[{"href":"https:\/\/apuliapraia-hotel.com\/es\/wp-json\/wp\/v2\/types\/page"}],"author":[{"embeddable":true,"href":"https:\/\/apuliapraia-hotel.com\/es\/wp-json\/wp\/v2\/users\/565"}],"replies":[{"embeddable":true,"href":"https:\/\/apuliapraia-hotel.com\/es\/wp-json\/wp\/v2\/comments?post=610"}],"version-history":[{"count":0,"href":"https:\/\/apuliapraia-hotel.com\/es\/wp-json\/wp\/v2\/pages\/610\/revisions"}],"up":[{"embeddable":true,"href":"https:\/\/apuliapraia-hotel.com\/es\/wp-json\/wp\/v2\/pages\/584"}],"wp:featuredmedia":[{"embeddable":true,"href":"https:\/\/apuliapraia-hotel.com\/es\/wp-json\/wp\/v2\/media\/368"}],"wp:attachment":[{"href":"https:\/\/apuliapraia-hotel.com\/es\/wp-json\/wp\/v2\/media?parent=610"}],"curies":[{"name":"wp","href":"https:\/\/api.w.org\/{rel}","templated":true}]}}