{"id":607,"date":"2023-04-26T09:17:43","date_gmt":"2023-04-26T09:17:43","guid":{"rendered":"https:\/\/apuliapraia-hotel.com\/?page_id=607"},"modified":"2023-04-26T09:17:43","modified_gmt":"2023-04-26T09:17:43","slug":"laticinios-das-marinhas","status":"publish","type":"page","link":"https:\/\/apuliapraia-hotel.com\/es\/region\/laticinios-das-marinhas\/","title":{"rendered":"Latic\u00ednios das Marinhas"},"content":{"rendered":"<p>Elaborados artesanalmente desde 1954, los<strong> quesos y mantequillas<\/strong> de <a href=\"https:\/\/www.lmarinhas.pt\/\">Latic\u00ednios das Marinhas<\/a> son una reliquia regional que llevan consigo gran parte de la tradici\u00f3n local. Una prueba m\u00e1s de que nuestra regi\u00f3n est\u00e1 llena de maravillas gastron\u00f3micas que aportan mucho sabor a la mesa de todos aquellos que deciden probarlos. Deje que su creatividad le sorprenda con diferentes combinaciones de queso y mantequilla de este productor local, tambi\u00e9n disponibles en la tabla de quesos de nuestro <a href=\"https:\/\/apuliapraia-hotel.com\/restaurante\/\">Hotel.<\/a><\/p>\n<p>&nbsp;<\/p>\n","protected":false},"excerpt":{"rendered":"<p>Elaborados artesanalmente desde 1954, los quesos y mantequillas de Latic\u00ednios das Marinhas son una reliquia regional que llevan consigo gran parte de la tradici\u00f3n local. Una prueba m\u00e1s de que nuestra regi\u00f3n est\u00e1 llena de maravillas gastron\u00f3micas que aportan mucho sabor a la mesa de todos aquellos que deciden probarlos. Deje que su creatividad le [&hellip;]<\/p>\n","protected":false},"author":565,"featured_media":383,"parent":584,"menu_order":8,"comment_status":"closed","ping_status":"closed","template":"template-default-4.php","meta":{"footnotes":""},"class_list":["post-607","page","type-page","status-publish","has-post-thumbnail","hentry"],"yoast_head":"<!-- This site is optimized with the Yoast SEO plugin v26.9 - https:\/\/yoast.com\/product\/yoast-seo-wordpress\/ -->\n<title>Latic\u00ednios das Marinhas - Apulia Praia Hotel -<\/title>\n<meta name=\"description\" content=\"Elaborados artesanalmente desde 1954, los quesos y mantequillas de Latic\u00ednios das Marinhas son una reliquia regional que llevan consigo gran parte de la tradici\u00f3n local. Una prueba m\u00e1s de que nuestra regi\u00f3n est\u00e1 llena de maravillas gastron\u00f3micas que aportan mucho sabor a la mesa de todos aquellos que deciden probarlos\" \/>\n<meta name=\"robots\" content=\"index, follow, max-snippet:-1, max-image-preview:large, max-video-preview:-1\" \/>\n<link rel=\"canonical\" href=\"https:\/\/apuliapraia-hotel.com\/es\/region\/laticinios-das-marinhas\/\" \/>\n<meta property=\"og:locale\" content=\"es_ES\" \/>\n<meta property=\"og:type\" content=\"article\" \/>\n<meta property=\"og:title\" content=\"Latic\u00ednios das Marinhas - Apulia Praia Hotel -\" \/>\n<meta property=\"og:description\" content=\"Elaborados artesanalmente desde 1954, los quesos y mantequillas de Latic\u00ednios das Marinhas son una reliquia regional que llevan consigo gran parte de la tradici\u00f3n local. Una prueba m\u00e1s de que nuestra regi\u00f3n est\u00e1 llena de maravillas gastron\u00f3micas que aportan mucho sabor a la mesa de todos aquellos que deciden probarlos\" \/>\n<meta property=\"og:url\" content=\"https:\/\/apuliapraia-hotel.com\/es\/region\/laticinios-das-marinhas\/\" \/>\n<meta property=\"og:site_name\" content=\"Apulia Praia Hotel\" \/>\n<meta property=\"og:image\" content=\"https:\/\/apuliapraia-hotel.com\/wp-content\/uploads\/sites\/512\/2023\/02\/Laticinios-das-marinhas.png\" \/>\n\t<meta property=\"og:image:width\" content=\"1200\" \/>\n\t<meta property=\"og:image:height\" content=\"800\" \/>\n\t<meta property=\"og:image:type\" content=\"image\/png\" \/>\n<meta name=\"twitter:card\" content=\"summary_large_image\" \/>\n<meta name=\"twitter:label1\" content=\"Tiempo de lectura\" \/>\n\t<meta name=\"twitter:data1\" content=\"1 minuto\" \/>\n<script type=\"application\/ld+json\" class=\"yoast-schema-graph\">{\"@context\":\"https:\/\/schema.org\",\"@graph\":[{\"@type\":\"WebPage\",\"@id\":\"https:\/\/apuliapraia-hotel.com\/es\/region\/laticinios-das-marinhas\/\",\"url\":\"https:\/\/apuliapraia-hotel.com\/es\/region\/laticinios-das-marinhas\/\",\"name\":\"Latic\u00ednios das Marinhas - Apulia Praia Hotel -\",\"isPartOf\":{\"@id\":\"https:\/\/apuliapraia-hotel.com\/es\/#website\"},\"primaryImageOfPage\":{\"@id\":\"https:\/\/apuliapraia-hotel.com\/es\/region\/laticinios-das-marinhas\/#primaryimage\"},\"image\":{\"@id\":\"https:\/\/apuliapraia-hotel.com\/es\/region\/laticinios-das-marinhas\/#primaryimage\"},\"thumbnailUrl\":\"https:\/\/apuliapraia-hotel.com\/wp-content\/uploads\/sites\/512\/2023\/02\/Laticinios-das-marinhas.png\",\"datePublished\":\"2023-04-26T09:17:43+00:00\",\"description\":\"Elaborados artesanalmente desde 1954, los quesos y mantequillas de Latic\u00ednios das Marinhas son una reliquia regional que llevan consigo gran parte de la tradici\u00f3n local. Una prueba m\u00e1s de que nuestra regi\u00f3n est\u00e1 llena de maravillas gastron\u00f3micas que aportan mucho sabor a la mesa de todos aquellos que deciden probarlos\",\"breadcrumb\":{\"@id\":\"https:\/\/apuliapraia-hotel.com\/es\/region\/laticinios-das-marinhas\/#breadcrumb\"},\"inLanguage\":\"es\",\"potentialAction\":[{\"@type\":\"ReadAction\",\"target\":[\"https:\/\/apuliapraia-hotel.com\/es\/region\/laticinios-das-marinhas\/\"]}]},{\"@type\":\"ImageObject\",\"inLanguage\":\"es\",\"@id\":\"https:\/\/apuliapraia-hotel.com\/es\/region\/laticinios-das-marinhas\/#primaryimage\",\"url\":\"https:\/\/apuliapraia-hotel.com\/wp-content\/uploads\/sites\/512\/2023\/02\/Laticinios-das-marinhas.png\",\"contentUrl\":\"https:\/\/apuliapraia-hotel.com\/wp-content\/uploads\/sites\/512\/2023\/02\/Laticinios-das-marinhas.png\",\"width\":1200,\"height\":800,\"caption\":\"Latic\u00ednios das Marinhas\"},{\"@type\":\"BreadcrumbList\",\"@id\":\"https:\/\/apuliapraia-hotel.com\/es\/region\/laticinios-das-marinhas\/#breadcrumb\",\"itemListElement\":[{\"@type\":\"ListItem\",\"position\":1,\"name\":\"Home\",\"item\":\"https:\/\/apuliapraia-hotel.com\/es\/\"},{\"@type\":\"ListItem\",\"position\":2,\"name\":\"Regi\u00f3n\",\"item\":\"https:\/\/apuliapraia-hotel.com\/es\/region\/\"},{\"@type\":\"ListItem\",\"position\":3,\"name\":\"Latic\u00ednios das Marinhas\"}]},{\"@type\":\"WebSite\",\"@id\":\"https:\/\/apuliapraia-hotel.com\/es\/#website\",\"url\":\"https:\/\/apuliapraia-hotel.com\/es\/\",\"name\":\"Apulia Praia Hotel\",\"description\":\"\",\"potentialAction\":[{\"@type\":\"SearchAction\",\"target\":{\"@type\":\"EntryPoint\",\"urlTemplate\":\"https:\/\/apuliapraia-hotel.com\/es\/?s={search_term_string}\"},\"query-input\":{\"@type\":\"PropertyValueSpecification\",\"valueRequired\":true,\"valueName\":\"search_term_string\"}}],\"inLanguage\":\"es\"}]}<\/script>\n<!-- \/ Yoast SEO plugin. -->","yoast_head_json":{"title":"Latic\u00ednios das Marinhas - Apulia Praia Hotel -","description":"Elaborados artesanalmente desde 1954, los quesos y mantequillas de Latic\u00ednios das Marinhas son una reliquia regional que llevan consigo gran parte de la tradici\u00f3n local. Una prueba m\u00e1s de que nuestra regi\u00f3n est\u00e1 llena de maravillas gastron\u00f3micas que aportan mucho sabor a la mesa de todos aquellos que deciden probarlos","robots":{"index":"index","follow":"follow","max-snippet":"max-snippet:-1","max-image-preview":"max-image-preview:large","max-video-preview":"max-video-preview:-1"},"canonical":"https:\/\/apuliapraia-hotel.com\/es\/region\/laticinios-das-marinhas\/","og_locale":"es_ES","og_type":"article","og_title":"Latic\u00ednios das Marinhas - Apulia Praia Hotel -","og_description":"Elaborados artesanalmente desde 1954, los quesos y mantequillas de Latic\u00ednios das Marinhas son una reliquia regional que llevan consigo gran parte de la tradici\u00f3n local. Una prueba m\u00e1s de que nuestra regi\u00f3n est\u00e1 llena de maravillas gastron\u00f3micas que aportan mucho sabor a la mesa de todos aquellos que deciden probarlos","og_url":"https:\/\/apuliapraia-hotel.com\/es\/region\/laticinios-das-marinhas\/","og_site_name":"Apulia Praia Hotel","og_image":[{"width":1200,"height":800,"url":"https:\/\/apuliapraia-hotel.com\/wp-content\/uploads\/sites\/512\/2023\/02\/Laticinios-das-marinhas.png","type":"image\/png"}],"twitter_card":"summary_large_image","twitter_misc":{"Tiempo de lectura":"1 minuto"},"schema":{"@context":"https:\/\/schema.org","@graph":[{"@type":"WebPage","@id":"https:\/\/apuliapraia-hotel.com\/es\/region\/laticinios-das-marinhas\/","url":"https:\/\/apuliapraia-hotel.com\/es\/region\/laticinios-das-marinhas\/","name":"Latic\u00ednios das Marinhas - Apulia Praia Hotel -","isPartOf":{"@id":"https:\/\/apuliapraia-hotel.com\/es\/#website"},"primaryImageOfPage":{"@id":"https:\/\/apuliapraia-hotel.com\/es\/region\/laticinios-das-marinhas\/#primaryimage"},"image":{"@id":"https:\/\/apuliapraia-hotel.com\/es\/region\/laticinios-das-marinhas\/#primaryimage"},"thumbnailUrl":"https:\/\/apuliapraia-hotel.com\/wp-content\/uploads\/sites\/512\/2023\/02\/Laticinios-das-marinhas.png","datePublished":"2023-04-26T09:17:43+00:00","description":"Elaborados artesanalmente desde 1954, los quesos y mantequillas de Latic\u00ednios das Marinhas son una reliquia regional que llevan consigo gran parte de la tradici\u00f3n local. Una prueba m\u00e1s de que nuestra regi\u00f3n est\u00e1 llena de maravillas gastron\u00f3micas que aportan mucho sabor a la mesa de todos aquellos que deciden probarlos","breadcrumb":{"@id":"https:\/\/apuliapraia-hotel.com\/es\/region\/laticinios-das-marinhas\/#breadcrumb"},"inLanguage":"es","potentialAction":[{"@type":"ReadAction","target":["https:\/\/apuliapraia-hotel.com\/es\/region\/laticinios-das-marinhas\/"]}]},{"@type":"ImageObject","inLanguage":"es","@id":"https:\/\/apuliapraia-hotel.com\/es\/region\/laticinios-das-marinhas\/#primaryimage","url":"https:\/\/apuliapraia-hotel.com\/wp-content\/uploads\/sites\/512\/2023\/02\/Laticinios-das-marinhas.png","contentUrl":"https:\/\/apuliapraia-hotel.com\/wp-content\/uploads\/sites\/512\/2023\/02\/Laticinios-das-marinhas.png","width":1200,"height":800,"caption":"Latic\u00ednios das Marinhas"},{"@type":"BreadcrumbList","@id":"https:\/\/apuliapraia-hotel.com\/es\/region\/laticinios-das-marinhas\/#breadcrumb","itemListElement":[{"@type":"ListItem","position":1,"name":"Home","item":"https:\/\/apuliapraia-hotel.com\/es\/"},{"@type":"ListItem","position":2,"name":"Regi\u00f3n","item":"https:\/\/apuliapraia-hotel.com\/es\/region\/"},{"@type":"ListItem","position":3,"name":"Latic\u00ednios das Marinhas"}]},{"@type":"WebSite","@id":"https:\/\/apuliapraia-hotel.com\/es\/#website","url":"https:\/\/apuliapraia-hotel.com\/es\/","name":"Apulia Praia Hotel","description":"","potentialAction":[{"@type":"SearchAction","target":{"@type":"EntryPoint","urlTemplate":"https:\/\/apuliapraia-hotel.com\/es\/?s={search_term_string}"},"query-input":{"@type":"PropertyValueSpecification","valueRequired":true,"valueName":"search_term_string"}}],"inLanguage":"es"}]}},"acf":[],"_links":{"self":[{"href":"https:\/\/apuliapraia-hotel.com\/es\/wp-json\/wp\/v2\/pages\/607","targetHints":{"allow":["GET"]}}],"collection":[{"href":"https:\/\/apuliapraia-hotel.com\/es\/wp-json\/wp\/v2\/pages"}],"about":[{"href":"https:\/\/apuliapraia-hotel.com\/es\/wp-json\/wp\/v2\/types\/page"}],"author":[{"embeddable":true,"href":"https:\/\/apuliapraia-hotel.com\/es\/wp-json\/wp\/v2\/users\/565"}],"replies":[{"embeddable":true,"href":"https:\/\/apuliapraia-hotel.com\/es\/wp-json\/wp\/v2\/comments?post=607"}],"version-history":[{"count":0,"href":"https:\/\/apuliapraia-hotel.com\/es\/wp-json\/wp\/v2\/pages\/607\/revisions"}],"up":[{"embeddable":true,"href":"https:\/\/apuliapraia-hotel.com\/es\/wp-json\/wp\/v2\/pages\/584"}],"wp:featuredmedia":[{"embeddable":true,"href":"https:\/\/apuliapraia-hotel.com\/es\/wp-json\/wp\/v2\/media\/383"}],"wp:attachment":[{"href":"https:\/\/apuliapraia-hotel.com\/es\/wp-json\/wp\/v2\/media?parent=607"}],"curies":[{"name":"wp","href":"https:\/\/api.w.org\/{rel}","templated":true}]}}