{"id":604,"date":"2023-04-26T09:15:58","date_gmt":"2023-04-26T09:15:58","guid":{"rendered":"https:\/\/apuliapraia-hotel.com\/?page_id=604"},"modified":"2023-04-26T09:15:58","modified_gmt":"2023-04-26T09:15:58","slug":"catraia","status":"publish","type":"page","link":"https:\/\/apuliapraia-hotel.com\/es\/region\/catraia\/","title":{"rendered":"Catraia"},"content":{"rendered":"<p>\u00bfSab\u00edas que <strong>Catraia<\/strong> es el nombre dado a las peque\u00f1as y robustas embarcaciones a vela y remo, esenciales en el arte de la pesca? Fue precisamente de esta embarcaci\u00f3n que surgi\u00f3 la inspiraci\u00f3n para la creaci\u00f3n de este <strong>dulce t\u00edpico regional<\/strong>, cuyo objetivo es transmitir toda la historia y tradici\u00f3n a trav\u00e9s de su forma y sabor. De autor\u00eda de la pasteler\u00eda Rio Doce, esta dulcer\u00eda es un hito de referencia en la regi\u00f3n y en la experiencia de quienes la visitan, conectando a los visitantes con el esp\u00edritu de nuestra tierra a trav\u00e9s del paladar.<\/p>\n","protected":false},"excerpt":{"rendered":"<p>\u00bfSab\u00edas que Catraia es el nombre dado a las peque\u00f1as y robustas embarcaciones a vela y remo, esenciales en el arte de la pesca? Fue precisamente de esta embarcaci\u00f3n que surgi\u00f3 la inspiraci\u00f3n para la creaci\u00f3n de este dulce t\u00edpico regional, cuyo objetivo es transmitir toda la historia y tradici\u00f3n a trav\u00e9s de su forma [&hellip;]<\/p>\n","protected":false},"author":565,"featured_media":391,"parent":584,"menu_order":6,"comment_status":"closed","ping_status":"closed","template":"template-default-4.php","meta":{"footnotes":""},"class_list":["post-604","page","type-page","status-publish","has-post-thumbnail","hentry"],"yoast_head":"<!-- This site is optimized with the Yoast SEO plugin v26.9 - https:\/\/yoast.com\/product\/yoast-seo-wordpress\/ -->\n<title>Catraia - Apulia Praia Hotel -<\/title>\n<meta name=\"description\" content=\"\u00bfSab\u00edas que Catraia es el nombre dado a las peque\u00f1as y robustas embarcaciones a vela y remo, esenciales en el arte de la pesca? Fue precisamente de esta embarcaci\u00f3n que surgi\u00f3 la inspiraci\u00f3n para la creaci\u00f3n de este dulce t\u00edpico regional, cuyo objetivo es transmitir toda la historia y tradici\u00f3n a trav\u00e9s de su forma y sabor. De autor\u00eda de la pasteler\u00eda Rio Doce, esta dulcer\u00eda es un hito de referencia en la regi\u00f3n y en la experiencia de quienes la visitan, conectando a los visitantes con el esp\u00edritu de nuestra tierra a trav\u00e9s del paladar.\" \/>\n<meta name=\"robots\" content=\"index, follow, max-snippet:-1, max-image-preview:large, max-video-preview:-1\" \/>\n<link rel=\"canonical\" href=\"https:\/\/apuliapraia-hotel.com\/es\/region\/catraia\/\" \/>\n<meta property=\"og:locale\" content=\"es_ES\" \/>\n<meta property=\"og:type\" content=\"article\" \/>\n<meta property=\"og:title\" content=\"Catraia - Apulia Praia Hotel -\" \/>\n<meta property=\"og:description\" content=\"\u00bfSab\u00edas que Catraia es el nombre dado a las peque\u00f1as y robustas embarcaciones a vela y remo, esenciales en el arte de la pesca? Fue precisamente de esta embarcaci\u00f3n que surgi\u00f3 la inspiraci\u00f3n para la creaci\u00f3n de este dulce t\u00edpico regional, cuyo objetivo es transmitir toda la historia y tradici\u00f3n a trav\u00e9s de su forma y sabor. De autor\u00eda de la pasteler\u00eda Rio Doce, esta dulcer\u00eda es un hito de referencia en la regi\u00f3n y en la experiencia de quienes la visitan, conectando a los visitantes con el esp\u00edritu de nuestra tierra a trav\u00e9s del paladar.\" \/>\n<meta property=\"og:url\" content=\"https:\/\/apuliapraia-hotel.com\/es\/region\/catraia\/\" \/>\n<meta property=\"og:site_name\" content=\"Apulia Praia Hotel\" \/>\n<meta property=\"og:image\" content=\"https:\/\/apuliapraia-hotel.com\/wp-content\/uploads\/sites\/512\/2023\/02\/Catraia.png\" \/>\n\t<meta property=\"og:image:width\" content=\"1200\" \/>\n\t<meta property=\"og:image:height\" content=\"800\" \/>\n\t<meta property=\"og:image:type\" content=\"image\/png\" \/>\n<meta name=\"twitter:card\" content=\"summary_large_image\" \/>\n<meta name=\"twitter:label1\" content=\"Tiempo de lectura\" \/>\n\t<meta name=\"twitter:data1\" content=\"1 minuto\" \/>\n<script type=\"application\/ld+json\" class=\"yoast-schema-graph\">{\"@context\":\"https:\/\/schema.org\",\"@graph\":[{\"@type\":\"WebPage\",\"@id\":\"https:\/\/apuliapraia-hotel.com\/es\/region\/catraia\/\",\"url\":\"https:\/\/apuliapraia-hotel.com\/es\/region\/catraia\/\",\"name\":\"Catraia - Apulia Praia Hotel -\",\"isPartOf\":{\"@id\":\"https:\/\/apuliapraia-hotel.com\/es\/#website\"},\"primaryImageOfPage\":{\"@id\":\"https:\/\/apuliapraia-hotel.com\/es\/region\/catraia\/#primaryimage\"},\"image\":{\"@id\":\"https:\/\/apuliapraia-hotel.com\/es\/region\/catraia\/#primaryimage\"},\"thumbnailUrl\":\"https:\/\/apuliapraia-hotel.com\/wp-content\/uploads\/sites\/512\/2023\/02\/Catraia.png\",\"datePublished\":\"2023-04-26T09:15:58+00:00\",\"description\":\"\u00bfSab\u00edas que Catraia es el nombre dado a las peque\u00f1as y robustas embarcaciones a vela y remo, esenciales en el arte de la pesca? Fue precisamente de esta embarcaci\u00f3n que surgi\u00f3 la inspiraci\u00f3n para la creaci\u00f3n de este dulce t\u00edpico regional, cuyo objetivo es transmitir toda la historia y tradici\u00f3n a trav\u00e9s de su forma y sabor. De autor\u00eda de la pasteler\u00eda Rio Doce, esta dulcer\u00eda es un hito de referencia en la regi\u00f3n y en la experiencia de quienes la visitan, conectando a los visitantes con el esp\u00edritu de nuestra tierra a trav\u00e9s del paladar.\",\"breadcrumb\":{\"@id\":\"https:\/\/apuliapraia-hotel.com\/es\/region\/catraia\/#breadcrumb\"},\"inLanguage\":\"es\",\"potentialAction\":[{\"@type\":\"ReadAction\",\"target\":[\"https:\/\/apuliapraia-hotel.com\/es\/region\/catraia\/\"]}]},{\"@type\":\"ImageObject\",\"inLanguage\":\"es\",\"@id\":\"https:\/\/apuliapraia-hotel.com\/es\/region\/catraia\/#primaryimage\",\"url\":\"https:\/\/apuliapraia-hotel.com\/wp-content\/uploads\/sites\/512\/2023\/02\/Catraia.png\",\"contentUrl\":\"https:\/\/apuliapraia-hotel.com\/wp-content\/uploads\/sites\/512\/2023\/02\/Catraia.png\",\"width\":1200,\"height\":800,\"caption\":\"Catraia\"},{\"@type\":\"BreadcrumbList\",\"@id\":\"https:\/\/apuliapraia-hotel.com\/es\/region\/catraia\/#breadcrumb\",\"itemListElement\":[{\"@type\":\"ListItem\",\"position\":1,\"name\":\"Home\",\"item\":\"https:\/\/apuliapraia-hotel.com\/es\/\"},{\"@type\":\"ListItem\",\"position\":2,\"name\":\"Regi\u00f3n\",\"item\":\"https:\/\/apuliapraia-hotel.com\/es\/region\/\"},{\"@type\":\"ListItem\",\"position\":3,\"name\":\"Catraia\"}]},{\"@type\":\"WebSite\",\"@id\":\"https:\/\/apuliapraia-hotel.com\/es\/#website\",\"url\":\"https:\/\/apuliapraia-hotel.com\/es\/\",\"name\":\"Apulia Praia Hotel\",\"description\":\"\",\"potentialAction\":[{\"@type\":\"SearchAction\",\"target\":{\"@type\":\"EntryPoint\",\"urlTemplate\":\"https:\/\/apuliapraia-hotel.com\/es\/?s={search_term_string}\"},\"query-input\":{\"@type\":\"PropertyValueSpecification\",\"valueRequired\":true,\"valueName\":\"search_term_string\"}}],\"inLanguage\":\"es\"}]}<\/script>\n<!-- \/ Yoast SEO plugin. -->","yoast_head_json":{"title":"Catraia - Apulia Praia Hotel -","description":"\u00bfSab\u00edas que Catraia es el nombre dado a las peque\u00f1as y robustas embarcaciones a vela y remo, esenciales en el arte de la pesca? Fue precisamente de esta embarcaci\u00f3n que surgi\u00f3 la inspiraci\u00f3n para la creaci\u00f3n de este dulce t\u00edpico regional, cuyo objetivo es transmitir toda la historia y tradici\u00f3n a trav\u00e9s de su forma y sabor. De autor\u00eda de la pasteler\u00eda Rio Doce, esta dulcer\u00eda es un hito de referencia en la regi\u00f3n y en la experiencia de quienes la visitan, conectando a los visitantes con el esp\u00edritu de nuestra tierra a trav\u00e9s del paladar.","robots":{"index":"index","follow":"follow","max-snippet":"max-snippet:-1","max-image-preview":"max-image-preview:large","max-video-preview":"max-video-preview:-1"},"canonical":"https:\/\/apuliapraia-hotel.com\/es\/region\/catraia\/","og_locale":"es_ES","og_type":"article","og_title":"Catraia - Apulia Praia Hotel -","og_description":"\u00bfSab\u00edas que Catraia es el nombre dado a las peque\u00f1as y robustas embarcaciones a vela y remo, esenciales en el arte de la pesca? Fue precisamente de esta embarcaci\u00f3n que surgi\u00f3 la inspiraci\u00f3n para la creaci\u00f3n de este dulce t\u00edpico regional, cuyo objetivo es transmitir toda la historia y tradici\u00f3n a trav\u00e9s de su forma y sabor. De autor\u00eda de la pasteler\u00eda Rio Doce, esta dulcer\u00eda es un hito de referencia en la regi\u00f3n y en la experiencia de quienes la visitan, conectando a los visitantes con el esp\u00edritu de nuestra tierra a trav\u00e9s del paladar.","og_url":"https:\/\/apuliapraia-hotel.com\/es\/region\/catraia\/","og_site_name":"Apulia Praia Hotel","og_image":[{"width":1200,"height":800,"url":"https:\/\/apuliapraia-hotel.com\/wp-content\/uploads\/sites\/512\/2023\/02\/Catraia.png","type":"image\/png"}],"twitter_card":"summary_large_image","twitter_misc":{"Tiempo de lectura":"1 minuto"},"schema":{"@context":"https:\/\/schema.org","@graph":[{"@type":"WebPage","@id":"https:\/\/apuliapraia-hotel.com\/es\/region\/catraia\/","url":"https:\/\/apuliapraia-hotel.com\/es\/region\/catraia\/","name":"Catraia - Apulia Praia Hotel -","isPartOf":{"@id":"https:\/\/apuliapraia-hotel.com\/es\/#website"},"primaryImageOfPage":{"@id":"https:\/\/apuliapraia-hotel.com\/es\/region\/catraia\/#primaryimage"},"image":{"@id":"https:\/\/apuliapraia-hotel.com\/es\/region\/catraia\/#primaryimage"},"thumbnailUrl":"https:\/\/apuliapraia-hotel.com\/wp-content\/uploads\/sites\/512\/2023\/02\/Catraia.png","datePublished":"2023-04-26T09:15:58+00:00","description":"\u00bfSab\u00edas que Catraia es el nombre dado a las peque\u00f1as y robustas embarcaciones a vela y remo, esenciales en el arte de la pesca? Fue precisamente de esta embarcaci\u00f3n que surgi\u00f3 la inspiraci\u00f3n para la creaci\u00f3n de este dulce t\u00edpico regional, cuyo objetivo es transmitir toda la historia y tradici\u00f3n a trav\u00e9s de su forma y sabor. De autor\u00eda de la pasteler\u00eda Rio Doce, esta dulcer\u00eda es un hito de referencia en la regi\u00f3n y en la experiencia de quienes la visitan, conectando a los visitantes con el esp\u00edritu de nuestra tierra a trav\u00e9s del paladar.","breadcrumb":{"@id":"https:\/\/apuliapraia-hotel.com\/es\/region\/catraia\/#breadcrumb"},"inLanguage":"es","potentialAction":[{"@type":"ReadAction","target":["https:\/\/apuliapraia-hotel.com\/es\/region\/catraia\/"]}]},{"@type":"ImageObject","inLanguage":"es","@id":"https:\/\/apuliapraia-hotel.com\/es\/region\/catraia\/#primaryimage","url":"https:\/\/apuliapraia-hotel.com\/wp-content\/uploads\/sites\/512\/2023\/02\/Catraia.png","contentUrl":"https:\/\/apuliapraia-hotel.com\/wp-content\/uploads\/sites\/512\/2023\/02\/Catraia.png","width":1200,"height":800,"caption":"Catraia"},{"@type":"BreadcrumbList","@id":"https:\/\/apuliapraia-hotel.com\/es\/region\/catraia\/#breadcrumb","itemListElement":[{"@type":"ListItem","position":1,"name":"Home","item":"https:\/\/apuliapraia-hotel.com\/es\/"},{"@type":"ListItem","position":2,"name":"Regi\u00f3n","item":"https:\/\/apuliapraia-hotel.com\/es\/region\/"},{"@type":"ListItem","position":3,"name":"Catraia"}]},{"@type":"WebSite","@id":"https:\/\/apuliapraia-hotel.com\/es\/#website","url":"https:\/\/apuliapraia-hotel.com\/es\/","name":"Apulia Praia Hotel","description":"","potentialAction":[{"@type":"SearchAction","target":{"@type":"EntryPoint","urlTemplate":"https:\/\/apuliapraia-hotel.com\/es\/?s={search_term_string}"},"query-input":{"@type":"PropertyValueSpecification","valueRequired":true,"valueName":"search_term_string"}}],"inLanguage":"es"}]}},"acf":[],"_links":{"self":[{"href":"https:\/\/apuliapraia-hotel.com\/es\/wp-json\/wp\/v2\/pages\/604","targetHints":{"allow":["GET"]}}],"collection":[{"href":"https:\/\/apuliapraia-hotel.com\/es\/wp-json\/wp\/v2\/pages"}],"about":[{"href":"https:\/\/apuliapraia-hotel.com\/es\/wp-json\/wp\/v2\/types\/page"}],"author":[{"embeddable":true,"href":"https:\/\/apuliapraia-hotel.com\/es\/wp-json\/wp\/v2\/users\/565"}],"replies":[{"embeddable":true,"href":"https:\/\/apuliapraia-hotel.com\/es\/wp-json\/wp\/v2\/comments?post=604"}],"version-history":[{"count":0,"href":"https:\/\/apuliapraia-hotel.com\/es\/wp-json\/wp\/v2\/pages\/604\/revisions"}],"up":[{"embeddable":true,"href":"https:\/\/apuliapraia-hotel.com\/es\/wp-json\/wp\/v2\/pages\/584"}],"wp:featuredmedia":[{"embeddable":true,"href":"https:\/\/apuliapraia-hotel.com\/es\/wp-json\/wp\/v2\/media\/391"}],"wp:attachment":[{"href":"https:\/\/apuliapraia-hotel.com\/es\/wp-json\/wp\/v2\/media?parent=604"}],"curies":[{"name":"wp","href":"https:\/\/api.w.org\/{rel}","templated":true}]}}