{"id":592,"date":"2023-04-26T09:15:50","date_gmt":"2023-04-26T09:15:50","guid":{"rendered":"https:\/\/apuliapraia-hotel.com\/?page_id=592"},"modified":"2023-05-26T14:59:27","modified_gmt":"2023-05-26T14:59:27","slug":"licores-cardoso","status":"publish","type":"page","link":"https:\/\/apuliapraia-hotel.com\/es\/region\/licores-cardoso\/","title":{"rendered":"Licores Cardoso"},"content":{"rendered":"<p>Los <strong>Licores Cardoso<\/strong> se distinguen a nivel nacional por sus <strong>m\u00e9todos artesanales<\/strong> y producci\u00f3n centrada en el uso de productos locales. Creados en 2014 en un ambiente familiar, estos licores tienen ya varios a\u00f1os de historia y una amplia gama de sabores para degustar en cualquier ocasi\u00f3n. Podr\u00e1 encontrar estos deliciosos licores en todas las ferias locales organizadas por el <a href=\"https:\/\/www.municipio.esposende.pt\/\">Municipio de Esposende<\/a>. \u00a1No pierdas la oportunidad de visitar la caseta de <a href=\"https:\/\/licores-cardoso.webnode.pt\/\">Licores Cardoso<\/a> y probar la ginjinha en un vaso de chocolate!<\/p>\n","protected":false},"excerpt":{"rendered":"<p>Los Licores Cardoso se distinguen a nivel nacional por sus m\u00e9todos artesanales y producci\u00f3n centrada en el uso de productos locales. Creados en 2014 en un ambiente familiar, estos licores tienen ya varios a\u00f1os de historia y una amplia gama de sabores para degustar en cualquier ocasi\u00f3n. Podr\u00e1 encontrar estos deliciosos licores en todas las [&hellip;]<\/p>\n","protected":false},"author":565,"featured_media":378,"parent":584,"menu_order":4,"comment_status":"closed","ping_status":"closed","template":"template-default-4.php","meta":{"footnotes":""},"class_list":["post-592","page","type-page","status-publish","has-post-thumbnail","hentry"],"yoast_head":"<!-- This site is optimized with the Yoast SEO plugin v26.9 - https:\/\/yoast.com\/product\/yoast-seo-wordpress\/ -->\n<title>Licores Cardoso - Apulia Praia Hotel -<\/title>\n<meta name=\"description\" content=\"Los Licores Cardoso se distinguen a nivel nacional por sus m\u00e9todos artesanales y producci\u00f3n centrada en el uso de productos locales. Creados en 2014 en un ambiente familiar, estos licores tienen ya varios a\u00f1os de historia y una amplia gama de sabores para degustar en cualquier ocasi\u00f3n\" \/>\n<meta name=\"robots\" content=\"index, follow, max-snippet:-1, max-image-preview:large, max-video-preview:-1\" \/>\n<link rel=\"canonical\" href=\"https:\/\/apuliapraia-hotel.com\/es\/region\/licores-cardoso\/\" \/>\n<meta property=\"og:locale\" content=\"es_ES\" \/>\n<meta property=\"og:type\" content=\"article\" \/>\n<meta property=\"og:title\" content=\"Licores Cardoso - Apulia Praia Hotel -\" \/>\n<meta property=\"og:description\" content=\"Los Licores Cardoso se distinguen a nivel nacional por sus m\u00e9todos artesanales y producci\u00f3n centrada en el uso de productos locales. Creados en 2014 en un ambiente familiar, estos licores tienen ya varios a\u00f1os de historia y una amplia gama de sabores para degustar en cualquier ocasi\u00f3n\" \/>\n<meta property=\"og:url\" content=\"https:\/\/apuliapraia-hotel.com\/es\/region\/licores-cardoso\/\" \/>\n<meta property=\"og:site_name\" content=\"Apulia Praia Hotel\" \/>\n<meta property=\"article:modified_time\" content=\"2023-05-26T14:59:27+00:00\" \/>\n<meta property=\"og:image\" content=\"https:\/\/apuliapraia-hotel.com\/wp-content\/uploads\/sites\/512\/2023\/02\/Licores-Cardoso.png\" \/>\n\t<meta property=\"og:image:width\" content=\"1200\" \/>\n\t<meta property=\"og:image:height\" content=\"800\" \/>\n\t<meta property=\"og:image:type\" content=\"image\/png\" \/>\n<meta name=\"twitter:card\" content=\"summary_large_image\" \/>\n<meta name=\"twitter:label1\" content=\"Tiempo de lectura\" \/>\n\t<meta name=\"twitter:data1\" content=\"1 minuto\" \/>\n<script type=\"application\/ld+json\" class=\"yoast-schema-graph\">{\"@context\":\"https:\/\/schema.org\",\"@graph\":[{\"@type\":\"WebPage\",\"@id\":\"https:\/\/apuliapraia-hotel.com\/es\/region\/licores-cardoso\/\",\"url\":\"https:\/\/apuliapraia-hotel.com\/es\/region\/licores-cardoso\/\",\"name\":\"Licores Cardoso - Apulia Praia Hotel -\",\"isPartOf\":{\"@id\":\"https:\/\/apuliapraia-hotel.com\/es\/#website\"},\"primaryImageOfPage\":{\"@id\":\"https:\/\/apuliapraia-hotel.com\/es\/region\/licores-cardoso\/#primaryimage\"},\"image\":{\"@id\":\"https:\/\/apuliapraia-hotel.com\/es\/region\/licores-cardoso\/#primaryimage\"},\"thumbnailUrl\":\"https:\/\/apuliapraia-hotel.com\/wp-content\/uploads\/sites\/512\/2023\/02\/Licores-Cardoso.png\",\"datePublished\":\"2023-04-26T09:15:50+00:00\",\"dateModified\":\"2023-05-26T14:59:27+00:00\",\"description\":\"Los Licores Cardoso se distinguen a nivel nacional por sus m\u00e9todos artesanales y producci\u00f3n centrada en el uso de productos locales. Creados en 2014 en un ambiente familiar, estos licores tienen ya varios a\u00f1os de historia y una amplia gama de sabores para degustar en cualquier ocasi\u00f3n\",\"breadcrumb\":{\"@id\":\"https:\/\/apuliapraia-hotel.com\/es\/region\/licores-cardoso\/#breadcrumb\"},\"inLanguage\":\"es\",\"potentialAction\":[{\"@type\":\"ReadAction\",\"target\":[\"https:\/\/apuliapraia-hotel.com\/es\/region\/licores-cardoso\/\"]}]},{\"@type\":\"ImageObject\",\"inLanguage\":\"es\",\"@id\":\"https:\/\/apuliapraia-hotel.com\/es\/region\/licores-cardoso\/#primaryimage\",\"url\":\"https:\/\/apuliapraia-hotel.com\/wp-content\/uploads\/sites\/512\/2023\/02\/Licores-Cardoso.png\",\"contentUrl\":\"https:\/\/apuliapraia-hotel.com\/wp-content\/uploads\/sites\/512\/2023\/02\/Licores-Cardoso.png\",\"width\":1200,\"height\":800,\"caption\":\"Licores Cardoso\"},{\"@type\":\"BreadcrumbList\",\"@id\":\"https:\/\/apuliapraia-hotel.com\/es\/region\/licores-cardoso\/#breadcrumb\",\"itemListElement\":[{\"@type\":\"ListItem\",\"position\":1,\"name\":\"Home\",\"item\":\"https:\/\/apuliapraia-hotel.com\/es\/\"},{\"@type\":\"ListItem\",\"position\":2,\"name\":\"Regi\u00f3n\",\"item\":\"https:\/\/apuliapraia-hotel.com\/es\/region\/\"},{\"@type\":\"ListItem\",\"position\":3,\"name\":\"Licores Cardoso\"}]},{\"@type\":\"WebSite\",\"@id\":\"https:\/\/apuliapraia-hotel.com\/es\/#website\",\"url\":\"https:\/\/apuliapraia-hotel.com\/es\/\",\"name\":\"Apulia Praia Hotel\",\"description\":\"\",\"potentialAction\":[{\"@type\":\"SearchAction\",\"target\":{\"@type\":\"EntryPoint\",\"urlTemplate\":\"https:\/\/apuliapraia-hotel.com\/es\/?s={search_term_string}\"},\"query-input\":{\"@type\":\"PropertyValueSpecification\",\"valueRequired\":true,\"valueName\":\"search_term_string\"}}],\"inLanguage\":\"es\"}]}<\/script>\n<!-- \/ Yoast SEO plugin. -->","yoast_head_json":{"title":"Licores Cardoso - Apulia Praia Hotel -","description":"Los Licores Cardoso se distinguen a nivel nacional por sus m\u00e9todos artesanales y producci\u00f3n centrada en el uso de productos locales. Creados en 2014 en un ambiente familiar, estos licores tienen ya varios a\u00f1os de historia y una amplia gama de sabores para degustar en cualquier ocasi\u00f3n","robots":{"index":"index","follow":"follow","max-snippet":"max-snippet:-1","max-image-preview":"max-image-preview:large","max-video-preview":"max-video-preview:-1"},"canonical":"https:\/\/apuliapraia-hotel.com\/es\/region\/licores-cardoso\/","og_locale":"es_ES","og_type":"article","og_title":"Licores Cardoso - Apulia Praia Hotel -","og_description":"Los Licores Cardoso se distinguen a nivel nacional por sus m\u00e9todos artesanales y producci\u00f3n centrada en el uso de productos locales. Creados en 2014 en un ambiente familiar, estos licores tienen ya varios a\u00f1os de historia y una amplia gama de sabores para degustar en cualquier ocasi\u00f3n","og_url":"https:\/\/apuliapraia-hotel.com\/es\/region\/licores-cardoso\/","og_site_name":"Apulia Praia Hotel","article_modified_time":"2023-05-26T14:59:27+00:00","og_image":[{"width":1200,"height":800,"url":"https:\/\/apuliapraia-hotel.com\/wp-content\/uploads\/sites\/512\/2023\/02\/Licores-Cardoso.png","type":"image\/png"}],"twitter_card":"summary_large_image","twitter_misc":{"Tiempo de lectura":"1 minuto"},"schema":{"@context":"https:\/\/schema.org","@graph":[{"@type":"WebPage","@id":"https:\/\/apuliapraia-hotel.com\/es\/region\/licores-cardoso\/","url":"https:\/\/apuliapraia-hotel.com\/es\/region\/licores-cardoso\/","name":"Licores Cardoso - Apulia Praia Hotel -","isPartOf":{"@id":"https:\/\/apuliapraia-hotel.com\/es\/#website"},"primaryImageOfPage":{"@id":"https:\/\/apuliapraia-hotel.com\/es\/region\/licores-cardoso\/#primaryimage"},"image":{"@id":"https:\/\/apuliapraia-hotel.com\/es\/region\/licores-cardoso\/#primaryimage"},"thumbnailUrl":"https:\/\/apuliapraia-hotel.com\/wp-content\/uploads\/sites\/512\/2023\/02\/Licores-Cardoso.png","datePublished":"2023-04-26T09:15:50+00:00","dateModified":"2023-05-26T14:59:27+00:00","description":"Los Licores Cardoso se distinguen a nivel nacional por sus m\u00e9todos artesanales y producci\u00f3n centrada en el uso de productos locales. Creados en 2014 en un ambiente familiar, estos licores tienen ya varios a\u00f1os de historia y una amplia gama de sabores para degustar en cualquier ocasi\u00f3n","breadcrumb":{"@id":"https:\/\/apuliapraia-hotel.com\/es\/region\/licores-cardoso\/#breadcrumb"},"inLanguage":"es","potentialAction":[{"@type":"ReadAction","target":["https:\/\/apuliapraia-hotel.com\/es\/region\/licores-cardoso\/"]}]},{"@type":"ImageObject","inLanguage":"es","@id":"https:\/\/apuliapraia-hotel.com\/es\/region\/licores-cardoso\/#primaryimage","url":"https:\/\/apuliapraia-hotel.com\/wp-content\/uploads\/sites\/512\/2023\/02\/Licores-Cardoso.png","contentUrl":"https:\/\/apuliapraia-hotel.com\/wp-content\/uploads\/sites\/512\/2023\/02\/Licores-Cardoso.png","width":1200,"height":800,"caption":"Licores Cardoso"},{"@type":"BreadcrumbList","@id":"https:\/\/apuliapraia-hotel.com\/es\/region\/licores-cardoso\/#breadcrumb","itemListElement":[{"@type":"ListItem","position":1,"name":"Home","item":"https:\/\/apuliapraia-hotel.com\/es\/"},{"@type":"ListItem","position":2,"name":"Regi\u00f3n","item":"https:\/\/apuliapraia-hotel.com\/es\/region\/"},{"@type":"ListItem","position":3,"name":"Licores Cardoso"}]},{"@type":"WebSite","@id":"https:\/\/apuliapraia-hotel.com\/es\/#website","url":"https:\/\/apuliapraia-hotel.com\/es\/","name":"Apulia Praia Hotel","description":"","potentialAction":[{"@type":"SearchAction","target":{"@type":"EntryPoint","urlTemplate":"https:\/\/apuliapraia-hotel.com\/es\/?s={search_term_string}"},"query-input":{"@type":"PropertyValueSpecification","valueRequired":true,"valueName":"search_term_string"}}],"inLanguage":"es"}]}},"acf":[],"_links":{"self":[{"href":"https:\/\/apuliapraia-hotel.com\/es\/wp-json\/wp\/v2\/pages\/592","targetHints":{"allow":["GET"]}}],"collection":[{"href":"https:\/\/apuliapraia-hotel.com\/es\/wp-json\/wp\/v2\/pages"}],"about":[{"href":"https:\/\/apuliapraia-hotel.com\/es\/wp-json\/wp\/v2\/types\/page"}],"author":[{"embeddable":true,"href":"https:\/\/apuliapraia-hotel.com\/es\/wp-json\/wp\/v2\/users\/565"}],"replies":[{"embeddable":true,"href":"https:\/\/apuliapraia-hotel.com\/es\/wp-json\/wp\/v2\/comments?post=592"}],"version-history":[{"count":0,"href":"https:\/\/apuliapraia-hotel.com\/es\/wp-json\/wp\/v2\/pages\/592\/revisions"}],"up":[{"embeddable":true,"href":"https:\/\/apuliapraia-hotel.com\/es\/wp-json\/wp\/v2\/pages\/584"}],"wp:featuredmedia":[{"embeddable":true,"href":"https:\/\/apuliapraia-hotel.com\/es\/wp-json\/wp\/v2\/media\/378"}],"wp:attachment":[{"href":"https:\/\/apuliapraia-hotel.com\/es\/wp-json\/wp\/v2\/media?parent=592"}],"curies":[{"name":"wp","href":"https:\/\/api.w.org\/{rel}","templated":true}]}}