{"id":590,"date":"2023-04-26T09:15:47","date_gmt":"2023-04-26T09:15:47","guid":{"rendered":"https:\/\/apuliapraia-hotel.com\/?page_id=590"},"modified":"2023-04-26T09:15:47","modified_gmt":"2023-04-26T09:15:47","slug":"castro-de-sao-lourenco","status":"publish","type":"page","link":"https:\/\/apuliapraia-hotel.com\/es\/region\/castro-de-sao-lourenco\/","title":{"rendered":"Castro de S\u00e3o Louren\u00e7o"},"content":{"rendered":"<p>El <strong>Castro de S\u00e3o Louren\u00e7o<\/strong> est\u00e1 situado en la parroquia de Vila Ch\u00e3, en Esposende, en una de las elevaciones que forman la arriba f\u00f3sil, a 200 metros sobre la l\u00ednea del mar. En esta meseta encontrar\u00e1 la <strong>Capilla de S\u00e3o Louren\u00e7o<\/strong> y el mirador con vistas a la franja litoral. Adem\u00e1s de toda esta belleza, este es tambi\u00e9n un <strong>sitio arqueol\u00f3gico<\/strong>, compuesto por ruinas que se remontan a varias \u00e9pocas de ocupaci\u00f3n y caracterizan la vida cotidiana de nuestros antepasados. Si le gusta la aventura y explorar nuevos lugares, le sugerimos que conozca este lugar a trav\u00e9s del <a href=\"https:\/\/pt.wikiloc.com\/trilhas-caminhada\/pr6-eps-percurso-pedestre-do-castro-de-s-lourenco-1441889\">Sendero Peatonal del Castro de S. Louren\u00e7o (PR6)<\/a>. Este <strong>Monumento de Inter\u00e9s P\u00fablico<\/strong> es un espacio lleno de historia que le encantar\u00e1 con todos sus mitos y leyendas.<\/p>\n","protected":false},"excerpt":{"rendered":"<p>El Castro de S\u00e3o Louren\u00e7o est\u00e1 situado en la parroquia de Vila Ch\u00e3, en Esposende, en una de las elevaciones que forman la arriba f\u00f3sil, a 200 metros sobre la l\u00ednea del mar. En esta meseta encontrar\u00e1 la Capilla de S\u00e3o Louren\u00e7o y el mirador con vistas a la franja litoral. Adem\u00e1s de toda esta [&hellip;]<\/p>\n","protected":false},"author":565,"featured_media":385,"parent":584,"menu_order":3,"comment_status":"closed","ping_status":"closed","template":"template-default-4.php","meta":{"footnotes":""},"class_list":["post-590","page","type-page","status-publish","has-post-thumbnail","hentry"],"yoast_head":"<!-- This site is optimized with the Yoast SEO plugin v26.9 - https:\/\/yoast.com\/product\/yoast-seo-wordpress\/ -->\n<title>Castro de S\u00e3o Louren\u00e7o - Apulia Praia Hotel -<\/title>\n<meta name=\"description\" content=\"El Castro de S\u00e3o Louren\u00e7o est\u00e1 situado en la parroquia de Vila Ch\u00e3, en Esposende, en una de las elevaciones que forman la arriba f\u00f3sil, a 200 metros sobre la l\u00ednea del mar. En esta meseta encontrar\u00e1 la Capilla de S\u00e3o Louren\u00e7o y el mirador con vistas a la franja litoral\" \/>\n<meta name=\"robots\" content=\"index, follow, max-snippet:-1, max-image-preview:large, max-video-preview:-1\" \/>\n<link rel=\"canonical\" href=\"https:\/\/apuliapraia-hotel.com\/es\/region\/castro-de-sao-lourenco\/\" \/>\n<meta property=\"og:locale\" content=\"es_ES\" \/>\n<meta property=\"og:type\" content=\"article\" \/>\n<meta property=\"og:title\" content=\"Castro de S\u00e3o Louren\u00e7o - Apulia Praia Hotel -\" \/>\n<meta property=\"og:description\" content=\"El Castro de S\u00e3o Louren\u00e7o est\u00e1 situado en la parroquia de Vila Ch\u00e3, en Esposende, en una de las elevaciones que forman la arriba f\u00f3sil, a 200 metros sobre la l\u00ednea del mar. En esta meseta encontrar\u00e1 la Capilla de S\u00e3o Louren\u00e7o y el mirador con vistas a la franja litoral\" \/>\n<meta property=\"og:url\" content=\"https:\/\/apuliapraia-hotel.com\/es\/region\/castro-de-sao-lourenco\/\" \/>\n<meta property=\"og:site_name\" content=\"Apulia Praia Hotel\" \/>\n<meta property=\"og:image\" content=\"https:\/\/apuliapraia-hotel.com\/wp-content\/uploads\/sites\/512\/2023\/02\/Castro-Sao-Lourenco.png\" \/>\n\t<meta property=\"og:image:width\" content=\"1200\" \/>\n\t<meta property=\"og:image:height\" content=\"800\" \/>\n\t<meta property=\"og:image:type\" content=\"image\/png\" \/>\n<meta name=\"twitter:card\" content=\"summary_large_image\" \/>\n<meta name=\"twitter:label1\" content=\"Tiempo de lectura\" \/>\n\t<meta name=\"twitter:data1\" content=\"1 minuto\" \/>\n<script type=\"application\/ld+json\" class=\"yoast-schema-graph\">{\"@context\":\"https:\/\/schema.org\",\"@graph\":[{\"@type\":\"WebPage\",\"@id\":\"https:\/\/apuliapraia-hotel.com\/es\/region\/castro-de-sao-lourenco\/\",\"url\":\"https:\/\/apuliapraia-hotel.com\/es\/region\/castro-de-sao-lourenco\/\",\"name\":\"Castro de S\u00e3o Louren\u00e7o - Apulia Praia Hotel -\",\"isPartOf\":{\"@id\":\"https:\/\/apuliapraia-hotel.com\/es\/#website\"},\"primaryImageOfPage\":{\"@id\":\"https:\/\/apuliapraia-hotel.com\/es\/region\/castro-de-sao-lourenco\/#primaryimage\"},\"image\":{\"@id\":\"https:\/\/apuliapraia-hotel.com\/es\/region\/castro-de-sao-lourenco\/#primaryimage\"},\"thumbnailUrl\":\"https:\/\/apuliapraia-hotel.com\/wp-content\/uploads\/sites\/512\/2023\/02\/Castro-Sao-Lourenco.png\",\"datePublished\":\"2023-04-26T09:15:47+00:00\",\"description\":\"El Castro de S\u00e3o Louren\u00e7o est\u00e1 situado en la parroquia de Vila Ch\u00e3, en Esposende, en una de las elevaciones que forman la arriba f\u00f3sil, a 200 metros sobre la l\u00ednea del mar. En esta meseta encontrar\u00e1 la Capilla de S\u00e3o Louren\u00e7o y el mirador con vistas a la franja litoral\",\"breadcrumb\":{\"@id\":\"https:\/\/apuliapraia-hotel.com\/es\/region\/castro-de-sao-lourenco\/#breadcrumb\"},\"inLanguage\":\"es\",\"potentialAction\":[{\"@type\":\"ReadAction\",\"target\":[\"https:\/\/apuliapraia-hotel.com\/es\/region\/castro-de-sao-lourenco\/\"]}]},{\"@type\":\"ImageObject\",\"inLanguage\":\"es\",\"@id\":\"https:\/\/apuliapraia-hotel.com\/es\/region\/castro-de-sao-lourenco\/#primaryimage\",\"url\":\"https:\/\/apuliapraia-hotel.com\/wp-content\/uploads\/sites\/512\/2023\/02\/Castro-Sao-Lourenco.png\",\"contentUrl\":\"https:\/\/apuliapraia-hotel.com\/wp-content\/uploads\/sites\/512\/2023\/02\/Castro-Sao-Lourenco.png\",\"width\":1200,\"height\":800,\"caption\":\"Castro de S\u00e3o Louren\u00e7o\"},{\"@type\":\"BreadcrumbList\",\"@id\":\"https:\/\/apuliapraia-hotel.com\/es\/region\/castro-de-sao-lourenco\/#breadcrumb\",\"itemListElement\":[{\"@type\":\"ListItem\",\"position\":1,\"name\":\"Home\",\"item\":\"https:\/\/apuliapraia-hotel.com\/es\/\"},{\"@type\":\"ListItem\",\"position\":2,\"name\":\"Regi\u00f3n\",\"item\":\"https:\/\/apuliapraia-hotel.com\/es\/region\/\"},{\"@type\":\"ListItem\",\"position\":3,\"name\":\"Castro de S\u00e3o Louren\u00e7o\"}]},{\"@type\":\"WebSite\",\"@id\":\"https:\/\/apuliapraia-hotel.com\/es\/#website\",\"url\":\"https:\/\/apuliapraia-hotel.com\/es\/\",\"name\":\"Apulia Praia Hotel\",\"description\":\"\",\"potentialAction\":[{\"@type\":\"SearchAction\",\"target\":{\"@type\":\"EntryPoint\",\"urlTemplate\":\"https:\/\/apuliapraia-hotel.com\/es\/?s={search_term_string}\"},\"query-input\":{\"@type\":\"PropertyValueSpecification\",\"valueRequired\":true,\"valueName\":\"search_term_string\"}}],\"inLanguage\":\"es\"}]}<\/script>\n<!-- \/ Yoast SEO plugin. -->","yoast_head_json":{"title":"Castro de S\u00e3o Louren\u00e7o - Apulia Praia Hotel -","description":"El Castro de S\u00e3o Louren\u00e7o est\u00e1 situado en la parroquia de Vila Ch\u00e3, en Esposende, en una de las elevaciones que forman la arriba f\u00f3sil, a 200 metros sobre la l\u00ednea del mar. En esta meseta encontrar\u00e1 la Capilla de S\u00e3o Louren\u00e7o y el mirador con vistas a la franja litoral","robots":{"index":"index","follow":"follow","max-snippet":"max-snippet:-1","max-image-preview":"max-image-preview:large","max-video-preview":"max-video-preview:-1"},"canonical":"https:\/\/apuliapraia-hotel.com\/es\/region\/castro-de-sao-lourenco\/","og_locale":"es_ES","og_type":"article","og_title":"Castro de S\u00e3o Louren\u00e7o - Apulia Praia Hotel -","og_description":"El Castro de S\u00e3o Louren\u00e7o est\u00e1 situado en la parroquia de Vila Ch\u00e3, en Esposende, en una de las elevaciones que forman la arriba f\u00f3sil, a 200 metros sobre la l\u00ednea del mar. En esta meseta encontrar\u00e1 la Capilla de S\u00e3o Louren\u00e7o y el mirador con vistas a la franja litoral","og_url":"https:\/\/apuliapraia-hotel.com\/es\/region\/castro-de-sao-lourenco\/","og_site_name":"Apulia Praia Hotel","og_image":[{"width":1200,"height":800,"url":"https:\/\/apuliapraia-hotel.com\/wp-content\/uploads\/sites\/512\/2023\/02\/Castro-Sao-Lourenco.png","type":"image\/png"}],"twitter_card":"summary_large_image","twitter_misc":{"Tiempo de lectura":"1 minuto"},"schema":{"@context":"https:\/\/schema.org","@graph":[{"@type":"WebPage","@id":"https:\/\/apuliapraia-hotel.com\/es\/region\/castro-de-sao-lourenco\/","url":"https:\/\/apuliapraia-hotel.com\/es\/region\/castro-de-sao-lourenco\/","name":"Castro de S\u00e3o Louren\u00e7o - Apulia Praia Hotel -","isPartOf":{"@id":"https:\/\/apuliapraia-hotel.com\/es\/#website"},"primaryImageOfPage":{"@id":"https:\/\/apuliapraia-hotel.com\/es\/region\/castro-de-sao-lourenco\/#primaryimage"},"image":{"@id":"https:\/\/apuliapraia-hotel.com\/es\/region\/castro-de-sao-lourenco\/#primaryimage"},"thumbnailUrl":"https:\/\/apuliapraia-hotel.com\/wp-content\/uploads\/sites\/512\/2023\/02\/Castro-Sao-Lourenco.png","datePublished":"2023-04-26T09:15:47+00:00","description":"El Castro de S\u00e3o Louren\u00e7o est\u00e1 situado en la parroquia de Vila Ch\u00e3, en Esposende, en una de las elevaciones que forman la arriba f\u00f3sil, a 200 metros sobre la l\u00ednea del mar. En esta meseta encontrar\u00e1 la Capilla de S\u00e3o Louren\u00e7o y el mirador con vistas a la franja litoral","breadcrumb":{"@id":"https:\/\/apuliapraia-hotel.com\/es\/region\/castro-de-sao-lourenco\/#breadcrumb"},"inLanguage":"es","potentialAction":[{"@type":"ReadAction","target":["https:\/\/apuliapraia-hotel.com\/es\/region\/castro-de-sao-lourenco\/"]}]},{"@type":"ImageObject","inLanguage":"es","@id":"https:\/\/apuliapraia-hotel.com\/es\/region\/castro-de-sao-lourenco\/#primaryimage","url":"https:\/\/apuliapraia-hotel.com\/wp-content\/uploads\/sites\/512\/2023\/02\/Castro-Sao-Lourenco.png","contentUrl":"https:\/\/apuliapraia-hotel.com\/wp-content\/uploads\/sites\/512\/2023\/02\/Castro-Sao-Lourenco.png","width":1200,"height":800,"caption":"Castro de S\u00e3o Louren\u00e7o"},{"@type":"BreadcrumbList","@id":"https:\/\/apuliapraia-hotel.com\/es\/region\/castro-de-sao-lourenco\/#breadcrumb","itemListElement":[{"@type":"ListItem","position":1,"name":"Home","item":"https:\/\/apuliapraia-hotel.com\/es\/"},{"@type":"ListItem","position":2,"name":"Regi\u00f3n","item":"https:\/\/apuliapraia-hotel.com\/es\/region\/"},{"@type":"ListItem","position":3,"name":"Castro de S\u00e3o Louren\u00e7o"}]},{"@type":"WebSite","@id":"https:\/\/apuliapraia-hotel.com\/es\/#website","url":"https:\/\/apuliapraia-hotel.com\/es\/","name":"Apulia Praia Hotel","description":"","potentialAction":[{"@type":"SearchAction","target":{"@type":"EntryPoint","urlTemplate":"https:\/\/apuliapraia-hotel.com\/es\/?s={search_term_string}"},"query-input":{"@type":"PropertyValueSpecification","valueRequired":true,"valueName":"search_term_string"}}],"inLanguage":"es"}]}},"acf":[],"_links":{"self":[{"href":"https:\/\/apuliapraia-hotel.com\/es\/wp-json\/wp\/v2\/pages\/590","targetHints":{"allow":["GET"]}}],"collection":[{"href":"https:\/\/apuliapraia-hotel.com\/es\/wp-json\/wp\/v2\/pages"}],"about":[{"href":"https:\/\/apuliapraia-hotel.com\/es\/wp-json\/wp\/v2\/types\/page"}],"author":[{"embeddable":true,"href":"https:\/\/apuliapraia-hotel.com\/es\/wp-json\/wp\/v2\/users\/565"}],"replies":[{"embeddable":true,"href":"https:\/\/apuliapraia-hotel.com\/es\/wp-json\/wp\/v2\/comments?post=590"}],"version-history":[{"count":0,"href":"https:\/\/apuliapraia-hotel.com\/es\/wp-json\/wp\/v2\/pages\/590\/revisions"}],"up":[{"embeddable":true,"href":"https:\/\/apuliapraia-hotel.com\/es\/wp-json\/wp\/v2\/pages\/584"}],"wp:featuredmedia":[{"embeddable":true,"href":"https:\/\/apuliapraia-hotel.com\/es\/wp-json\/wp\/v2\/media\/385"}],"wp:attachment":[{"href":"https:\/\/apuliapraia-hotel.com\/es\/wp-json\/wp\/v2\/media?parent=590"}],"curies":[{"name":"wp","href":"https:\/\/api.w.org\/{rel}","templated":true}]}}