{"id":587,"date":"2023-04-26T09:13:11","date_gmt":"2023-04-26T09:13:11","guid":{"rendered":"https:\/\/apuliapraia-hotel.com\/?page_id=587"},"modified":"2023-04-26T09:13:11","modified_gmt":"2023-04-26T09:13:11","slug":"clarinhas-de-fao","status":"publish","type":"page","link":"https:\/\/apuliapraia-hotel.com\/es\/region\/clarinhas-de-fao\/","title":{"rendered":"Clarinhas de F\u00e3o"},"content":{"rendered":"<p>Conocidas en el Norte como una reposter\u00eda tradicional llena de historia, las <strong>Clarinhas de F\u00e3o<\/strong> llenan, durante todo el a\u00f1o, las mesas y barrigas de todos aquellos que eligen saborear esta delicia regional. Lo que las hace tan especiales es, sin duda, su relleno de chila y su masa fina y crujiente en forma de luna, que, para finalizar, se espolvorea con az\u00facar, aportando a\u00fan m\u00e1s textura y contraste a su explosi\u00f3n de sabores. Puede adquirir este delicioso dulce regional en nuestro <a href=\"https:\/\/apuliapraia-hotel.com\/restaurante\/\">Hotel<\/a>, que llega directamente desde nuestra pasteler\u00eda.<\/p>\n","protected":false},"excerpt":{"rendered":"<p>Conocidas en el Norte como una reposter\u00eda tradicional llena de historia, las Clarinhas de F\u00e3o llenan, durante todo el a\u00f1o, las mesas y barrigas de todos aquellos que eligen saborear esta delicia regional. Lo que las hace tan especiales es, sin duda, su relleno de chila y su masa fina y crujiente en forma de [&hellip;]<\/p>\n","protected":false},"author":565,"featured_media":366,"parent":584,"menu_order":2,"comment_status":"closed","ping_status":"closed","template":"template-default-4.php","meta":{"footnotes":""},"class_list":["post-587","page","type-page","status-publish","has-post-thumbnail","hentry"],"yoast_head":"<!-- This site is optimized with the Yoast SEO plugin v26.9 - https:\/\/yoast.com\/product\/yoast-seo-wordpress\/ -->\n<title>Clarinhas de F\u00e3o - Apulia Praia Hotel -<\/title>\n<meta name=\"description\" content=\"Conocidas en el Norte como una reposter\u00eda tradicional llena de historia, las Clarinhas de F\u00e3o llenan, durante todo el a\u00f1o, las mesas y barrigas de todos aquellos que eligen saborear esta delicia regional. Lo que las hace tan especiales es, sin duda, su relleno de chila y su masa fina y crujiente en forma de luna, que, para finalizar, se espolvorea con az\u00facar, aportando a\u00fan m\u00e1s textura y contraste a su explosi\u00f3n de sabores\" \/>\n<meta name=\"robots\" content=\"index, follow, max-snippet:-1, max-image-preview:large, max-video-preview:-1\" \/>\n<link rel=\"canonical\" href=\"https:\/\/apuliapraia-hotel.com\/es\/region\/clarinhas-de-fao\/\" \/>\n<meta property=\"og:locale\" content=\"es_ES\" \/>\n<meta property=\"og:type\" content=\"article\" \/>\n<meta property=\"og:title\" content=\"Clarinhas de F\u00e3o - Apulia Praia Hotel -\" \/>\n<meta property=\"og:description\" content=\"Conocidas en el Norte como una reposter\u00eda tradicional llena de historia, las Clarinhas de F\u00e3o llenan, durante todo el a\u00f1o, las mesas y barrigas de todos aquellos que eligen saborear esta delicia regional. Lo que las hace tan especiales es, sin duda, su relleno de chila y su masa fina y crujiente en forma de luna, que, para finalizar, se espolvorea con az\u00facar, aportando a\u00fan m\u00e1s textura y contraste a su explosi\u00f3n de sabores\" \/>\n<meta property=\"og:url\" content=\"https:\/\/apuliapraia-hotel.com\/es\/region\/clarinhas-de-fao\/\" \/>\n<meta property=\"og:site_name\" content=\"Apulia Praia Hotel\" \/>\n<meta property=\"og:image\" content=\"https:\/\/apuliapraia-hotel.com\/wp-content\/uploads\/sites\/512\/2023\/02\/Clarinhas-de-Fao.png\" \/>\n\t<meta property=\"og:image:width\" content=\"1200\" \/>\n\t<meta property=\"og:image:height\" content=\"800\" \/>\n\t<meta property=\"og:image:type\" content=\"image\/png\" \/>\n<meta name=\"twitter:card\" content=\"summary_large_image\" \/>\n<meta name=\"twitter:label1\" content=\"Tiempo de lectura\" \/>\n\t<meta name=\"twitter:data1\" content=\"1 minuto\" \/>\n<script type=\"application\/ld+json\" class=\"yoast-schema-graph\">{\"@context\":\"https:\/\/schema.org\",\"@graph\":[{\"@type\":\"WebPage\",\"@id\":\"https:\/\/apuliapraia-hotel.com\/es\/region\/clarinhas-de-fao\/\",\"url\":\"https:\/\/apuliapraia-hotel.com\/es\/region\/clarinhas-de-fao\/\",\"name\":\"Clarinhas de F\u00e3o - Apulia Praia Hotel -\",\"isPartOf\":{\"@id\":\"https:\/\/apuliapraia-hotel.com\/es\/#website\"},\"primaryImageOfPage\":{\"@id\":\"https:\/\/apuliapraia-hotel.com\/es\/region\/clarinhas-de-fao\/#primaryimage\"},\"image\":{\"@id\":\"https:\/\/apuliapraia-hotel.com\/es\/region\/clarinhas-de-fao\/#primaryimage\"},\"thumbnailUrl\":\"https:\/\/apuliapraia-hotel.com\/wp-content\/uploads\/sites\/512\/2023\/02\/Clarinhas-de-Fao.png\",\"datePublished\":\"2023-04-26T09:13:11+00:00\",\"description\":\"Conocidas en el Norte como una reposter\u00eda tradicional llena de historia, las Clarinhas de F\u00e3o llenan, durante todo el a\u00f1o, las mesas y barrigas de todos aquellos que eligen saborear esta delicia regional. Lo que las hace tan especiales es, sin duda, su relleno de chila y su masa fina y crujiente en forma de luna, que, para finalizar, se espolvorea con az\u00facar, aportando a\u00fan m\u00e1s textura y contraste a su explosi\u00f3n de sabores\",\"breadcrumb\":{\"@id\":\"https:\/\/apuliapraia-hotel.com\/es\/region\/clarinhas-de-fao\/#breadcrumb\"},\"inLanguage\":\"es\",\"potentialAction\":[{\"@type\":\"ReadAction\",\"target\":[\"https:\/\/apuliapraia-hotel.com\/es\/region\/clarinhas-de-fao\/\"]}]},{\"@type\":\"ImageObject\",\"inLanguage\":\"es\",\"@id\":\"https:\/\/apuliapraia-hotel.com\/es\/region\/clarinhas-de-fao\/#primaryimage\",\"url\":\"https:\/\/apuliapraia-hotel.com\/wp-content\/uploads\/sites\/512\/2023\/02\/Clarinhas-de-Fao.png\",\"contentUrl\":\"https:\/\/apuliapraia-hotel.com\/wp-content\/uploads\/sites\/512\/2023\/02\/Clarinhas-de-Fao.png\",\"width\":1200,\"height\":800,\"caption\":\"Clarinhas de F\u00e3o\"},{\"@type\":\"BreadcrumbList\",\"@id\":\"https:\/\/apuliapraia-hotel.com\/es\/region\/clarinhas-de-fao\/#breadcrumb\",\"itemListElement\":[{\"@type\":\"ListItem\",\"position\":1,\"name\":\"Home\",\"item\":\"https:\/\/apuliapraia-hotel.com\/es\/\"},{\"@type\":\"ListItem\",\"position\":2,\"name\":\"Regi\u00f3n\",\"item\":\"https:\/\/apuliapraia-hotel.com\/es\/region\/\"},{\"@type\":\"ListItem\",\"position\":3,\"name\":\"Clarinhas de F\u00e3o\"}]},{\"@type\":\"WebSite\",\"@id\":\"https:\/\/apuliapraia-hotel.com\/es\/#website\",\"url\":\"https:\/\/apuliapraia-hotel.com\/es\/\",\"name\":\"Apulia Praia Hotel\",\"description\":\"\",\"potentialAction\":[{\"@type\":\"SearchAction\",\"target\":{\"@type\":\"EntryPoint\",\"urlTemplate\":\"https:\/\/apuliapraia-hotel.com\/es\/?s={search_term_string}\"},\"query-input\":{\"@type\":\"PropertyValueSpecification\",\"valueRequired\":true,\"valueName\":\"search_term_string\"}}],\"inLanguage\":\"es\"}]}<\/script>\n<!-- \/ Yoast SEO plugin. -->","yoast_head_json":{"title":"Clarinhas de F\u00e3o - Apulia Praia Hotel -","description":"Conocidas en el Norte como una reposter\u00eda tradicional llena de historia, las Clarinhas de F\u00e3o llenan, durante todo el a\u00f1o, las mesas y barrigas de todos aquellos que eligen saborear esta delicia regional. Lo que las hace tan especiales es, sin duda, su relleno de chila y su masa fina y crujiente en forma de luna, que, para finalizar, se espolvorea con az\u00facar, aportando a\u00fan m\u00e1s textura y contraste a su explosi\u00f3n de sabores","robots":{"index":"index","follow":"follow","max-snippet":"max-snippet:-1","max-image-preview":"max-image-preview:large","max-video-preview":"max-video-preview:-1"},"canonical":"https:\/\/apuliapraia-hotel.com\/es\/region\/clarinhas-de-fao\/","og_locale":"es_ES","og_type":"article","og_title":"Clarinhas de F\u00e3o - Apulia Praia Hotel -","og_description":"Conocidas en el Norte como una reposter\u00eda tradicional llena de historia, las Clarinhas de F\u00e3o llenan, durante todo el a\u00f1o, las mesas y barrigas de todos aquellos que eligen saborear esta delicia regional. Lo que las hace tan especiales es, sin duda, su relleno de chila y su masa fina y crujiente en forma de luna, que, para finalizar, se espolvorea con az\u00facar, aportando a\u00fan m\u00e1s textura y contraste a su explosi\u00f3n de sabores","og_url":"https:\/\/apuliapraia-hotel.com\/es\/region\/clarinhas-de-fao\/","og_site_name":"Apulia Praia Hotel","og_image":[{"width":1200,"height":800,"url":"https:\/\/apuliapraia-hotel.com\/wp-content\/uploads\/sites\/512\/2023\/02\/Clarinhas-de-Fao.png","type":"image\/png"}],"twitter_card":"summary_large_image","twitter_misc":{"Tiempo de lectura":"1 minuto"},"schema":{"@context":"https:\/\/schema.org","@graph":[{"@type":"WebPage","@id":"https:\/\/apuliapraia-hotel.com\/es\/region\/clarinhas-de-fao\/","url":"https:\/\/apuliapraia-hotel.com\/es\/region\/clarinhas-de-fao\/","name":"Clarinhas de F\u00e3o - Apulia Praia Hotel -","isPartOf":{"@id":"https:\/\/apuliapraia-hotel.com\/es\/#website"},"primaryImageOfPage":{"@id":"https:\/\/apuliapraia-hotel.com\/es\/region\/clarinhas-de-fao\/#primaryimage"},"image":{"@id":"https:\/\/apuliapraia-hotel.com\/es\/region\/clarinhas-de-fao\/#primaryimage"},"thumbnailUrl":"https:\/\/apuliapraia-hotel.com\/wp-content\/uploads\/sites\/512\/2023\/02\/Clarinhas-de-Fao.png","datePublished":"2023-04-26T09:13:11+00:00","description":"Conocidas en el Norte como una reposter\u00eda tradicional llena de historia, las Clarinhas de F\u00e3o llenan, durante todo el a\u00f1o, las mesas y barrigas de todos aquellos que eligen saborear esta delicia regional. Lo que las hace tan especiales es, sin duda, su relleno de chila y su masa fina y crujiente en forma de luna, que, para finalizar, se espolvorea con az\u00facar, aportando a\u00fan m\u00e1s textura y contraste a su explosi\u00f3n de sabores","breadcrumb":{"@id":"https:\/\/apuliapraia-hotel.com\/es\/region\/clarinhas-de-fao\/#breadcrumb"},"inLanguage":"es","potentialAction":[{"@type":"ReadAction","target":["https:\/\/apuliapraia-hotel.com\/es\/region\/clarinhas-de-fao\/"]}]},{"@type":"ImageObject","inLanguage":"es","@id":"https:\/\/apuliapraia-hotel.com\/es\/region\/clarinhas-de-fao\/#primaryimage","url":"https:\/\/apuliapraia-hotel.com\/wp-content\/uploads\/sites\/512\/2023\/02\/Clarinhas-de-Fao.png","contentUrl":"https:\/\/apuliapraia-hotel.com\/wp-content\/uploads\/sites\/512\/2023\/02\/Clarinhas-de-Fao.png","width":1200,"height":800,"caption":"Clarinhas de F\u00e3o"},{"@type":"BreadcrumbList","@id":"https:\/\/apuliapraia-hotel.com\/es\/region\/clarinhas-de-fao\/#breadcrumb","itemListElement":[{"@type":"ListItem","position":1,"name":"Home","item":"https:\/\/apuliapraia-hotel.com\/es\/"},{"@type":"ListItem","position":2,"name":"Regi\u00f3n","item":"https:\/\/apuliapraia-hotel.com\/es\/region\/"},{"@type":"ListItem","position":3,"name":"Clarinhas de F\u00e3o"}]},{"@type":"WebSite","@id":"https:\/\/apuliapraia-hotel.com\/es\/#website","url":"https:\/\/apuliapraia-hotel.com\/es\/","name":"Apulia Praia Hotel","description":"","potentialAction":[{"@type":"SearchAction","target":{"@type":"EntryPoint","urlTemplate":"https:\/\/apuliapraia-hotel.com\/es\/?s={search_term_string}"},"query-input":{"@type":"PropertyValueSpecification","valueRequired":true,"valueName":"search_term_string"}}],"inLanguage":"es"}]}},"acf":[],"_links":{"self":[{"href":"https:\/\/apuliapraia-hotel.com\/es\/wp-json\/wp\/v2\/pages\/587","targetHints":{"allow":["GET"]}}],"collection":[{"href":"https:\/\/apuliapraia-hotel.com\/es\/wp-json\/wp\/v2\/pages"}],"about":[{"href":"https:\/\/apuliapraia-hotel.com\/es\/wp-json\/wp\/v2\/types\/page"}],"author":[{"embeddable":true,"href":"https:\/\/apuliapraia-hotel.com\/es\/wp-json\/wp\/v2\/users\/565"}],"replies":[{"embeddable":true,"href":"https:\/\/apuliapraia-hotel.com\/es\/wp-json\/wp\/v2\/comments?post=587"}],"version-history":[{"count":0,"href":"https:\/\/apuliapraia-hotel.com\/es\/wp-json\/wp\/v2\/pages\/587\/revisions"}],"up":[{"embeddable":true,"href":"https:\/\/apuliapraia-hotel.com\/es\/wp-json\/wp\/v2\/pages\/584"}],"wp:featuredmedia":[{"embeddable":true,"href":"https:\/\/apuliapraia-hotel.com\/es\/wp-json\/wp\/v2\/media\/366"}],"wp:attachment":[{"href":"https:\/\/apuliapraia-hotel.com\/es\/wp-json\/wp\/v2\/media?parent=587"}],"curies":[{"name":"wp","href":"https:\/\/api.w.org\/{rel}","templated":true}]}}