{"id":586,"date":"2023-04-26T09:13:07","date_gmt":"2023-04-26T09:13:07","guid":{"rendered":"https:\/\/apuliapraia-hotel.com\/?page_id=586"},"modified":"2023-07-20T14:07:08","modified_gmt":"2023-07-20T14:07:08","slug":"molinos-de-apulia","status":"publish","type":"page","link":"https:\/\/apuliapraia-hotel.com\/es\/region\/molinos-de-apulia\/","title":{"rendered":"Molinos de Apulia"},"content":{"rendered":"<p>Estos molinos se encuentran en la extraordinaria <strong>playa de Ap\u00falia<\/strong>, muy cerca del mar, trayendo consigo la belleza de la regi\u00f3n. Organizados en fila, los <strong>cinco molinos de viento<\/strong> ten\u00edan como objetivo la molienda de cereales. Con el paso del tiempo y la evoluci\u00f3n de los m\u00e9todos de producci\u00f3n, estos molinos pasaron por una requalificaci\u00f3n y transformaci\u00f3n, funcionando actualmente como casas particulares. A pesar de que su interior solo es accesible a sus ocupantes, su exterior a\u00fan puede ser admirado con la puesta del sol como fondo. Junto a ellos, encontrar\u00e1 una pasarela que une los cinco c\u00e9lebres molinos de Ap\u00falia, que podr\u00e1 recorrer para contemplar los monumentos de la regi\u00f3n.<\/p>\n<p>Fotograf\u00eda de Pedro Figueiredo<\/p>\n","protected":false},"excerpt":{"rendered":"<p>Estos molinos se encuentran en la extraordinaria playa de Ap\u00falia, muy cerca del mar, trayendo consigo la belleza de la regi\u00f3n. Organizados en fila, los cinco molinos de viento ten\u00edan como objetivo la molienda de cereales. Con el paso del tiempo y la evoluci\u00f3n de los m\u00e9todos de producci\u00f3n, estos molinos pasaron por una requalificaci\u00f3n [&hellip;]<\/p>\n","protected":false},"author":565,"featured_media":363,"parent":584,"menu_order":1,"comment_status":"closed","ping_status":"closed","template":"template-default-4.php","meta":{"footnotes":""},"class_list":["post-586","page","type-page","status-publish","has-post-thumbnail","hentry"],"yoast_head":"<!-- This site is optimized with the Yoast SEO plugin v26.9 - https:\/\/yoast.com\/product\/yoast-seo-wordpress\/ -->\n<title>Molinos de Apulia - Apulia Praia Hotel -<\/title>\n<meta name=\"description\" content=\"Estos molinos se encuentran en la extraordinaria playa de Ap\u00falia, muy cerca del mar, trayendo consigo la belleza de la regi\u00f3n. Organizados en fila, los cinco molinos de viento ten\u00edan como objetivo la molienda de cereales\" \/>\n<meta name=\"robots\" content=\"index, follow, max-snippet:-1, max-image-preview:large, max-video-preview:-1\" \/>\n<link rel=\"canonical\" href=\"https:\/\/apuliapraia-hotel.com\/es\/region\/molinos-de-apulia\/\" \/>\n<meta property=\"og:locale\" content=\"es_ES\" \/>\n<meta property=\"og:type\" content=\"article\" \/>\n<meta property=\"og:title\" content=\"Molinos de Apulia - Apulia Praia Hotel -\" \/>\n<meta property=\"og:description\" content=\"Estos molinos se encuentran en la extraordinaria playa de Ap\u00falia, muy cerca del mar, trayendo consigo la belleza de la regi\u00f3n. Organizados en fila, los cinco molinos de viento ten\u00edan como objetivo la molienda de cereales\" \/>\n<meta property=\"og:url\" content=\"https:\/\/apuliapraia-hotel.com\/es\/region\/molinos-de-apulia\/\" \/>\n<meta property=\"og:site_name\" content=\"Apulia Praia Hotel\" \/>\n<meta property=\"article:modified_time\" content=\"2023-07-20T14:07:08+00:00\" \/>\n<meta property=\"og:image\" content=\"https:\/\/apuliapraia-hotel.com\/wp-content\/uploads\/sites\/512\/2023\/02\/Moinhos-da-Apulia.png\" \/>\n\t<meta property=\"og:image:width\" content=\"1200\" \/>\n\t<meta property=\"og:image:height\" content=\"800\" \/>\n\t<meta property=\"og:image:type\" content=\"image\/png\" \/>\n<meta name=\"twitter:card\" content=\"summary_large_image\" \/>\n<meta name=\"twitter:label1\" content=\"Tiempo de lectura\" \/>\n\t<meta name=\"twitter:data1\" content=\"1 minuto\" \/>\n<script type=\"application\/ld+json\" class=\"yoast-schema-graph\">{\"@context\":\"https:\/\/schema.org\",\"@graph\":[{\"@type\":\"WebPage\",\"@id\":\"https:\/\/apuliapraia-hotel.com\/es\/region\/molinos-de-apulia\/\",\"url\":\"https:\/\/apuliapraia-hotel.com\/es\/region\/molinos-de-apulia\/\",\"name\":\"Molinos de Apulia - Apulia Praia Hotel -\",\"isPartOf\":{\"@id\":\"https:\/\/apuliapraia-hotel.com\/es\/#website\"},\"primaryImageOfPage\":{\"@id\":\"https:\/\/apuliapraia-hotel.com\/es\/region\/molinos-de-apulia\/#primaryimage\"},\"image\":{\"@id\":\"https:\/\/apuliapraia-hotel.com\/es\/region\/molinos-de-apulia\/#primaryimage\"},\"thumbnailUrl\":\"https:\/\/apuliapraia-hotel.com\/wp-content\/uploads\/sites\/512\/2023\/02\/Moinhos-da-Apulia.png\",\"datePublished\":\"2023-04-26T09:13:07+00:00\",\"dateModified\":\"2023-07-20T14:07:08+00:00\",\"description\":\"Estos molinos se encuentran en la extraordinaria playa de Ap\u00falia, muy cerca del mar, trayendo consigo la belleza de la regi\u00f3n. Organizados en fila, los cinco molinos de viento ten\u00edan como objetivo la molienda de cereales\",\"breadcrumb\":{\"@id\":\"https:\/\/apuliapraia-hotel.com\/es\/region\/molinos-de-apulia\/#breadcrumb\"},\"inLanguage\":\"es\",\"potentialAction\":[{\"@type\":\"ReadAction\",\"target\":[\"https:\/\/apuliapraia-hotel.com\/es\/region\/molinos-de-apulia\/\"]}]},{\"@type\":\"ImageObject\",\"inLanguage\":\"es\",\"@id\":\"https:\/\/apuliapraia-hotel.com\/es\/region\/molinos-de-apulia\/#primaryimage\",\"url\":\"https:\/\/apuliapraia-hotel.com\/wp-content\/uploads\/sites\/512\/2023\/02\/Moinhos-da-Apulia.png\",\"contentUrl\":\"https:\/\/apuliapraia-hotel.com\/wp-content\/uploads\/sites\/512\/2023\/02\/Moinhos-da-Apulia.png\",\"width\":1200,\"height\":800,\"caption\":\"Fotografia de Pedro Figueiredo\"},{\"@type\":\"BreadcrumbList\",\"@id\":\"https:\/\/apuliapraia-hotel.com\/es\/region\/molinos-de-apulia\/#breadcrumb\",\"itemListElement\":[{\"@type\":\"ListItem\",\"position\":1,\"name\":\"Home\",\"item\":\"https:\/\/apuliapraia-hotel.com\/es\/\"},{\"@type\":\"ListItem\",\"position\":2,\"name\":\"Regi\u00f3n\",\"item\":\"https:\/\/apuliapraia-hotel.com\/es\/region\/\"},{\"@type\":\"ListItem\",\"position\":3,\"name\":\"Molinos de Apulia\"}]},{\"@type\":\"WebSite\",\"@id\":\"https:\/\/apuliapraia-hotel.com\/es\/#website\",\"url\":\"https:\/\/apuliapraia-hotel.com\/es\/\",\"name\":\"Apulia Praia Hotel\",\"description\":\"\",\"potentialAction\":[{\"@type\":\"SearchAction\",\"target\":{\"@type\":\"EntryPoint\",\"urlTemplate\":\"https:\/\/apuliapraia-hotel.com\/es\/?s={search_term_string}\"},\"query-input\":{\"@type\":\"PropertyValueSpecification\",\"valueRequired\":true,\"valueName\":\"search_term_string\"}}],\"inLanguage\":\"es\"}]}<\/script>\n<!-- \/ Yoast SEO plugin. -->","yoast_head_json":{"title":"Molinos de Apulia - Apulia Praia Hotel -","description":"Estos molinos se encuentran en la extraordinaria playa de Ap\u00falia, muy cerca del mar, trayendo consigo la belleza de la regi\u00f3n. Organizados en fila, los cinco molinos de viento ten\u00edan como objetivo la molienda de cereales","robots":{"index":"index","follow":"follow","max-snippet":"max-snippet:-1","max-image-preview":"max-image-preview:large","max-video-preview":"max-video-preview:-1"},"canonical":"https:\/\/apuliapraia-hotel.com\/es\/region\/molinos-de-apulia\/","og_locale":"es_ES","og_type":"article","og_title":"Molinos de Apulia - Apulia Praia Hotel -","og_description":"Estos molinos se encuentran en la extraordinaria playa de Ap\u00falia, muy cerca del mar, trayendo consigo la belleza de la regi\u00f3n. Organizados en fila, los cinco molinos de viento ten\u00edan como objetivo la molienda de cereales","og_url":"https:\/\/apuliapraia-hotel.com\/es\/region\/molinos-de-apulia\/","og_site_name":"Apulia Praia Hotel","article_modified_time":"2023-07-20T14:07:08+00:00","og_image":[{"width":1200,"height":800,"url":"https:\/\/apuliapraia-hotel.com\/wp-content\/uploads\/sites\/512\/2023\/02\/Moinhos-da-Apulia.png","type":"image\/png"}],"twitter_card":"summary_large_image","twitter_misc":{"Tiempo de lectura":"1 minuto"},"schema":{"@context":"https:\/\/schema.org","@graph":[{"@type":"WebPage","@id":"https:\/\/apuliapraia-hotel.com\/es\/region\/molinos-de-apulia\/","url":"https:\/\/apuliapraia-hotel.com\/es\/region\/molinos-de-apulia\/","name":"Molinos de Apulia - Apulia Praia Hotel -","isPartOf":{"@id":"https:\/\/apuliapraia-hotel.com\/es\/#website"},"primaryImageOfPage":{"@id":"https:\/\/apuliapraia-hotel.com\/es\/region\/molinos-de-apulia\/#primaryimage"},"image":{"@id":"https:\/\/apuliapraia-hotel.com\/es\/region\/molinos-de-apulia\/#primaryimage"},"thumbnailUrl":"https:\/\/apuliapraia-hotel.com\/wp-content\/uploads\/sites\/512\/2023\/02\/Moinhos-da-Apulia.png","datePublished":"2023-04-26T09:13:07+00:00","dateModified":"2023-07-20T14:07:08+00:00","description":"Estos molinos se encuentran en la extraordinaria playa de Ap\u00falia, muy cerca del mar, trayendo consigo la belleza de la regi\u00f3n. Organizados en fila, los cinco molinos de viento ten\u00edan como objetivo la molienda de cereales","breadcrumb":{"@id":"https:\/\/apuliapraia-hotel.com\/es\/region\/molinos-de-apulia\/#breadcrumb"},"inLanguage":"es","potentialAction":[{"@type":"ReadAction","target":["https:\/\/apuliapraia-hotel.com\/es\/region\/molinos-de-apulia\/"]}]},{"@type":"ImageObject","inLanguage":"es","@id":"https:\/\/apuliapraia-hotel.com\/es\/region\/molinos-de-apulia\/#primaryimage","url":"https:\/\/apuliapraia-hotel.com\/wp-content\/uploads\/sites\/512\/2023\/02\/Moinhos-da-Apulia.png","contentUrl":"https:\/\/apuliapraia-hotel.com\/wp-content\/uploads\/sites\/512\/2023\/02\/Moinhos-da-Apulia.png","width":1200,"height":800,"caption":"Fotografia de Pedro Figueiredo"},{"@type":"BreadcrumbList","@id":"https:\/\/apuliapraia-hotel.com\/es\/region\/molinos-de-apulia\/#breadcrumb","itemListElement":[{"@type":"ListItem","position":1,"name":"Home","item":"https:\/\/apuliapraia-hotel.com\/es\/"},{"@type":"ListItem","position":2,"name":"Regi\u00f3n","item":"https:\/\/apuliapraia-hotel.com\/es\/region\/"},{"@type":"ListItem","position":3,"name":"Molinos de Apulia"}]},{"@type":"WebSite","@id":"https:\/\/apuliapraia-hotel.com\/es\/#website","url":"https:\/\/apuliapraia-hotel.com\/es\/","name":"Apulia Praia Hotel","description":"","potentialAction":[{"@type":"SearchAction","target":{"@type":"EntryPoint","urlTemplate":"https:\/\/apuliapraia-hotel.com\/es\/?s={search_term_string}"},"query-input":{"@type":"PropertyValueSpecification","valueRequired":true,"valueName":"search_term_string"}}],"inLanguage":"es"}]}},"acf":[],"_links":{"self":[{"href":"https:\/\/apuliapraia-hotel.com\/es\/wp-json\/wp\/v2\/pages\/586","targetHints":{"allow":["GET"]}}],"collection":[{"href":"https:\/\/apuliapraia-hotel.com\/es\/wp-json\/wp\/v2\/pages"}],"about":[{"href":"https:\/\/apuliapraia-hotel.com\/es\/wp-json\/wp\/v2\/types\/page"}],"author":[{"embeddable":true,"href":"https:\/\/apuliapraia-hotel.com\/es\/wp-json\/wp\/v2\/users\/565"}],"replies":[{"embeddable":true,"href":"https:\/\/apuliapraia-hotel.com\/es\/wp-json\/wp\/v2\/comments?post=586"}],"version-history":[{"count":0,"href":"https:\/\/apuliapraia-hotel.com\/es\/wp-json\/wp\/v2\/pages\/586\/revisions"}],"up":[{"embeddable":true,"href":"https:\/\/apuliapraia-hotel.com\/es\/wp-json\/wp\/v2\/pages\/584"}],"wp:featuredmedia":[{"embeddable":true,"href":"https:\/\/apuliapraia-hotel.com\/es\/wp-json\/wp\/v2\/media\/363"}],"wp:attachment":[{"href":"https:\/\/apuliapraia-hotel.com\/es\/wp-json\/wp\/v2\/media?parent=586"}],"curies":[{"name":"wp","href":"https:\/\/api.w.org\/{rel}","templated":true}]}}