{"id":576,"date":"2023-04-26T09:12:42","date_gmt":"2023-04-26T09:12:42","guid":{"rendered":"https:\/\/apuliapraia-hotel.com\/?page_id=576"},"modified":"2023-06-05T08:49:52","modified_gmt":"2023-06-05T08:49:52","slug":"quinta-da-silva","status":"publish","type":"page","link":"https:\/\/apuliapraia-hotel.com\/es\/quinta-da-silva\/","title":{"rendered":"Quinta da Silva"},"content":{"rendered":"<p>Si est\u00e1 buscando una experiencia diferente y un ambiente m\u00e1s privado, le proponemos la Quinta da Silva, un alojamiento local situado a 5 minutos de la hist\u00f3rica ciudad de Barcelos.<\/p>\n<p>Ideal para momentos en familia y reuniones con amigos, esta Quinta est\u00e1 compuesta por tres habitaciones con ba\u00f1o privado y una oficina, que suman una capacidad para alojar hasta 8 personas. La casa tambi\u00e9n cuenta con una sala de estar, una cocina equipada y un comedor con vistas a los alrededores, incluyendo el molino y el arroyo que pasan debajo de la casa.<\/p>\n<p>En el exterior de la Quinta, podr\u00e1 disfrutar de una piscina privada y un sal\u00f3n de fiestas perfecto para barbacoas, fiestas y peque\u00f1os eventos. Adem\u00e1s de un garaje interior, podr\u00e1 disfrutar del amplio espacio de estacionamiento seguro dentro de las inmediaciones.<\/p>\n<p>A 20 minutos de este rinc\u00f3n encontrar\u00e1 playas con bandera azul, desde Ofir hasta Ap\u00falia, y algunas de las atracciones tur\u00edsticas de Esposende. Al sur, se encuentra el <a href=\"https:\/\/www.aeroportoporto.pt\/pt\/opo\/home\">Aeropuerto Francisco S\u00e1 Carneiro (OPO)<\/a>, a un viaje de aproximadamente 40 minutos.<\/p>\n","protected":false},"excerpt":{"rendered":"<p>Si est\u00e1 buscando una experiencia diferente y un ambiente m\u00e1s privado, le proponemos la Quinta da Silva, un alojamiento local situado a 5 minutos de la hist\u00f3rica ciudad de Barcelos. Ideal para momentos en familia y reuniones con amigos, esta Quinta est\u00e1 compuesta por tres habitaciones con ba\u00f1o privado y una oficina, que suman una [&hellip;]<\/p>\n","protected":false},"author":565,"featured_media":217,"parent":0,"menu_order":23,"comment_status":"closed","ping_status":"closed","template":"template-default-2.php","meta":{"footnotes":""},"class_list":["post-576","page","type-page","status-publish","has-post-thumbnail","hentry"],"yoast_head":"<!-- This site is optimized with the Yoast SEO plugin v26.9 - https:\/\/yoast.com\/product\/yoast-seo-wordpress\/ -->\n<title>Quinta da Silva - Apulia Praia Hotel -<\/title>\n<meta name=\"description\" content=\"Si est\u00e1 buscando una experiencia diferente y un ambiente m\u00e1s privado, le proponemos la Quinta da Silva, un alojamiento local situado a 5 minutos de la hist\u00f3rica ciudad de Barcelos.  Ideal para momentos en familia y reuniones con amigos, esta Quinta est\u00e1 compuesta por tres habitaciones con ba\u00f1o privado y una oficina, que suman una capacidad para alojar hasta 8 personas. La casa tambi\u00e9n cuenta con una sala de estar, una cocina equipada y un comedor con vistas a los alrededores, incluyendo el molino y el arroyo que pasan debajo de la casa.  En el exterior de la Quinta, podr\u00e1 disfrutar de una piscina privada y un sal\u00f3n de fiestas perfecto para barbacoas, fiestas y peque\u00f1os eventos\" \/>\n<meta name=\"robots\" content=\"index, follow, max-snippet:-1, max-image-preview:large, max-video-preview:-1\" \/>\n<link rel=\"canonical\" href=\"https:\/\/apuliapraia-hotel.com\/es\/quinta-da-silva\/\" \/>\n<meta property=\"og:locale\" content=\"es_ES\" \/>\n<meta property=\"og:type\" content=\"article\" \/>\n<meta property=\"og:title\" content=\"Quinta da Silva - Apulia Praia Hotel -\" \/>\n<meta property=\"og:description\" content=\"Si est\u00e1 buscando una experiencia diferente y un ambiente m\u00e1s privado, le proponemos la Quinta da Silva, un alojamiento local situado a 5 minutos de la hist\u00f3rica ciudad de Barcelos.  Ideal para momentos en familia y reuniones con amigos, esta Quinta est\u00e1 compuesta por tres habitaciones con ba\u00f1o privado y una oficina, que suman una capacidad para alojar hasta 8 personas. La casa tambi\u00e9n cuenta con una sala de estar, una cocina equipada y un comedor con vistas a los alrededores, incluyendo el molino y el arroyo que pasan debajo de la casa.  En el exterior de la Quinta, podr\u00e1 disfrutar de una piscina privada y un sal\u00f3n de fiestas perfecto para barbacoas, fiestas y peque\u00f1os eventos\" \/>\n<meta property=\"og:url\" content=\"https:\/\/apuliapraia-hotel.com\/es\/quinta-da-silva\/\" \/>\n<meta property=\"og:site_name\" content=\"Apulia Praia Hotel\" \/>\n<meta property=\"article:modified_time\" content=\"2023-06-05T08:49:52+00:00\" \/>\n<meta property=\"og:image\" content=\"https:\/\/apuliapraia-hotel.com\/wp-content\/uploads\/sites\/512\/2023\/01\/Exterior1-1.jpg\" \/>\n\t<meta property=\"og:image:width\" content=\"2200\" \/>\n\t<meta property=\"og:image:height\" content=\"1650\" \/>\n\t<meta property=\"og:image:type\" content=\"image\/jpeg\" \/>\n<meta name=\"twitter:card\" content=\"summary_large_image\" \/>\n<meta name=\"twitter:label1\" content=\"Tiempo de lectura\" \/>\n\t<meta name=\"twitter:data1\" content=\"1 minuto\" \/>\n<script type=\"application\/ld+json\" class=\"yoast-schema-graph\">{\"@context\":\"https:\/\/schema.org\",\"@graph\":[{\"@type\":\"WebPage\",\"@id\":\"https:\/\/apuliapraia-hotel.com\/es\/quinta-da-silva\/\",\"url\":\"https:\/\/apuliapraia-hotel.com\/es\/quinta-da-silva\/\",\"name\":\"Quinta da Silva - Apulia Praia Hotel -\",\"isPartOf\":{\"@id\":\"https:\/\/apuliapraia-hotel.com\/es\/#website\"},\"primaryImageOfPage\":{\"@id\":\"https:\/\/apuliapraia-hotel.com\/es\/quinta-da-silva\/#primaryimage\"},\"image\":{\"@id\":\"https:\/\/apuliapraia-hotel.com\/es\/quinta-da-silva\/#primaryimage\"},\"thumbnailUrl\":\"https:\/\/apuliapraia-hotel.com\/wp-content\/uploads\/sites\/512\/2023\/01\/Exterior1-1.jpg\",\"datePublished\":\"2023-04-26T09:12:42+00:00\",\"dateModified\":\"2023-06-05T08:49:52+00:00\",\"description\":\"Si est\u00e1 buscando una experiencia diferente y un ambiente m\u00e1s privado, le proponemos la Quinta da Silva, un alojamiento local situado a 5 minutos de la hist\u00f3rica ciudad de Barcelos. Ideal para momentos en familia y reuniones con amigos, esta Quinta est\u00e1 compuesta por tres habitaciones con ba\u00f1o privado y una oficina, que suman una capacidad para alojar hasta 8 personas. La casa tambi\u00e9n cuenta con una sala de estar, una cocina equipada y un comedor con vistas a los alrededores, incluyendo el molino y el arroyo que pasan debajo de la casa. En el exterior de la Quinta, podr\u00e1 disfrutar de una piscina privada y un sal\u00f3n de fiestas perfecto para barbacoas, fiestas y peque\u00f1os eventos\",\"breadcrumb\":{\"@id\":\"https:\/\/apuliapraia-hotel.com\/es\/quinta-da-silva\/#breadcrumb\"},\"inLanguage\":\"es\",\"potentialAction\":[{\"@type\":\"ReadAction\",\"target\":[\"https:\/\/apuliapraia-hotel.com\/es\/quinta-da-silva\/\"]}]},{\"@type\":\"ImageObject\",\"inLanguage\":\"es\",\"@id\":\"https:\/\/apuliapraia-hotel.com\/es\/quinta-da-silva\/#primaryimage\",\"url\":\"https:\/\/apuliapraia-hotel.com\/wp-content\/uploads\/sites\/512\/2023\/01\/Exterior1-1.jpg\",\"contentUrl\":\"https:\/\/apuliapraia-hotel.com\/wp-content\/uploads\/sites\/512\/2023\/01\/Exterior1-1.jpg\",\"width\":2200,\"height\":1650},{\"@type\":\"BreadcrumbList\",\"@id\":\"https:\/\/apuliapraia-hotel.com\/es\/quinta-da-silva\/#breadcrumb\",\"itemListElement\":[{\"@type\":\"ListItem\",\"position\":1,\"name\":\"Home\",\"item\":\"https:\/\/apuliapraia-hotel.com\/es\/\"},{\"@type\":\"ListItem\",\"position\":2,\"name\":\"Quinta da Silva\"}]},{\"@type\":\"WebSite\",\"@id\":\"https:\/\/apuliapraia-hotel.com\/es\/#website\",\"url\":\"https:\/\/apuliapraia-hotel.com\/es\/\",\"name\":\"Apulia Praia Hotel\",\"description\":\"\",\"potentialAction\":[{\"@type\":\"SearchAction\",\"target\":{\"@type\":\"EntryPoint\",\"urlTemplate\":\"https:\/\/apuliapraia-hotel.com\/es\/?s={search_term_string}\"},\"query-input\":{\"@type\":\"PropertyValueSpecification\",\"valueRequired\":true,\"valueName\":\"search_term_string\"}}],\"inLanguage\":\"es\"}]}<\/script>\n<!-- \/ Yoast SEO plugin. -->","yoast_head_json":{"title":"Quinta da Silva - Apulia Praia Hotel -","description":"Si est\u00e1 buscando una experiencia diferente y un ambiente m\u00e1s privado, le proponemos la Quinta da Silva, un alojamiento local situado a 5 minutos de la hist\u00f3rica ciudad de Barcelos.  Ideal para momentos en familia y reuniones con amigos, esta Quinta est\u00e1 compuesta por tres habitaciones con ba\u00f1o privado y una oficina, que suman una capacidad para alojar hasta 8 personas. La casa tambi\u00e9n cuenta con una sala de estar, una cocina equipada y un comedor con vistas a los alrededores, incluyendo el molino y el arroyo que pasan debajo de la casa.  En el exterior de la Quinta, podr\u00e1 disfrutar de una piscina privada y un sal\u00f3n de fiestas perfecto para barbacoas, fiestas y peque\u00f1os eventos","robots":{"index":"index","follow":"follow","max-snippet":"max-snippet:-1","max-image-preview":"max-image-preview:large","max-video-preview":"max-video-preview:-1"},"canonical":"https:\/\/apuliapraia-hotel.com\/es\/quinta-da-silva\/","og_locale":"es_ES","og_type":"article","og_title":"Quinta da Silva - Apulia Praia Hotel -","og_description":"Si est\u00e1 buscando una experiencia diferente y un ambiente m\u00e1s privado, le proponemos la Quinta da Silva, un alojamiento local situado a 5 minutos de la hist\u00f3rica ciudad de Barcelos.  Ideal para momentos en familia y reuniones con amigos, esta Quinta est\u00e1 compuesta por tres habitaciones con ba\u00f1o privado y una oficina, que suman una capacidad para alojar hasta 8 personas. La casa tambi\u00e9n cuenta con una sala de estar, una cocina equipada y un comedor con vistas a los alrededores, incluyendo el molino y el arroyo que pasan debajo de la casa.  En el exterior de la Quinta, podr\u00e1 disfrutar de una piscina privada y un sal\u00f3n de fiestas perfecto para barbacoas, fiestas y peque\u00f1os eventos","og_url":"https:\/\/apuliapraia-hotel.com\/es\/quinta-da-silva\/","og_site_name":"Apulia Praia Hotel","article_modified_time":"2023-06-05T08:49:52+00:00","og_image":[{"width":2200,"height":1650,"url":"https:\/\/apuliapraia-hotel.com\/wp-content\/uploads\/sites\/512\/2023\/01\/Exterior1-1.jpg","type":"image\/jpeg"}],"twitter_card":"summary_large_image","twitter_misc":{"Tiempo de lectura":"1 minuto"},"schema":{"@context":"https:\/\/schema.org","@graph":[{"@type":"WebPage","@id":"https:\/\/apuliapraia-hotel.com\/es\/quinta-da-silva\/","url":"https:\/\/apuliapraia-hotel.com\/es\/quinta-da-silva\/","name":"Quinta da Silva - Apulia Praia Hotel -","isPartOf":{"@id":"https:\/\/apuliapraia-hotel.com\/es\/#website"},"primaryImageOfPage":{"@id":"https:\/\/apuliapraia-hotel.com\/es\/quinta-da-silva\/#primaryimage"},"image":{"@id":"https:\/\/apuliapraia-hotel.com\/es\/quinta-da-silva\/#primaryimage"},"thumbnailUrl":"https:\/\/apuliapraia-hotel.com\/wp-content\/uploads\/sites\/512\/2023\/01\/Exterior1-1.jpg","datePublished":"2023-04-26T09:12:42+00:00","dateModified":"2023-06-05T08:49:52+00:00","description":"Si est\u00e1 buscando una experiencia diferente y un ambiente m\u00e1s privado, le proponemos la Quinta da Silva, un alojamiento local situado a 5 minutos de la hist\u00f3rica ciudad de Barcelos. Ideal para momentos en familia y reuniones con amigos, esta Quinta est\u00e1 compuesta por tres habitaciones con ba\u00f1o privado y una oficina, que suman una capacidad para alojar hasta 8 personas. La casa tambi\u00e9n cuenta con una sala de estar, una cocina equipada y un comedor con vistas a los alrededores, incluyendo el molino y el arroyo que pasan debajo de la casa. En el exterior de la Quinta, podr\u00e1 disfrutar de una piscina privada y un sal\u00f3n de fiestas perfecto para barbacoas, fiestas y peque\u00f1os eventos","breadcrumb":{"@id":"https:\/\/apuliapraia-hotel.com\/es\/quinta-da-silva\/#breadcrumb"},"inLanguage":"es","potentialAction":[{"@type":"ReadAction","target":["https:\/\/apuliapraia-hotel.com\/es\/quinta-da-silva\/"]}]},{"@type":"ImageObject","inLanguage":"es","@id":"https:\/\/apuliapraia-hotel.com\/es\/quinta-da-silva\/#primaryimage","url":"https:\/\/apuliapraia-hotel.com\/wp-content\/uploads\/sites\/512\/2023\/01\/Exterior1-1.jpg","contentUrl":"https:\/\/apuliapraia-hotel.com\/wp-content\/uploads\/sites\/512\/2023\/01\/Exterior1-1.jpg","width":2200,"height":1650},{"@type":"BreadcrumbList","@id":"https:\/\/apuliapraia-hotel.com\/es\/quinta-da-silva\/#breadcrumb","itemListElement":[{"@type":"ListItem","position":1,"name":"Home","item":"https:\/\/apuliapraia-hotel.com\/es\/"},{"@type":"ListItem","position":2,"name":"Quinta da Silva"}]},{"@type":"WebSite","@id":"https:\/\/apuliapraia-hotel.com\/es\/#website","url":"https:\/\/apuliapraia-hotel.com\/es\/","name":"Apulia Praia Hotel","description":"","potentialAction":[{"@type":"SearchAction","target":{"@type":"EntryPoint","urlTemplate":"https:\/\/apuliapraia-hotel.com\/es\/?s={search_term_string}"},"query-input":{"@type":"PropertyValueSpecification","valueRequired":true,"valueName":"search_term_string"}}],"inLanguage":"es"}]}},"acf":[],"_links":{"self":[{"href":"https:\/\/apuliapraia-hotel.com\/es\/wp-json\/wp\/v2\/pages\/576","targetHints":{"allow":["GET"]}}],"collection":[{"href":"https:\/\/apuliapraia-hotel.com\/es\/wp-json\/wp\/v2\/pages"}],"about":[{"href":"https:\/\/apuliapraia-hotel.com\/es\/wp-json\/wp\/v2\/types\/page"}],"author":[{"embeddable":true,"href":"https:\/\/apuliapraia-hotel.com\/es\/wp-json\/wp\/v2\/users\/565"}],"replies":[{"embeddable":true,"href":"https:\/\/apuliapraia-hotel.com\/es\/wp-json\/wp\/v2\/comments?post=576"}],"version-history":[{"count":0,"href":"https:\/\/apuliapraia-hotel.com\/es\/wp-json\/wp\/v2\/pages\/576\/revisions"}],"wp:featuredmedia":[{"embeddable":true,"href":"https:\/\/apuliapraia-hotel.com\/es\/wp-json\/wp\/v2\/media\/217"}],"wp:attachment":[{"href":"https:\/\/apuliapraia-hotel.com\/es\/wp-json\/wp\/v2\/media?parent=576"}],"curies":[{"name":"wp","href":"https:\/\/api.w.org\/{rel}","templated":true}]}}