{"id":570,"date":"2023-04-26T09:12:05","date_gmt":"2023-04-26T09:12:05","guid":{"rendered":"https:\/\/apuliapraia-hotel.com\/?page_id=570"},"modified":"2023-06-05T08:17:57","modified_gmt":"2023-06-05T08:17:57","slug":"remo-de-pie","status":"publish","type":"page","link":"https:\/\/apuliapraia-hotel.com\/es\/actividades\/remo-de-pie\/","title":{"rendered":"Remo de pie"},"content":{"rendered":"<p>Divi\u00e9rtete con destreza y equilibrio en una actividad de paddle surf por las orillas del r\u00edo C\u00e1vado.<\/p>\n<ul>\n<li>Precio de 8\u20ac\/hora<\/li>\n<li>Equipamiento proporcionado.\n<div class=\"text-base gap-4 md:gap-6 md:max-w-2xl lg:max-w-xl xl:max-w-3xl p-4 md:py-6 flex lg:px-0 m-auto\">\n<div class=\"relative flex w-[calc(100%-50px)] flex-col gap-1 md:gap-3 lg:w-[calc(100%-115px)]\"><\/div>\n<\/div>\n<\/li>\n<\/ul>\n","protected":false},"excerpt":{"rendered":"<p>Divi\u00e9rtete con destreza y equilibrio en una actividad de paddle surf por las orillas del r\u00edo C\u00e1vado. Precio de 8\u20ac\/hora Equipamiento proporcionado.<\/p>\n","protected":false},"author":565,"featured_media":0,"parent":549,"menu_order":22,"comment_status":"closed","ping_status":"closed","template":"template-default-4.php","meta":{"footnotes":""},"class_list":["post-570","page","type-page","status-publish","hentry"],"yoast_head":"<!-- This site is optimized with the Yoast SEO plugin v26.9 - https:\/\/yoast.com\/product\/yoast-seo-wordpress\/ -->\n<title>Remo de pie - Apulia Praia Hotel -<\/title>\n<meta name=\"description\" content=\"Divi\u00e9rtete con destreza y equilibrio en una actividad de paddle surf por las orillas del r\u00edo C\u00e1vado.   Precio de 8\u20ac\/hora  Equipamiento proporcionado.    .\" \/>\n<meta name=\"robots\" content=\"index, follow, max-snippet:-1, max-image-preview:large, max-video-preview:-1\" \/>\n<link rel=\"canonical\" href=\"https:\/\/apuliapraia-hotel.com\/es\/actividades\/remo-de-pie\/\" \/>\n<meta property=\"og:locale\" content=\"es_ES\" \/>\n<meta property=\"og:type\" content=\"article\" \/>\n<meta property=\"og:title\" content=\"Remo de pie - Apulia Praia Hotel -\" \/>\n<meta property=\"og:description\" content=\"Divi\u00e9rtete con destreza y equilibrio en una actividad de paddle surf por las orillas del r\u00edo C\u00e1vado.   Precio de 8\u20ac\/hora  Equipamiento proporcionado.    .\" \/>\n<meta property=\"og:url\" content=\"https:\/\/apuliapraia-hotel.com\/es\/actividades\/remo-de-pie\/\" \/>\n<meta property=\"og:site_name\" content=\"Apulia Praia Hotel\" \/>\n<meta property=\"article:modified_time\" content=\"2023-06-05T08:17:57+00:00\" \/>\n<meta name=\"twitter:card\" content=\"summary_large_image\" \/>\n<meta name=\"twitter:label1\" content=\"Tiempo de lectura\" \/>\n\t<meta name=\"twitter:data1\" content=\"1 minuto\" \/>\n<script type=\"application\/ld+json\" class=\"yoast-schema-graph\">{\"@context\":\"https:\/\/schema.org\",\"@graph\":[{\"@type\":\"WebPage\",\"@id\":\"https:\/\/apuliapraia-hotel.com\/es\/actividades\/remo-de-pie\/\",\"url\":\"https:\/\/apuliapraia-hotel.com\/es\/actividades\/remo-de-pie\/\",\"name\":\"Remo de pie - Apulia Praia Hotel -\",\"isPartOf\":{\"@id\":\"https:\/\/apuliapraia-hotel.com\/es\/#website\"},\"datePublished\":\"2023-04-26T09:12:05+00:00\",\"dateModified\":\"2023-06-05T08:17:57+00:00\",\"description\":\"Divi\u00e9rtete con destreza y equilibrio en una actividad de paddle surf por las orillas del r\u00edo C\u00e1vado. \u2022 Precio de 8\u20ac\/hora \u2022 Equipamiento proporcionado. .\",\"breadcrumb\":{\"@id\":\"https:\/\/apuliapraia-hotel.com\/es\/actividades\/remo-de-pie\/#breadcrumb\"},\"inLanguage\":\"es\",\"potentialAction\":[{\"@type\":\"ReadAction\",\"target\":[\"https:\/\/apuliapraia-hotel.com\/es\/actividades\/remo-de-pie\/\"]}]},{\"@type\":\"BreadcrumbList\",\"@id\":\"https:\/\/apuliapraia-hotel.com\/es\/actividades\/remo-de-pie\/#breadcrumb\",\"itemListElement\":[{\"@type\":\"ListItem\",\"position\":1,\"name\":\"Home\",\"item\":\"https:\/\/apuliapraia-hotel.com\/es\/\"},{\"@type\":\"ListItem\",\"position\":2,\"name\":\"Actividades\",\"item\":\"https:\/\/apuliapraia-hotel.com\/es\/actividades\/\"},{\"@type\":\"ListItem\",\"position\":3,\"name\":\"Remo de pie\"}]},{\"@type\":\"WebSite\",\"@id\":\"https:\/\/apuliapraia-hotel.com\/es\/#website\",\"url\":\"https:\/\/apuliapraia-hotel.com\/es\/\",\"name\":\"Apulia Praia Hotel\",\"description\":\"\",\"potentialAction\":[{\"@type\":\"SearchAction\",\"target\":{\"@type\":\"EntryPoint\",\"urlTemplate\":\"https:\/\/apuliapraia-hotel.com\/es\/?s={search_term_string}\"},\"query-input\":{\"@type\":\"PropertyValueSpecification\",\"valueRequired\":true,\"valueName\":\"search_term_string\"}}],\"inLanguage\":\"es\"}]}<\/script>\n<!-- \/ Yoast SEO plugin. -->","yoast_head_json":{"title":"Remo de pie - Apulia Praia Hotel -","description":"Divi\u00e9rtete con destreza y equilibrio en una actividad de paddle surf por las orillas del r\u00edo C\u00e1vado.   Precio de 8\u20ac\/hora  Equipamiento proporcionado.    .","robots":{"index":"index","follow":"follow","max-snippet":"max-snippet:-1","max-image-preview":"max-image-preview:large","max-video-preview":"max-video-preview:-1"},"canonical":"https:\/\/apuliapraia-hotel.com\/es\/actividades\/remo-de-pie\/","og_locale":"es_ES","og_type":"article","og_title":"Remo de pie - Apulia Praia Hotel -","og_description":"Divi\u00e9rtete con destreza y equilibrio en una actividad de paddle surf por las orillas del r\u00edo C\u00e1vado.   Precio de 8\u20ac\/hora  Equipamiento proporcionado.    .","og_url":"https:\/\/apuliapraia-hotel.com\/es\/actividades\/remo-de-pie\/","og_site_name":"Apulia Praia Hotel","article_modified_time":"2023-06-05T08:17:57+00:00","twitter_card":"summary_large_image","twitter_misc":{"Tiempo de lectura":"1 minuto"},"schema":{"@context":"https:\/\/schema.org","@graph":[{"@type":"WebPage","@id":"https:\/\/apuliapraia-hotel.com\/es\/actividades\/remo-de-pie\/","url":"https:\/\/apuliapraia-hotel.com\/es\/actividades\/remo-de-pie\/","name":"Remo de pie - Apulia Praia Hotel -","isPartOf":{"@id":"https:\/\/apuliapraia-hotel.com\/es\/#website"},"datePublished":"2023-04-26T09:12:05+00:00","dateModified":"2023-06-05T08:17:57+00:00","description":"Divi\u00e9rtete con destreza y equilibrio en una actividad de paddle surf por las orillas del r\u00edo C\u00e1vado. \u2022 Precio de 8\u20ac\/hora \u2022 Equipamiento proporcionado. .","breadcrumb":{"@id":"https:\/\/apuliapraia-hotel.com\/es\/actividades\/remo-de-pie\/#breadcrumb"},"inLanguage":"es","potentialAction":[{"@type":"ReadAction","target":["https:\/\/apuliapraia-hotel.com\/es\/actividades\/remo-de-pie\/"]}]},{"@type":"BreadcrumbList","@id":"https:\/\/apuliapraia-hotel.com\/es\/actividades\/remo-de-pie\/#breadcrumb","itemListElement":[{"@type":"ListItem","position":1,"name":"Home","item":"https:\/\/apuliapraia-hotel.com\/es\/"},{"@type":"ListItem","position":2,"name":"Actividades","item":"https:\/\/apuliapraia-hotel.com\/es\/actividades\/"},{"@type":"ListItem","position":3,"name":"Remo de pie"}]},{"@type":"WebSite","@id":"https:\/\/apuliapraia-hotel.com\/es\/#website","url":"https:\/\/apuliapraia-hotel.com\/es\/","name":"Apulia Praia Hotel","description":"","potentialAction":[{"@type":"SearchAction","target":{"@type":"EntryPoint","urlTemplate":"https:\/\/apuliapraia-hotel.com\/es\/?s={search_term_string}"},"query-input":{"@type":"PropertyValueSpecification","valueRequired":true,"valueName":"search_term_string"}}],"inLanguage":"es"}]}},"acf":[],"_links":{"self":[{"href":"https:\/\/apuliapraia-hotel.com\/es\/wp-json\/wp\/v2\/pages\/570","targetHints":{"allow":["GET"]}}],"collection":[{"href":"https:\/\/apuliapraia-hotel.com\/es\/wp-json\/wp\/v2\/pages"}],"about":[{"href":"https:\/\/apuliapraia-hotel.com\/es\/wp-json\/wp\/v2\/types\/page"}],"author":[{"embeddable":true,"href":"https:\/\/apuliapraia-hotel.com\/es\/wp-json\/wp\/v2\/users\/565"}],"replies":[{"embeddable":true,"href":"https:\/\/apuliapraia-hotel.com\/es\/wp-json\/wp\/v2\/comments?post=570"}],"version-history":[{"count":0,"href":"https:\/\/apuliapraia-hotel.com\/es\/wp-json\/wp\/v2\/pages\/570\/revisions"}],"up":[{"embeddable":true,"href":"https:\/\/apuliapraia-hotel.com\/es\/wp-json\/wp\/v2\/pages\/549"}],"wp:attachment":[{"href":"https:\/\/apuliapraia-hotel.com\/es\/wp-json\/wp\/v2\/media?parent=570"}],"curies":[{"name":"wp","href":"https:\/\/api.w.org\/{rel}","templated":true}]}}