{"id":567,"date":"2023-04-26T09:11:11","date_gmt":"2023-04-26T09:11:11","guid":{"rendered":"https:\/\/apuliapraia-hotel.com\/?page_id=567"},"modified":"2023-06-05T08:17:44","modified_gmt":"2023-06-05T08:17:44","slug":"paseo-en-barco","status":"publish","type":"page","link":"https:\/\/apuliapraia-hotel.com\/es\/actividades\/paseo-en-barco\/","title":{"rendered":"Paseo en barco"},"content":{"rendered":"<p>Emb\u00e1rcate en el paseo en barco de Proriver y disfruta de una actividad en grupo relajante en pleno r\u00edo C\u00e1vado.<\/p>\n<ul>\n<li>Precio de 12,50\u20ac por persona (2 horas)<\/li>\n<li>Para grupos entre 10 y 18 personas.<\/li>\n<\/ul>\n","protected":false},"excerpt":{"rendered":"<p>Emb\u00e1rcate en el paseo en barco de Proriver y disfruta de una actividad en grupo relajante en pleno r\u00edo C\u00e1vado. Precio de 12,50\u20ac por persona (2 horas) Para grupos entre 10 y 18 personas.<\/p>\n","protected":false},"author":565,"featured_media":323,"parent":549,"menu_order":20,"comment_status":"closed","ping_status":"closed","template":"template-default-4.php","meta":{"footnotes":""},"class_list":["post-567","page","type-page","status-publish","has-post-thumbnail","hentry"],"yoast_head":"<!-- This site is optimized with the Yoast SEO plugin v26.9 - https:\/\/yoast.com\/product\/yoast-seo-wordpress\/ -->\n<title>Paseo en barco - Apulia Praia Hotel -<\/title>\n<meta name=\"description\" content=\"Emb\u00e1rcate en el paseo en barco de Proriver y disfruta de una actividad en grupo relajante en pleno r\u00edo C\u00e1vado.   Precio de 12,50\u20ac por persona (2 horas)  Para grupos entre 10 y 18 personas. .\" \/>\n<meta name=\"robots\" content=\"index, follow, max-snippet:-1, max-image-preview:large, max-video-preview:-1\" \/>\n<link rel=\"canonical\" href=\"https:\/\/apuliapraia-hotel.com\/es\/actividades\/paseo-en-barco\/\" \/>\n<meta property=\"og:locale\" content=\"es_ES\" \/>\n<meta property=\"og:type\" content=\"article\" \/>\n<meta property=\"og:title\" content=\"Paseo en barco - Apulia Praia Hotel -\" \/>\n<meta property=\"og:description\" content=\"Emb\u00e1rcate en el paseo en barco de Proriver y disfruta de una actividad en grupo relajante en pleno r\u00edo C\u00e1vado.   Precio de 12,50\u20ac por persona (2 horas)  Para grupos entre 10 y 18 personas. .\" \/>\n<meta property=\"og:url\" content=\"https:\/\/apuliapraia-hotel.com\/es\/actividades\/paseo-en-barco\/\" \/>\n<meta property=\"og:site_name\" content=\"Apulia Praia Hotel\" \/>\n<meta property=\"article:modified_time\" content=\"2023-06-05T08:17:44+00:00\" \/>\n<meta property=\"og:image\" content=\"https:\/\/apuliapraia-hotel.com\/wp-content\/uploads\/sites\/512\/2023\/02\/Experiencia_11.jpg\" \/>\n\t<meta property=\"og:image:width\" content=\"1200\" \/>\n\t<meta property=\"og:image:height\" content=\"800\" \/>\n\t<meta property=\"og:image:type\" content=\"image\/jpeg\" \/>\n<meta name=\"twitter:card\" content=\"summary_large_image\" \/>\n<meta name=\"twitter:label1\" content=\"Tiempo de lectura\" \/>\n\t<meta name=\"twitter:data1\" content=\"1 minuto\" \/>\n<script type=\"application\/ld+json\" class=\"yoast-schema-graph\">{\"@context\":\"https:\/\/schema.org\",\"@graph\":[{\"@type\":\"WebPage\",\"@id\":\"https:\/\/apuliapraia-hotel.com\/es\/actividades\/paseo-en-barco\/\",\"url\":\"https:\/\/apuliapraia-hotel.com\/es\/actividades\/paseo-en-barco\/\",\"name\":\"Paseo en barco - Apulia Praia Hotel -\",\"isPartOf\":{\"@id\":\"https:\/\/apuliapraia-hotel.com\/es\/#website\"},\"primaryImageOfPage\":{\"@id\":\"https:\/\/apuliapraia-hotel.com\/es\/actividades\/paseo-en-barco\/#primaryimage\"},\"image\":{\"@id\":\"https:\/\/apuliapraia-hotel.com\/es\/actividades\/paseo-en-barco\/#primaryimage\"},\"thumbnailUrl\":\"https:\/\/apuliapraia-hotel.com\/wp-content\/uploads\/sites\/512\/2023\/02\/Experiencia_11.jpg\",\"datePublished\":\"2023-04-26T09:11:11+00:00\",\"dateModified\":\"2023-06-05T08:17:44+00:00\",\"description\":\"Emb\u00e1rcate en el paseo en barco de Proriver y disfruta de una actividad en grupo relajante en pleno r\u00edo C\u00e1vado. \u2022 Precio de 12,50\u20ac por persona (2 horas) \u2022 Para grupos entre 10 y 18 personas. .\",\"breadcrumb\":{\"@id\":\"https:\/\/apuliapraia-hotel.com\/es\/actividades\/paseo-en-barco\/#breadcrumb\"},\"inLanguage\":\"es\",\"potentialAction\":[{\"@type\":\"ReadAction\",\"target\":[\"https:\/\/apuliapraia-hotel.com\/es\/actividades\/paseo-en-barco\/\"]}]},{\"@type\":\"ImageObject\",\"inLanguage\":\"es\",\"@id\":\"https:\/\/apuliapraia-hotel.com\/es\/actividades\/paseo-en-barco\/#primaryimage\",\"url\":\"https:\/\/apuliapraia-hotel.com\/wp-content\/uploads\/sites\/512\/2023\/02\/Experiencia_11.jpg\",\"contentUrl\":\"https:\/\/apuliapraia-hotel.com\/wp-content\/uploads\/sites\/512\/2023\/02\/Experiencia_11.jpg\",\"width\":1200,\"height\":800},{\"@type\":\"BreadcrumbList\",\"@id\":\"https:\/\/apuliapraia-hotel.com\/es\/actividades\/paseo-en-barco\/#breadcrumb\",\"itemListElement\":[{\"@type\":\"ListItem\",\"position\":1,\"name\":\"Home\",\"item\":\"https:\/\/apuliapraia-hotel.com\/es\/\"},{\"@type\":\"ListItem\",\"position\":2,\"name\":\"Actividades\",\"item\":\"https:\/\/apuliapraia-hotel.com\/es\/actividades\/\"},{\"@type\":\"ListItem\",\"position\":3,\"name\":\"Paseo en barco\"}]},{\"@type\":\"WebSite\",\"@id\":\"https:\/\/apuliapraia-hotel.com\/es\/#website\",\"url\":\"https:\/\/apuliapraia-hotel.com\/es\/\",\"name\":\"Apulia Praia Hotel\",\"description\":\"\",\"potentialAction\":[{\"@type\":\"SearchAction\",\"target\":{\"@type\":\"EntryPoint\",\"urlTemplate\":\"https:\/\/apuliapraia-hotel.com\/es\/?s={search_term_string}\"},\"query-input\":{\"@type\":\"PropertyValueSpecification\",\"valueRequired\":true,\"valueName\":\"search_term_string\"}}],\"inLanguage\":\"es\"}]}<\/script>\n<!-- \/ Yoast SEO plugin. -->","yoast_head_json":{"title":"Paseo en barco - Apulia Praia Hotel -","description":"Emb\u00e1rcate en el paseo en barco de Proriver y disfruta de una actividad en grupo relajante en pleno r\u00edo C\u00e1vado.   Precio de 12,50\u20ac por persona (2 horas)  Para grupos entre 10 y 18 personas. .","robots":{"index":"index","follow":"follow","max-snippet":"max-snippet:-1","max-image-preview":"max-image-preview:large","max-video-preview":"max-video-preview:-1"},"canonical":"https:\/\/apuliapraia-hotel.com\/es\/actividades\/paseo-en-barco\/","og_locale":"es_ES","og_type":"article","og_title":"Paseo en barco - Apulia Praia Hotel -","og_description":"Emb\u00e1rcate en el paseo en barco de Proriver y disfruta de una actividad en grupo relajante en pleno r\u00edo C\u00e1vado.   Precio de 12,50\u20ac por persona (2 horas)  Para grupos entre 10 y 18 personas. .","og_url":"https:\/\/apuliapraia-hotel.com\/es\/actividades\/paseo-en-barco\/","og_site_name":"Apulia Praia Hotel","article_modified_time":"2023-06-05T08:17:44+00:00","og_image":[{"width":1200,"height":800,"url":"https:\/\/apuliapraia-hotel.com\/wp-content\/uploads\/sites\/512\/2023\/02\/Experiencia_11.jpg","type":"image\/jpeg"}],"twitter_card":"summary_large_image","twitter_misc":{"Tiempo de lectura":"1 minuto"},"schema":{"@context":"https:\/\/schema.org","@graph":[{"@type":"WebPage","@id":"https:\/\/apuliapraia-hotel.com\/es\/actividades\/paseo-en-barco\/","url":"https:\/\/apuliapraia-hotel.com\/es\/actividades\/paseo-en-barco\/","name":"Paseo en barco - Apulia Praia Hotel -","isPartOf":{"@id":"https:\/\/apuliapraia-hotel.com\/es\/#website"},"primaryImageOfPage":{"@id":"https:\/\/apuliapraia-hotel.com\/es\/actividades\/paseo-en-barco\/#primaryimage"},"image":{"@id":"https:\/\/apuliapraia-hotel.com\/es\/actividades\/paseo-en-barco\/#primaryimage"},"thumbnailUrl":"https:\/\/apuliapraia-hotel.com\/wp-content\/uploads\/sites\/512\/2023\/02\/Experiencia_11.jpg","datePublished":"2023-04-26T09:11:11+00:00","dateModified":"2023-06-05T08:17:44+00:00","description":"Emb\u00e1rcate en el paseo en barco de Proriver y disfruta de una actividad en grupo relajante en pleno r\u00edo C\u00e1vado. \u2022 Precio de 12,50\u20ac por persona (2 horas) \u2022 Para grupos entre 10 y 18 personas. .","breadcrumb":{"@id":"https:\/\/apuliapraia-hotel.com\/es\/actividades\/paseo-en-barco\/#breadcrumb"},"inLanguage":"es","potentialAction":[{"@type":"ReadAction","target":["https:\/\/apuliapraia-hotel.com\/es\/actividades\/paseo-en-barco\/"]}]},{"@type":"ImageObject","inLanguage":"es","@id":"https:\/\/apuliapraia-hotel.com\/es\/actividades\/paseo-en-barco\/#primaryimage","url":"https:\/\/apuliapraia-hotel.com\/wp-content\/uploads\/sites\/512\/2023\/02\/Experiencia_11.jpg","contentUrl":"https:\/\/apuliapraia-hotel.com\/wp-content\/uploads\/sites\/512\/2023\/02\/Experiencia_11.jpg","width":1200,"height":800},{"@type":"BreadcrumbList","@id":"https:\/\/apuliapraia-hotel.com\/es\/actividades\/paseo-en-barco\/#breadcrumb","itemListElement":[{"@type":"ListItem","position":1,"name":"Home","item":"https:\/\/apuliapraia-hotel.com\/es\/"},{"@type":"ListItem","position":2,"name":"Actividades","item":"https:\/\/apuliapraia-hotel.com\/es\/actividades\/"},{"@type":"ListItem","position":3,"name":"Paseo en barco"}]},{"@type":"WebSite","@id":"https:\/\/apuliapraia-hotel.com\/es\/#website","url":"https:\/\/apuliapraia-hotel.com\/es\/","name":"Apulia Praia Hotel","description":"","potentialAction":[{"@type":"SearchAction","target":{"@type":"EntryPoint","urlTemplate":"https:\/\/apuliapraia-hotel.com\/es\/?s={search_term_string}"},"query-input":{"@type":"PropertyValueSpecification","valueRequired":true,"valueName":"search_term_string"}}],"inLanguage":"es"}]}},"acf":[],"_links":{"self":[{"href":"https:\/\/apuliapraia-hotel.com\/es\/wp-json\/wp\/v2\/pages\/567","targetHints":{"allow":["GET"]}}],"collection":[{"href":"https:\/\/apuliapraia-hotel.com\/es\/wp-json\/wp\/v2\/pages"}],"about":[{"href":"https:\/\/apuliapraia-hotel.com\/es\/wp-json\/wp\/v2\/types\/page"}],"author":[{"embeddable":true,"href":"https:\/\/apuliapraia-hotel.com\/es\/wp-json\/wp\/v2\/users\/565"}],"replies":[{"embeddable":true,"href":"https:\/\/apuliapraia-hotel.com\/es\/wp-json\/wp\/v2\/comments?post=567"}],"version-history":[{"count":0,"href":"https:\/\/apuliapraia-hotel.com\/es\/wp-json\/wp\/v2\/pages\/567\/revisions"}],"up":[{"embeddable":true,"href":"https:\/\/apuliapraia-hotel.com\/es\/wp-json\/wp\/v2\/pages\/549"}],"wp:featuredmedia":[{"embeddable":true,"href":"https:\/\/apuliapraia-hotel.com\/es\/wp-json\/wp\/v2\/media\/323"}],"wp:attachment":[{"href":"https:\/\/apuliapraia-hotel.com\/es\/wp-json\/wp\/v2\/media?parent=567"}],"curies":[{"name":"wp","href":"https:\/\/api.w.org\/{rel}","templated":true}]}}