{"id":556,"date":"2023-04-26T09:10:02","date_gmt":"2023-04-26T09:10:02","guid":{"rendered":"https:\/\/apuliapraia-hotel.com\/?page_id=556"},"modified":"2023-06-05T08:17:02","modified_gmt":"2023-06-05T08:17:02","slug":"golf","status":"publish","type":"page","link":"https:\/\/apuliapraia-hotel.com\/es\/actividades\/golf\/","title":{"rendered":"Golf"},"content":{"rendered":"<p>Para los m\u00e1s experimentados que no pierden una oportunidad para estimular su t\u00e9cnica y concentraci\u00f3n, los desafiantes campos de golf de la regi\u00f3n son el escenario ideal.<\/p>\n<ul>\n<li>75\u20ac por persona &#8211; Estela Golf Club (18 hoyos) &#8211; se requiere tener un handicap<\/li>\n<li>45\u20ac por persona &#8211; Golf Quinta da Barca (9 hoyos)<\/li>\n<li>Se requiere el uso de ropa c\u00f3moda.<\/li>\n<\/ul>\n","protected":false},"excerpt":{"rendered":"<p>Para los m\u00e1s experimentados que no pierden una oportunidad para estimular su t\u00e9cnica y concentraci\u00f3n, los desafiantes campos de golf de la regi\u00f3n son el escenario ideal. 75\u20ac por persona &#8211; Estela Golf Club (18 hoyos) &#8211; se requiere tener un handicap 45\u20ac por persona &#8211; Golf Quinta da Barca (9 hoyos) Se requiere el [&hellip;]<\/p>\n","protected":false},"author":565,"featured_media":245,"parent":549,"menu_order":13,"comment_status":"closed","ping_status":"closed","template":"template-default-4.php","meta":{"footnotes":""},"class_list":["post-556","page","type-page","status-publish","has-post-thumbnail","hentry"],"yoast_head":"<!-- This site is optimized with the Yoast SEO plugin v26.9 - https:\/\/yoast.com\/product\/yoast-seo-wordpress\/ -->\n<title>Golf - Apulia Praia Hotel -<\/title>\n<meta name=\"description\" content=\"Para los m\u00e1s experimentados que no pierden una oportunidad para estimular su t\u00e9cnica y concentraci\u00f3n, los desafiantes campos de golf de la regi\u00f3n son el escenario ideal.   75\u20ac por persona - Estela Golf Club (18 hoyos) - se requiere tener un handicap  45\u20ac por persona - Golf Quinta da Barca (9 hoyos)  Se requiere el uso de ropa c\u00f3moda. .\" \/>\n<meta name=\"robots\" content=\"index, follow, max-snippet:-1, max-image-preview:large, max-video-preview:-1\" \/>\n<link rel=\"canonical\" href=\"https:\/\/apuliapraia-hotel.com\/es\/actividades\/golf\/\" \/>\n<meta property=\"og:locale\" content=\"es_ES\" \/>\n<meta property=\"og:type\" content=\"article\" \/>\n<meta property=\"og:title\" content=\"Golf - Apulia Praia Hotel -\" \/>\n<meta property=\"og:description\" content=\"Para los m\u00e1s experimentados que no pierden una oportunidad para estimular su t\u00e9cnica y concentraci\u00f3n, los desafiantes campos de golf de la regi\u00f3n son el escenario ideal.   75\u20ac por persona - Estela Golf Club (18 hoyos) - se requiere tener un handicap  45\u20ac por persona - Golf Quinta da Barca (9 hoyos)  Se requiere el uso de ropa c\u00f3moda. .\" \/>\n<meta property=\"og:url\" content=\"https:\/\/apuliapraia-hotel.com\/es\/actividades\/golf\/\" \/>\n<meta property=\"og:site_name\" content=\"Apulia Praia Hotel\" \/>\n<meta property=\"article:modified_time\" content=\"2023-06-05T08:17:02+00:00\" \/>\n<meta property=\"og:image\" content=\"https:\/\/apuliapraia-hotel.com\/wp-content\/uploads\/sites\/512\/2023\/01\/Experiencia_04.jpg\" \/>\n\t<meta property=\"og:image:width\" content=\"940\" \/>\n\t<meta property=\"og:image:height\" content=\"788\" \/>\n\t<meta property=\"og:image:type\" content=\"image\/jpeg\" \/>\n<meta name=\"twitter:card\" content=\"summary_large_image\" \/>\n<meta name=\"twitter:label1\" content=\"Tiempo de lectura\" \/>\n\t<meta name=\"twitter:data1\" content=\"1 minuto\" \/>\n<script type=\"application\/ld+json\" class=\"yoast-schema-graph\">{\"@context\":\"https:\/\/schema.org\",\"@graph\":[{\"@type\":\"WebPage\",\"@id\":\"https:\/\/apuliapraia-hotel.com\/es\/actividades\/golf\/\",\"url\":\"https:\/\/apuliapraia-hotel.com\/es\/actividades\/golf\/\",\"name\":\"Golf - Apulia Praia Hotel -\",\"isPartOf\":{\"@id\":\"https:\/\/apuliapraia-hotel.com\/es\/#website\"},\"primaryImageOfPage\":{\"@id\":\"https:\/\/apuliapraia-hotel.com\/es\/actividades\/golf\/#primaryimage\"},\"image\":{\"@id\":\"https:\/\/apuliapraia-hotel.com\/es\/actividades\/golf\/#primaryimage\"},\"thumbnailUrl\":\"https:\/\/apuliapraia-hotel.com\/wp-content\/uploads\/sites\/512\/2023\/01\/Experiencia_04.jpg\",\"datePublished\":\"2023-04-26T09:10:02+00:00\",\"dateModified\":\"2023-06-05T08:17:02+00:00\",\"description\":\"Para los m\u00e1s experimentados que no pierden una oportunidad para estimular su t\u00e9cnica y concentraci\u00f3n, los desafiantes campos de golf de la regi\u00f3n son el escenario ideal. \u2022 75\u20ac por persona - Estela Golf Club (18 hoyos) - se requiere tener un handicap \u2022 45\u20ac por persona - Golf Quinta da Barca (9 hoyos) \u2022 Se requiere el uso de ropa c\u00f3moda. .\",\"breadcrumb\":{\"@id\":\"https:\/\/apuliapraia-hotel.com\/es\/actividades\/golf\/#breadcrumb\"},\"inLanguage\":\"es\",\"potentialAction\":[{\"@type\":\"ReadAction\",\"target\":[\"https:\/\/apuliapraia-hotel.com\/es\/actividades\/golf\/\"]}]},{\"@type\":\"ImageObject\",\"inLanguage\":\"es\",\"@id\":\"https:\/\/apuliapraia-hotel.com\/es\/actividades\/golf\/#primaryimage\",\"url\":\"https:\/\/apuliapraia-hotel.com\/wp-content\/uploads\/sites\/512\/2023\/01\/Experiencia_04.jpg\",\"contentUrl\":\"https:\/\/apuliapraia-hotel.com\/wp-content\/uploads\/sites\/512\/2023\/01\/Experiencia_04.jpg\",\"width\":940,\"height\":788},{\"@type\":\"BreadcrumbList\",\"@id\":\"https:\/\/apuliapraia-hotel.com\/es\/actividades\/golf\/#breadcrumb\",\"itemListElement\":[{\"@type\":\"ListItem\",\"position\":1,\"name\":\"Home\",\"item\":\"https:\/\/apuliapraia-hotel.com\/es\/\"},{\"@type\":\"ListItem\",\"position\":2,\"name\":\"Actividades\",\"item\":\"https:\/\/apuliapraia-hotel.com\/es\/actividades\/\"},{\"@type\":\"ListItem\",\"position\":3,\"name\":\"Golf\"}]},{\"@type\":\"WebSite\",\"@id\":\"https:\/\/apuliapraia-hotel.com\/es\/#website\",\"url\":\"https:\/\/apuliapraia-hotel.com\/es\/\",\"name\":\"Apulia Praia Hotel\",\"description\":\"\",\"potentialAction\":[{\"@type\":\"SearchAction\",\"target\":{\"@type\":\"EntryPoint\",\"urlTemplate\":\"https:\/\/apuliapraia-hotel.com\/es\/?s={search_term_string}\"},\"query-input\":{\"@type\":\"PropertyValueSpecification\",\"valueRequired\":true,\"valueName\":\"search_term_string\"}}],\"inLanguage\":\"es\"}]}<\/script>\n<!-- \/ Yoast SEO plugin. -->","yoast_head_json":{"title":"Golf - Apulia Praia Hotel -","description":"Para los m\u00e1s experimentados que no pierden una oportunidad para estimular su t\u00e9cnica y concentraci\u00f3n, los desafiantes campos de golf de la regi\u00f3n son el escenario ideal.   75\u20ac por persona - Estela Golf Club (18 hoyos) - se requiere tener un handicap  45\u20ac por persona - Golf Quinta da Barca (9 hoyos)  Se requiere el uso de ropa c\u00f3moda. .","robots":{"index":"index","follow":"follow","max-snippet":"max-snippet:-1","max-image-preview":"max-image-preview:large","max-video-preview":"max-video-preview:-1"},"canonical":"https:\/\/apuliapraia-hotel.com\/es\/actividades\/golf\/","og_locale":"es_ES","og_type":"article","og_title":"Golf - Apulia Praia Hotel -","og_description":"Para los m\u00e1s experimentados que no pierden una oportunidad para estimular su t\u00e9cnica y concentraci\u00f3n, los desafiantes campos de golf de la regi\u00f3n son el escenario ideal.   75\u20ac por persona - Estela Golf Club (18 hoyos) - se requiere tener un handicap  45\u20ac por persona - Golf Quinta da Barca (9 hoyos)  Se requiere el uso de ropa c\u00f3moda. .","og_url":"https:\/\/apuliapraia-hotel.com\/es\/actividades\/golf\/","og_site_name":"Apulia Praia Hotel","article_modified_time":"2023-06-05T08:17:02+00:00","og_image":[{"width":940,"height":788,"url":"https:\/\/apuliapraia-hotel.com\/wp-content\/uploads\/sites\/512\/2023\/01\/Experiencia_04.jpg","type":"image\/jpeg"}],"twitter_card":"summary_large_image","twitter_misc":{"Tiempo de lectura":"1 minuto"},"schema":{"@context":"https:\/\/schema.org","@graph":[{"@type":"WebPage","@id":"https:\/\/apuliapraia-hotel.com\/es\/actividades\/golf\/","url":"https:\/\/apuliapraia-hotel.com\/es\/actividades\/golf\/","name":"Golf - Apulia Praia Hotel -","isPartOf":{"@id":"https:\/\/apuliapraia-hotel.com\/es\/#website"},"primaryImageOfPage":{"@id":"https:\/\/apuliapraia-hotel.com\/es\/actividades\/golf\/#primaryimage"},"image":{"@id":"https:\/\/apuliapraia-hotel.com\/es\/actividades\/golf\/#primaryimage"},"thumbnailUrl":"https:\/\/apuliapraia-hotel.com\/wp-content\/uploads\/sites\/512\/2023\/01\/Experiencia_04.jpg","datePublished":"2023-04-26T09:10:02+00:00","dateModified":"2023-06-05T08:17:02+00:00","description":"Para los m\u00e1s experimentados que no pierden una oportunidad para estimular su t\u00e9cnica y concentraci\u00f3n, los desafiantes campos de golf de la regi\u00f3n son el escenario ideal. \u2022 75\u20ac por persona - Estela Golf Club (18 hoyos) - se requiere tener un handicap \u2022 45\u20ac por persona - Golf Quinta da Barca (9 hoyos) \u2022 Se requiere el uso de ropa c\u00f3moda. .","breadcrumb":{"@id":"https:\/\/apuliapraia-hotel.com\/es\/actividades\/golf\/#breadcrumb"},"inLanguage":"es","potentialAction":[{"@type":"ReadAction","target":["https:\/\/apuliapraia-hotel.com\/es\/actividades\/golf\/"]}]},{"@type":"ImageObject","inLanguage":"es","@id":"https:\/\/apuliapraia-hotel.com\/es\/actividades\/golf\/#primaryimage","url":"https:\/\/apuliapraia-hotel.com\/wp-content\/uploads\/sites\/512\/2023\/01\/Experiencia_04.jpg","contentUrl":"https:\/\/apuliapraia-hotel.com\/wp-content\/uploads\/sites\/512\/2023\/01\/Experiencia_04.jpg","width":940,"height":788},{"@type":"BreadcrumbList","@id":"https:\/\/apuliapraia-hotel.com\/es\/actividades\/golf\/#breadcrumb","itemListElement":[{"@type":"ListItem","position":1,"name":"Home","item":"https:\/\/apuliapraia-hotel.com\/es\/"},{"@type":"ListItem","position":2,"name":"Actividades","item":"https:\/\/apuliapraia-hotel.com\/es\/actividades\/"},{"@type":"ListItem","position":3,"name":"Golf"}]},{"@type":"WebSite","@id":"https:\/\/apuliapraia-hotel.com\/es\/#website","url":"https:\/\/apuliapraia-hotel.com\/es\/","name":"Apulia Praia Hotel","description":"","potentialAction":[{"@type":"SearchAction","target":{"@type":"EntryPoint","urlTemplate":"https:\/\/apuliapraia-hotel.com\/es\/?s={search_term_string}"},"query-input":{"@type":"PropertyValueSpecification","valueRequired":true,"valueName":"search_term_string"}}],"inLanguage":"es"}]}},"acf":[],"_links":{"self":[{"href":"https:\/\/apuliapraia-hotel.com\/es\/wp-json\/wp\/v2\/pages\/556","targetHints":{"allow":["GET"]}}],"collection":[{"href":"https:\/\/apuliapraia-hotel.com\/es\/wp-json\/wp\/v2\/pages"}],"about":[{"href":"https:\/\/apuliapraia-hotel.com\/es\/wp-json\/wp\/v2\/types\/page"}],"author":[{"embeddable":true,"href":"https:\/\/apuliapraia-hotel.com\/es\/wp-json\/wp\/v2\/users\/565"}],"replies":[{"embeddable":true,"href":"https:\/\/apuliapraia-hotel.com\/es\/wp-json\/wp\/v2\/comments?post=556"}],"version-history":[{"count":0,"href":"https:\/\/apuliapraia-hotel.com\/es\/wp-json\/wp\/v2\/pages\/556\/revisions"}],"up":[{"embeddable":true,"href":"https:\/\/apuliapraia-hotel.com\/es\/wp-json\/wp\/v2\/pages\/549"}],"wp:featuredmedia":[{"embeddable":true,"href":"https:\/\/apuliapraia-hotel.com\/es\/wp-json\/wp\/v2\/media\/245"}],"wp:attachment":[{"href":"https:\/\/apuliapraia-hotel.com\/es\/wp-json\/wp\/v2\/media?parent=556"}],"curies":[{"name":"wp","href":"https:\/\/api.w.org\/{rel}","templated":true}]}}