{"id":553,"date":"2023-04-26T09:09:18","date_gmt":"2023-04-26T09:09:18","guid":{"rendered":"https:\/\/apuliapraia-hotel.com\/?page_id=553"},"modified":"2023-06-05T08:16:49","modified_gmt":"2023-06-05T08:16:49","slug":"quads","status":"publish","type":"page","link":"https:\/\/apuliapraia-hotel.com\/es\/actividades\/quads\/","title":{"rendered":"Quads"},"content":{"rendered":"<p>Para los amantes de lo radical sobre ruedas, el paseo en quad es la experiencia que buscan.<\/p>\n<ul>\n<li>Desde 120\u20ac por persona<\/li>\n<li>Obligatorio carnet de conducir, categor\u00eda A o B<\/li>\n<li>Reservas con 24 horas de antelaci\u00f3n (mayo a septiembre) o 15 d\u00edas de antelaci\u00f3n (octubre a abril)<\/li>\n<\/ul>\n","protected":false},"excerpt":{"rendered":"<p>Para los amantes de lo radical sobre ruedas, el paseo en quad es la experiencia que buscan. Desde 120\u20ac por persona Obligatorio carnet de conducir, categor\u00eda A o B Reservas con 24 horas de antelaci\u00f3n (mayo a septiembre) o 15 d\u00edas de antelaci\u00f3n (octubre a abril)<\/p>\n","protected":false},"author":565,"featured_media":244,"parent":549,"menu_order":11,"comment_status":"closed","ping_status":"closed","template":"template-default-4.php","meta":{"footnotes":""},"class_list":["post-553","page","type-page","status-publish","has-post-thumbnail","hentry"],"yoast_head":"<!-- This site is optimized with the Yoast SEO plugin v26.9 - https:\/\/yoast.com\/product\/yoast-seo-wordpress\/ -->\n<title>Quads - Apulia Praia Hotel -<\/title>\n<meta name=\"description\" content=\"Para los amantes de lo radical sobre ruedas, el paseo en quad es la experiencia que buscan.   Desde 120\u20ac por persona  Obligatorio carnet de conducir, categor\u00eda A o B  Reservas con 24 horas de antelaci\u00f3n (mayo a septiembre) o 15 d\u00edas de antelaci\u00f3n (octubre a abril) .\" \/>\n<meta name=\"robots\" content=\"index, follow, max-snippet:-1, max-image-preview:large, max-video-preview:-1\" \/>\n<link rel=\"canonical\" href=\"https:\/\/apuliapraia-hotel.com\/es\/actividades\/quads\/\" \/>\n<meta property=\"og:locale\" content=\"es_ES\" \/>\n<meta property=\"og:type\" content=\"article\" \/>\n<meta property=\"og:title\" content=\"Quads - Apulia Praia Hotel -\" \/>\n<meta property=\"og:description\" content=\"Para los amantes de lo radical sobre ruedas, el paseo en quad es la experiencia que buscan.   Desde 120\u20ac por persona  Obligatorio carnet de conducir, categor\u00eda A o B  Reservas con 24 horas de antelaci\u00f3n (mayo a septiembre) o 15 d\u00edas de antelaci\u00f3n (octubre a abril) .\" \/>\n<meta property=\"og:url\" content=\"https:\/\/apuliapraia-hotel.com\/es\/actividades\/quads\/\" \/>\n<meta property=\"og:site_name\" content=\"Apulia Praia Hotel\" \/>\n<meta property=\"article:modified_time\" content=\"2023-06-05T08:16:49+00:00\" \/>\n<meta property=\"og:image\" content=\"https:\/\/apuliapraia-hotel.com\/wp-content\/uploads\/sites\/512\/2023\/01\/Experiencia_02.jpg\" \/>\n\t<meta property=\"og:image:width\" content=\"940\" \/>\n\t<meta property=\"og:image:height\" content=\"788\" \/>\n\t<meta property=\"og:image:type\" content=\"image\/jpeg\" \/>\n<meta name=\"twitter:card\" content=\"summary_large_image\" \/>\n<meta name=\"twitter:label1\" content=\"Tiempo de lectura\" \/>\n\t<meta name=\"twitter:data1\" content=\"1 minuto\" \/>\n<script type=\"application\/ld+json\" class=\"yoast-schema-graph\">{\"@context\":\"https:\/\/schema.org\",\"@graph\":[{\"@type\":\"WebPage\",\"@id\":\"https:\/\/apuliapraia-hotel.com\/es\/actividades\/quads\/\",\"url\":\"https:\/\/apuliapraia-hotel.com\/es\/actividades\/quads\/\",\"name\":\"Quads - Apulia Praia Hotel -\",\"isPartOf\":{\"@id\":\"https:\/\/apuliapraia-hotel.com\/es\/#website\"},\"primaryImageOfPage\":{\"@id\":\"https:\/\/apuliapraia-hotel.com\/es\/actividades\/quads\/#primaryimage\"},\"image\":{\"@id\":\"https:\/\/apuliapraia-hotel.com\/es\/actividades\/quads\/#primaryimage\"},\"thumbnailUrl\":\"https:\/\/apuliapraia-hotel.com\/wp-content\/uploads\/sites\/512\/2023\/01\/Experiencia_02.jpg\",\"datePublished\":\"2023-04-26T09:09:18+00:00\",\"dateModified\":\"2023-06-05T08:16:49+00:00\",\"description\":\"Para los amantes de lo radical sobre ruedas, el paseo en quad es la experiencia que buscan. \u2022 Desde 120\u20ac por persona \u2022 Obligatorio carnet de conducir, categor\u00eda A o B \u2022 Reservas con 24 horas de antelaci\u00f3n (mayo a septiembre) o 15 d\u00edas de antelaci\u00f3n (octubre a abril) .\",\"breadcrumb\":{\"@id\":\"https:\/\/apuliapraia-hotel.com\/es\/actividades\/quads\/#breadcrumb\"},\"inLanguage\":\"es\",\"potentialAction\":[{\"@type\":\"ReadAction\",\"target\":[\"https:\/\/apuliapraia-hotel.com\/es\/actividades\/quads\/\"]}]},{\"@type\":\"ImageObject\",\"inLanguage\":\"es\",\"@id\":\"https:\/\/apuliapraia-hotel.com\/es\/actividades\/quads\/#primaryimage\",\"url\":\"https:\/\/apuliapraia-hotel.com\/wp-content\/uploads\/sites\/512\/2023\/01\/Experiencia_02.jpg\",\"contentUrl\":\"https:\/\/apuliapraia-hotel.com\/wp-content\/uploads\/sites\/512\/2023\/01\/Experiencia_02.jpg\",\"width\":940,\"height\":788},{\"@type\":\"BreadcrumbList\",\"@id\":\"https:\/\/apuliapraia-hotel.com\/es\/actividades\/quads\/#breadcrumb\",\"itemListElement\":[{\"@type\":\"ListItem\",\"position\":1,\"name\":\"Home\",\"item\":\"https:\/\/apuliapraia-hotel.com\/es\/\"},{\"@type\":\"ListItem\",\"position\":2,\"name\":\"Actividades\",\"item\":\"https:\/\/apuliapraia-hotel.com\/es\/actividades\/\"},{\"@type\":\"ListItem\",\"position\":3,\"name\":\"Quads\"}]},{\"@type\":\"WebSite\",\"@id\":\"https:\/\/apuliapraia-hotel.com\/es\/#website\",\"url\":\"https:\/\/apuliapraia-hotel.com\/es\/\",\"name\":\"Apulia Praia Hotel\",\"description\":\"\",\"potentialAction\":[{\"@type\":\"SearchAction\",\"target\":{\"@type\":\"EntryPoint\",\"urlTemplate\":\"https:\/\/apuliapraia-hotel.com\/es\/?s={search_term_string}\"},\"query-input\":{\"@type\":\"PropertyValueSpecification\",\"valueRequired\":true,\"valueName\":\"search_term_string\"}}],\"inLanguage\":\"es\"}]}<\/script>\n<!-- \/ Yoast SEO plugin. -->","yoast_head_json":{"title":"Quads - Apulia Praia Hotel -","description":"Para los amantes de lo radical sobre ruedas, el paseo en quad es la experiencia que buscan.   Desde 120\u20ac por persona  Obligatorio carnet de conducir, categor\u00eda A o B  Reservas con 24 horas de antelaci\u00f3n (mayo a septiembre) o 15 d\u00edas de antelaci\u00f3n (octubre a abril) .","robots":{"index":"index","follow":"follow","max-snippet":"max-snippet:-1","max-image-preview":"max-image-preview:large","max-video-preview":"max-video-preview:-1"},"canonical":"https:\/\/apuliapraia-hotel.com\/es\/actividades\/quads\/","og_locale":"es_ES","og_type":"article","og_title":"Quads - Apulia Praia Hotel -","og_description":"Para los amantes de lo radical sobre ruedas, el paseo en quad es la experiencia que buscan.   Desde 120\u20ac por persona  Obligatorio carnet de conducir, categor\u00eda A o B  Reservas con 24 horas de antelaci\u00f3n (mayo a septiembre) o 15 d\u00edas de antelaci\u00f3n (octubre a abril) .","og_url":"https:\/\/apuliapraia-hotel.com\/es\/actividades\/quads\/","og_site_name":"Apulia Praia Hotel","article_modified_time":"2023-06-05T08:16:49+00:00","og_image":[{"width":940,"height":788,"url":"https:\/\/apuliapraia-hotel.com\/wp-content\/uploads\/sites\/512\/2023\/01\/Experiencia_02.jpg","type":"image\/jpeg"}],"twitter_card":"summary_large_image","twitter_misc":{"Tiempo de lectura":"1 minuto"},"schema":{"@context":"https:\/\/schema.org","@graph":[{"@type":"WebPage","@id":"https:\/\/apuliapraia-hotel.com\/es\/actividades\/quads\/","url":"https:\/\/apuliapraia-hotel.com\/es\/actividades\/quads\/","name":"Quads - Apulia Praia Hotel -","isPartOf":{"@id":"https:\/\/apuliapraia-hotel.com\/es\/#website"},"primaryImageOfPage":{"@id":"https:\/\/apuliapraia-hotel.com\/es\/actividades\/quads\/#primaryimage"},"image":{"@id":"https:\/\/apuliapraia-hotel.com\/es\/actividades\/quads\/#primaryimage"},"thumbnailUrl":"https:\/\/apuliapraia-hotel.com\/wp-content\/uploads\/sites\/512\/2023\/01\/Experiencia_02.jpg","datePublished":"2023-04-26T09:09:18+00:00","dateModified":"2023-06-05T08:16:49+00:00","description":"Para los amantes de lo radical sobre ruedas, el paseo en quad es la experiencia que buscan. \u2022 Desde 120\u20ac por persona \u2022 Obligatorio carnet de conducir, categor\u00eda A o B \u2022 Reservas con 24 horas de antelaci\u00f3n (mayo a septiembre) o 15 d\u00edas de antelaci\u00f3n (octubre a abril) .","breadcrumb":{"@id":"https:\/\/apuliapraia-hotel.com\/es\/actividades\/quads\/#breadcrumb"},"inLanguage":"es","potentialAction":[{"@type":"ReadAction","target":["https:\/\/apuliapraia-hotel.com\/es\/actividades\/quads\/"]}]},{"@type":"ImageObject","inLanguage":"es","@id":"https:\/\/apuliapraia-hotel.com\/es\/actividades\/quads\/#primaryimage","url":"https:\/\/apuliapraia-hotel.com\/wp-content\/uploads\/sites\/512\/2023\/01\/Experiencia_02.jpg","contentUrl":"https:\/\/apuliapraia-hotel.com\/wp-content\/uploads\/sites\/512\/2023\/01\/Experiencia_02.jpg","width":940,"height":788},{"@type":"BreadcrumbList","@id":"https:\/\/apuliapraia-hotel.com\/es\/actividades\/quads\/#breadcrumb","itemListElement":[{"@type":"ListItem","position":1,"name":"Home","item":"https:\/\/apuliapraia-hotel.com\/es\/"},{"@type":"ListItem","position":2,"name":"Actividades","item":"https:\/\/apuliapraia-hotel.com\/es\/actividades\/"},{"@type":"ListItem","position":3,"name":"Quads"}]},{"@type":"WebSite","@id":"https:\/\/apuliapraia-hotel.com\/es\/#website","url":"https:\/\/apuliapraia-hotel.com\/es\/","name":"Apulia Praia Hotel","description":"","potentialAction":[{"@type":"SearchAction","target":{"@type":"EntryPoint","urlTemplate":"https:\/\/apuliapraia-hotel.com\/es\/?s={search_term_string}"},"query-input":{"@type":"PropertyValueSpecification","valueRequired":true,"valueName":"search_term_string"}}],"inLanguage":"es"}]}},"acf":[],"_links":{"self":[{"href":"https:\/\/apuliapraia-hotel.com\/es\/wp-json\/wp\/v2\/pages\/553","targetHints":{"allow":["GET"]}}],"collection":[{"href":"https:\/\/apuliapraia-hotel.com\/es\/wp-json\/wp\/v2\/pages"}],"about":[{"href":"https:\/\/apuliapraia-hotel.com\/es\/wp-json\/wp\/v2\/types\/page"}],"author":[{"embeddable":true,"href":"https:\/\/apuliapraia-hotel.com\/es\/wp-json\/wp\/v2\/users\/565"}],"replies":[{"embeddable":true,"href":"https:\/\/apuliapraia-hotel.com\/es\/wp-json\/wp\/v2\/comments?post=553"}],"version-history":[{"count":0,"href":"https:\/\/apuliapraia-hotel.com\/es\/wp-json\/wp\/v2\/pages\/553\/revisions"}],"up":[{"embeddable":true,"href":"https:\/\/apuliapraia-hotel.com\/es\/wp-json\/wp\/v2\/pages\/549"}],"wp:featuredmedia":[{"embeddable":true,"href":"https:\/\/apuliapraia-hotel.com\/es\/wp-json\/wp\/v2\/media\/244"}],"wp:attachment":[{"href":"https:\/\/apuliapraia-hotel.com\/es\/wp-json\/wp\/v2\/media?parent=553"}],"curies":[{"name":"wp","href":"https:\/\/api.w.org\/{rel}","templated":true}]}}