{"id":549,"date":"2023-04-26T09:08:20","date_gmt":"2023-04-26T09:08:20","guid":{"rendered":"https:\/\/apuliapraia-hotel.com\/?page_id=549"},"modified":"2023-04-26T09:08:20","modified_gmt":"2023-04-26T09:08:20","slug":"actividades","status":"publish","type":"page","link":"https:\/\/apuliapraia-hotel.com\/es\/actividades\/","title":{"rendered":"Actividades"},"content":{"rendered":"<p>\u00a1Venga a sorprenderse por las <strong>innumerables actividades <\/strong>que nuestra regi\u00f3n tiene para ofrecerle! Le esperan diversas actividades diurnas y nocturnas. D\u00e9jese llevar por la <strong>aventura<\/strong> y venga a <strong>experimentar nuevos escenarios, diferentes gastronom\u00edas<\/strong> y momentos inolvidables. \u00a1En Apulia Praia Hotel, tendr\u00e1 acceso a todo esto y mucho m\u00e1s!<\/p>\n","protected":false},"excerpt":{"rendered":"<p>\u00a1Venga a sorprenderse por las innumerables actividades que nuestra regi\u00f3n tiene para ofrecerle! Le esperan diversas actividades diurnas y nocturnas. D\u00e9jese llevar por la aventura y venga a experimentar nuevos escenarios, diferentes gastronom\u00edas y momentos inolvidables. \u00a1En Apulia Praia Hotel, tendr\u00e1 acceso a todo esto y mucho m\u00e1s!<\/p>\n","protected":false},"author":565,"featured_media":240,"parent":0,"menu_order":8,"comment_status":"closed","ping_status":"closed","template":"template-experiences.php","meta":{"footnotes":""},"class_list":["post-549","page","type-page","status-publish","has-post-thumbnail","hentry"],"yoast_head":"<!-- This site is optimized with the Yoast SEO plugin v26.9 - https:\/\/yoast.com\/product\/yoast-seo-wordpress\/ -->\n<title>Actividades - Apulia Praia Hotel -<\/title>\n<meta name=\"description\" content=\"\u00a1Venga a sorprenderse por las innumerables actividades que nuestra regi\u00f3n tiene para ofrecerle! Le esperan diversas actividades diurnas y nocturnas. D\u00e9jese llevar por la aventura y venga a experimentar nuevos escenarios, diferentes gastronom\u00edas y momentos inolvidables\" \/>\n<meta name=\"robots\" content=\"index, follow, max-snippet:-1, max-image-preview:large, max-video-preview:-1\" \/>\n<link rel=\"canonical\" href=\"https:\/\/apuliapraia-hotel.com\/es\/actividades\/\" \/>\n<meta property=\"og:locale\" content=\"es_ES\" \/>\n<meta property=\"og:type\" content=\"article\" \/>\n<meta property=\"og:title\" content=\"Actividades - Apulia Praia Hotel -\" \/>\n<meta property=\"og:description\" content=\"\u00a1Venga a sorprenderse por las innumerables actividades que nuestra regi\u00f3n tiene para ofrecerle! Le esperan diversas actividades diurnas y nocturnas. D\u00e9jese llevar por la aventura y venga a experimentar nuevos escenarios, diferentes gastronom\u00edas y momentos inolvidables\" \/>\n<meta property=\"og:url\" content=\"https:\/\/apuliapraia-hotel.com\/es\/actividades\/\" \/>\n<meta property=\"og:site_name\" content=\"Apulia Praia Hotel\" \/>\n<meta property=\"og:image\" content=\"https:\/\/apuliapraia-hotel.com\/wp-content\/uploads\/sites\/512\/2023\/01\/Experiencia-03.jpg\" \/>\n\t<meta property=\"og:image:width\" content=\"940\" \/>\n\t<meta property=\"og:image:height\" content=\"788\" \/>\n\t<meta property=\"og:image:type\" content=\"image\/jpeg\" \/>\n<meta name=\"twitter:card\" content=\"summary_large_image\" \/>\n<meta name=\"twitter:label1\" content=\"Tiempo de lectura\" \/>\n\t<meta name=\"twitter:data1\" content=\"1 minuto\" \/>\n<script type=\"application\/ld+json\" class=\"yoast-schema-graph\">{\"@context\":\"https:\/\/schema.org\",\"@graph\":[{\"@type\":\"WebPage\",\"@id\":\"https:\/\/apuliapraia-hotel.com\/es\/actividades\/\",\"url\":\"https:\/\/apuliapraia-hotel.com\/es\/actividades\/\",\"name\":\"Actividades - Apulia Praia Hotel -\",\"isPartOf\":{\"@id\":\"https:\/\/apuliapraia-hotel.com\/es\/#website\"},\"primaryImageOfPage\":{\"@id\":\"https:\/\/apuliapraia-hotel.com\/es\/actividades\/#primaryimage\"},\"image\":{\"@id\":\"https:\/\/apuliapraia-hotel.com\/es\/actividades\/#primaryimage\"},\"thumbnailUrl\":\"https:\/\/apuliapraia-hotel.com\/wp-content\/uploads\/sites\/512\/2023\/01\/Experiencia-03.jpg\",\"datePublished\":\"2023-04-26T09:08:20+00:00\",\"description\":\"\u00a1Venga a sorprenderse por las innumerables actividades que nuestra regi\u00f3n tiene para ofrecerle! Le esperan diversas actividades diurnas y nocturnas. D\u00e9jese llevar por la aventura y venga a experimentar nuevos escenarios, diferentes gastronom\u00edas y momentos inolvidables\",\"breadcrumb\":{\"@id\":\"https:\/\/apuliapraia-hotel.com\/es\/actividades\/#breadcrumb\"},\"inLanguage\":\"es\",\"potentialAction\":[{\"@type\":\"ReadAction\",\"target\":[\"https:\/\/apuliapraia-hotel.com\/es\/actividades\/\"]}]},{\"@type\":\"ImageObject\",\"inLanguage\":\"es\",\"@id\":\"https:\/\/apuliapraia-hotel.com\/es\/actividades\/#primaryimage\",\"url\":\"https:\/\/apuliapraia-hotel.com\/wp-content\/uploads\/sites\/512\/2023\/01\/Experiencia-03.jpg\",\"contentUrl\":\"https:\/\/apuliapraia-hotel.com\/wp-content\/uploads\/sites\/512\/2023\/01\/Experiencia-03.jpg\",\"width\":940,\"height\":788},{\"@type\":\"BreadcrumbList\",\"@id\":\"https:\/\/apuliapraia-hotel.com\/es\/actividades\/#breadcrumb\",\"itemListElement\":[{\"@type\":\"ListItem\",\"position\":1,\"name\":\"Home\",\"item\":\"https:\/\/apuliapraia-hotel.com\/es\/\"},{\"@type\":\"ListItem\",\"position\":2,\"name\":\"Actividades\"}]},{\"@type\":\"WebSite\",\"@id\":\"https:\/\/apuliapraia-hotel.com\/es\/#website\",\"url\":\"https:\/\/apuliapraia-hotel.com\/es\/\",\"name\":\"Apulia Praia Hotel\",\"description\":\"\",\"potentialAction\":[{\"@type\":\"SearchAction\",\"target\":{\"@type\":\"EntryPoint\",\"urlTemplate\":\"https:\/\/apuliapraia-hotel.com\/es\/?s={search_term_string}\"},\"query-input\":{\"@type\":\"PropertyValueSpecification\",\"valueRequired\":true,\"valueName\":\"search_term_string\"}}],\"inLanguage\":\"es\"}]}<\/script>\n<!-- \/ Yoast SEO plugin. -->","yoast_head_json":{"title":"Actividades - Apulia Praia Hotel -","description":"\u00a1Venga a sorprenderse por las innumerables actividades que nuestra regi\u00f3n tiene para ofrecerle! Le esperan diversas actividades diurnas y nocturnas. D\u00e9jese llevar por la aventura y venga a experimentar nuevos escenarios, diferentes gastronom\u00edas y momentos inolvidables","robots":{"index":"index","follow":"follow","max-snippet":"max-snippet:-1","max-image-preview":"max-image-preview:large","max-video-preview":"max-video-preview:-1"},"canonical":"https:\/\/apuliapraia-hotel.com\/es\/actividades\/","og_locale":"es_ES","og_type":"article","og_title":"Actividades - Apulia Praia Hotel -","og_description":"\u00a1Venga a sorprenderse por las innumerables actividades que nuestra regi\u00f3n tiene para ofrecerle! Le esperan diversas actividades diurnas y nocturnas. D\u00e9jese llevar por la aventura y venga a experimentar nuevos escenarios, diferentes gastronom\u00edas y momentos inolvidables","og_url":"https:\/\/apuliapraia-hotel.com\/es\/actividades\/","og_site_name":"Apulia Praia Hotel","og_image":[{"width":940,"height":788,"url":"https:\/\/apuliapraia-hotel.com\/wp-content\/uploads\/sites\/512\/2023\/01\/Experiencia-03.jpg","type":"image\/jpeg"}],"twitter_card":"summary_large_image","twitter_misc":{"Tiempo de lectura":"1 minuto"},"schema":{"@context":"https:\/\/schema.org","@graph":[{"@type":"WebPage","@id":"https:\/\/apuliapraia-hotel.com\/es\/actividades\/","url":"https:\/\/apuliapraia-hotel.com\/es\/actividades\/","name":"Actividades - Apulia Praia Hotel -","isPartOf":{"@id":"https:\/\/apuliapraia-hotel.com\/es\/#website"},"primaryImageOfPage":{"@id":"https:\/\/apuliapraia-hotel.com\/es\/actividades\/#primaryimage"},"image":{"@id":"https:\/\/apuliapraia-hotel.com\/es\/actividades\/#primaryimage"},"thumbnailUrl":"https:\/\/apuliapraia-hotel.com\/wp-content\/uploads\/sites\/512\/2023\/01\/Experiencia-03.jpg","datePublished":"2023-04-26T09:08:20+00:00","description":"\u00a1Venga a sorprenderse por las innumerables actividades que nuestra regi\u00f3n tiene para ofrecerle! Le esperan diversas actividades diurnas y nocturnas. D\u00e9jese llevar por la aventura y venga a experimentar nuevos escenarios, diferentes gastronom\u00edas y momentos inolvidables","breadcrumb":{"@id":"https:\/\/apuliapraia-hotel.com\/es\/actividades\/#breadcrumb"},"inLanguage":"es","potentialAction":[{"@type":"ReadAction","target":["https:\/\/apuliapraia-hotel.com\/es\/actividades\/"]}]},{"@type":"ImageObject","inLanguage":"es","@id":"https:\/\/apuliapraia-hotel.com\/es\/actividades\/#primaryimage","url":"https:\/\/apuliapraia-hotel.com\/wp-content\/uploads\/sites\/512\/2023\/01\/Experiencia-03.jpg","contentUrl":"https:\/\/apuliapraia-hotel.com\/wp-content\/uploads\/sites\/512\/2023\/01\/Experiencia-03.jpg","width":940,"height":788},{"@type":"BreadcrumbList","@id":"https:\/\/apuliapraia-hotel.com\/es\/actividades\/#breadcrumb","itemListElement":[{"@type":"ListItem","position":1,"name":"Home","item":"https:\/\/apuliapraia-hotel.com\/es\/"},{"@type":"ListItem","position":2,"name":"Actividades"}]},{"@type":"WebSite","@id":"https:\/\/apuliapraia-hotel.com\/es\/#website","url":"https:\/\/apuliapraia-hotel.com\/es\/","name":"Apulia Praia Hotel","description":"","potentialAction":[{"@type":"SearchAction","target":{"@type":"EntryPoint","urlTemplate":"https:\/\/apuliapraia-hotel.com\/es\/?s={search_term_string}"},"query-input":{"@type":"PropertyValueSpecification","valueRequired":true,"valueName":"search_term_string"}}],"inLanguage":"es"}]}},"acf":[],"_links":{"self":[{"href":"https:\/\/apuliapraia-hotel.com\/es\/wp-json\/wp\/v2\/pages\/549","targetHints":{"allow":["GET"]}}],"collection":[{"href":"https:\/\/apuliapraia-hotel.com\/es\/wp-json\/wp\/v2\/pages"}],"about":[{"href":"https:\/\/apuliapraia-hotel.com\/es\/wp-json\/wp\/v2\/types\/page"}],"author":[{"embeddable":true,"href":"https:\/\/apuliapraia-hotel.com\/es\/wp-json\/wp\/v2\/users\/565"}],"replies":[{"embeddable":true,"href":"https:\/\/apuliapraia-hotel.com\/es\/wp-json\/wp\/v2\/comments?post=549"}],"version-history":[{"count":0,"href":"https:\/\/apuliapraia-hotel.com\/es\/wp-json\/wp\/v2\/pages\/549\/revisions"}],"wp:featuredmedia":[{"embeddable":true,"href":"https:\/\/apuliapraia-hotel.com\/es\/wp-json\/wp\/v2\/media\/240"}],"wp:attachment":[{"href":"https:\/\/apuliapraia-hotel.com\/es\/wp-json\/wp\/v2\/media?parent=549"}],"curies":[{"name":"wp","href":"https:\/\/api.w.org\/{rel}","templated":true}]}}