{"id":547,"date":"2023-04-26T09:09:31","date_gmt":"2023-04-26T09:09:31","guid":{"rendered":"https:\/\/apuliapraia-hotel.com\/?page_id=547"},"modified":"2024-02-08T16:01:04","modified_gmt":"2024-02-08T16:01:04","slug":"restaurante","status":"publish","type":"page","link":"https:\/\/apuliapraia-hotel.com\/es\/restaurante\/","title":{"rendered":"Restaurante"},"content":{"rendered":"<p style=\"text-align: left\">\u00a1La estancia en\u00a0 Apulia Praia Hotel le reserva d\u00edas llenos de <strong>experiencias \u00fanicas e inolvidables<\/strong>, y la primera de ellas comienza con nuestro desayuno!<\/p>\n<p>Todos los d\u00edas podr\u00e1 bajar a la sala del restaurante y disfrutar de un <strong>desayuno rico y variado<\/strong>, dispuesto en <strong>servicio de buffet<\/strong> y cuidadosamente preparado para agradar a todos los gustos (o intolerancias). Tambi\u00e9n tendr\u00e1 la posibilidad de elegir tomar su desayuno en la comodidad de su habitaci\u00f3n con nuestro<strong> servicio de habitaciones<\/strong>.<\/p>\n<p>Para empezar el d\u00eda de la mejor manera, encontrar\u00e1 en nuestras cestas diversas variedades de pan, que podr\u00e1 endulzar y rellenar con quesos y embutidos, mantequillas, dulces y mermeladas. Tambi\u00e9n podr\u00e1 disfrutar de una selecci\u00f3n de pasteler\u00eda, de <strong>fabricaci\u00f3n propia<\/strong>, que llega directamente del horno a su mesa.<\/p>\n<p>Para equilibrar, un buen yogur, acompa\u00f1ado de granola y otros cereales, adem\u00e1s de una variedad de frutas, ya cortadas por nuestro equipo. No dejamos de lado los zumos de frutas y una buena cafeter\u00eda, para que<strong> empiece su d\u00eda con toda la energ\u00eda.<\/strong><\/p>\n","protected":false},"excerpt":{"rendered":"<p>\u00a1La estancia en\u00a0 Apulia Praia Hotel le reserva d\u00edas llenos de experiencias \u00fanicas e inolvidables, y la primera de ellas comienza con nuestro desayuno! Todos los d\u00edas podr\u00e1 bajar a la sala del restaurante y disfrutar de un desayuno rico y variado, dispuesto en servicio de buffet y cuidadosamente preparado para agradar a todos los [&hellip;]<\/p>\n","protected":false},"author":565,"featured_media":55,"parent":0,"menu_order":6,"comment_status":"closed","ping_status":"closed","template":"template-single-restaurant.php","meta":{"footnotes":""},"class_list":["post-547","page","type-page","status-publish","has-post-thumbnail","hentry"],"yoast_head":"<!-- This site is optimized with the Yoast SEO plugin v26.9 - https:\/\/yoast.com\/product\/yoast-seo-wordpress\/ -->\n<title>Restaurante - Apulia Praia Hotel -<\/title>\n<meta name=\"description\" content=\"\u00a1La estancia en\u00a0 Apulia Praia Hotel le reserva d\u00edas llenos de experiencias \u00fanicas e inolvidables, y la primera de ellas comienza con nuestro desayuno! Todos los d\u00edas podr\u00e1 bajar a la sala del restaurante y disfrutar de un desayuno rico y variado, dispuesto en servicio de buffet y cuidadosamente preparado para agradar a todos los gustos (o intolerancias). Tambi\u00e9n tendr\u00e1 la posibilidad de elegir tomar su desayuno en la comodidad de su habitaci\u00f3n con nuestro servicio de habitaciones.  Para empezar el d\u00eda de la mejor manera, encontrar\u00e1 en nuestras cestas diversas variedades de pan, que podr\u00e1 endulzar y rellenar con quesos y embutidos, mantequillas, dulces y mermeladas\" \/>\n<meta name=\"robots\" content=\"index, follow, max-snippet:-1, max-image-preview:large, max-video-preview:-1\" \/>\n<link rel=\"canonical\" href=\"https:\/\/apuliapraia-hotel.com\/es\/restaurante\/\" \/>\n<meta property=\"og:locale\" content=\"es_ES\" \/>\n<meta property=\"og:type\" content=\"article\" \/>\n<meta property=\"og:title\" content=\"Restaurante - Apulia Praia Hotel -\" \/>\n<meta property=\"og:description\" content=\"\u00a1La estancia en\u00a0 Apulia Praia Hotel le reserva d\u00edas llenos de experiencias \u00fanicas e inolvidables, y la primera de ellas comienza con nuestro desayuno! Todos los d\u00edas podr\u00e1 bajar a la sala del restaurante y disfrutar de un desayuno rico y variado, dispuesto en servicio de buffet y cuidadosamente preparado para agradar a todos los gustos (o intolerancias). Tambi\u00e9n tendr\u00e1 la posibilidad de elegir tomar su desayuno en la comodidad de su habitaci\u00f3n con nuestro servicio de habitaciones.  Para empezar el d\u00eda de la mejor manera, encontrar\u00e1 en nuestras cestas diversas variedades de pan, que podr\u00e1 endulzar y rellenar con quesos y embutidos, mantequillas, dulces y mermeladas\" \/>\n<meta property=\"og:url\" content=\"https:\/\/apuliapraia-hotel.com\/es\/restaurante\/\" \/>\n<meta property=\"og:site_name\" content=\"Apulia Praia Hotel\" \/>\n<meta property=\"article:modified_time\" content=\"2024-02-08T16:01:04+00:00\" \/>\n<meta property=\"og:image\" content=\"https:\/\/apuliapraia-hotel.com\/wp-content\/uploads\/sites\/512\/2022\/12\/Restaurante_2_thumb.jpg\" \/>\n\t<meta property=\"og:image:width\" content=\"1200\" \/>\n\t<meta property=\"og:image:height\" content=\"800\" \/>\n\t<meta property=\"og:image:type\" content=\"image\/jpeg\" \/>\n<meta name=\"twitter:card\" content=\"summary_large_image\" \/>\n<meta name=\"twitter:label1\" content=\"Tiempo de lectura\" \/>\n\t<meta name=\"twitter:data1\" content=\"1 minuto\" \/>\n<script type=\"application\/ld+json\" class=\"yoast-schema-graph\">{\"@context\":\"https:\/\/schema.org\",\"@graph\":[{\"@type\":\"WebPage\",\"@id\":\"https:\/\/apuliapraia-hotel.com\/es\/restaurante\/\",\"url\":\"https:\/\/apuliapraia-hotel.com\/es\/restaurante\/\",\"name\":\"Restaurante - Apulia Praia Hotel -\",\"isPartOf\":{\"@id\":\"https:\/\/apuliapraia-hotel.com\/es\/#website\"},\"primaryImageOfPage\":{\"@id\":\"https:\/\/apuliapraia-hotel.com\/es\/restaurante\/#primaryimage\"},\"image\":{\"@id\":\"https:\/\/apuliapraia-hotel.com\/es\/restaurante\/#primaryimage\"},\"thumbnailUrl\":\"https:\/\/apuliapraia-hotel.com\/wp-content\/uploads\/sites\/512\/2022\/12\/Restaurante_2_thumb.jpg\",\"datePublished\":\"2023-04-26T09:09:31+00:00\",\"dateModified\":\"2024-02-08T16:01:04+00:00\",\"description\":\"\u00a1La estancia en\u00a0 Apulia Praia Hotel le reserva d\u00edas llenos de experiencias \u00fanicas e inolvidables, y la primera de ellas comienza con nuestro desayuno! Todos los d\u00edas podr\u00e1 bajar a la sala del restaurante y disfrutar de un desayuno rico y variado, dispuesto en servicio de buffet y cuidadosamente preparado para agradar a todos los gustos (o intolerancias). Tambi\u00e9n tendr\u00e1 la posibilidad de elegir tomar su desayuno en la comodidad de su habitaci\u00f3n con nuestro servicio de habitaciones. Para empezar el d\u00eda de la mejor manera, encontrar\u00e1 en nuestras cestas diversas variedades de pan, que podr\u00e1 endulzar y rellenar con quesos y embutidos, mantequillas, dulces y mermeladas\",\"breadcrumb\":{\"@id\":\"https:\/\/apuliapraia-hotel.com\/es\/restaurante\/#breadcrumb\"},\"inLanguage\":\"es\",\"potentialAction\":[{\"@type\":\"ReadAction\",\"target\":[\"https:\/\/apuliapraia-hotel.com\/es\/restaurante\/\"]}]},{\"@type\":\"ImageObject\",\"inLanguage\":\"es\",\"@id\":\"https:\/\/apuliapraia-hotel.com\/es\/restaurante\/#primaryimage\",\"url\":\"https:\/\/apuliapraia-hotel.com\/wp-content\/uploads\/sites\/512\/2022\/12\/Restaurante_2_thumb.jpg\",\"contentUrl\":\"https:\/\/apuliapraia-hotel.com\/wp-content\/uploads\/sites\/512\/2022\/12\/Restaurante_2_thumb.jpg\",\"width\":1200,\"height\":800},{\"@type\":\"BreadcrumbList\",\"@id\":\"https:\/\/apuliapraia-hotel.com\/es\/restaurante\/#breadcrumb\",\"itemListElement\":[{\"@type\":\"ListItem\",\"position\":1,\"name\":\"Home\",\"item\":\"https:\/\/apuliapraia-hotel.com\/es\/\"},{\"@type\":\"ListItem\",\"position\":2,\"name\":\"Restaurante\"}]},{\"@type\":\"WebSite\",\"@id\":\"https:\/\/apuliapraia-hotel.com\/es\/#website\",\"url\":\"https:\/\/apuliapraia-hotel.com\/es\/\",\"name\":\"Apulia Praia Hotel\",\"description\":\"\",\"potentialAction\":[{\"@type\":\"SearchAction\",\"target\":{\"@type\":\"EntryPoint\",\"urlTemplate\":\"https:\/\/apuliapraia-hotel.com\/es\/?s={search_term_string}\"},\"query-input\":{\"@type\":\"PropertyValueSpecification\",\"valueRequired\":true,\"valueName\":\"search_term_string\"}}],\"inLanguage\":\"es\"}]}<\/script>\n<!-- \/ Yoast SEO plugin. -->","yoast_head_json":{"title":"Restaurante - Apulia Praia Hotel -","description":"\u00a1La estancia en\u00a0 Apulia Praia Hotel le reserva d\u00edas llenos de experiencias \u00fanicas e inolvidables, y la primera de ellas comienza con nuestro desayuno! Todos los d\u00edas podr\u00e1 bajar a la sala del restaurante y disfrutar de un desayuno rico y variado, dispuesto en servicio de buffet y cuidadosamente preparado para agradar a todos los gustos (o intolerancias). Tambi\u00e9n tendr\u00e1 la posibilidad de elegir tomar su desayuno en la comodidad de su habitaci\u00f3n con nuestro servicio de habitaciones.  Para empezar el d\u00eda de la mejor manera, encontrar\u00e1 en nuestras cestas diversas variedades de pan, que podr\u00e1 endulzar y rellenar con quesos y embutidos, mantequillas, dulces y mermeladas","robots":{"index":"index","follow":"follow","max-snippet":"max-snippet:-1","max-image-preview":"max-image-preview:large","max-video-preview":"max-video-preview:-1"},"canonical":"https:\/\/apuliapraia-hotel.com\/es\/restaurante\/","og_locale":"es_ES","og_type":"article","og_title":"Restaurante - Apulia Praia Hotel -","og_description":"\u00a1La estancia en\u00a0 Apulia Praia Hotel le reserva d\u00edas llenos de experiencias \u00fanicas e inolvidables, y la primera de ellas comienza con nuestro desayuno! Todos los d\u00edas podr\u00e1 bajar a la sala del restaurante y disfrutar de un desayuno rico y variado, dispuesto en servicio de buffet y cuidadosamente preparado para agradar a todos los gustos (o intolerancias). Tambi\u00e9n tendr\u00e1 la posibilidad de elegir tomar su desayuno en la comodidad de su habitaci\u00f3n con nuestro servicio de habitaciones.  Para empezar el d\u00eda de la mejor manera, encontrar\u00e1 en nuestras cestas diversas variedades de pan, que podr\u00e1 endulzar y rellenar con quesos y embutidos, mantequillas, dulces y mermeladas","og_url":"https:\/\/apuliapraia-hotel.com\/es\/restaurante\/","og_site_name":"Apulia Praia Hotel","article_modified_time":"2024-02-08T16:01:04+00:00","og_image":[{"width":1200,"height":800,"url":"https:\/\/apuliapraia-hotel.com\/wp-content\/uploads\/sites\/512\/2022\/12\/Restaurante_2_thumb.jpg","type":"image\/jpeg"}],"twitter_card":"summary_large_image","twitter_misc":{"Tiempo de lectura":"1 minuto"},"schema":{"@context":"https:\/\/schema.org","@graph":[{"@type":"WebPage","@id":"https:\/\/apuliapraia-hotel.com\/es\/restaurante\/","url":"https:\/\/apuliapraia-hotel.com\/es\/restaurante\/","name":"Restaurante - Apulia Praia Hotel -","isPartOf":{"@id":"https:\/\/apuliapraia-hotel.com\/es\/#website"},"primaryImageOfPage":{"@id":"https:\/\/apuliapraia-hotel.com\/es\/restaurante\/#primaryimage"},"image":{"@id":"https:\/\/apuliapraia-hotel.com\/es\/restaurante\/#primaryimage"},"thumbnailUrl":"https:\/\/apuliapraia-hotel.com\/wp-content\/uploads\/sites\/512\/2022\/12\/Restaurante_2_thumb.jpg","datePublished":"2023-04-26T09:09:31+00:00","dateModified":"2024-02-08T16:01:04+00:00","description":"\u00a1La estancia en\u00a0 Apulia Praia Hotel le reserva d\u00edas llenos de experiencias \u00fanicas e inolvidables, y la primera de ellas comienza con nuestro desayuno! Todos los d\u00edas podr\u00e1 bajar a la sala del restaurante y disfrutar de un desayuno rico y variado, dispuesto en servicio de buffet y cuidadosamente preparado para agradar a todos los gustos (o intolerancias). Tambi\u00e9n tendr\u00e1 la posibilidad de elegir tomar su desayuno en la comodidad de su habitaci\u00f3n con nuestro servicio de habitaciones. Para empezar el d\u00eda de la mejor manera, encontrar\u00e1 en nuestras cestas diversas variedades de pan, que podr\u00e1 endulzar y rellenar con quesos y embutidos, mantequillas, dulces y mermeladas","breadcrumb":{"@id":"https:\/\/apuliapraia-hotel.com\/es\/restaurante\/#breadcrumb"},"inLanguage":"es","potentialAction":[{"@type":"ReadAction","target":["https:\/\/apuliapraia-hotel.com\/es\/restaurante\/"]}]},{"@type":"ImageObject","inLanguage":"es","@id":"https:\/\/apuliapraia-hotel.com\/es\/restaurante\/#primaryimage","url":"https:\/\/apuliapraia-hotel.com\/wp-content\/uploads\/sites\/512\/2022\/12\/Restaurante_2_thumb.jpg","contentUrl":"https:\/\/apuliapraia-hotel.com\/wp-content\/uploads\/sites\/512\/2022\/12\/Restaurante_2_thumb.jpg","width":1200,"height":800},{"@type":"BreadcrumbList","@id":"https:\/\/apuliapraia-hotel.com\/es\/restaurante\/#breadcrumb","itemListElement":[{"@type":"ListItem","position":1,"name":"Home","item":"https:\/\/apuliapraia-hotel.com\/es\/"},{"@type":"ListItem","position":2,"name":"Restaurante"}]},{"@type":"WebSite","@id":"https:\/\/apuliapraia-hotel.com\/es\/#website","url":"https:\/\/apuliapraia-hotel.com\/es\/","name":"Apulia Praia Hotel","description":"","potentialAction":[{"@type":"SearchAction","target":{"@type":"EntryPoint","urlTemplate":"https:\/\/apuliapraia-hotel.com\/es\/?s={search_term_string}"},"query-input":{"@type":"PropertyValueSpecification","valueRequired":true,"valueName":"search_term_string"}}],"inLanguage":"es"}]}},"acf":[],"_links":{"self":[{"href":"https:\/\/apuliapraia-hotel.com\/es\/wp-json\/wp\/v2\/pages\/547","targetHints":{"allow":["GET"]}}],"collection":[{"href":"https:\/\/apuliapraia-hotel.com\/es\/wp-json\/wp\/v2\/pages"}],"about":[{"href":"https:\/\/apuliapraia-hotel.com\/es\/wp-json\/wp\/v2\/types\/page"}],"author":[{"embeddable":true,"href":"https:\/\/apuliapraia-hotel.com\/es\/wp-json\/wp\/v2\/users\/565"}],"replies":[{"embeddable":true,"href":"https:\/\/apuliapraia-hotel.com\/es\/wp-json\/wp\/v2\/comments?post=547"}],"version-history":[{"count":0,"href":"https:\/\/apuliapraia-hotel.com\/es\/wp-json\/wp\/v2\/pages\/547\/revisions"}],"wp:featuredmedia":[{"embeddable":true,"href":"https:\/\/apuliapraia-hotel.com\/es\/wp-json\/wp\/v2\/media\/55"}],"wp:attachment":[{"href":"https:\/\/apuliapraia-hotel.com\/es\/wp-json\/wp\/v2\/media?parent=547"}],"curies":[{"name":"wp","href":"https:\/\/api.w.org\/{rel}","templated":true}]}}