{"id":545,"date":"2023-04-26T09:07:34","date_gmt":"2023-04-26T09:07:34","guid":{"rendered":"https:\/\/apuliapraia-hotel.com\/?page_id=545"},"modified":"2023-04-26T09:07:34","modified_gmt":"2023-04-26T09:07:34","slug":"romantica","status":"publish","type":"page","link":"https:\/\/apuliapraia-hotel.com\/es\/habitaciones\/romantica\/","title":{"rendered":"Romantica"},"content":{"rendered":"<p>Habitaci\u00f3n doble con cama de matrimonio (queen size), especialmente decorada para crear <strong>un ambiente rom\u00e1ntico<\/strong> y apasionante. La estancia en la habitaci\u00f3n rom\u00e1ntica incluye una botella de espumante y bombones como obsequio, as\u00ed como un delicioso desayuno servido en la habitaci\u00f3n. Cuenta con ba\u00f1o privado, productos de higiene personal, secador de pelo, acceso gratuito a internet (Wi-Fi), TV de pantalla plana, aire acondicionado, tel\u00e9fono, caja fuerte, minibar, hervidor de agua y escritorio.<\/p>\n","protected":false},"excerpt":{"rendered":"<p>Habitaci\u00f3n doble con cama de matrimonio (queen size), especialmente decorada para crear un ambiente rom\u00e1ntico y apasionante. La estancia en la habitaci\u00f3n rom\u00e1ntica incluye una botella de espumante y bombones como obsequio, as\u00ed como un delicioso desayuno servido en la habitaci\u00f3n. Cuenta con ba\u00f1o privado, productos de higiene personal, secador de pelo, acceso gratuito a [&hellip;]<\/p>\n","protected":false},"author":565,"featured_media":346,"parent":537,"menu_order":5,"comment_status":"closed","ping_status":"closed","template":"template-single-room.php","meta":{"footnotes":""},"class_list":["post-545","page","type-page","status-publish","has-post-thumbnail","hentry"],"yoast_head":"<!-- This site is optimized with the Yoast SEO plugin v26.9 - https:\/\/yoast.com\/product\/yoast-seo-wordpress\/ -->\n<title>Romantica - Apulia Praia Hotel -<\/title>\n<meta name=\"description\" content=\"Habitaci\u00f3n doble con cama de matrimonio (queen size), especialmente decorada para crear un ambiente rom\u00e1ntico y apasionante. La estancia en la habitaci\u00f3n rom\u00e1ntica incluye una botella de espumante y bombones como obsequio, as\u00ed como un delicioso desayuno servido en la habitaci\u00f3n\" \/>\n<meta name=\"robots\" content=\"index, follow, max-snippet:-1, max-image-preview:large, max-video-preview:-1\" \/>\n<link rel=\"canonical\" href=\"https:\/\/apuliapraia-hotel.com\/es\/habitaciones\/romantica\/\" \/>\n<meta property=\"og:locale\" content=\"es_ES\" \/>\n<meta property=\"og:type\" content=\"article\" \/>\n<meta property=\"og:title\" content=\"Romantica - Apulia Praia Hotel -\" \/>\n<meta property=\"og:description\" content=\"Habitaci\u00f3n doble con cama de matrimonio (queen size), especialmente decorada para crear un ambiente rom\u00e1ntico y apasionante. La estancia en la habitaci\u00f3n rom\u00e1ntica incluye una botella de espumante y bombones como obsequio, as\u00ed como un delicioso desayuno servido en la habitaci\u00f3n\" \/>\n<meta property=\"og:url\" content=\"https:\/\/apuliapraia-hotel.com\/es\/habitaciones\/romantica\/\" \/>\n<meta property=\"og:site_name\" content=\"Apulia Praia Hotel\" \/>\n<meta property=\"og:image\" content=\"https:\/\/apuliapraia-hotel.com\/wp-content\/uploads\/sites\/512\/2023\/02\/Quarto_Romantico3_thumb.jpg\" \/>\n\t<meta property=\"og:image:width\" content=\"1200\" \/>\n\t<meta property=\"og:image:height\" content=\"800\" \/>\n\t<meta property=\"og:image:type\" content=\"image\/jpeg\" \/>\n<meta name=\"twitter:card\" content=\"summary_large_image\" \/>\n<meta name=\"twitter:label1\" content=\"Tiempo de lectura\" \/>\n\t<meta name=\"twitter:data1\" content=\"1 minuto\" \/>\n<script type=\"application\/ld+json\" class=\"yoast-schema-graph\">{\"@context\":\"https:\/\/schema.org\",\"@graph\":[{\"@type\":\"WebPage\",\"@id\":\"https:\/\/apuliapraia-hotel.com\/es\/habitaciones\/romantica\/\",\"url\":\"https:\/\/apuliapraia-hotel.com\/es\/habitaciones\/romantica\/\",\"name\":\"Romantica - Apulia Praia Hotel -\",\"isPartOf\":{\"@id\":\"https:\/\/apuliapraia-hotel.com\/es\/#website\"},\"primaryImageOfPage\":{\"@id\":\"https:\/\/apuliapraia-hotel.com\/es\/habitaciones\/romantica\/#primaryimage\"},\"image\":{\"@id\":\"https:\/\/apuliapraia-hotel.com\/es\/habitaciones\/romantica\/#primaryimage\"},\"thumbnailUrl\":\"https:\/\/apuliapraia-hotel.com\/wp-content\/uploads\/sites\/512\/2023\/02\/Quarto_Romantico3_thumb.jpg\",\"datePublished\":\"2023-04-26T09:07:34+00:00\",\"description\":\"Habitaci\u00f3n doble con cama de matrimonio (queen size), especialmente decorada para crear un ambiente rom\u00e1ntico y apasionante. La estancia en la habitaci\u00f3n rom\u00e1ntica incluye una botella de espumante y bombones como obsequio, as\u00ed como un delicioso desayuno servido en la habitaci\u00f3n\",\"breadcrumb\":{\"@id\":\"https:\/\/apuliapraia-hotel.com\/es\/habitaciones\/romantica\/#breadcrumb\"},\"inLanguage\":\"es\",\"potentialAction\":[{\"@type\":\"ReadAction\",\"target\":[\"https:\/\/apuliapraia-hotel.com\/es\/habitaciones\/romantica\/\"]}]},{\"@type\":\"ImageObject\",\"inLanguage\":\"es\",\"@id\":\"https:\/\/apuliapraia-hotel.com\/es\/habitaciones\/romantica\/#primaryimage\",\"url\":\"https:\/\/apuliapraia-hotel.com\/wp-content\/uploads\/sites\/512\/2023\/02\/Quarto_Romantico3_thumb.jpg\",\"contentUrl\":\"https:\/\/apuliapraia-hotel.com\/wp-content\/uploads\/sites\/512\/2023\/02\/Quarto_Romantico3_thumb.jpg\",\"width\":1200,\"height\":800},{\"@type\":\"BreadcrumbList\",\"@id\":\"https:\/\/apuliapraia-hotel.com\/es\/habitaciones\/romantica\/#breadcrumb\",\"itemListElement\":[{\"@type\":\"ListItem\",\"position\":1,\"name\":\"Home\",\"item\":\"https:\/\/apuliapraia-hotel.com\/es\/\"},{\"@type\":\"ListItem\",\"position\":2,\"name\":\"Habitaciones\",\"item\":\"https:\/\/apuliapraia-hotel.com\/es\/habitaciones\/\"},{\"@type\":\"ListItem\",\"position\":3,\"name\":\"Romantica\"}]},{\"@type\":\"WebSite\",\"@id\":\"https:\/\/apuliapraia-hotel.com\/es\/#website\",\"url\":\"https:\/\/apuliapraia-hotel.com\/es\/\",\"name\":\"Apulia Praia Hotel\",\"description\":\"\",\"potentialAction\":[{\"@type\":\"SearchAction\",\"target\":{\"@type\":\"EntryPoint\",\"urlTemplate\":\"https:\/\/apuliapraia-hotel.com\/es\/?s={search_term_string}\"},\"query-input\":{\"@type\":\"PropertyValueSpecification\",\"valueRequired\":true,\"valueName\":\"search_term_string\"}}],\"inLanguage\":\"es\"}]}<\/script>\n<!-- \/ Yoast SEO plugin. -->","yoast_head_json":{"title":"Romantica - Apulia Praia Hotel -","description":"Habitaci\u00f3n doble con cama de matrimonio (queen size), especialmente decorada para crear un ambiente rom\u00e1ntico y apasionante. La estancia en la habitaci\u00f3n rom\u00e1ntica incluye una botella de espumante y bombones como obsequio, as\u00ed como un delicioso desayuno servido en la habitaci\u00f3n","robots":{"index":"index","follow":"follow","max-snippet":"max-snippet:-1","max-image-preview":"max-image-preview:large","max-video-preview":"max-video-preview:-1"},"canonical":"https:\/\/apuliapraia-hotel.com\/es\/habitaciones\/romantica\/","og_locale":"es_ES","og_type":"article","og_title":"Romantica - Apulia Praia Hotel -","og_description":"Habitaci\u00f3n doble con cama de matrimonio (queen size), especialmente decorada para crear un ambiente rom\u00e1ntico y apasionante. La estancia en la habitaci\u00f3n rom\u00e1ntica incluye una botella de espumante y bombones como obsequio, as\u00ed como un delicioso desayuno servido en la habitaci\u00f3n","og_url":"https:\/\/apuliapraia-hotel.com\/es\/habitaciones\/romantica\/","og_site_name":"Apulia Praia Hotel","og_image":[{"width":1200,"height":800,"url":"https:\/\/apuliapraia-hotel.com\/wp-content\/uploads\/sites\/512\/2023\/02\/Quarto_Romantico3_thumb.jpg","type":"image\/jpeg"}],"twitter_card":"summary_large_image","twitter_misc":{"Tiempo de lectura":"1 minuto"},"schema":{"@context":"https:\/\/schema.org","@graph":[{"@type":"WebPage","@id":"https:\/\/apuliapraia-hotel.com\/es\/habitaciones\/romantica\/","url":"https:\/\/apuliapraia-hotel.com\/es\/habitaciones\/romantica\/","name":"Romantica - Apulia Praia Hotel -","isPartOf":{"@id":"https:\/\/apuliapraia-hotel.com\/es\/#website"},"primaryImageOfPage":{"@id":"https:\/\/apuliapraia-hotel.com\/es\/habitaciones\/romantica\/#primaryimage"},"image":{"@id":"https:\/\/apuliapraia-hotel.com\/es\/habitaciones\/romantica\/#primaryimage"},"thumbnailUrl":"https:\/\/apuliapraia-hotel.com\/wp-content\/uploads\/sites\/512\/2023\/02\/Quarto_Romantico3_thumb.jpg","datePublished":"2023-04-26T09:07:34+00:00","description":"Habitaci\u00f3n doble con cama de matrimonio (queen size), especialmente decorada para crear un ambiente rom\u00e1ntico y apasionante. La estancia en la habitaci\u00f3n rom\u00e1ntica incluye una botella de espumante y bombones como obsequio, as\u00ed como un delicioso desayuno servido en la habitaci\u00f3n","breadcrumb":{"@id":"https:\/\/apuliapraia-hotel.com\/es\/habitaciones\/romantica\/#breadcrumb"},"inLanguage":"es","potentialAction":[{"@type":"ReadAction","target":["https:\/\/apuliapraia-hotel.com\/es\/habitaciones\/romantica\/"]}]},{"@type":"ImageObject","inLanguage":"es","@id":"https:\/\/apuliapraia-hotel.com\/es\/habitaciones\/romantica\/#primaryimage","url":"https:\/\/apuliapraia-hotel.com\/wp-content\/uploads\/sites\/512\/2023\/02\/Quarto_Romantico3_thumb.jpg","contentUrl":"https:\/\/apuliapraia-hotel.com\/wp-content\/uploads\/sites\/512\/2023\/02\/Quarto_Romantico3_thumb.jpg","width":1200,"height":800},{"@type":"BreadcrumbList","@id":"https:\/\/apuliapraia-hotel.com\/es\/habitaciones\/romantica\/#breadcrumb","itemListElement":[{"@type":"ListItem","position":1,"name":"Home","item":"https:\/\/apuliapraia-hotel.com\/es\/"},{"@type":"ListItem","position":2,"name":"Habitaciones","item":"https:\/\/apuliapraia-hotel.com\/es\/habitaciones\/"},{"@type":"ListItem","position":3,"name":"Romantica"}]},{"@type":"WebSite","@id":"https:\/\/apuliapraia-hotel.com\/es\/#website","url":"https:\/\/apuliapraia-hotel.com\/es\/","name":"Apulia Praia Hotel","description":"","potentialAction":[{"@type":"SearchAction","target":{"@type":"EntryPoint","urlTemplate":"https:\/\/apuliapraia-hotel.com\/es\/?s={search_term_string}"},"query-input":{"@type":"PropertyValueSpecification","valueRequired":true,"valueName":"search_term_string"}}],"inLanguage":"es"}]}},"acf":[],"_links":{"self":[{"href":"https:\/\/apuliapraia-hotel.com\/es\/wp-json\/wp\/v2\/pages\/545","targetHints":{"allow":["GET"]}}],"collection":[{"href":"https:\/\/apuliapraia-hotel.com\/es\/wp-json\/wp\/v2\/pages"}],"about":[{"href":"https:\/\/apuliapraia-hotel.com\/es\/wp-json\/wp\/v2\/types\/page"}],"author":[{"embeddable":true,"href":"https:\/\/apuliapraia-hotel.com\/es\/wp-json\/wp\/v2\/users\/565"}],"replies":[{"embeddable":true,"href":"https:\/\/apuliapraia-hotel.com\/es\/wp-json\/wp\/v2\/comments?post=545"}],"version-history":[{"count":0,"href":"https:\/\/apuliapraia-hotel.com\/es\/wp-json\/wp\/v2\/pages\/545\/revisions"}],"up":[{"embeddable":true,"href":"https:\/\/apuliapraia-hotel.com\/es\/wp-json\/wp\/v2\/pages\/537"}],"wp:featuredmedia":[{"embeddable":true,"href":"https:\/\/apuliapraia-hotel.com\/es\/wp-json\/wp\/v2\/media\/346"}],"wp:attachment":[{"href":"https:\/\/apuliapraia-hotel.com\/es\/wp-json\/wp\/v2\/media?parent=545"}],"curies":[{"name":"wp","href":"https:\/\/api.w.org\/{rel}","templated":true}]}}