{"id":541,"date":"2023-04-26T09:00:29","date_gmt":"2023-04-26T09:00:29","guid":{"rendered":"https:\/\/apuliapraia-hotel.com\/?page_id=541"},"modified":"2023-04-26T09:00:29","modified_gmt":"2023-04-26T09:00:29","slug":"individual","status":"publish","type":"page","link":"https:\/\/apuliapraia-hotel.com\/es\/habitaciones\/individual\/","title":{"rendered":"Individual"},"content":{"rendered":"<p>Habitaci\u00f3n con dos camas individuales (twin) o cama de matrimonio (queen size), con o sin balc\u00f3n, ba\u00f1o privado, productos de higiene personal y secador de pelo. C\u00f3moda con acceso gratuito a internet (Wi-Fi), equipada con TV de pantalla plana, aire acondicionado, tel\u00e9fono, caja fuerte, minibar, hervidor de agua y escritorio.<\/p>\n","protected":false},"excerpt":{"rendered":"<p>Habitaci\u00f3n con dos camas individuales (twin) o cama de matrimonio (queen size), con o sin balc\u00f3n, ba\u00f1o privado, productos de higiene personal y secador de pelo. C\u00f3moda con acceso gratuito a internet (Wi-Fi), equipada con TV de pantalla plana, aire acondicionado, tel\u00e9fono, caja fuerte, minibar, hervidor de agua y escritorio.<\/p>\n","protected":false},"author":565,"featured_media":23,"parent":537,"menu_order":2,"comment_status":"closed","ping_status":"closed","template":"template-single-room.php","meta":{"footnotes":""},"class_list":["post-541","page","type-page","status-publish","has-post-thumbnail","hentry"],"yoast_head":"<!-- This site is optimized with the Yoast SEO plugin v26.9 - https:\/\/yoast.com\/product\/yoast-seo-wordpress\/ -->\n<title>Individual - Apulia Praia Hotel -<\/title>\n<meta name=\"description\" content=\"Habitaci\u00f3n con dos camas individuales (twin) o cama de matrimonio (queen size), con o sin balc\u00f3n, ba\u00f1o privado, productos de higiene personal y secador de pelo. C\u00f3moda con acceso gratuito a internet (Wi-Fi), equipada con TV de pantalla plana, aire acondicionado, tel\u00e9fono, caja fuerte, minibar, hervidor de agua y escritorio.\" \/>\n<meta name=\"robots\" content=\"index, follow, max-snippet:-1, max-image-preview:large, max-video-preview:-1\" \/>\n<link rel=\"canonical\" href=\"https:\/\/apuliapraia-hotel.com\/es\/habitaciones\/individual\/\" \/>\n<meta property=\"og:locale\" content=\"es_ES\" \/>\n<meta property=\"og:type\" content=\"article\" \/>\n<meta property=\"og:title\" content=\"Individual - Apulia Praia Hotel -\" \/>\n<meta property=\"og:description\" content=\"Habitaci\u00f3n con dos camas individuales (twin) o cama de matrimonio (queen size), con o sin balc\u00f3n, ba\u00f1o privado, productos de higiene personal y secador de pelo. C\u00f3moda con acceso gratuito a internet (Wi-Fi), equipada con TV de pantalla plana, aire acondicionado, tel\u00e9fono, caja fuerte, minibar, hervidor de agua y escritorio.\" \/>\n<meta property=\"og:url\" content=\"https:\/\/apuliapraia-hotel.com\/es\/habitaciones\/individual\/\" \/>\n<meta property=\"og:site_name\" content=\"Apulia Praia Hotel\" \/>\n<meta property=\"og:image\" content=\"https:\/\/apuliapraia-hotel.com\/wp-content\/uploads\/sites\/512\/2022\/12\/Quarto_Single3_thumb.jpg\" \/>\n\t<meta property=\"og:image:width\" content=\"1200\" \/>\n\t<meta property=\"og:image:height\" content=\"800\" \/>\n\t<meta property=\"og:image:type\" content=\"image\/jpeg\" \/>\n<meta name=\"twitter:card\" content=\"summary_large_image\" \/>\n<meta name=\"twitter:label1\" content=\"Tiempo de lectura\" \/>\n\t<meta name=\"twitter:data1\" content=\"1 minuto\" \/>\n<script type=\"application\/ld+json\" class=\"yoast-schema-graph\">{\"@context\":\"https:\/\/schema.org\",\"@graph\":[{\"@type\":\"WebPage\",\"@id\":\"https:\/\/apuliapraia-hotel.com\/es\/habitaciones\/individual\/\",\"url\":\"https:\/\/apuliapraia-hotel.com\/es\/habitaciones\/individual\/\",\"name\":\"Individual - Apulia Praia Hotel -\",\"isPartOf\":{\"@id\":\"https:\/\/apuliapraia-hotel.com\/es\/#website\"},\"primaryImageOfPage\":{\"@id\":\"https:\/\/apuliapraia-hotel.com\/es\/habitaciones\/individual\/#primaryimage\"},\"image\":{\"@id\":\"https:\/\/apuliapraia-hotel.com\/es\/habitaciones\/individual\/#primaryimage\"},\"thumbnailUrl\":\"https:\/\/apuliapraia-hotel.com\/wp-content\/uploads\/sites\/512\/2022\/12\/Quarto_Single3_thumb.jpg\",\"datePublished\":\"2023-04-26T09:00:29+00:00\",\"description\":\"Habitaci\u00f3n con dos camas individuales (twin) o cama de matrimonio (queen size), con o sin balc\u00f3n, ba\u00f1o privado, productos de higiene personal y secador de pelo. C\u00f3moda con acceso gratuito a internet (Wi-Fi), equipada con TV de pantalla plana, aire acondicionado, tel\u00e9fono, caja fuerte, minibar, hervidor de agua y escritorio.\",\"breadcrumb\":{\"@id\":\"https:\/\/apuliapraia-hotel.com\/es\/habitaciones\/individual\/#breadcrumb\"},\"inLanguage\":\"es\",\"potentialAction\":[{\"@type\":\"ReadAction\",\"target\":[\"https:\/\/apuliapraia-hotel.com\/es\/habitaciones\/individual\/\"]}]},{\"@type\":\"ImageObject\",\"inLanguage\":\"es\",\"@id\":\"https:\/\/apuliapraia-hotel.com\/es\/habitaciones\/individual\/#primaryimage\",\"url\":\"https:\/\/apuliapraia-hotel.com\/wp-content\/uploads\/sites\/512\/2022\/12\/Quarto_Single3_thumb.jpg\",\"contentUrl\":\"https:\/\/apuliapraia-hotel.com\/wp-content\/uploads\/sites\/512\/2022\/12\/Quarto_Single3_thumb.jpg\",\"width\":1200,\"height\":800},{\"@type\":\"BreadcrumbList\",\"@id\":\"https:\/\/apuliapraia-hotel.com\/es\/habitaciones\/individual\/#breadcrumb\",\"itemListElement\":[{\"@type\":\"ListItem\",\"position\":1,\"name\":\"Home\",\"item\":\"https:\/\/apuliapraia-hotel.com\/es\/\"},{\"@type\":\"ListItem\",\"position\":2,\"name\":\"Habitaciones\",\"item\":\"https:\/\/apuliapraia-hotel.com\/es\/habitaciones\/\"},{\"@type\":\"ListItem\",\"position\":3,\"name\":\"Individual\"}]},{\"@type\":\"WebSite\",\"@id\":\"https:\/\/apuliapraia-hotel.com\/es\/#website\",\"url\":\"https:\/\/apuliapraia-hotel.com\/es\/\",\"name\":\"Apulia Praia Hotel\",\"description\":\"\",\"potentialAction\":[{\"@type\":\"SearchAction\",\"target\":{\"@type\":\"EntryPoint\",\"urlTemplate\":\"https:\/\/apuliapraia-hotel.com\/es\/?s={search_term_string}\"},\"query-input\":{\"@type\":\"PropertyValueSpecification\",\"valueRequired\":true,\"valueName\":\"search_term_string\"}}],\"inLanguage\":\"es\"}]}<\/script>\n<!-- \/ Yoast SEO plugin. -->","yoast_head_json":{"title":"Individual - Apulia Praia Hotel -","description":"Habitaci\u00f3n con dos camas individuales (twin) o cama de matrimonio (queen size), con o sin balc\u00f3n, ba\u00f1o privado, productos de higiene personal y secador de pelo. C\u00f3moda con acceso gratuito a internet (Wi-Fi), equipada con TV de pantalla plana, aire acondicionado, tel\u00e9fono, caja fuerte, minibar, hervidor de agua y escritorio.","robots":{"index":"index","follow":"follow","max-snippet":"max-snippet:-1","max-image-preview":"max-image-preview:large","max-video-preview":"max-video-preview:-1"},"canonical":"https:\/\/apuliapraia-hotel.com\/es\/habitaciones\/individual\/","og_locale":"es_ES","og_type":"article","og_title":"Individual - Apulia Praia Hotel -","og_description":"Habitaci\u00f3n con dos camas individuales (twin) o cama de matrimonio (queen size), con o sin balc\u00f3n, ba\u00f1o privado, productos de higiene personal y secador de pelo. C\u00f3moda con acceso gratuito a internet (Wi-Fi), equipada con TV de pantalla plana, aire acondicionado, tel\u00e9fono, caja fuerte, minibar, hervidor de agua y escritorio.","og_url":"https:\/\/apuliapraia-hotel.com\/es\/habitaciones\/individual\/","og_site_name":"Apulia Praia Hotel","og_image":[{"width":1200,"height":800,"url":"https:\/\/apuliapraia-hotel.com\/wp-content\/uploads\/sites\/512\/2022\/12\/Quarto_Single3_thumb.jpg","type":"image\/jpeg"}],"twitter_card":"summary_large_image","twitter_misc":{"Tiempo de lectura":"1 minuto"},"schema":{"@context":"https:\/\/schema.org","@graph":[{"@type":"WebPage","@id":"https:\/\/apuliapraia-hotel.com\/es\/habitaciones\/individual\/","url":"https:\/\/apuliapraia-hotel.com\/es\/habitaciones\/individual\/","name":"Individual - Apulia Praia Hotel -","isPartOf":{"@id":"https:\/\/apuliapraia-hotel.com\/es\/#website"},"primaryImageOfPage":{"@id":"https:\/\/apuliapraia-hotel.com\/es\/habitaciones\/individual\/#primaryimage"},"image":{"@id":"https:\/\/apuliapraia-hotel.com\/es\/habitaciones\/individual\/#primaryimage"},"thumbnailUrl":"https:\/\/apuliapraia-hotel.com\/wp-content\/uploads\/sites\/512\/2022\/12\/Quarto_Single3_thumb.jpg","datePublished":"2023-04-26T09:00:29+00:00","description":"Habitaci\u00f3n con dos camas individuales (twin) o cama de matrimonio (queen size), con o sin balc\u00f3n, ba\u00f1o privado, productos de higiene personal y secador de pelo. C\u00f3moda con acceso gratuito a internet (Wi-Fi), equipada con TV de pantalla plana, aire acondicionado, tel\u00e9fono, caja fuerte, minibar, hervidor de agua y escritorio.","breadcrumb":{"@id":"https:\/\/apuliapraia-hotel.com\/es\/habitaciones\/individual\/#breadcrumb"},"inLanguage":"es","potentialAction":[{"@type":"ReadAction","target":["https:\/\/apuliapraia-hotel.com\/es\/habitaciones\/individual\/"]}]},{"@type":"ImageObject","inLanguage":"es","@id":"https:\/\/apuliapraia-hotel.com\/es\/habitaciones\/individual\/#primaryimage","url":"https:\/\/apuliapraia-hotel.com\/wp-content\/uploads\/sites\/512\/2022\/12\/Quarto_Single3_thumb.jpg","contentUrl":"https:\/\/apuliapraia-hotel.com\/wp-content\/uploads\/sites\/512\/2022\/12\/Quarto_Single3_thumb.jpg","width":1200,"height":800},{"@type":"BreadcrumbList","@id":"https:\/\/apuliapraia-hotel.com\/es\/habitaciones\/individual\/#breadcrumb","itemListElement":[{"@type":"ListItem","position":1,"name":"Home","item":"https:\/\/apuliapraia-hotel.com\/es\/"},{"@type":"ListItem","position":2,"name":"Habitaciones","item":"https:\/\/apuliapraia-hotel.com\/es\/habitaciones\/"},{"@type":"ListItem","position":3,"name":"Individual"}]},{"@type":"WebSite","@id":"https:\/\/apuliapraia-hotel.com\/es\/#website","url":"https:\/\/apuliapraia-hotel.com\/es\/","name":"Apulia Praia Hotel","description":"","potentialAction":[{"@type":"SearchAction","target":{"@type":"EntryPoint","urlTemplate":"https:\/\/apuliapraia-hotel.com\/es\/?s={search_term_string}"},"query-input":{"@type":"PropertyValueSpecification","valueRequired":true,"valueName":"search_term_string"}}],"inLanguage":"es"}]}},"acf":[],"_links":{"self":[{"href":"https:\/\/apuliapraia-hotel.com\/es\/wp-json\/wp\/v2\/pages\/541","targetHints":{"allow":["GET"]}}],"collection":[{"href":"https:\/\/apuliapraia-hotel.com\/es\/wp-json\/wp\/v2\/pages"}],"about":[{"href":"https:\/\/apuliapraia-hotel.com\/es\/wp-json\/wp\/v2\/types\/page"}],"author":[{"embeddable":true,"href":"https:\/\/apuliapraia-hotel.com\/es\/wp-json\/wp\/v2\/users\/565"}],"replies":[{"embeddable":true,"href":"https:\/\/apuliapraia-hotel.com\/es\/wp-json\/wp\/v2\/comments?post=541"}],"version-history":[{"count":0,"href":"https:\/\/apuliapraia-hotel.com\/es\/wp-json\/wp\/v2\/pages\/541\/revisions"}],"up":[{"embeddable":true,"href":"https:\/\/apuliapraia-hotel.com\/es\/wp-json\/wp\/v2\/pages\/537"}],"wp:featuredmedia":[{"embeddable":true,"href":"https:\/\/apuliapraia-hotel.com\/es\/wp-json\/wp\/v2\/media\/23"}],"wp:attachment":[{"href":"https:\/\/apuliapraia-hotel.com\/es\/wp-json\/wp\/v2\/media?parent=541"}],"curies":[{"name":"wp","href":"https:\/\/api.w.org\/{rel}","templated":true}]}}