{"id":534,"date":"2023-04-26T09:42:42","date_gmt":"2023-04-26T09:42:42","guid":{"rendered":"https:\/\/apuliapraia-hotel.com\/?page_id=534"},"modified":"2023-06-10T15:52:33","modified_gmt":"2023-06-10T15:52:33","slug":"apulia-praia-hotel","status":"publish","type":"page","link":"https:\/\/apuliapraia-hotel.com\/es\/","title":{"rendered":"Apulia Praia Hotel"},"content":{"rendered":"<p>Ubicado en el <strong>pintoresco pueblo de Ap\u00falia<\/strong>,\u00a0 Apulia Praia Hotel est\u00e1 preparado para brindarte una estad\u00eda c\u00f3moda, relajante y m\u00e1gica. El entretenimiento tambi\u00e9n ser\u00e1 parte de tu visita a nuestra magn\u00edfica ubicaci\u00f3n, ya que tendremos varias <strong>actividades de ocio<\/strong> esper\u00e1ndote, ya sea en tierra, en aire o en\u00a0 agua.<\/p>\n<p>Adem\u00e1s de estas incre\u00edbles oportunidades, a <strong>solo 400 metros<\/strong> de nuestro hotel, encontrar\u00e1s la playa de Ap\u00falia, conocida por su agua medicinal llena de yodo y sus famosos <a href=\"https:\/\/apuliapraia-hotel.com\/regiao\/moinhos-da-apulia\/\">Molinos de viento<\/a>. Tambi\u00e9n muy cerca de nuestro hotel se encuentran los paseos del <a href=\"https:\/\/apuliapraia-hotel.com\/regiao\/parque-natural-do-litoral-norte\/\">Parque Natural do Litoral Norte<\/a>, que se extienden a lo largo de una ruta de 16 km a lo largo de toda la costa, y los varios senderos peatonales que cruzan los territorios de la regi\u00f3n.<\/p>\n<p>Por lo tanto, te invitamos a disfrutar de la belleza de nuestra regi\u00f3n, probar la deliciosa gastronom\u00eda local, visitar las impresionantes atracciones tur\u00edsticas y ser testigo de la hospitalidad de todos los apulienses y del <a href=\"https:\/\/apuliapraia-hotel.com\/sobre-nos\/\">Equipo del Apulia Praia Hotel.<\/a><\/p>\n<p>\u00a1Te estamos esperando!<\/p>\n","protected":false},"excerpt":{"rendered":"<p>Ubicado en el pintoresco pueblo de Ap\u00falia,\u00a0 Apulia Praia Hotel est\u00e1 preparado para brindarte una estad\u00eda c\u00f3moda, relajante y m\u00e1gica. El entretenimiento tambi\u00e9n ser\u00e1 parte de tu visita a nuestra magn\u00edfica ubicaci\u00f3n, ya que tendremos varias actividades de ocio esper\u00e1ndote, ya sea en tierra, en aire o en\u00a0 agua. Adem\u00e1s de estas incre\u00edbles oportunidades, a [&hellip;]<\/p>\n","protected":false},"author":565,"featured_media":76,"parent":0,"menu_order":0,"comment_status":"closed","ping_status":"closed","template":"","meta":{"footnotes":""},"class_list":["post-534","page","type-page","status-publish","has-post-thumbnail","hentry"],"yoast_head":"<!-- This site is optimized with the Yoast SEO plugin v26.9 - https:\/\/yoast.com\/product\/yoast-seo-wordpress\/ -->\n<title>Apulia Praia Hotel - Apulia Praia Hotel -<\/title>\n<meta name=\"description\" content=\"Ubicado en el pintoresco pueblo de Ap\u00falia,\u00a0 Apulia Praia Hotel est\u00e1 preparado para brindarte una estad\u00eda c\u00f3moda, relajante y m\u00e1gica. El entretenimiento tambi\u00e9n ser\u00e1 parte de tu visita a nuestra magn\u00edfica ubicaci\u00f3n, ya que tendremos varias actividades de ocio esper\u00e1ndote, ya sea en tierra, en aire o en\u00a0 agua.  Adem\u00e1s de estas incre\u00edbles oportunidades, a solo 400 metros de nuestro hotel, encontrar\u00e1s la playa de Ap\u00falia, conocida por su agua medicinal llena de yodo y sus famosos Molinos de viento\" \/>\n<meta name=\"robots\" content=\"index, follow, max-snippet:-1, max-image-preview:large, max-video-preview:-1\" \/>\n<link rel=\"canonical\" href=\"https:\/\/apuliapraia-hotel.com\/es\/\" \/>\n<meta property=\"og:locale\" content=\"es_ES\" \/>\n<meta property=\"og:type\" content=\"article\" \/>\n<meta property=\"og:title\" content=\"Apulia Praia Hotel - Apulia Praia Hotel -\" \/>\n<meta property=\"og:description\" content=\"Ubicado en el pintoresco pueblo de Ap\u00falia,\u00a0 Apulia Praia Hotel est\u00e1 preparado para brindarte una estad\u00eda c\u00f3moda, relajante y m\u00e1gica. El entretenimiento tambi\u00e9n ser\u00e1 parte de tu visita a nuestra magn\u00edfica ubicaci\u00f3n, ya que tendremos varias actividades de ocio esper\u00e1ndote, ya sea en tierra, en aire o en\u00a0 agua.  Adem\u00e1s de estas incre\u00edbles oportunidades, a solo 400 metros de nuestro hotel, encontrar\u00e1s la playa de Ap\u00falia, conocida por su agua medicinal llena de yodo y sus famosos Molinos de viento\" \/>\n<meta property=\"og:url\" content=\"https:\/\/apuliapraia-hotel.com\/es\/\" \/>\n<meta property=\"og:site_name\" content=\"Apulia Praia Hotel\" \/>\n<meta property=\"article:modified_time\" content=\"2023-06-10T15:52:33+00:00\" \/>\n<meta property=\"og:image\" content=\"https:\/\/apuliapraia-hotel.com\/wp-content\/uploads\/sites\/512\/2023\/01\/Rececao2_thumb.jpg\" \/>\n\t<meta property=\"og:image:width\" content=\"1200\" \/>\n\t<meta property=\"og:image:height\" content=\"800\" \/>\n\t<meta property=\"og:image:type\" content=\"image\/jpeg\" \/>\n<meta name=\"twitter:card\" content=\"summary_large_image\" \/>\n<meta name=\"twitter:label1\" content=\"Tiempo de lectura\" \/>\n\t<meta name=\"twitter:data1\" content=\"1 minuto\" \/>\n<script type=\"application\/ld+json\" class=\"yoast-schema-graph\">{\"@context\":\"https:\/\/schema.org\",\"@graph\":[{\"@type\":\"WebPage\",\"@id\":\"https:\/\/apuliapraia-hotel.com\/es\/\",\"url\":\"https:\/\/apuliapraia-hotel.com\/es\/\",\"name\":\"Apulia Praia Hotel - Apulia Praia Hotel -\",\"isPartOf\":{\"@id\":\"https:\/\/apuliapraia-hotel.com\/es\/#website\"},\"primaryImageOfPage\":{\"@id\":\"https:\/\/apuliapraia-hotel.com\/es\/#primaryimage\"},\"image\":{\"@id\":\"https:\/\/apuliapraia-hotel.com\/es\/#primaryimage\"},\"thumbnailUrl\":\"https:\/\/apuliapraia-hotel.com\/wp-content\/uploads\/sites\/512\/2023\/01\/Rececao2_thumb.jpg\",\"datePublished\":\"2023-04-26T09:42:42+00:00\",\"dateModified\":\"2023-06-10T15:52:33+00:00\",\"description\":\"Ubicado en el pintoresco pueblo de Ap\u00falia,\u00a0 Apulia Praia Hotel est\u00e1 preparado para brindarte una estad\u00eda c\u00f3moda, relajante y m\u00e1gica. El entretenimiento tambi\u00e9n ser\u00e1 parte de tu visita a nuestra magn\u00edfica ubicaci\u00f3n, ya que tendremos varias actividades de ocio esper\u00e1ndote, ya sea en tierra, en aire o en\u00a0 agua. Adem\u00e1s de estas incre\u00edbles oportunidades, a solo 400 metros de nuestro hotel, encontrar\u00e1s la playa de Ap\u00falia, conocida por su agua medicinal llena de yodo y sus famosos Molinos de viento\",\"breadcrumb\":{\"@id\":\"https:\/\/apuliapraia-hotel.com\/es\/#breadcrumb\"},\"inLanguage\":\"es\",\"potentialAction\":[{\"@type\":\"ReadAction\",\"target\":[\"https:\/\/apuliapraia-hotel.com\/es\/\"]}]},{\"@type\":\"ImageObject\",\"inLanguage\":\"es\",\"@id\":\"https:\/\/apuliapraia-hotel.com\/es\/#primaryimage\",\"url\":\"https:\/\/apuliapraia-hotel.com\/wp-content\/uploads\/sites\/512\/2023\/01\/Rececao2_thumb.jpg\",\"contentUrl\":\"https:\/\/apuliapraia-hotel.com\/wp-content\/uploads\/sites\/512\/2023\/01\/Rececao2_thumb.jpg\",\"width\":1200,\"height\":800},{\"@type\":\"BreadcrumbList\",\"@id\":\"https:\/\/apuliapraia-hotel.com\/es\/#breadcrumb\",\"itemListElement\":[{\"@type\":\"ListItem\",\"position\":1,\"name\":\"Home\",\"item\":\"https:\/\/apuliapraia-hotel.com\/es\/\"},{\"@type\":\"ListItem\",\"position\":2,\"name\":\"Apulia Praia Hotel\"}]},{\"@type\":\"WebSite\",\"@id\":\"https:\/\/apuliapraia-hotel.com\/es\/#website\",\"url\":\"https:\/\/apuliapraia-hotel.com\/es\/\",\"name\":\"Apulia Praia Hotel\",\"description\":\"\",\"potentialAction\":[{\"@type\":\"SearchAction\",\"target\":{\"@type\":\"EntryPoint\",\"urlTemplate\":\"https:\/\/apuliapraia-hotel.com\/es\/?s={search_term_string}\"},\"query-input\":{\"@type\":\"PropertyValueSpecification\",\"valueRequired\":true,\"valueName\":\"search_term_string\"}}],\"inLanguage\":\"es\"}]}<\/script>\n<!-- \/ Yoast SEO plugin. -->","yoast_head_json":{"title":"Apulia Praia Hotel - Apulia Praia Hotel -","description":"Ubicado en el pintoresco pueblo de Ap\u00falia,\u00a0 Apulia Praia Hotel est\u00e1 preparado para brindarte una estad\u00eda c\u00f3moda, relajante y m\u00e1gica. El entretenimiento tambi\u00e9n ser\u00e1 parte de tu visita a nuestra magn\u00edfica ubicaci\u00f3n, ya que tendremos varias actividades de ocio esper\u00e1ndote, ya sea en tierra, en aire o en\u00a0 agua.  Adem\u00e1s de estas incre\u00edbles oportunidades, a solo 400 metros de nuestro hotel, encontrar\u00e1s la playa de Ap\u00falia, conocida por su agua medicinal llena de yodo y sus famosos Molinos de viento","robots":{"index":"index","follow":"follow","max-snippet":"max-snippet:-1","max-image-preview":"max-image-preview:large","max-video-preview":"max-video-preview:-1"},"canonical":"https:\/\/apuliapraia-hotel.com\/es\/","og_locale":"es_ES","og_type":"article","og_title":"Apulia Praia Hotel - Apulia Praia Hotel -","og_description":"Ubicado en el pintoresco pueblo de Ap\u00falia,\u00a0 Apulia Praia Hotel est\u00e1 preparado para brindarte una estad\u00eda c\u00f3moda, relajante y m\u00e1gica. El entretenimiento tambi\u00e9n ser\u00e1 parte de tu visita a nuestra magn\u00edfica ubicaci\u00f3n, ya que tendremos varias actividades de ocio esper\u00e1ndote, ya sea en tierra, en aire o en\u00a0 agua.  Adem\u00e1s de estas incre\u00edbles oportunidades, a solo 400 metros de nuestro hotel, encontrar\u00e1s la playa de Ap\u00falia, conocida por su agua medicinal llena de yodo y sus famosos Molinos de viento","og_url":"https:\/\/apuliapraia-hotel.com\/es\/","og_site_name":"Apulia Praia Hotel","article_modified_time":"2023-06-10T15:52:33+00:00","og_image":[{"width":1200,"height":800,"url":"https:\/\/apuliapraia-hotel.com\/wp-content\/uploads\/sites\/512\/2023\/01\/Rececao2_thumb.jpg","type":"image\/jpeg"}],"twitter_card":"summary_large_image","twitter_misc":{"Tiempo de lectura":"1 minuto"},"schema":{"@context":"https:\/\/schema.org","@graph":[{"@type":"WebPage","@id":"https:\/\/apuliapraia-hotel.com\/es\/","url":"https:\/\/apuliapraia-hotel.com\/es\/","name":"Apulia Praia Hotel - Apulia Praia Hotel -","isPartOf":{"@id":"https:\/\/apuliapraia-hotel.com\/es\/#website"},"primaryImageOfPage":{"@id":"https:\/\/apuliapraia-hotel.com\/es\/#primaryimage"},"image":{"@id":"https:\/\/apuliapraia-hotel.com\/es\/#primaryimage"},"thumbnailUrl":"https:\/\/apuliapraia-hotel.com\/wp-content\/uploads\/sites\/512\/2023\/01\/Rececao2_thumb.jpg","datePublished":"2023-04-26T09:42:42+00:00","dateModified":"2023-06-10T15:52:33+00:00","description":"Ubicado en el pintoresco pueblo de Ap\u00falia,\u00a0 Apulia Praia Hotel est\u00e1 preparado para brindarte una estad\u00eda c\u00f3moda, relajante y m\u00e1gica. El entretenimiento tambi\u00e9n ser\u00e1 parte de tu visita a nuestra magn\u00edfica ubicaci\u00f3n, ya que tendremos varias actividades de ocio esper\u00e1ndote, ya sea en tierra, en aire o en\u00a0 agua. Adem\u00e1s de estas incre\u00edbles oportunidades, a solo 400 metros de nuestro hotel, encontrar\u00e1s la playa de Ap\u00falia, conocida por su agua medicinal llena de yodo y sus famosos Molinos de viento","breadcrumb":{"@id":"https:\/\/apuliapraia-hotel.com\/es\/#breadcrumb"},"inLanguage":"es","potentialAction":[{"@type":"ReadAction","target":["https:\/\/apuliapraia-hotel.com\/es\/"]}]},{"@type":"ImageObject","inLanguage":"es","@id":"https:\/\/apuliapraia-hotel.com\/es\/#primaryimage","url":"https:\/\/apuliapraia-hotel.com\/wp-content\/uploads\/sites\/512\/2023\/01\/Rececao2_thumb.jpg","contentUrl":"https:\/\/apuliapraia-hotel.com\/wp-content\/uploads\/sites\/512\/2023\/01\/Rececao2_thumb.jpg","width":1200,"height":800},{"@type":"BreadcrumbList","@id":"https:\/\/apuliapraia-hotel.com\/es\/#breadcrumb","itemListElement":[{"@type":"ListItem","position":1,"name":"Home","item":"https:\/\/apuliapraia-hotel.com\/es\/"},{"@type":"ListItem","position":2,"name":"Apulia Praia Hotel"}]},{"@type":"WebSite","@id":"https:\/\/apuliapraia-hotel.com\/es\/#website","url":"https:\/\/apuliapraia-hotel.com\/es\/","name":"Apulia Praia Hotel","description":"","potentialAction":[{"@type":"SearchAction","target":{"@type":"EntryPoint","urlTemplate":"https:\/\/apuliapraia-hotel.com\/es\/?s={search_term_string}"},"query-input":{"@type":"PropertyValueSpecification","valueRequired":true,"valueName":"search_term_string"}}],"inLanguage":"es"}]}},"acf":[],"_links":{"self":[{"href":"https:\/\/apuliapraia-hotel.com\/es\/wp-json\/wp\/v2\/pages\/534","targetHints":{"allow":["GET"]}}],"collection":[{"href":"https:\/\/apuliapraia-hotel.com\/es\/wp-json\/wp\/v2\/pages"}],"about":[{"href":"https:\/\/apuliapraia-hotel.com\/es\/wp-json\/wp\/v2\/types\/page"}],"author":[{"embeddable":true,"href":"https:\/\/apuliapraia-hotel.com\/es\/wp-json\/wp\/v2\/users\/565"}],"replies":[{"embeddable":true,"href":"https:\/\/apuliapraia-hotel.com\/es\/wp-json\/wp\/v2\/comments?post=534"}],"version-history":[{"count":0,"href":"https:\/\/apuliapraia-hotel.com\/es\/wp-json\/wp\/v2\/pages\/534\/revisions"}],"wp:featuredmedia":[{"embeddable":true,"href":"https:\/\/apuliapraia-hotel.com\/es\/wp-json\/wp\/v2\/media\/76"}],"wp:attachment":[{"href":"https:\/\/apuliapraia-hotel.com\/es\/wp-json\/wp\/v2\/media?parent=534"}],"curies":[{"name":"wp","href":"https:\/\/api.w.org\/{rel}","templated":true}]}}