{"id":1250,"date":"2024-11-21T09:51:51","date_gmt":"2024-11-21T09:51:51","guid":{"rendered":"https:\/\/apuliapraia-hotel.com\/?page_id=1250"},"modified":"2024-11-21T09:55:50","modified_gmt":"2024-11-21T09:55:50","slug":"buggys","status":"publish","type":"page","link":"https:\/\/apuliapraia-hotel.com\/es\/actividades\/buggys\/","title":{"rendered":"Buggys"},"content":{"rendered":"<p>Vive una aventura inolvidable en Esposende con mucha adrenalina y paisajes impresionantes. Esposende Super Adventure se encuentra en el Centro de Actividades N\u00e1uticas de Esposende. Est\u00e1 abierto los viernes y lunes por la tarde a partir de las 14:00 horas y los s\u00e1bados y domingos de 10:00 a 20:00 horas.<\/p>\n<p>Excursiones:<\/p>\n<ul>\n<li>Bosque: 100\u20ac p\/1h30<\/li>\n<li>Playa: 130\u20ac p\/2h (de 18h a 20h)<\/li>\n<\/ul>\n<p>Precio por buggy (2 plazas) y el conductor debe tener una licencia de categor\u00eda A o B.<\/p>\n","protected":false},"excerpt":{"rendered":"<p>Vive una aventura inolvidable en Esposende con mucha adrenalina y paisajes impresionantes. Esposende Super Adventure se encuentra en el Centro de Actividades N\u00e1uticas de Esposende. Est\u00e1 abierto los viernes y lunes por la tarde a partir de las 14:00 horas y los s\u00e1bados y domingos de 10:00 a 20:00 horas. Excursiones: Bosque: 100\u20ac p\/1h30 Playa: [&hellip;]<\/p>\n","protected":false},"author":565,"featured_media":1249,"parent":549,"menu_order":25,"comment_status":"closed","ping_status":"closed","template":"template-default-4.php","meta":{"footnotes":""},"class_list":["post-1250","page","type-page","status-publish","has-post-thumbnail","hentry"],"yoast_head":"<!-- This site is optimized with the Yoast SEO plugin v26.9 - https:\/\/yoast.com\/product\/yoast-seo-wordpress\/ -->\n<title>Buggys - Apulia Praia Hotel -<\/title>\n<meta name=\"description\" content=\"Vive una aventura inolvidable en Esposende con mucha adrenalina y paisajes impresionantes. Esposende Super Adventure se encuentra en el Centro de Actividades N\u00e1uticas de Esposende\" \/>\n<meta name=\"robots\" content=\"index, follow, max-snippet:-1, max-image-preview:large, max-video-preview:-1\" \/>\n<link rel=\"canonical\" href=\"https:\/\/apuliapraia-hotel.com\/es\/actividades\/buggys\/\" \/>\n<meta property=\"og:locale\" content=\"es_ES\" \/>\n<meta property=\"og:type\" content=\"article\" \/>\n<meta property=\"og:title\" content=\"Buggys - Apulia Praia Hotel -\" \/>\n<meta property=\"og:description\" content=\"Vive una aventura inolvidable en Esposende con mucha adrenalina y paisajes impresionantes. Esposende Super Adventure se encuentra en el Centro de Actividades N\u00e1uticas de Esposende\" \/>\n<meta property=\"og:url\" content=\"https:\/\/apuliapraia-hotel.com\/es\/actividades\/buggys\/\" \/>\n<meta property=\"og:site_name\" content=\"Apulia Praia Hotel\" \/>\n<meta property=\"article:modified_time\" content=\"2024-11-21T09:55:50+00:00\" \/>\n<meta property=\"og:image\" content=\"https:\/\/apuliapraia-hotel.com\/wp-content\/uploads\/sites\/512\/2024\/11\/Captura-de-ecra-2024-11-21-093252.png\" \/>\n\t<meta property=\"og:image:width\" content=\"642\" \/>\n\t<meta property=\"og:image:height\" content=\"806\" \/>\n\t<meta property=\"og:image:type\" content=\"image\/png\" \/>\n<meta name=\"twitter:card\" content=\"summary_large_image\" \/>\n<meta name=\"twitter:label1\" content=\"Tiempo de lectura\" \/>\n\t<meta name=\"twitter:data1\" content=\"1 minuto\" \/>\n<script type=\"application\/ld+json\" class=\"yoast-schema-graph\">{\"@context\":\"https:\/\/schema.org\",\"@graph\":[{\"@type\":\"WebPage\",\"@id\":\"https:\/\/apuliapraia-hotel.com\/es\/actividades\/buggys\/\",\"url\":\"https:\/\/apuliapraia-hotel.com\/es\/actividades\/buggys\/\",\"name\":\"Buggys - Apulia Praia Hotel -\",\"isPartOf\":{\"@id\":\"https:\/\/apuliapraia-hotel.com\/es\/#website\"},\"primaryImageOfPage\":{\"@id\":\"https:\/\/apuliapraia-hotel.com\/es\/actividades\/buggys\/#primaryimage\"},\"image\":{\"@id\":\"https:\/\/apuliapraia-hotel.com\/es\/actividades\/buggys\/#primaryimage\"},\"thumbnailUrl\":\"https:\/\/apuliapraia-hotel.com\/wp-content\/uploads\/sites\/512\/2024\/11\/Captura-de-ecra-2024-11-21-093252.png\",\"datePublished\":\"2024-11-21T09:51:51+00:00\",\"dateModified\":\"2024-11-21T09:55:50+00:00\",\"description\":\"Vive una aventura inolvidable en Esposende con mucha adrenalina y paisajes impresionantes. Esposende Super Adventure se encuentra en el Centro de Actividades N\u00e1uticas de Esposende\",\"breadcrumb\":{\"@id\":\"https:\/\/apuliapraia-hotel.com\/es\/actividades\/buggys\/#breadcrumb\"},\"inLanguage\":\"es\",\"potentialAction\":[{\"@type\":\"ReadAction\",\"target\":[\"https:\/\/apuliapraia-hotel.com\/es\/actividades\/buggys\/\"]}]},{\"@type\":\"ImageObject\",\"inLanguage\":\"es\",\"@id\":\"https:\/\/apuliapraia-hotel.com\/es\/actividades\/buggys\/#primaryimage\",\"url\":\"https:\/\/apuliapraia-hotel.com\/wp-content\/uploads\/sites\/512\/2024\/11\/Captura-de-ecra-2024-11-21-093252.png\",\"contentUrl\":\"https:\/\/apuliapraia-hotel.com\/wp-content\/uploads\/sites\/512\/2024\/11\/Captura-de-ecra-2024-11-21-093252.png\",\"width\":642,\"height\":806},{\"@type\":\"BreadcrumbList\",\"@id\":\"https:\/\/apuliapraia-hotel.com\/es\/actividades\/buggys\/#breadcrumb\",\"itemListElement\":[{\"@type\":\"ListItem\",\"position\":1,\"name\":\"Home\",\"item\":\"https:\/\/apuliapraia-hotel.com\/es\/\"},{\"@type\":\"ListItem\",\"position\":2,\"name\":\"Actividades\",\"item\":\"https:\/\/apuliapraia-hotel.com\/es\/actividades\/\"},{\"@type\":\"ListItem\",\"position\":3,\"name\":\"Buggys\"}]},{\"@type\":\"WebSite\",\"@id\":\"https:\/\/apuliapraia-hotel.com\/es\/#website\",\"url\":\"https:\/\/apuliapraia-hotel.com\/es\/\",\"name\":\"Apulia Praia Hotel\",\"description\":\"\",\"potentialAction\":[{\"@type\":\"SearchAction\",\"target\":{\"@type\":\"EntryPoint\",\"urlTemplate\":\"https:\/\/apuliapraia-hotel.com\/es\/?s={search_term_string}\"},\"query-input\":{\"@type\":\"PropertyValueSpecification\",\"valueRequired\":true,\"valueName\":\"search_term_string\"}}],\"inLanguage\":\"es\"}]}<\/script>\n<!-- \/ Yoast SEO plugin. -->","yoast_head_json":{"title":"Buggys - Apulia Praia Hotel -","description":"Vive una aventura inolvidable en Esposende con mucha adrenalina y paisajes impresionantes. Esposende Super Adventure se encuentra en el Centro de Actividades N\u00e1uticas de Esposende","robots":{"index":"index","follow":"follow","max-snippet":"max-snippet:-1","max-image-preview":"max-image-preview:large","max-video-preview":"max-video-preview:-1"},"canonical":"https:\/\/apuliapraia-hotel.com\/es\/actividades\/buggys\/","og_locale":"es_ES","og_type":"article","og_title":"Buggys - Apulia Praia Hotel -","og_description":"Vive una aventura inolvidable en Esposende con mucha adrenalina y paisajes impresionantes. Esposende Super Adventure se encuentra en el Centro de Actividades N\u00e1uticas de Esposende","og_url":"https:\/\/apuliapraia-hotel.com\/es\/actividades\/buggys\/","og_site_name":"Apulia Praia Hotel","article_modified_time":"2024-11-21T09:55:50+00:00","og_image":[{"width":642,"height":806,"url":"https:\/\/apuliapraia-hotel.com\/wp-content\/uploads\/sites\/512\/2024\/11\/Captura-de-ecra-2024-11-21-093252.png","type":"image\/png"}],"twitter_card":"summary_large_image","twitter_misc":{"Tiempo de lectura":"1 minuto"},"schema":{"@context":"https:\/\/schema.org","@graph":[{"@type":"WebPage","@id":"https:\/\/apuliapraia-hotel.com\/es\/actividades\/buggys\/","url":"https:\/\/apuliapraia-hotel.com\/es\/actividades\/buggys\/","name":"Buggys - Apulia Praia Hotel -","isPartOf":{"@id":"https:\/\/apuliapraia-hotel.com\/es\/#website"},"primaryImageOfPage":{"@id":"https:\/\/apuliapraia-hotel.com\/es\/actividades\/buggys\/#primaryimage"},"image":{"@id":"https:\/\/apuliapraia-hotel.com\/es\/actividades\/buggys\/#primaryimage"},"thumbnailUrl":"https:\/\/apuliapraia-hotel.com\/wp-content\/uploads\/sites\/512\/2024\/11\/Captura-de-ecra-2024-11-21-093252.png","datePublished":"2024-11-21T09:51:51+00:00","dateModified":"2024-11-21T09:55:50+00:00","description":"Vive una aventura inolvidable en Esposende con mucha adrenalina y paisajes impresionantes. Esposende Super Adventure se encuentra en el Centro de Actividades N\u00e1uticas de Esposende","breadcrumb":{"@id":"https:\/\/apuliapraia-hotel.com\/es\/actividades\/buggys\/#breadcrumb"},"inLanguage":"es","potentialAction":[{"@type":"ReadAction","target":["https:\/\/apuliapraia-hotel.com\/es\/actividades\/buggys\/"]}]},{"@type":"ImageObject","inLanguage":"es","@id":"https:\/\/apuliapraia-hotel.com\/es\/actividades\/buggys\/#primaryimage","url":"https:\/\/apuliapraia-hotel.com\/wp-content\/uploads\/sites\/512\/2024\/11\/Captura-de-ecra-2024-11-21-093252.png","contentUrl":"https:\/\/apuliapraia-hotel.com\/wp-content\/uploads\/sites\/512\/2024\/11\/Captura-de-ecra-2024-11-21-093252.png","width":642,"height":806},{"@type":"BreadcrumbList","@id":"https:\/\/apuliapraia-hotel.com\/es\/actividades\/buggys\/#breadcrumb","itemListElement":[{"@type":"ListItem","position":1,"name":"Home","item":"https:\/\/apuliapraia-hotel.com\/es\/"},{"@type":"ListItem","position":2,"name":"Actividades","item":"https:\/\/apuliapraia-hotel.com\/es\/actividades\/"},{"@type":"ListItem","position":3,"name":"Buggys"}]},{"@type":"WebSite","@id":"https:\/\/apuliapraia-hotel.com\/es\/#website","url":"https:\/\/apuliapraia-hotel.com\/es\/","name":"Apulia Praia Hotel","description":"","potentialAction":[{"@type":"SearchAction","target":{"@type":"EntryPoint","urlTemplate":"https:\/\/apuliapraia-hotel.com\/es\/?s={search_term_string}"},"query-input":{"@type":"PropertyValueSpecification","valueRequired":true,"valueName":"search_term_string"}}],"inLanguage":"es"}]}},"acf":[],"_links":{"self":[{"href":"https:\/\/apuliapraia-hotel.com\/es\/wp-json\/wp\/v2\/pages\/1250","targetHints":{"allow":["GET"]}}],"collection":[{"href":"https:\/\/apuliapraia-hotel.com\/es\/wp-json\/wp\/v2\/pages"}],"about":[{"href":"https:\/\/apuliapraia-hotel.com\/es\/wp-json\/wp\/v2\/types\/page"}],"author":[{"embeddable":true,"href":"https:\/\/apuliapraia-hotel.com\/es\/wp-json\/wp\/v2\/users\/565"}],"replies":[{"embeddable":true,"href":"https:\/\/apuliapraia-hotel.com\/es\/wp-json\/wp\/v2\/comments?post=1250"}],"version-history":[{"count":0,"href":"https:\/\/apuliapraia-hotel.com\/es\/wp-json\/wp\/v2\/pages\/1250\/revisions"}],"up":[{"embeddable":true,"href":"https:\/\/apuliapraia-hotel.com\/es\/wp-json\/wp\/v2\/pages\/549"}],"wp:featuredmedia":[{"embeddable":true,"href":"https:\/\/apuliapraia-hotel.com\/es\/wp-json\/wp\/v2\/media\/1249"}],"wp:attachment":[{"href":"https:\/\/apuliapraia-hotel.com\/es\/wp-json\/wp\/v2\/media?parent=1250"}],"curies":[{"name":"wp","href":"https:\/\/api.w.org\/{rel}","templated":true}]}}