{"id":1235,"date":"2024-11-20T16:08:33","date_gmt":"2024-11-20T16:08:33","guid":{"rendered":"https:\/\/apuliapraia-hotel.com\/?page_id=1235"},"modified":"2024-11-20T16:09:32","modified_gmt":"2024-11-20T16:09:32","slug":"cheque-regalo-de-236e","status":"publish","type":"page","link":"https:\/\/apuliapraia-hotel.com\/es\/actividades\/cheque-regalo-de-236e\/","title":{"rendered":"Cheque regalo de 236\u20ac"},"content":{"rendered":"<p>Apulia Praia Hotel te ayudar\u00e1 a dar los mejores regalos, llenos de confort, simpat\u00eda y calidad. \u00a1Ofrece un vale de regalo por valor de 236\u20ac que se puede utilizar para una estancia reconfortante en el Apulia Praia Hotel, en todas sus comodidades o incluso en experiencias \u00fanicas con nuestros socios!<\/p>\n<p><strong>\u00bfC\u00f3mo se puede utilizar este vale ?<\/strong><\/p>\n<ul>\n<li>Dos noches de Alojamiento &amp; Desayuno con Kitesurf para 2 personas, en habitaci\u00f3n Doble\/Twin (dependiendo de las fechas a reservar, si el valor del alojamiento es superior al valor del e-voucher, se podr\u00e1 solicitar el pago de la diferencia);\n<ul>\n<li>KiteSurf Experience: Kitesurf para 2 personas (material proporcionado) &#8211; Duraci\u00f3n: 30 minutos (cada persona);<\/li>\n<\/ul>\n<\/li>\n<li>Como descuento para cualquier otra estancia en las diferentes habitaciones y reg\u00edmenes de alojamiento del Apulia Praia Hotel;<\/li>\n<li>Como descuento para cualquier complemento de la estancia, incluyendo experiencias con nuestros socios, reservando directamente en nuestra recepci\u00f3n.<\/li>\n<\/ul>\n","protected":false},"excerpt":{"rendered":"<p>Apulia Praia Hotel te ayudar\u00e1 a dar los mejores regalos, llenos de confort, simpat\u00eda y calidad. \u00a1Ofrece un vale de regalo por valor de 236\u20ac que se puede utilizar para una estancia reconfortante en el Apulia Praia Hotel, en todas sus comodidades o incluso en experiencias \u00fanicas con nuestros socios! \u00bfC\u00f3mo se puede utilizar este [&hellip;]<\/p>\n","protected":false},"author":565,"featured_media":1164,"parent":549,"menu_order":26,"comment_status":"closed","ping_status":"closed","template":"template-voucher.php","meta":{"footnotes":""},"class_list":["post-1235","page","type-page","status-publish","has-post-thumbnail","hentry"],"yoast_head":"<!-- This site is optimized with the Yoast SEO plugin v26.9 - https:\/\/yoast.com\/product\/yoast-seo-wordpress\/ -->\n<title>Cheque regalo de 236\u20ac - Apulia Praia Hotel -<\/title>\n<meta name=\"description\" content=\"Apulia Praia Hotel te ayudar\u00e1 a dar los mejores regalos, llenos de confort, simpat\u00eda y calidad. \u00a1Ofrece un vale de regalo por valor de 236\u20ac que se puede utilizar para una estancia reconfortante en el Apulia Praia Hotel, en todas sus comodidades o incluso en experiencias \u00fanicas con nuestros socios!  \u00bfC\u00f3mo se puede utilizar este vale ?   Dos noches de Alojamiento &amp; Desayuno con Kitesurf para 2 personas, en habitaci\u00f3n Doble\/Twin (dependiendo de las fechas a reservar, si el valor del alojamiento es superior al valor del e-voucher, se podr\u00e1 solicitar el pago de la diferencia);   KiteSurf Experience: Kitesurf para 2 personas (material proporcionado) - Duraci\u00f3n: 30 minutos (cada persona);    Como descuento para cualquier otra estancia en las diferentes habitaciones y reg\u00edmenes de alojamiento del Apulia Praia Hotel;  Como descuento para cualquier complemento de la estancia, incluyendo experiencias con nuestros socios, reservando directamente en nuestra recepci\u00f3n.\" \/>\n<meta name=\"robots\" content=\"index, follow, max-snippet:-1, max-image-preview:large, max-video-preview:-1\" \/>\n<link rel=\"canonical\" href=\"https:\/\/apuliapraia-hotel.com\/es\/actividades\/cheque-regalo-de-236e\/\" \/>\n<meta property=\"og:locale\" content=\"es_ES\" \/>\n<meta property=\"og:type\" content=\"article\" \/>\n<meta property=\"og:title\" content=\"Cheque regalo de 236\u20ac - Apulia Praia Hotel -\" \/>\n<meta property=\"og:description\" content=\"Apulia Praia Hotel te ayudar\u00e1 a dar los mejores regalos, llenos de confort, simpat\u00eda y calidad. \u00a1Ofrece un vale de regalo por valor de 236\u20ac que se puede utilizar para una estancia reconfortante en el Apulia Praia Hotel, en todas sus comodidades o incluso en experiencias \u00fanicas con nuestros socios!  \u00bfC\u00f3mo se puede utilizar este vale ?   Dos noches de Alojamiento &amp; Desayuno con Kitesurf para 2 personas, en habitaci\u00f3n Doble\/Twin (dependiendo de las fechas a reservar, si el valor del alojamiento es superior al valor del e-voucher, se podr\u00e1 solicitar el pago de la diferencia);   KiteSurf Experience: Kitesurf para 2 personas (material proporcionado) - Duraci\u00f3n: 30 minutos (cada persona);    Como descuento para cualquier otra estancia en las diferentes habitaciones y reg\u00edmenes de alojamiento del Apulia Praia Hotel;  Como descuento para cualquier complemento de la estancia, incluyendo experiencias con nuestros socios, reservando directamente en nuestra recepci\u00f3n.\" \/>\n<meta property=\"og:url\" content=\"https:\/\/apuliapraia-hotel.com\/es\/actividades\/cheque-regalo-de-236e\/\" \/>\n<meta property=\"og:site_name\" content=\"Apulia Praia Hotel\" \/>\n<meta property=\"article:modified_time\" content=\"2024-11-20T16:09:32+00:00\" \/>\n<meta property=\"og:image\" content=\"https:\/\/apuliapraia-hotel.com\/wp-content\/uploads\/sites\/512\/2024\/11\/KITESURF.png\" \/>\n\t<meta property=\"og:image:width\" content=\"1692\" \/>\n\t<meta property=\"og:image:height\" content=\"1200\" \/>\n\t<meta property=\"og:image:type\" content=\"image\/png\" \/>\n<meta name=\"twitter:card\" content=\"summary_large_image\" \/>\n<meta name=\"twitter:label1\" content=\"Tiempo de lectura\" \/>\n\t<meta name=\"twitter:data1\" content=\"1 minuto\" \/>\n<script type=\"application\/ld+json\" class=\"yoast-schema-graph\">{\"@context\":\"https:\/\/schema.org\",\"@graph\":[{\"@type\":\"WebPage\",\"@id\":\"https:\/\/apuliapraia-hotel.com\/es\/actividades\/cheque-regalo-de-236e\/\",\"url\":\"https:\/\/apuliapraia-hotel.com\/es\/actividades\/cheque-regalo-de-236e\/\",\"name\":\"Cheque regalo de 236\u20ac - Apulia Praia Hotel -\",\"isPartOf\":{\"@id\":\"https:\/\/apuliapraia-hotel.com\/es\/#website\"},\"primaryImageOfPage\":{\"@id\":\"https:\/\/apuliapraia-hotel.com\/es\/actividades\/cheque-regalo-de-236e\/#primaryimage\"},\"image\":{\"@id\":\"https:\/\/apuliapraia-hotel.com\/es\/actividades\/cheque-regalo-de-236e\/#primaryimage\"},\"thumbnailUrl\":\"https:\/\/apuliapraia-hotel.com\/wp-content\/uploads\/sites\/512\/2024\/11\/KITESURF.png\",\"datePublished\":\"2024-11-20T16:08:33+00:00\",\"dateModified\":\"2024-11-20T16:09:32+00:00\",\"description\":\"Apulia Praia Hotel te ayudar\u00e1 a dar los mejores regalos, llenos de confort, simpat\u00eda y calidad. \u00a1Ofrece un vale de regalo por valor de 236\u20ac que se puede utilizar para una estancia reconfortante en el Apulia Praia Hotel, en todas sus comodidades o incluso en experiencias \u00fanicas con nuestros socios! \u00bfC\u00f3mo se puede utilizar este vale ? \u2022 Dos noches de Alojamiento &amp; Desayuno con Kitesurf para 2 personas, en habitaci\u00f3n Doble\/Twin (dependiendo de las fechas a reservar, si el valor del alojamiento es superior al valor del e-voucher, se podr\u00e1 solicitar el pago de la diferencia); \u2022 KiteSurf Experience: Kitesurf para 2 personas (material proporcionado) - Duraci\u00f3n: 30 minutos (cada persona); \u2022 Como descuento para cualquier otra estancia en las diferentes habitaciones y reg\u00edmenes de alojamiento del Apulia Praia Hotel; \u2022 Como descuento para cualquier complemento de la estancia, incluyendo experiencias con nuestros socios, reservando directamente en nuestra recepci\u00f3n.\",\"breadcrumb\":{\"@id\":\"https:\/\/apuliapraia-hotel.com\/es\/actividades\/cheque-regalo-de-236e\/#breadcrumb\"},\"inLanguage\":\"es\",\"potentialAction\":[{\"@type\":\"ReadAction\",\"target\":[\"https:\/\/apuliapraia-hotel.com\/es\/actividades\/cheque-regalo-de-236e\/\"]}]},{\"@type\":\"ImageObject\",\"inLanguage\":\"es\",\"@id\":\"https:\/\/apuliapraia-hotel.com\/es\/actividades\/cheque-regalo-de-236e\/#primaryimage\",\"url\":\"https:\/\/apuliapraia-hotel.com\/wp-content\/uploads\/sites\/512\/2024\/11\/KITESURF.png\",\"contentUrl\":\"https:\/\/apuliapraia-hotel.com\/wp-content\/uploads\/sites\/512\/2024\/11\/KITESURF.png\",\"width\":1692,\"height\":1200},{\"@type\":\"BreadcrumbList\",\"@id\":\"https:\/\/apuliapraia-hotel.com\/es\/actividades\/cheque-regalo-de-236e\/#breadcrumb\",\"itemListElement\":[{\"@type\":\"ListItem\",\"position\":1,\"name\":\"Home\",\"item\":\"https:\/\/apuliapraia-hotel.com\/es\/\"},{\"@type\":\"ListItem\",\"position\":2,\"name\":\"Actividades\",\"item\":\"https:\/\/apuliapraia-hotel.com\/es\/actividades\/\"},{\"@type\":\"ListItem\",\"position\":3,\"name\":\"Cheque regalo de 236\u20ac\"}]},{\"@type\":\"WebSite\",\"@id\":\"https:\/\/apuliapraia-hotel.com\/es\/#website\",\"url\":\"https:\/\/apuliapraia-hotel.com\/es\/\",\"name\":\"Apulia Praia Hotel\",\"description\":\"\",\"potentialAction\":[{\"@type\":\"SearchAction\",\"target\":{\"@type\":\"EntryPoint\",\"urlTemplate\":\"https:\/\/apuliapraia-hotel.com\/es\/?s={search_term_string}\"},\"query-input\":{\"@type\":\"PropertyValueSpecification\",\"valueRequired\":true,\"valueName\":\"search_term_string\"}}],\"inLanguage\":\"es\"}]}<\/script>\n<!-- \/ Yoast SEO plugin. -->","yoast_head_json":{"title":"Cheque regalo de 236\u20ac - Apulia Praia Hotel -","description":"Apulia Praia Hotel te ayudar\u00e1 a dar los mejores regalos, llenos de confort, simpat\u00eda y calidad. \u00a1Ofrece un vale de regalo por valor de 236\u20ac que se puede utilizar para una estancia reconfortante en el Apulia Praia Hotel, en todas sus comodidades o incluso en experiencias \u00fanicas con nuestros socios!  \u00bfC\u00f3mo se puede utilizar este vale ?   Dos noches de Alojamiento &amp; Desayuno con Kitesurf para 2 personas, en habitaci\u00f3n Doble\/Twin (dependiendo de las fechas a reservar, si el valor del alojamiento es superior al valor del e-voucher, se podr\u00e1 solicitar el pago de la diferencia);   KiteSurf Experience: Kitesurf para 2 personas (material proporcionado) - Duraci\u00f3n: 30 minutos (cada persona);    Como descuento para cualquier otra estancia en las diferentes habitaciones y reg\u00edmenes de alojamiento del Apulia Praia Hotel;  Como descuento para cualquier complemento de la estancia, incluyendo experiencias con nuestros socios, reservando directamente en nuestra recepci\u00f3n.","robots":{"index":"index","follow":"follow","max-snippet":"max-snippet:-1","max-image-preview":"max-image-preview:large","max-video-preview":"max-video-preview:-1"},"canonical":"https:\/\/apuliapraia-hotel.com\/es\/actividades\/cheque-regalo-de-236e\/","og_locale":"es_ES","og_type":"article","og_title":"Cheque regalo de 236\u20ac - Apulia Praia Hotel -","og_description":"Apulia Praia Hotel te ayudar\u00e1 a dar los mejores regalos, llenos de confort, simpat\u00eda y calidad. \u00a1Ofrece un vale de regalo por valor de 236\u20ac que se puede utilizar para una estancia reconfortante en el Apulia Praia Hotel, en todas sus comodidades o incluso en experiencias \u00fanicas con nuestros socios!  \u00bfC\u00f3mo se puede utilizar este vale ?   Dos noches de Alojamiento &amp; Desayuno con Kitesurf para 2 personas, en habitaci\u00f3n Doble\/Twin (dependiendo de las fechas a reservar, si el valor del alojamiento es superior al valor del e-voucher, se podr\u00e1 solicitar el pago de la diferencia);   KiteSurf Experience: Kitesurf para 2 personas (material proporcionado) - Duraci\u00f3n: 30 minutos (cada persona);    Como descuento para cualquier otra estancia en las diferentes habitaciones y reg\u00edmenes de alojamiento del Apulia Praia Hotel;  Como descuento para cualquier complemento de la estancia, incluyendo experiencias con nuestros socios, reservando directamente en nuestra recepci\u00f3n.","og_url":"https:\/\/apuliapraia-hotel.com\/es\/actividades\/cheque-regalo-de-236e\/","og_site_name":"Apulia Praia Hotel","article_modified_time":"2024-11-20T16:09:32+00:00","og_image":[{"width":1692,"height":1200,"url":"https:\/\/apuliapraia-hotel.com\/wp-content\/uploads\/sites\/512\/2024\/11\/KITESURF.png","type":"image\/png"}],"twitter_card":"summary_large_image","twitter_misc":{"Tiempo de lectura":"1 minuto"},"schema":{"@context":"https:\/\/schema.org","@graph":[{"@type":"WebPage","@id":"https:\/\/apuliapraia-hotel.com\/es\/actividades\/cheque-regalo-de-236e\/","url":"https:\/\/apuliapraia-hotel.com\/es\/actividades\/cheque-regalo-de-236e\/","name":"Cheque regalo de 236\u20ac - Apulia Praia Hotel -","isPartOf":{"@id":"https:\/\/apuliapraia-hotel.com\/es\/#website"},"primaryImageOfPage":{"@id":"https:\/\/apuliapraia-hotel.com\/es\/actividades\/cheque-regalo-de-236e\/#primaryimage"},"image":{"@id":"https:\/\/apuliapraia-hotel.com\/es\/actividades\/cheque-regalo-de-236e\/#primaryimage"},"thumbnailUrl":"https:\/\/apuliapraia-hotel.com\/wp-content\/uploads\/sites\/512\/2024\/11\/KITESURF.png","datePublished":"2024-11-20T16:08:33+00:00","dateModified":"2024-11-20T16:09:32+00:00","description":"Apulia Praia Hotel te ayudar\u00e1 a dar los mejores regalos, llenos de confort, simpat\u00eda y calidad. \u00a1Ofrece un vale de regalo por valor de 236\u20ac que se puede utilizar para una estancia reconfortante en el Apulia Praia Hotel, en todas sus comodidades o incluso en experiencias \u00fanicas con nuestros socios! \u00bfC\u00f3mo se puede utilizar este vale ? \u2022 Dos noches de Alojamiento &amp; Desayuno con Kitesurf para 2 personas, en habitaci\u00f3n Doble\/Twin (dependiendo de las fechas a reservar, si el valor del alojamiento es superior al valor del e-voucher, se podr\u00e1 solicitar el pago de la diferencia); \u2022 KiteSurf Experience: Kitesurf para 2 personas (material proporcionado) - Duraci\u00f3n: 30 minutos (cada persona); \u2022 Como descuento para cualquier otra estancia en las diferentes habitaciones y reg\u00edmenes de alojamiento del Apulia Praia Hotel; \u2022 Como descuento para cualquier complemento de la estancia, incluyendo experiencias con nuestros socios, reservando directamente en nuestra recepci\u00f3n.","breadcrumb":{"@id":"https:\/\/apuliapraia-hotel.com\/es\/actividades\/cheque-regalo-de-236e\/#breadcrumb"},"inLanguage":"es","potentialAction":[{"@type":"ReadAction","target":["https:\/\/apuliapraia-hotel.com\/es\/actividades\/cheque-regalo-de-236e\/"]}]},{"@type":"ImageObject","inLanguage":"es","@id":"https:\/\/apuliapraia-hotel.com\/es\/actividades\/cheque-regalo-de-236e\/#primaryimage","url":"https:\/\/apuliapraia-hotel.com\/wp-content\/uploads\/sites\/512\/2024\/11\/KITESURF.png","contentUrl":"https:\/\/apuliapraia-hotel.com\/wp-content\/uploads\/sites\/512\/2024\/11\/KITESURF.png","width":1692,"height":1200},{"@type":"BreadcrumbList","@id":"https:\/\/apuliapraia-hotel.com\/es\/actividades\/cheque-regalo-de-236e\/#breadcrumb","itemListElement":[{"@type":"ListItem","position":1,"name":"Home","item":"https:\/\/apuliapraia-hotel.com\/es\/"},{"@type":"ListItem","position":2,"name":"Actividades","item":"https:\/\/apuliapraia-hotel.com\/es\/actividades\/"},{"@type":"ListItem","position":3,"name":"Cheque regalo de 236\u20ac"}]},{"@type":"WebSite","@id":"https:\/\/apuliapraia-hotel.com\/es\/#website","url":"https:\/\/apuliapraia-hotel.com\/es\/","name":"Apulia Praia Hotel","description":"","potentialAction":[{"@type":"SearchAction","target":{"@type":"EntryPoint","urlTemplate":"https:\/\/apuliapraia-hotel.com\/es\/?s={search_term_string}"},"query-input":{"@type":"PropertyValueSpecification","valueRequired":true,"valueName":"search_term_string"}}],"inLanguage":"es"}]}},"acf":[],"_links":{"self":[{"href":"https:\/\/apuliapraia-hotel.com\/es\/wp-json\/wp\/v2\/pages\/1235","targetHints":{"allow":["GET"]}}],"collection":[{"href":"https:\/\/apuliapraia-hotel.com\/es\/wp-json\/wp\/v2\/pages"}],"about":[{"href":"https:\/\/apuliapraia-hotel.com\/es\/wp-json\/wp\/v2\/types\/page"}],"author":[{"embeddable":true,"href":"https:\/\/apuliapraia-hotel.com\/es\/wp-json\/wp\/v2\/users\/565"}],"replies":[{"embeddable":true,"href":"https:\/\/apuliapraia-hotel.com\/es\/wp-json\/wp\/v2\/comments?post=1235"}],"version-history":[{"count":0,"href":"https:\/\/apuliapraia-hotel.com\/es\/wp-json\/wp\/v2\/pages\/1235\/revisions"}],"up":[{"embeddable":true,"href":"https:\/\/apuliapraia-hotel.com\/es\/wp-json\/wp\/v2\/pages\/549"}],"wp:featuredmedia":[{"embeddable":true,"href":"https:\/\/apuliapraia-hotel.com\/es\/wp-json\/wp\/v2\/media\/1164"}],"wp:attachment":[{"href":"https:\/\/apuliapraia-hotel.com\/es\/wp-json\/wp\/v2\/media?parent=1235"}],"curies":[{"name":"wp","href":"https:\/\/api.w.org\/{rel}","templated":true}]}}