{"id":1146,"date":"2024-08-27T15:44:49","date_gmt":"2024-08-27T15:44:49","guid":{"rendered":"https:\/\/apuliapraia-hotel.com\/?page_id=1146"},"modified":"2024-08-28T14:01:55","modified_gmt":"2024-08-28T14:01:55","slug":"minigolf-barqueiros","status":"publish","type":"page","link":"https:\/\/apuliapraia-hotel.com\/es\/actividades\/minigolf-barqueiros\/","title":{"rendered":"Minigolf Barqueiros"},"content":{"rendered":"<p>Con 18 pistas, el campo de minigolf del <strong>Parque Deportivo Necessidades Futebol Clube<\/strong> es el lugar ideal para pasar una ma\u00f1ana o una tarde divertida en compa\u00f1\u00eda de amigos y familiares jugando al minigolf. Es necesario que haya un adulto acompa\u00f1ante y reservar si hay un grupo de m\u00e1s de 6 personas, cumplea\u00f1os, actividades de grupo, visitas escolares y eventos de empresa.<\/p>\n<p>&nbsp;<\/p>\n<p><strong>Horario de apertura:<\/strong><\/p>\n<ul>\n<li>Abierto todos los d\u00edas hasta el 15 de septiembre<\/li>\n<li>A partir del 15 de septiembre:\n<ul>\n<li>De martes a domingo: 10:00 a 20:00<\/li>\n<li>Lunes cerrado<\/li>\n<\/ul>\n<\/li>\n<\/ul>\n<p><strong>Precios (inscripci\u00f3n individual, sin l\u00edmite de tiempo):<\/strong><\/p>\n<ul>\n<li>0 &#8211; 5 a\u00f1os: gratis<\/li>\n<li>6 &#8211; 12 a\u00f1os: 1.5\u20ac<\/li>\n<li>m\u00e1s de 13 a\u00f1os: 3\u20ac<\/li>\n<li>incluye alquiler de bates y pelotas.<\/li>\n<\/ul>\n","protected":false},"excerpt":{"rendered":"<p>Con 18 pistas, el campo de minigolf del Parque Deportivo Necessidades Futebol Clube es el lugar ideal para pasar una ma\u00f1ana o una tarde divertida en compa\u00f1\u00eda de amigos y familiares jugando al minigolf. Es necesario que haya un adulto acompa\u00f1ante y reservar si hay un grupo de m\u00e1s de 6 personas, cumplea\u00f1os, actividades de [&hellip;]<\/p>\n","protected":false},"author":565,"featured_media":1137,"parent":549,"menu_order":25,"comment_status":"closed","ping_status":"closed","template":"template-default-4.php","meta":{"footnotes":""},"class_list":["post-1146","page","type-page","status-publish","has-post-thumbnail","hentry"],"yoast_head":"<!-- This site is optimized with the Yoast SEO plugin v26.9 - https:\/\/yoast.com\/product\/yoast-seo-wordpress\/ -->\n<title>Minigolf Barqueiros - Apulia Praia Hotel -<\/title>\n<meta name=\"description\" content=\"Con 18 pistas, el campo de minigolf del Parque Deportivo Necessidades Futebol Clube es el lugar ideal para pasar una ma\u00f1ana o una tarde divertida en compa\u00f1\u00eda de amigos y familiares jugando al minigolf. Es necesario que haya un adulto acompa\u00f1ante y reservar si hay un grupo de m\u00e1s de 6 personas, cumplea\u00f1os, actividades de grupo, visitas escolares y eventos de empresa.  &nbsp;  Horario de apertura:   Abierto todos los d\u00edas hasta el 15 de septiembre  A partir del 15 de septiembre:   De martes a domingo: 10:00 a 20:00  Lunes cerrado    Precios (inscripci\u00f3n individual, sin l\u00edmite de tiempo):   0 - 5 a\u00f1os: gratis  6 - 12 a\u00f1os: 1.5\u20ac  m\u00e1s de 13 a\u00f1os: 3\u20ac  incluye alquiler de bates y pelotas.\" \/>\n<meta name=\"robots\" content=\"index, follow, max-snippet:-1, max-image-preview:large, max-video-preview:-1\" \/>\n<link rel=\"canonical\" href=\"https:\/\/apuliapraia-hotel.com\/es\/actividades\/minigolf-barqueiros\/\" \/>\n<meta property=\"og:locale\" content=\"es_ES\" \/>\n<meta property=\"og:type\" content=\"article\" \/>\n<meta property=\"og:title\" content=\"Minigolf Barqueiros - Apulia Praia Hotel -\" \/>\n<meta property=\"og:description\" content=\"Con 18 pistas, el campo de minigolf del Parque Deportivo Necessidades Futebol Clube es el lugar ideal para pasar una ma\u00f1ana o una tarde divertida en compa\u00f1\u00eda de amigos y familiares jugando al minigolf. Es necesario que haya un adulto acompa\u00f1ante y reservar si hay un grupo de m\u00e1s de 6 personas, cumplea\u00f1os, actividades de grupo, visitas escolares y eventos de empresa.  &nbsp;  Horario de apertura:   Abierto todos los d\u00edas hasta el 15 de septiembre  A partir del 15 de septiembre:   De martes a domingo: 10:00 a 20:00  Lunes cerrado    Precios (inscripci\u00f3n individual, sin l\u00edmite de tiempo):   0 - 5 a\u00f1os: gratis  6 - 12 a\u00f1os: 1.5\u20ac  m\u00e1s de 13 a\u00f1os: 3\u20ac  incluye alquiler de bates y pelotas.\" \/>\n<meta property=\"og:url\" content=\"https:\/\/apuliapraia-hotel.com\/es\/actividades\/minigolf-barqueiros\/\" \/>\n<meta property=\"og:site_name\" content=\"Apulia Praia Hotel\" \/>\n<meta property=\"article:modified_time\" content=\"2024-08-28T14:01:55+00:00\" \/>\n<meta property=\"og:image\" content=\"https:\/\/apuliapraia-hotel.com\/wp-content\/uploads\/sites\/512\/2024\/08\/Necessidades-Futebol-Clube-Mini-golf.jpg\" \/>\n\t<meta property=\"og:image:width\" content=\"1068\" \/>\n\t<meta property=\"og:image:height\" content=\"702\" \/>\n\t<meta property=\"og:image:type\" content=\"image\/jpeg\" \/>\n<meta name=\"twitter:card\" content=\"summary_large_image\" \/>\n<meta name=\"twitter:label1\" content=\"Tiempo de lectura\" \/>\n\t<meta name=\"twitter:data1\" content=\"1 minuto\" \/>\n<script type=\"application\/ld+json\" class=\"yoast-schema-graph\">{\"@context\":\"https:\/\/schema.org\",\"@graph\":[{\"@type\":\"WebPage\",\"@id\":\"https:\/\/apuliapraia-hotel.com\/es\/actividades\/minigolf-barqueiros\/\",\"url\":\"https:\/\/apuliapraia-hotel.com\/es\/actividades\/minigolf-barqueiros\/\",\"name\":\"Minigolf Barqueiros - Apulia Praia Hotel -\",\"isPartOf\":{\"@id\":\"https:\/\/apuliapraia-hotel.com\/es\/#website\"},\"primaryImageOfPage\":{\"@id\":\"https:\/\/apuliapraia-hotel.com\/es\/actividades\/minigolf-barqueiros\/#primaryimage\"},\"image\":{\"@id\":\"https:\/\/apuliapraia-hotel.com\/es\/actividades\/minigolf-barqueiros\/#primaryimage\"},\"thumbnailUrl\":\"https:\/\/apuliapraia-hotel.com\/wp-content\/uploads\/sites\/512\/2024\/08\/Necessidades-Futebol-Clube-Mini-golf.jpg\",\"datePublished\":\"2024-08-27T15:44:49+00:00\",\"dateModified\":\"2024-08-28T14:01:55+00:00\",\"description\":\"Con 18 pistas, el campo de minigolf del Parque Deportivo Necessidades Futebol Clube es el lugar ideal para pasar una ma\u00f1ana o una tarde divertida en compa\u00f1\u00eda de amigos y familiares jugando al minigolf. Es necesario que haya un adulto acompa\u00f1ante y reservar si hay un grupo de m\u00e1s de 6 personas, cumplea\u00f1os, actividades de grupo, visitas escolares y eventos de empresa. &nbsp; Horario de apertura: \u2022 Abierto todos los d\u00edas hasta el 15 de septiembre \u2022 A partir del 15 de septiembre: \u2022 De martes a domingo: 10:00 a 20:00 \u2022 Lunes cerrado Precios (inscripci\u00f3n individual, sin l\u00edmite de tiempo): \u2022 0 - 5 a\u00f1os: gratis \u2022 6 - 12 a\u00f1os: 1.5\u20ac \u2022 m\u00e1s de 13 a\u00f1os: 3\u20ac \u2022 incluye alquiler de bates y pelotas.\",\"breadcrumb\":{\"@id\":\"https:\/\/apuliapraia-hotel.com\/es\/actividades\/minigolf-barqueiros\/#breadcrumb\"},\"inLanguage\":\"es\",\"potentialAction\":[{\"@type\":\"ReadAction\",\"target\":[\"https:\/\/apuliapraia-hotel.com\/es\/actividades\/minigolf-barqueiros\/\"]}]},{\"@type\":\"ImageObject\",\"inLanguage\":\"es\",\"@id\":\"https:\/\/apuliapraia-hotel.com\/es\/actividades\/minigolf-barqueiros\/#primaryimage\",\"url\":\"https:\/\/apuliapraia-hotel.com\/wp-content\/uploads\/sites\/512\/2024\/08\/Necessidades-Futebol-Clube-Mini-golf.jpg\",\"contentUrl\":\"https:\/\/apuliapraia-hotel.com\/wp-content\/uploads\/sites\/512\/2024\/08\/Necessidades-Futebol-Clube-Mini-golf.jpg\",\"width\":1068,\"height\":702},{\"@type\":\"BreadcrumbList\",\"@id\":\"https:\/\/apuliapraia-hotel.com\/es\/actividades\/minigolf-barqueiros\/#breadcrumb\",\"itemListElement\":[{\"@type\":\"ListItem\",\"position\":1,\"name\":\"Home\",\"item\":\"https:\/\/apuliapraia-hotel.com\/es\/\"},{\"@type\":\"ListItem\",\"position\":2,\"name\":\"Actividades\",\"item\":\"https:\/\/apuliapraia-hotel.com\/es\/actividades\/\"},{\"@type\":\"ListItem\",\"position\":3,\"name\":\"Minigolf Barqueiros\"}]},{\"@type\":\"WebSite\",\"@id\":\"https:\/\/apuliapraia-hotel.com\/es\/#website\",\"url\":\"https:\/\/apuliapraia-hotel.com\/es\/\",\"name\":\"Apulia Praia Hotel\",\"description\":\"\",\"potentialAction\":[{\"@type\":\"SearchAction\",\"target\":{\"@type\":\"EntryPoint\",\"urlTemplate\":\"https:\/\/apuliapraia-hotel.com\/es\/?s={search_term_string}\"},\"query-input\":{\"@type\":\"PropertyValueSpecification\",\"valueRequired\":true,\"valueName\":\"search_term_string\"}}],\"inLanguage\":\"es\"}]}<\/script>\n<!-- \/ Yoast SEO plugin. -->","yoast_head_json":{"title":"Minigolf Barqueiros - Apulia Praia Hotel -","description":"Con 18 pistas, el campo de minigolf del Parque Deportivo Necessidades Futebol Clube es el lugar ideal para pasar una ma\u00f1ana o una tarde divertida en compa\u00f1\u00eda de amigos y familiares jugando al minigolf. Es necesario que haya un adulto acompa\u00f1ante y reservar si hay un grupo de m\u00e1s de 6 personas, cumplea\u00f1os, actividades de grupo, visitas escolares y eventos de empresa.  &nbsp;  Horario de apertura:   Abierto todos los d\u00edas hasta el 15 de septiembre  A partir del 15 de septiembre:   De martes a domingo: 10:00 a 20:00  Lunes cerrado    Precios (inscripci\u00f3n individual, sin l\u00edmite de tiempo):   0 - 5 a\u00f1os: gratis  6 - 12 a\u00f1os: 1.5\u20ac  m\u00e1s de 13 a\u00f1os: 3\u20ac  incluye alquiler de bates y pelotas.","robots":{"index":"index","follow":"follow","max-snippet":"max-snippet:-1","max-image-preview":"max-image-preview:large","max-video-preview":"max-video-preview:-1"},"canonical":"https:\/\/apuliapraia-hotel.com\/es\/actividades\/minigolf-barqueiros\/","og_locale":"es_ES","og_type":"article","og_title":"Minigolf Barqueiros - Apulia Praia Hotel -","og_description":"Con 18 pistas, el campo de minigolf del Parque Deportivo Necessidades Futebol Clube es el lugar ideal para pasar una ma\u00f1ana o una tarde divertida en compa\u00f1\u00eda de amigos y familiares jugando al minigolf. Es necesario que haya un adulto acompa\u00f1ante y reservar si hay un grupo de m\u00e1s de 6 personas, cumplea\u00f1os, actividades de grupo, visitas escolares y eventos de empresa.  &nbsp;  Horario de apertura:   Abierto todos los d\u00edas hasta el 15 de septiembre  A partir del 15 de septiembre:   De martes a domingo: 10:00 a 20:00  Lunes cerrado    Precios (inscripci\u00f3n individual, sin l\u00edmite de tiempo):   0 - 5 a\u00f1os: gratis  6 - 12 a\u00f1os: 1.5\u20ac  m\u00e1s de 13 a\u00f1os: 3\u20ac  incluye alquiler de bates y pelotas.","og_url":"https:\/\/apuliapraia-hotel.com\/es\/actividades\/minigolf-barqueiros\/","og_site_name":"Apulia Praia Hotel","article_modified_time":"2024-08-28T14:01:55+00:00","og_image":[{"width":1068,"height":702,"url":"https:\/\/apuliapraia-hotel.com\/wp-content\/uploads\/sites\/512\/2024\/08\/Necessidades-Futebol-Clube-Mini-golf.jpg","type":"image\/jpeg"}],"twitter_card":"summary_large_image","twitter_misc":{"Tiempo de lectura":"1 minuto"},"schema":{"@context":"https:\/\/schema.org","@graph":[{"@type":"WebPage","@id":"https:\/\/apuliapraia-hotel.com\/es\/actividades\/minigolf-barqueiros\/","url":"https:\/\/apuliapraia-hotel.com\/es\/actividades\/minigolf-barqueiros\/","name":"Minigolf Barqueiros - Apulia Praia Hotel -","isPartOf":{"@id":"https:\/\/apuliapraia-hotel.com\/es\/#website"},"primaryImageOfPage":{"@id":"https:\/\/apuliapraia-hotel.com\/es\/actividades\/minigolf-barqueiros\/#primaryimage"},"image":{"@id":"https:\/\/apuliapraia-hotel.com\/es\/actividades\/minigolf-barqueiros\/#primaryimage"},"thumbnailUrl":"https:\/\/apuliapraia-hotel.com\/wp-content\/uploads\/sites\/512\/2024\/08\/Necessidades-Futebol-Clube-Mini-golf.jpg","datePublished":"2024-08-27T15:44:49+00:00","dateModified":"2024-08-28T14:01:55+00:00","description":"Con 18 pistas, el campo de minigolf del Parque Deportivo Necessidades Futebol Clube es el lugar ideal para pasar una ma\u00f1ana o una tarde divertida en compa\u00f1\u00eda de amigos y familiares jugando al minigolf. Es necesario que haya un adulto acompa\u00f1ante y reservar si hay un grupo de m\u00e1s de 6 personas, cumplea\u00f1os, actividades de grupo, visitas escolares y eventos de empresa. &nbsp; Horario de apertura: \u2022 Abierto todos los d\u00edas hasta el 15 de septiembre \u2022 A partir del 15 de septiembre: \u2022 De martes a domingo: 10:00 a 20:00 \u2022 Lunes cerrado Precios (inscripci\u00f3n individual, sin l\u00edmite de tiempo): \u2022 0 - 5 a\u00f1os: gratis \u2022 6 - 12 a\u00f1os: 1.5\u20ac \u2022 m\u00e1s de 13 a\u00f1os: 3\u20ac \u2022 incluye alquiler de bates y pelotas.","breadcrumb":{"@id":"https:\/\/apuliapraia-hotel.com\/es\/actividades\/minigolf-barqueiros\/#breadcrumb"},"inLanguage":"es","potentialAction":[{"@type":"ReadAction","target":["https:\/\/apuliapraia-hotel.com\/es\/actividades\/minigolf-barqueiros\/"]}]},{"@type":"ImageObject","inLanguage":"es","@id":"https:\/\/apuliapraia-hotel.com\/es\/actividades\/minigolf-barqueiros\/#primaryimage","url":"https:\/\/apuliapraia-hotel.com\/wp-content\/uploads\/sites\/512\/2024\/08\/Necessidades-Futebol-Clube-Mini-golf.jpg","contentUrl":"https:\/\/apuliapraia-hotel.com\/wp-content\/uploads\/sites\/512\/2024\/08\/Necessidades-Futebol-Clube-Mini-golf.jpg","width":1068,"height":702},{"@type":"BreadcrumbList","@id":"https:\/\/apuliapraia-hotel.com\/es\/actividades\/minigolf-barqueiros\/#breadcrumb","itemListElement":[{"@type":"ListItem","position":1,"name":"Home","item":"https:\/\/apuliapraia-hotel.com\/es\/"},{"@type":"ListItem","position":2,"name":"Actividades","item":"https:\/\/apuliapraia-hotel.com\/es\/actividades\/"},{"@type":"ListItem","position":3,"name":"Minigolf Barqueiros"}]},{"@type":"WebSite","@id":"https:\/\/apuliapraia-hotel.com\/es\/#website","url":"https:\/\/apuliapraia-hotel.com\/es\/","name":"Apulia Praia Hotel","description":"","potentialAction":[{"@type":"SearchAction","target":{"@type":"EntryPoint","urlTemplate":"https:\/\/apuliapraia-hotel.com\/es\/?s={search_term_string}"},"query-input":{"@type":"PropertyValueSpecification","valueRequired":true,"valueName":"search_term_string"}}],"inLanguage":"es"}]}},"acf":[],"_links":{"self":[{"href":"https:\/\/apuliapraia-hotel.com\/es\/wp-json\/wp\/v2\/pages\/1146","targetHints":{"allow":["GET"]}}],"collection":[{"href":"https:\/\/apuliapraia-hotel.com\/es\/wp-json\/wp\/v2\/pages"}],"about":[{"href":"https:\/\/apuliapraia-hotel.com\/es\/wp-json\/wp\/v2\/types\/page"}],"author":[{"embeddable":true,"href":"https:\/\/apuliapraia-hotel.com\/es\/wp-json\/wp\/v2\/users\/565"}],"replies":[{"embeddable":true,"href":"https:\/\/apuliapraia-hotel.com\/es\/wp-json\/wp\/v2\/comments?post=1146"}],"version-history":[{"count":0,"href":"https:\/\/apuliapraia-hotel.com\/es\/wp-json\/wp\/v2\/pages\/1146\/revisions"}],"up":[{"embeddable":true,"href":"https:\/\/apuliapraia-hotel.com\/es\/wp-json\/wp\/v2\/pages\/549"}],"wp:featuredmedia":[{"embeddable":true,"href":"https:\/\/apuliapraia-hotel.com\/es\/wp-json\/wp\/v2\/media\/1137"}],"wp:attachment":[{"href":"https:\/\/apuliapraia-hotel.com\/es\/wp-json\/wp\/v2\/media?parent=1146"}],"curies":[{"name":"wp","href":"https:\/\/api.w.org\/{rel}","templated":true}]}}