{"id":1129,"date":"2024-07-29T10:09:20","date_gmt":"2024-07-29T10:09:20","guid":{"rendered":"https:\/\/apuliapraia-hotel.com\/?page_id=1129"},"modified":"2024-07-29T10:09:20","modified_gmt":"2024-07-29T10:09:20","slug":"museo-maritimo-de-esposende","status":"publish","type":"page","link":"https:\/\/apuliapraia-hotel.com\/es\/region\/museo-maritimo-de-esposende\/","title":{"rendered":"Museo Mar\u00edtimo de Esposende"},"content":{"rendered":"<p>El Museo Mar\u00edtimo de Esposende se encuentra en el hist\u00f3rico Puesto de Socorro a N\u00e1ufragos de la ciudad, estrat\u00e9gicamente situado en la desembocadura del r\u00edo C\u00e1vado.<\/p>\n<p>En la primera planta del edificio hay una sala de exposiciones temporales con m\u00e1s de mil fotograf\u00edas de tem\u00e1tica mar\u00edtima. Estas fotograf\u00edas preservan y honran la memoria local de quienes trabajaron y siguen trabajando en el sector mar\u00edtimo. En la 2\u00aa planta, adem\u00e1s de la sede del Foro Esposende, hay un auditorio. Tambi\u00e9n puede visitar parte de la colecci\u00f3n del museo, como la colecci\u00f3n de conchas del coronel Adolfo Monteiro Cruz.<\/p>\n<p>Si est\u00e1 cerca, aproveche para visitar el Museo Mar\u00edtimo de Esposende y empaparse de la cultura mar\u00edtima de Esposende.<\/p>\n","protected":false},"excerpt":{"rendered":"<p>El Museo Mar\u00edtimo de Esposende se encuentra en el hist\u00f3rico Puesto de Socorro a N\u00e1ufragos de la ciudad, estrat\u00e9gicamente situado en la desembocadura del r\u00edo C\u00e1vado. En la primera planta del edificio hay una sala de exposiciones temporales con m\u00e1s de mil fotograf\u00edas de tem\u00e1tica mar\u00edtima. Estas fotograf\u00edas preservan y honran la memoria local de [&hellip;]<\/p>\n","protected":false},"author":565,"featured_media":1128,"parent":584,"menu_order":15,"comment_status":"closed","ping_status":"closed","template":"template-default-4.php","meta":{"footnotes":""},"class_list":["post-1129","page","type-page","status-publish","has-post-thumbnail","hentry"],"yoast_head":"<!-- This site is optimized with the Yoast SEO plugin v26.9 - https:\/\/yoast.com\/product\/yoast-seo-wordpress\/ -->\n<title>Museo Mar\u00edtimo de Esposende - Apulia Praia Hotel -<\/title>\n<meta name=\"description\" content=\"El Museo Mar\u00edtimo de Esposende se encuentra en el hist\u00f3rico Puesto de Socorro a N\u00e1ufragos de la ciudad, estrat\u00e9gicamente situado en la desembocadura del r\u00edo C\u00e1vado.  En la primera planta del edificio hay una sala de exposiciones temporales con m\u00e1s de mil fotograf\u00edas de tem\u00e1tica mar\u00edtima. Estas fotograf\u00edas preservan y honran la memoria local de quienes trabajaron y siguen trabajando en el sector mar\u00edtimo\" \/>\n<meta name=\"robots\" content=\"index, follow, max-snippet:-1, max-image-preview:large, max-video-preview:-1\" \/>\n<link rel=\"canonical\" href=\"https:\/\/apuliapraia-hotel.com\/es\/region\/museo-maritimo-de-esposende\/\" \/>\n<meta property=\"og:locale\" content=\"es_ES\" \/>\n<meta property=\"og:type\" content=\"article\" \/>\n<meta property=\"og:title\" content=\"Museo Mar\u00edtimo de Esposende - Apulia Praia Hotel -\" \/>\n<meta property=\"og:description\" content=\"El Museo Mar\u00edtimo de Esposende se encuentra en el hist\u00f3rico Puesto de Socorro a N\u00e1ufragos de la ciudad, estrat\u00e9gicamente situado en la desembocadura del r\u00edo C\u00e1vado.  En la primera planta del edificio hay una sala de exposiciones temporales con m\u00e1s de mil fotograf\u00edas de tem\u00e1tica mar\u00edtima. Estas fotograf\u00edas preservan y honran la memoria local de quienes trabajaron y siguen trabajando en el sector mar\u00edtimo\" \/>\n<meta property=\"og:url\" content=\"https:\/\/apuliapraia-hotel.com\/es\/region\/museo-maritimo-de-esposende\/\" \/>\n<meta property=\"og:site_name\" content=\"Apulia Praia Hotel\" \/>\n<meta property=\"og:image\" content=\"https:\/\/apuliapraia-hotel.com\/wp-content\/uploads\/sites\/512\/2024\/07\/museu-maritimo.jpeg\" \/>\n\t<meta property=\"og:image:width\" content=\"700\" \/>\n\t<meta property=\"og:image:height\" content=\"429\" \/>\n\t<meta property=\"og:image:type\" content=\"image\/jpeg\" \/>\n<meta name=\"twitter:card\" content=\"summary_large_image\" \/>\n<meta name=\"twitter:label1\" content=\"Tiempo de lectura\" \/>\n\t<meta name=\"twitter:data1\" content=\"1 minuto\" \/>\n<script type=\"application\/ld+json\" class=\"yoast-schema-graph\">{\"@context\":\"https:\/\/schema.org\",\"@graph\":[{\"@type\":\"WebPage\",\"@id\":\"https:\/\/apuliapraia-hotel.com\/es\/region\/museo-maritimo-de-esposende\/\",\"url\":\"https:\/\/apuliapraia-hotel.com\/es\/region\/museo-maritimo-de-esposende\/\",\"name\":\"Museo Mar\u00edtimo de Esposende - Apulia Praia Hotel -\",\"isPartOf\":{\"@id\":\"https:\/\/apuliapraia-hotel.com\/es\/#website\"},\"primaryImageOfPage\":{\"@id\":\"https:\/\/apuliapraia-hotel.com\/es\/region\/museo-maritimo-de-esposende\/#primaryimage\"},\"image\":{\"@id\":\"https:\/\/apuliapraia-hotel.com\/es\/region\/museo-maritimo-de-esposende\/#primaryimage\"},\"thumbnailUrl\":\"https:\/\/apuliapraia-hotel.com\/wp-content\/uploads\/sites\/512\/2024\/07\/museu-maritimo.jpeg\",\"datePublished\":\"2024-07-29T10:09:20+00:00\",\"description\":\"El Museo Mar\u00edtimo de Esposende se encuentra en el hist\u00f3rico Puesto de Socorro a N\u00e1ufragos de la ciudad, estrat\u00e9gicamente situado en la desembocadura del r\u00edo C\u00e1vado. En la primera planta del edificio hay una sala de exposiciones temporales con m\u00e1s de mil fotograf\u00edas de tem\u00e1tica mar\u00edtima. Estas fotograf\u00edas preservan y honran la memoria local de quienes trabajaron y siguen trabajando en el sector mar\u00edtimo\",\"breadcrumb\":{\"@id\":\"https:\/\/apuliapraia-hotel.com\/es\/region\/museo-maritimo-de-esposende\/#breadcrumb\"},\"inLanguage\":\"es\",\"potentialAction\":[{\"@type\":\"ReadAction\",\"target\":[\"https:\/\/apuliapraia-hotel.com\/es\/region\/museo-maritimo-de-esposende\/\"]}]},{\"@type\":\"ImageObject\",\"inLanguage\":\"es\",\"@id\":\"https:\/\/apuliapraia-hotel.com\/es\/region\/museo-maritimo-de-esposende\/#primaryimage\",\"url\":\"https:\/\/apuliapraia-hotel.com\/wp-content\/uploads\/sites\/512\/2024\/07\/museu-maritimo.jpeg\",\"contentUrl\":\"https:\/\/apuliapraia-hotel.com\/wp-content\/uploads\/sites\/512\/2024\/07\/museu-maritimo.jpeg\",\"width\":700,\"height\":429},{\"@type\":\"BreadcrumbList\",\"@id\":\"https:\/\/apuliapraia-hotel.com\/es\/region\/museo-maritimo-de-esposende\/#breadcrumb\",\"itemListElement\":[{\"@type\":\"ListItem\",\"position\":1,\"name\":\"Home\",\"item\":\"https:\/\/apuliapraia-hotel.com\/es\/\"},{\"@type\":\"ListItem\",\"position\":2,\"name\":\"Regi\u00f3n\",\"item\":\"https:\/\/apuliapraia-hotel.com\/es\/region\/\"},{\"@type\":\"ListItem\",\"position\":3,\"name\":\"Museo Mar\u00edtimo de Esposende\"}]},{\"@type\":\"WebSite\",\"@id\":\"https:\/\/apuliapraia-hotel.com\/es\/#website\",\"url\":\"https:\/\/apuliapraia-hotel.com\/es\/\",\"name\":\"Apulia Praia Hotel\",\"description\":\"\",\"potentialAction\":[{\"@type\":\"SearchAction\",\"target\":{\"@type\":\"EntryPoint\",\"urlTemplate\":\"https:\/\/apuliapraia-hotel.com\/es\/?s={search_term_string}\"},\"query-input\":{\"@type\":\"PropertyValueSpecification\",\"valueRequired\":true,\"valueName\":\"search_term_string\"}}],\"inLanguage\":\"es\"}]}<\/script>\n<!-- \/ Yoast SEO plugin. -->","yoast_head_json":{"title":"Museo Mar\u00edtimo de Esposende - Apulia Praia Hotel -","description":"El Museo Mar\u00edtimo de Esposende se encuentra en el hist\u00f3rico Puesto de Socorro a N\u00e1ufragos de la ciudad, estrat\u00e9gicamente situado en la desembocadura del r\u00edo C\u00e1vado.  En la primera planta del edificio hay una sala de exposiciones temporales con m\u00e1s de mil fotograf\u00edas de tem\u00e1tica mar\u00edtima. Estas fotograf\u00edas preservan y honran la memoria local de quienes trabajaron y siguen trabajando en el sector mar\u00edtimo","robots":{"index":"index","follow":"follow","max-snippet":"max-snippet:-1","max-image-preview":"max-image-preview:large","max-video-preview":"max-video-preview:-1"},"canonical":"https:\/\/apuliapraia-hotel.com\/es\/region\/museo-maritimo-de-esposende\/","og_locale":"es_ES","og_type":"article","og_title":"Museo Mar\u00edtimo de Esposende - Apulia Praia Hotel -","og_description":"El Museo Mar\u00edtimo de Esposende se encuentra en el hist\u00f3rico Puesto de Socorro a N\u00e1ufragos de la ciudad, estrat\u00e9gicamente situado en la desembocadura del r\u00edo C\u00e1vado.  En la primera planta del edificio hay una sala de exposiciones temporales con m\u00e1s de mil fotograf\u00edas de tem\u00e1tica mar\u00edtima. Estas fotograf\u00edas preservan y honran la memoria local de quienes trabajaron y siguen trabajando en el sector mar\u00edtimo","og_url":"https:\/\/apuliapraia-hotel.com\/es\/region\/museo-maritimo-de-esposende\/","og_site_name":"Apulia Praia Hotel","og_image":[{"width":700,"height":429,"url":"https:\/\/apuliapraia-hotel.com\/wp-content\/uploads\/sites\/512\/2024\/07\/museu-maritimo.jpeg","type":"image\/jpeg"}],"twitter_card":"summary_large_image","twitter_misc":{"Tiempo de lectura":"1 minuto"},"schema":{"@context":"https:\/\/schema.org","@graph":[{"@type":"WebPage","@id":"https:\/\/apuliapraia-hotel.com\/es\/region\/museo-maritimo-de-esposende\/","url":"https:\/\/apuliapraia-hotel.com\/es\/region\/museo-maritimo-de-esposende\/","name":"Museo Mar\u00edtimo de Esposende - Apulia Praia Hotel -","isPartOf":{"@id":"https:\/\/apuliapraia-hotel.com\/es\/#website"},"primaryImageOfPage":{"@id":"https:\/\/apuliapraia-hotel.com\/es\/region\/museo-maritimo-de-esposende\/#primaryimage"},"image":{"@id":"https:\/\/apuliapraia-hotel.com\/es\/region\/museo-maritimo-de-esposende\/#primaryimage"},"thumbnailUrl":"https:\/\/apuliapraia-hotel.com\/wp-content\/uploads\/sites\/512\/2024\/07\/museu-maritimo.jpeg","datePublished":"2024-07-29T10:09:20+00:00","description":"El Museo Mar\u00edtimo de Esposende se encuentra en el hist\u00f3rico Puesto de Socorro a N\u00e1ufragos de la ciudad, estrat\u00e9gicamente situado en la desembocadura del r\u00edo C\u00e1vado. En la primera planta del edificio hay una sala de exposiciones temporales con m\u00e1s de mil fotograf\u00edas de tem\u00e1tica mar\u00edtima. Estas fotograf\u00edas preservan y honran la memoria local de quienes trabajaron y siguen trabajando en el sector mar\u00edtimo","breadcrumb":{"@id":"https:\/\/apuliapraia-hotel.com\/es\/region\/museo-maritimo-de-esposende\/#breadcrumb"},"inLanguage":"es","potentialAction":[{"@type":"ReadAction","target":["https:\/\/apuliapraia-hotel.com\/es\/region\/museo-maritimo-de-esposende\/"]}]},{"@type":"ImageObject","inLanguage":"es","@id":"https:\/\/apuliapraia-hotel.com\/es\/region\/museo-maritimo-de-esposende\/#primaryimage","url":"https:\/\/apuliapraia-hotel.com\/wp-content\/uploads\/sites\/512\/2024\/07\/museu-maritimo.jpeg","contentUrl":"https:\/\/apuliapraia-hotel.com\/wp-content\/uploads\/sites\/512\/2024\/07\/museu-maritimo.jpeg","width":700,"height":429},{"@type":"BreadcrumbList","@id":"https:\/\/apuliapraia-hotel.com\/es\/region\/museo-maritimo-de-esposende\/#breadcrumb","itemListElement":[{"@type":"ListItem","position":1,"name":"Home","item":"https:\/\/apuliapraia-hotel.com\/es\/"},{"@type":"ListItem","position":2,"name":"Regi\u00f3n","item":"https:\/\/apuliapraia-hotel.com\/es\/region\/"},{"@type":"ListItem","position":3,"name":"Museo Mar\u00edtimo de Esposende"}]},{"@type":"WebSite","@id":"https:\/\/apuliapraia-hotel.com\/es\/#website","url":"https:\/\/apuliapraia-hotel.com\/es\/","name":"Apulia Praia Hotel","description":"","potentialAction":[{"@type":"SearchAction","target":{"@type":"EntryPoint","urlTemplate":"https:\/\/apuliapraia-hotel.com\/es\/?s={search_term_string}"},"query-input":{"@type":"PropertyValueSpecification","valueRequired":true,"valueName":"search_term_string"}}],"inLanguage":"es"}]}},"acf":[],"_links":{"self":[{"href":"https:\/\/apuliapraia-hotel.com\/es\/wp-json\/wp\/v2\/pages\/1129","targetHints":{"allow":["GET"]}}],"collection":[{"href":"https:\/\/apuliapraia-hotel.com\/es\/wp-json\/wp\/v2\/pages"}],"about":[{"href":"https:\/\/apuliapraia-hotel.com\/es\/wp-json\/wp\/v2\/types\/page"}],"author":[{"embeddable":true,"href":"https:\/\/apuliapraia-hotel.com\/es\/wp-json\/wp\/v2\/users\/565"}],"replies":[{"embeddable":true,"href":"https:\/\/apuliapraia-hotel.com\/es\/wp-json\/wp\/v2\/comments?post=1129"}],"version-history":[{"count":0,"href":"https:\/\/apuliapraia-hotel.com\/es\/wp-json\/wp\/v2\/pages\/1129\/revisions"}],"up":[{"embeddable":true,"href":"https:\/\/apuliapraia-hotel.com\/es\/wp-json\/wp\/v2\/pages\/584"}],"wp:featuredmedia":[{"embeddable":true,"href":"https:\/\/apuliapraia-hotel.com\/es\/wp-json\/wp\/v2\/media\/1128"}],"wp:attachment":[{"href":"https:\/\/apuliapraia-hotel.com\/es\/wp-json\/wp\/v2\/media?parent=1129"}],"curies":[{"name":"wp","href":"https:\/\/api.w.org\/{rel}","templated":true}]}}