{"id":1105,"date":"2024-06-19T09:35:17","date_gmt":"2024-06-19T09:35:17","guid":{"rendered":"https:\/\/apuliapraia-hotel.com\/?page_id=1105"},"modified":"2024-06-19T09:37:45","modified_gmt":"2024-06-19T09:37:45","slug":"museo-del-sargazo","status":"publish","type":"page","link":"https:\/\/apuliapraia-hotel.com\/es\/region\/museo-del-sargazo\/","title":{"rendered":"Museo del Sargazo"},"content":{"rendered":"<p>\u00a1Descubra la historia de Esposende con el Museo del Sargazo! Este tesoro preserva y promueve la cultura de la \u00abrecogida del sargazo\u00bb, especialmente en la parroquia de Ap\u00falia, que es su mayor s\u00edmbolo e icono de promoci\u00f3n cultural. El museo consta de una sala de exposici\u00f3n principal, donde se exhiben los trajes, las herramientas de trabajo y las embarcaciones. En la planta superior, se muestra el valor de esta pr\u00e1ctica a lo largo de los siglos. Adem\u00e1s de su uso tradicional para abonar los campos de cultivo, el sargazo tambi\u00e9n puede emplearse en productos de higiene, cosm\u00e9ticos y alimentos. Puede encontrar esto y mucho m\u00e1s a pocos minutos del Hotel Apulia Praia.<\/p>\n","protected":false},"excerpt":{"rendered":"<p>\u00a1Descubra la historia de Esposende con el Museo del Sargazo! Este tesoro preserva y promueve la cultura de la \u00abrecogida del sargazo\u00bb, especialmente en la parroquia de Ap\u00falia, que es su mayor s\u00edmbolo e icono de promoci\u00f3n cultural. El museo consta de una sala de exposici\u00f3n principal, donde se exhiben los trajes, las herramientas de [&hellip;]<\/p>\n","protected":false},"author":565,"featured_media":1103,"parent":584,"menu_order":14,"comment_status":"closed","ping_status":"closed","template":"template-default-4.php","meta":{"footnotes":""},"class_list":["post-1105","page","type-page","status-publish","has-post-thumbnail","hentry"],"yoast_head":"<!-- This site is optimized with the Yoast SEO plugin v26.9 - https:\/\/yoast.com\/product\/yoast-seo-wordpress\/ -->\n<title>Museo del Sargazo - Apulia Praia Hotel -<\/title>\n<meta name=\"description\" content=\"\u00a1Descubra la historia de Esposende con el Museo del Sargazo! Este tesoro preserva y promueve la cultura de la &quot;recogida del sargazo&quot;, especialmente en la parroquia de Ap\u00falia, que es su mayor s\u00edmbolo e icono de promoci\u00f3n cultural. El museo consta de una sala de exposici\u00f3n principal, donde se exhiben los trajes, las herramientas de trabajo y las embarcaciones\" \/>\n<meta name=\"robots\" content=\"index, follow, max-snippet:-1, max-image-preview:large, max-video-preview:-1\" \/>\n<link rel=\"canonical\" href=\"https:\/\/apuliapraia-hotel.com\/es\/region\/museo-del-sargazo\/\" \/>\n<meta property=\"og:locale\" content=\"es_ES\" \/>\n<meta property=\"og:type\" content=\"article\" \/>\n<meta property=\"og:title\" content=\"Museo del Sargazo - Apulia Praia Hotel -\" \/>\n<meta property=\"og:description\" content=\"\u00a1Descubra la historia de Esposende con el Museo del Sargazo! Este tesoro preserva y promueve la cultura de la &quot;recogida del sargazo&quot;, especialmente en la parroquia de Ap\u00falia, que es su mayor s\u00edmbolo e icono de promoci\u00f3n cultural. El museo consta de una sala de exposici\u00f3n principal, donde se exhiben los trajes, las herramientas de trabajo y las embarcaciones\" \/>\n<meta property=\"og:url\" content=\"https:\/\/apuliapraia-hotel.com\/es\/region\/museo-del-sargazo\/\" \/>\n<meta property=\"og:site_name\" content=\"Apulia Praia Hotel\" \/>\n<meta property=\"article:modified_time\" content=\"2024-06-19T09:37:45+00:00\" \/>\n<meta property=\"og:image\" content=\"https:\/\/apuliapraia-hotel.com\/wp-content\/uploads\/sites\/512\/2024\/06\/museu-do-sargaco_8.jpg\" \/>\n\t<meta property=\"og:image:width\" content=\"715\" \/>\n\t<meta property=\"og:image:height\" content=\"430\" \/>\n\t<meta property=\"og:image:type\" content=\"image\/jpeg\" \/>\n<meta name=\"twitter:card\" content=\"summary_large_image\" \/>\n<meta name=\"twitter:label1\" content=\"Tiempo de lectura\" \/>\n\t<meta name=\"twitter:data1\" content=\"1 minuto\" \/>\n<script type=\"application\/ld+json\" class=\"yoast-schema-graph\">{\"@context\":\"https:\/\/schema.org\",\"@graph\":[{\"@type\":\"WebPage\",\"@id\":\"https:\/\/apuliapraia-hotel.com\/es\/region\/museo-del-sargazo\/\",\"url\":\"https:\/\/apuliapraia-hotel.com\/es\/region\/museo-del-sargazo\/\",\"name\":\"Museo del Sargazo - Apulia Praia Hotel -\",\"isPartOf\":{\"@id\":\"https:\/\/apuliapraia-hotel.com\/es\/#website\"},\"primaryImageOfPage\":{\"@id\":\"https:\/\/apuliapraia-hotel.com\/es\/region\/museo-del-sargazo\/#primaryimage\"},\"image\":{\"@id\":\"https:\/\/apuliapraia-hotel.com\/es\/region\/museo-del-sargazo\/#primaryimage\"},\"thumbnailUrl\":\"https:\/\/apuliapraia-hotel.com\/wp-content\/uploads\/sites\/512\/2024\/06\/museu-do-sargaco_8.jpg\",\"datePublished\":\"2024-06-19T09:35:17+00:00\",\"dateModified\":\"2024-06-19T09:37:45+00:00\",\"description\":\"\u00a1Descubra la historia de Esposende con el Museo del Sargazo! Este tesoro preserva y promueve la cultura de la \\\"recogida del sargazo\\\", especialmente en la parroquia de Ap\u00falia, que es su mayor s\u00edmbolo e icono de promoci\u00f3n cultural. El museo consta de una sala de exposici\u00f3n principal, donde se exhiben los trajes, las herramientas de trabajo y las embarcaciones\",\"breadcrumb\":{\"@id\":\"https:\/\/apuliapraia-hotel.com\/es\/region\/museo-del-sargazo\/#breadcrumb\"},\"inLanguage\":\"es\",\"potentialAction\":[{\"@type\":\"ReadAction\",\"target\":[\"https:\/\/apuliapraia-hotel.com\/es\/region\/museo-del-sargazo\/\"]}]},{\"@type\":\"ImageObject\",\"inLanguage\":\"es\",\"@id\":\"https:\/\/apuliapraia-hotel.com\/es\/region\/museo-del-sargazo\/#primaryimage\",\"url\":\"https:\/\/apuliapraia-hotel.com\/wp-content\/uploads\/sites\/512\/2024\/06\/museu-do-sargaco_8.jpg\",\"contentUrl\":\"https:\/\/apuliapraia-hotel.com\/wp-content\/uploads\/sites\/512\/2024\/06\/museu-do-sargaco_8.jpg\",\"width\":715,\"height\":430},{\"@type\":\"BreadcrumbList\",\"@id\":\"https:\/\/apuliapraia-hotel.com\/es\/region\/museo-del-sargazo\/#breadcrumb\",\"itemListElement\":[{\"@type\":\"ListItem\",\"position\":1,\"name\":\"Home\",\"item\":\"https:\/\/apuliapraia-hotel.com\/es\/\"},{\"@type\":\"ListItem\",\"position\":2,\"name\":\"Regi\u00f3n\",\"item\":\"https:\/\/apuliapraia-hotel.com\/es\/region\/\"},{\"@type\":\"ListItem\",\"position\":3,\"name\":\"Museo del Sargazo\"}]},{\"@type\":\"WebSite\",\"@id\":\"https:\/\/apuliapraia-hotel.com\/es\/#website\",\"url\":\"https:\/\/apuliapraia-hotel.com\/es\/\",\"name\":\"Apulia Praia Hotel\",\"description\":\"\",\"potentialAction\":[{\"@type\":\"SearchAction\",\"target\":{\"@type\":\"EntryPoint\",\"urlTemplate\":\"https:\/\/apuliapraia-hotel.com\/es\/?s={search_term_string}\"},\"query-input\":{\"@type\":\"PropertyValueSpecification\",\"valueRequired\":true,\"valueName\":\"search_term_string\"}}],\"inLanguage\":\"es\"}]}<\/script>\n<!-- \/ Yoast SEO plugin. -->","yoast_head_json":{"title":"Museo del Sargazo - Apulia Praia Hotel -","description":"\u00a1Descubra la historia de Esposende con el Museo del Sargazo! Este tesoro preserva y promueve la cultura de la \"recogida del sargazo\", especialmente en la parroquia de Ap\u00falia, que es su mayor s\u00edmbolo e icono de promoci\u00f3n cultural. El museo consta de una sala de exposici\u00f3n principal, donde se exhiben los trajes, las herramientas de trabajo y las embarcaciones","robots":{"index":"index","follow":"follow","max-snippet":"max-snippet:-1","max-image-preview":"max-image-preview:large","max-video-preview":"max-video-preview:-1"},"canonical":"https:\/\/apuliapraia-hotel.com\/es\/region\/museo-del-sargazo\/","og_locale":"es_ES","og_type":"article","og_title":"Museo del Sargazo - Apulia Praia Hotel -","og_description":"\u00a1Descubra la historia de Esposende con el Museo del Sargazo! Este tesoro preserva y promueve la cultura de la \"recogida del sargazo\", especialmente en la parroquia de Ap\u00falia, que es su mayor s\u00edmbolo e icono de promoci\u00f3n cultural. El museo consta de una sala de exposici\u00f3n principal, donde se exhiben los trajes, las herramientas de trabajo y las embarcaciones","og_url":"https:\/\/apuliapraia-hotel.com\/es\/region\/museo-del-sargazo\/","og_site_name":"Apulia Praia Hotel","article_modified_time":"2024-06-19T09:37:45+00:00","og_image":[{"width":715,"height":430,"url":"https:\/\/apuliapraia-hotel.com\/wp-content\/uploads\/sites\/512\/2024\/06\/museu-do-sargaco_8.jpg","type":"image\/jpeg"}],"twitter_card":"summary_large_image","twitter_misc":{"Tiempo de lectura":"1 minuto"},"schema":{"@context":"https:\/\/schema.org","@graph":[{"@type":"WebPage","@id":"https:\/\/apuliapraia-hotel.com\/es\/region\/museo-del-sargazo\/","url":"https:\/\/apuliapraia-hotel.com\/es\/region\/museo-del-sargazo\/","name":"Museo del Sargazo - Apulia Praia Hotel -","isPartOf":{"@id":"https:\/\/apuliapraia-hotel.com\/es\/#website"},"primaryImageOfPage":{"@id":"https:\/\/apuliapraia-hotel.com\/es\/region\/museo-del-sargazo\/#primaryimage"},"image":{"@id":"https:\/\/apuliapraia-hotel.com\/es\/region\/museo-del-sargazo\/#primaryimage"},"thumbnailUrl":"https:\/\/apuliapraia-hotel.com\/wp-content\/uploads\/sites\/512\/2024\/06\/museu-do-sargaco_8.jpg","datePublished":"2024-06-19T09:35:17+00:00","dateModified":"2024-06-19T09:37:45+00:00","description":"\u00a1Descubra la historia de Esposende con el Museo del Sargazo! Este tesoro preserva y promueve la cultura de la \"recogida del sargazo\", especialmente en la parroquia de Ap\u00falia, que es su mayor s\u00edmbolo e icono de promoci\u00f3n cultural. El museo consta de una sala de exposici\u00f3n principal, donde se exhiben los trajes, las herramientas de trabajo y las embarcaciones","breadcrumb":{"@id":"https:\/\/apuliapraia-hotel.com\/es\/region\/museo-del-sargazo\/#breadcrumb"},"inLanguage":"es","potentialAction":[{"@type":"ReadAction","target":["https:\/\/apuliapraia-hotel.com\/es\/region\/museo-del-sargazo\/"]}]},{"@type":"ImageObject","inLanguage":"es","@id":"https:\/\/apuliapraia-hotel.com\/es\/region\/museo-del-sargazo\/#primaryimage","url":"https:\/\/apuliapraia-hotel.com\/wp-content\/uploads\/sites\/512\/2024\/06\/museu-do-sargaco_8.jpg","contentUrl":"https:\/\/apuliapraia-hotel.com\/wp-content\/uploads\/sites\/512\/2024\/06\/museu-do-sargaco_8.jpg","width":715,"height":430},{"@type":"BreadcrumbList","@id":"https:\/\/apuliapraia-hotel.com\/es\/region\/museo-del-sargazo\/#breadcrumb","itemListElement":[{"@type":"ListItem","position":1,"name":"Home","item":"https:\/\/apuliapraia-hotel.com\/es\/"},{"@type":"ListItem","position":2,"name":"Regi\u00f3n","item":"https:\/\/apuliapraia-hotel.com\/es\/region\/"},{"@type":"ListItem","position":3,"name":"Museo del Sargazo"}]},{"@type":"WebSite","@id":"https:\/\/apuliapraia-hotel.com\/es\/#website","url":"https:\/\/apuliapraia-hotel.com\/es\/","name":"Apulia Praia Hotel","description":"","potentialAction":[{"@type":"SearchAction","target":{"@type":"EntryPoint","urlTemplate":"https:\/\/apuliapraia-hotel.com\/es\/?s={search_term_string}"},"query-input":{"@type":"PropertyValueSpecification","valueRequired":true,"valueName":"search_term_string"}}],"inLanguage":"es"}]}},"acf":[],"_links":{"self":[{"href":"https:\/\/apuliapraia-hotel.com\/es\/wp-json\/wp\/v2\/pages\/1105","targetHints":{"allow":["GET"]}}],"collection":[{"href":"https:\/\/apuliapraia-hotel.com\/es\/wp-json\/wp\/v2\/pages"}],"about":[{"href":"https:\/\/apuliapraia-hotel.com\/es\/wp-json\/wp\/v2\/types\/page"}],"author":[{"embeddable":true,"href":"https:\/\/apuliapraia-hotel.com\/es\/wp-json\/wp\/v2\/users\/565"}],"replies":[{"embeddable":true,"href":"https:\/\/apuliapraia-hotel.com\/es\/wp-json\/wp\/v2\/comments?post=1105"}],"version-history":[{"count":0,"href":"https:\/\/apuliapraia-hotel.com\/es\/wp-json\/wp\/v2\/pages\/1105\/revisions"}],"up":[{"embeddable":true,"href":"https:\/\/apuliapraia-hotel.com\/es\/wp-json\/wp\/v2\/pages\/584"}],"wp:featuredmedia":[{"embeddable":true,"href":"https:\/\/apuliapraia-hotel.com\/es\/wp-json\/wp\/v2\/media\/1103"}],"wp:attachment":[{"href":"https:\/\/apuliapraia-hotel.com\/es\/wp-json\/wp\/v2\/media?parent=1105"}],"curies":[{"name":"wp","href":"https:\/\/api.w.org\/{rel}","templated":true}]}}