{"id":443,"date":"2023-02-28T15:30:27","date_gmt":"2023-02-28T15:30:27","guid":{"rendered":"https:\/\/apuliapraia-hotel.com\/?page_id=443"},"modified":"2023-02-28T15:30:27","modified_gmt":"2023-02-28T15:30:27","slug":"monte-de-sao-felix","status":"publish","type":"page","link":"https:\/\/apuliapraia-hotel.com\/en\/surroundings\/monte-de-sao-felix\/","title":{"rendered":"Monte de S\u00e3o F\u00e9lix"},"content":{"rendered":"<p><span style=\"font-weight: 400\"><strong>Monte de S\u00e3o F\u00e9lix<\/strong> is the highest tourist point in the parish of Laundos. Notorious for its 328-step staircase and lush side gardens, this place is surrounded by beauty and spirituality. Here you will have the opportunity to contemplate, at the bottom of the stairs, the<strong> Sanctuary of Senhora da Sa\u00fade<\/strong>, and, at its top, the <strong>Chapel of S\u00e3o F\u00e9lix<\/strong> and the<strong> Windmills<\/strong>. Allied to all this is the breathtaking panoramic view over the sea and the city. Go on an adventure and discover one of the most beautiful panoramic spots in the region.<\/span><\/p>\n","protected":false},"excerpt":{"rendered":"<p>Monte de S\u00e3o F\u00e9lix is the highest tourist point in the parish of Laundos. Notorious for its 328-step staircase and lush side gardens, this place is surrounded by beauty and spirituality. Here you will have the opportunity to contemplate, at the bottom of the stairs, the Sanctuary of Senhora da Sa\u00fade, and, at its top, [&hellip;]<\/p>\n","protected":false},"author":565,"featured_media":0,"parent":364,"menu_order":9,"comment_status":"closed","ping_status":"closed","template":"template-default-4.php","meta":{"footnotes":""},"class_list":["post-443","page","type-page","status-publish","hentry"],"yoast_head":"<!-- This site is optimized with the Yoast SEO plugin v26.9 - https:\/\/yoast.com\/product\/yoast-seo-wordpress\/ -->\n<title>Monte de S\u00e3o F\u00e9lix - Apulia Praia Hotel -<\/title>\n<meta name=\"description\" content=\"Monte de S\u00e3o F\u00e9lix is the highest tourist point in the parish of Laundos. Notorious for its 328-step staircase and lush side gardens, this place is surrounded by beauty and spirituality\" \/>\n<meta name=\"robots\" content=\"index, follow, max-snippet:-1, max-image-preview:large, max-video-preview:-1\" \/>\n<link rel=\"canonical\" href=\"https:\/\/apuliapraia-hotel.com\/en\/surroundings\/monte-de-sao-felix\/\" \/>\n<meta property=\"og:locale\" content=\"en_US\" \/>\n<meta property=\"og:type\" content=\"article\" \/>\n<meta property=\"og:title\" content=\"Monte de S\u00e3o F\u00e9lix - Apulia Praia Hotel -\" \/>\n<meta property=\"og:description\" content=\"Monte de S\u00e3o F\u00e9lix is the highest tourist point in the parish of Laundos. Notorious for its 328-step staircase and lush side gardens, this place is surrounded by beauty and spirituality\" \/>\n<meta property=\"og:url\" content=\"https:\/\/apuliapraia-hotel.com\/en\/surroundings\/monte-de-sao-felix\/\" \/>\n<meta property=\"og:site_name\" content=\"Apulia Praia Hotel\" \/>\n<meta name=\"twitter:card\" content=\"summary_large_image\" \/>\n<meta name=\"twitter:label1\" content=\"Est. reading time\" \/>\n\t<meta name=\"twitter:data1\" content=\"1 minute\" \/>\n<script type=\"application\/ld+json\" class=\"yoast-schema-graph\">{\"@context\":\"https:\/\/schema.org\",\"@graph\":[{\"@type\":\"WebPage\",\"@id\":\"https:\/\/apuliapraia-hotel.com\/en\/surroundings\/monte-de-sao-felix\/\",\"url\":\"https:\/\/apuliapraia-hotel.com\/en\/surroundings\/monte-de-sao-felix\/\",\"name\":\"Monte de S\u00e3o F\u00e9lix - Apulia Praia Hotel -\",\"isPartOf\":{\"@id\":\"https:\/\/apuliapraia-hotel.com\/en\/#website\"},\"datePublished\":\"2023-02-28T15:30:27+00:00\",\"description\":\"Monte de S\u00e3o F\u00e9lix is the highest tourist point in the parish of Laundos. Notorious for its 328-step staircase and lush side gardens, this place is surrounded by beauty and spirituality\",\"breadcrumb\":{\"@id\":\"https:\/\/apuliapraia-hotel.com\/en\/surroundings\/monte-de-sao-felix\/#breadcrumb\"},\"inLanguage\":\"en-US\",\"potentialAction\":[{\"@type\":\"ReadAction\",\"target\":[\"https:\/\/apuliapraia-hotel.com\/en\/surroundings\/monte-de-sao-felix\/\"]}]},{\"@type\":\"BreadcrumbList\",\"@id\":\"https:\/\/apuliapraia-hotel.com\/en\/surroundings\/monte-de-sao-felix\/#breadcrumb\",\"itemListElement\":[{\"@type\":\"ListItem\",\"position\":1,\"name\":\"Home\",\"item\":\"https:\/\/apuliapraia-hotel.com\/en\/\"},{\"@type\":\"ListItem\",\"position\":2,\"name\":\"Surroundings\",\"item\":\"https:\/\/apuliapraia-hotel.com\/en\/surroundings\/\"},{\"@type\":\"ListItem\",\"position\":3,\"name\":\"Monte de S\u00e3o F\u00e9lix\"}]},{\"@type\":\"WebSite\",\"@id\":\"https:\/\/apuliapraia-hotel.com\/en\/#website\",\"url\":\"https:\/\/apuliapraia-hotel.com\/en\/\",\"name\":\"Apulia Praia Hotel\",\"description\":\"\",\"potentialAction\":[{\"@type\":\"SearchAction\",\"target\":{\"@type\":\"EntryPoint\",\"urlTemplate\":\"https:\/\/apuliapraia-hotel.com\/en\/?s={search_term_string}\"},\"query-input\":{\"@type\":\"PropertyValueSpecification\",\"valueRequired\":true,\"valueName\":\"search_term_string\"}}],\"inLanguage\":\"en-US\"}]}<\/script>\n<!-- \/ Yoast SEO plugin. -->","yoast_head_json":{"title":"Monte de S\u00e3o F\u00e9lix - Apulia Praia Hotel -","description":"Monte de S\u00e3o F\u00e9lix is the highest tourist point in the parish of Laundos. Notorious for its 328-step staircase and lush side gardens, this place is surrounded by beauty and spirituality","robots":{"index":"index","follow":"follow","max-snippet":"max-snippet:-1","max-image-preview":"max-image-preview:large","max-video-preview":"max-video-preview:-1"},"canonical":"https:\/\/apuliapraia-hotel.com\/en\/surroundings\/monte-de-sao-felix\/","og_locale":"en_US","og_type":"article","og_title":"Monte de S\u00e3o F\u00e9lix - Apulia Praia Hotel -","og_description":"Monte de S\u00e3o F\u00e9lix is the highest tourist point in the parish of Laundos. Notorious for its 328-step staircase and lush side gardens, this place is surrounded by beauty and spirituality","og_url":"https:\/\/apuliapraia-hotel.com\/en\/surroundings\/monte-de-sao-felix\/","og_site_name":"Apulia Praia Hotel","twitter_card":"summary_large_image","twitter_misc":{"Est. reading time":"1 minute"},"schema":{"@context":"https:\/\/schema.org","@graph":[{"@type":"WebPage","@id":"https:\/\/apuliapraia-hotel.com\/en\/surroundings\/monte-de-sao-felix\/","url":"https:\/\/apuliapraia-hotel.com\/en\/surroundings\/monte-de-sao-felix\/","name":"Monte de S\u00e3o F\u00e9lix - Apulia Praia Hotel -","isPartOf":{"@id":"https:\/\/apuliapraia-hotel.com\/en\/#website"},"datePublished":"2023-02-28T15:30:27+00:00","description":"Monte de S\u00e3o F\u00e9lix is the highest tourist point in the parish of Laundos. Notorious for its 328-step staircase and lush side gardens, this place is surrounded by beauty and spirituality","breadcrumb":{"@id":"https:\/\/apuliapraia-hotel.com\/en\/surroundings\/monte-de-sao-felix\/#breadcrumb"},"inLanguage":"en-US","potentialAction":[{"@type":"ReadAction","target":["https:\/\/apuliapraia-hotel.com\/en\/surroundings\/monte-de-sao-felix\/"]}]},{"@type":"BreadcrumbList","@id":"https:\/\/apuliapraia-hotel.com\/en\/surroundings\/monte-de-sao-felix\/#breadcrumb","itemListElement":[{"@type":"ListItem","position":1,"name":"Home","item":"https:\/\/apuliapraia-hotel.com\/en\/"},{"@type":"ListItem","position":2,"name":"Surroundings","item":"https:\/\/apuliapraia-hotel.com\/en\/surroundings\/"},{"@type":"ListItem","position":3,"name":"Monte de S\u00e3o F\u00e9lix"}]},{"@type":"WebSite","@id":"https:\/\/apuliapraia-hotel.com\/en\/#website","url":"https:\/\/apuliapraia-hotel.com\/en\/","name":"Apulia Praia Hotel","description":"","potentialAction":[{"@type":"SearchAction","target":{"@type":"EntryPoint","urlTemplate":"https:\/\/apuliapraia-hotel.com\/en\/?s={search_term_string}"},"query-input":{"@type":"PropertyValueSpecification","valueRequired":true,"valueName":"search_term_string"}}],"inLanguage":"en-US"}]}},"acf":[],"_links":{"self":[{"href":"https:\/\/apuliapraia-hotel.com\/en\/wp-json\/wp\/v2\/pages\/443","targetHints":{"allow":["GET"]}}],"collection":[{"href":"https:\/\/apuliapraia-hotel.com\/en\/wp-json\/wp\/v2\/pages"}],"about":[{"href":"https:\/\/apuliapraia-hotel.com\/en\/wp-json\/wp\/v2\/types\/page"}],"author":[{"embeddable":true,"href":"https:\/\/apuliapraia-hotel.com\/en\/wp-json\/wp\/v2\/users\/565"}],"replies":[{"embeddable":true,"href":"https:\/\/apuliapraia-hotel.com\/en\/wp-json\/wp\/v2\/comments?post=443"}],"version-history":[{"count":0,"href":"https:\/\/apuliapraia-hotel.com\/en\/wp-json\/wp\/v2\/pages\/443\/revisions"}],"up":[{"embeddable":true,"href":"https:\/\/apuliapraia-hotel.com\/en\/wp-json\/wp\/v2\/pages\/364"}],"wp:attachment":[{"href":"https:\/\/apuliapraia-hotel.com\/en\/wp-json\/wp\/v2\/media?parent=443"}],"curies":[{"name":"wp","href":"https:\/\/api.w.org\/{rel}","templated":true}]}}