{"id":438,"date":"2023-02-28T15:09:56","date_gmt":"2023-02-28T15:09:56","guid":{"rendered":"https:\/\/apuliapraia-hotel.com\/?page_id=438"},"modified":"2023-03-02T15:16:53","modified_gmt":"2023-03-02T15:16:53","slug":"castro-de-sao-lourenco","status":"publish","type":"page","link":"https:\/\/apuliapraia-hotel.com\/en\/surroundings\/castro-de-sao-lourenco\/","title":{"rendered":"Castro de S\u00e3o Louren\u00e7o"},"content":{"rendered":"<p><span style=\"font-weight: 400\"><strong>Castro de S\u00e3o Louren\u00e7o<\/strong> is located in the parish of Vila Ch\u00e3, in Esposende, on one of the elevations that form the fossil cliff, 200 meters above the sea line. On this plateau you can find the <strong>Chapel of S\u00e3o Louren\u00e7o<\/strong> and the viewpoint overlooking the coastline. In addition to all this beauty, this is also an <strong>archaeological site<\/strong>, made up of ruins that date back to various periods of occupation and characterize the daily life of our ancestors. If you like adventure and exploring new places, we suggest you get to know this place through the <a href=\"https:\/\/pt.wikiloc.com\/trilhas-caminhada\/pr6-eps-percurso-pedestre-do-castro-de-s-lourenco-1441889\" target=\"_blank\" rel=\"noopener\">Castro de S. Louren\u00e7o Pedestrian Trail (PR6)<\/a>. This <strong>Public Interest Property<\/strong> is a place full of history that will enchant you with all its myths and legends.<\/span><\/p>\n","protected":false},"excerpt":{"rendered":"<p>Castro de S\u00e3o Louren\u00e7o is located in the parish of Vila Ch\u00e3, in Esposende, on one of the elevations that form the fossil cliff, 200 meters above the sea line. On this plateau you can find the Chapel of S\u00e3o Louren\u00e7o and the viewpoint overlooking the coastline. In addition to all this beauty, this is [&hellip;]<\/p>\n","protected":false},"author":565,"featured_media":0,"parent":364,"menu_order":3,"comment_status":"closed","ping_status":"closed","template":"template-default-4.php","meta":{"footnotes":""},"class_list":["post-438","page","type-page","status-publish","hentry"],"yoast_head":"<!-- This site is optimized with the Yoast SEO plugin v26.9 - https:\/\/yoast.com\/product\/yoast-seo-wordpress\/ -->\n<title>Castro de S\u00e3o Louren\u00e7o - Apulia Praia Hotel -<\/title>\n<meta name=\"description\" content=\"Castro de S\u00e3o Louren\u00e7o is located in the parish of Vila Ch\u00e3, in Esposende, on one of the elevations that form the fossil cliff, 200 meters above the sea line. On this plateau you can find the Chapel of S\u00e3o Louren\u00e7o and the viewpoint overlooking the coastline\" \/>\n<meta name=\"robots\" content=\"index, follow, max-snippet:-1, max-image-preview:large, max-video-preview:-1\" \/>\n<link rel=\"canonical\" href=\"https:\/\/apuliapraia-hotel.com\/en\/surroundings\/castro-de-sao-lourenco\/\" \/>\n<meta property=\"og:locale\" content=\"en_US\" \/>\n<meta property=\"og:type\" content=\"article\" \/>\n<meta property=\"og:title\" content=\"Castro de S\u00e3o Louren\u00e7o - Apulia Praia Hotel -\" \/>\n<meta property=\"og:description\" content=\"Castro de S\u00e3o Louren\u00e7o is located in the parish of Vila Ch\u00e3, in Esposende, on one of the elevations that form the fossil cliff, 200 meters above the sea line. On this plateau you can find the Chapel of S\u00e3o Louren\u00e7o and the viewpoint overlooking the coastline\" \/>\n<meta property=\"og:url\" content=\"https:\/\/apuliapraia-hotel.com\/en\/surroundings\/castro-de-sao-lourenco\/\" \/>\n<meta property=\"og:site_name\" content=\"Apulia Praia Hotel\" \/>\n<meta property=\"article:modified_time\" content=\"2023-03-02T15:16:53+00:00\" \/>\n<meta name=\"twitter:card\" content=\"summary_large_image\" \/>\n<meta name=\"twitter:label1\" content=\"Est. reading time\" \/>\n\t<meta name=\"twitter:data1\" content=\"1 minute\" \/>\n<script type=\"application\/ld+json\" class=\"yoast-schema-graph\">{\"@context\":\"https:\/\/schema.org\",\"@graph\":[{\"@type\":\"WebPage\",\"@id\":\"https:\/\/apuliapraia-hotel.com\/en\/surroundings\/castro-de-sao-lourenco\/\",\"url\":\"https:\/\/apuliapraia-hotel.com\/en\/surroundings\/castro-de-sao-lourenco\/\",\"name\":\"Castro de S\u00e3o Louren\u00e7o - Apulia Praia Hotel -\",\"isPartOf\":{\"@id\":\"https:\/\/apuliapraia-hotel.com\/en\/#website\"},\"datePublished\":\"2023-02-28T15:09:56+00:00\",\"dateModified\":\"2023-03-02T15:16:53+00:00\",\"description\":\"Castro de S\u00e3o Louren\u00e7o is located in the parish of Vila Ch\u00e3, in Esposende, on one of the elevations that form the fossil cliff, 200 meters above the sea line. On this plateau you can find the Chapel of S\u00e3o Louren\u00e7o and the viewpoint overlooking the coastline\",\"breadcrumb\":{\"@id\":\"https:\/\/apuliapraia-hotel.com\/en\/surroundings\/castro-de-sao-lourenco\/#breadcrumb\"},\"inLanguage\":\"en-US\",\"potentialAction\":[{\"@type\":\"ReadAction\",\"target\":[\"https:\/\/apuliapraia-hotel.com\/en\/surroundings\/castro-de-sao-lourenco\/\"]}]},{\"@type\":\"BreadcrumbList\",\"@id\":\"https:\/\/apuliapraia-hotel.com\/en\/surroundings\/castro-de-sao-lourenco\/#breadcrumb\",\"itemListElement\":[{\"@type\":\"ListItem\",\"position\":1,\"name\":\"Home\",\"item\":\"https:\/\/apuliapraia-hotel.com\/en\/\"},{\"@type\":\"ListItem\",\"position\":2,\"name\":\"Surroundings\",\"item\":\"https:\/\/apuliapraia-hotel.com\/en\/surroundings\/\"},{\"@type\":\"ListItem\",\"position\":3,\"name\":\"Castro de S\u00e3o Louren\u00e7o\"}]},{\"@type\":\"WebSite\",\"@id\":\"https:\/\/apuliapraia-hotel.com\/en\/#website\",\"url\":\"https:\/\/apuliapraia-hotel.com\/en\/\",\"name\":\"Apulia Praia Hotel\",\"description\":\"\",\"potentialAction\":[{\"@type\":\"SearchAction\",\"target\":{\"@type\":\"EntryPoint\",\"urlTemplate\":\"https:\/\/apuliapraia-hotel.com\/en\/?s={search_term_string}\"},\"query-input\":{\"@type\":\"PropertyValueSpecification\",\"valueRequired\":true,\"valueName\":\"search_term_string\"}}],\"inLanguage\":\"en-US\"}]}<\/script>\n<!-- \/ Yoast SEO plugin. -->","yoast_head_json":{"title":"Castro de S\u00e3o Louren\u00e7o - Apulia Praia Hotel -","description":"Castro de S\u00e3o Louren\u00e7o is located in the parish of Vila Ch\u00e3, in Esposende, on one of the elevations that form the fossil cliff, 200 meters above the sea line. On this plateau you can find the Chapel of S\u00e3o Louren\u00e7o and the viewpoint overlooking the coastline","robots":{"index":"index","follow":"follow","max-snippet":"max-snippet:-1","max-image-preview":"max-image-preview:large","max-video-preview":"max-video-preview:-1"},"canonical":"https:\/\/apuliapraia-hotel.com\/en\/surroundings\/castro-de-sao-lourenco\/","og_locale":"en_US","og_type":"article","og_title":"Castro de S\u00e3o Louren\u00e7o - Apulia Praia Hotel -","og_description":"Castro de S\u00e3o Louren\u00e7o is located in the parish of Vila Ch\u00e3, in Esposende, on one of the elevations that form the fossil cliff, 200 meters above the sea line. On this plateau you can find the Chapel of S\u00e3o Louren\u00e7o and the viewpoint overlooking the coastline","og_url":"https:\/\/apuliapraia-hotel.com\/en\/surroundings\/castro-de-sao-lourenco\/","og_site_name":"Apulia Praia Hotel","article_modified_time":"2023-03-02T15:16:53+00:00","twitter_card":"summary_large_image","twitter_misc":{"Est. reading time":"1 minute"},"schema":{"@context":"https:\/\/schema.org","@graph":[{"@type":"WebPage","@id":"https:\/\/apuliapraia-hotel.com\/en\/surroundings\/castro-de-sao-lourenco\/","url":"https:\/\/apuliapraia-hotel.com\/en\/surroundings\/castro-de-sao-lourenco\/","name":"Castro de S\u00e3o Louren\u00e7o - Apulia Praia Hotel -","isPartOf":{"@id":"https:\/\/apuliapraia-hotel.com\/en\/#website"},"datePublished":"2023-02-28T15:09:56+00:00","dateModified":"2023-03-02T15:16:53+00:00","description":"Castro de S\u00e3o Louren\u00e7o is located in the parish of Vila Ch\u00e3, in Esposende, on one of the elevations that form the fossil cliff, 200 meters above the sea line. On this plateau you can find the Chapel of S\u00e3o Louren\u00e7o and the viewpoint overlooking the coastline","breadcrumb":{"@id":"https:\/\/apuliapraia-hotel.com\/en\/surroundings\/castro-de-sao-lourenco\/#breadcrumb"},"inLanguage":"en-US","potentialAction":[{"@type":"ReadAction","target":["https:\/\/apuliapraia-hotel.com\/en\/surroundings\/castro-de-sao-lourenco\/"]}]},{"@type":"BreadcrumbList","@id":"https:\/\/apuliapraia-hotel.com\/en\/surroundings\/castro-de-sao-lourenco\/#breadcrumb","itemListElement":[{"@type":"ListItem","position":1,"name":"Home","item":"https:\/\/apuliapraia-hotel.com\/en\/"},{"@type":"ListItem","position":2,"name":"Surroundings","item":"https:\/\/apuliapraia-hotel.com\/en\/surroundings\/"},{"@type":"ListItem","position":3,"name":"Castro de S\u00e3o Louren\u00e7o"}]},{"@type":"WebSite","@id":"https:\/\/apuliapraia-hotel.com\/en\/#website","url":"https:\/\/apuliapraia-hotel.com\/en\/","name":"Apulia Praia Hotel","description":"","potentialAction":[{"@type":"SearchAction","target":{"@type":"EntryPoint","urlTemplate":"https:\/\/apuliapraia-hotel.com\/en\/?s={search_term_string}"},"query-input":{"@type":"PropertyValueSpecification","valueRequired":true,"valueName":"search_term_string"}}],"inLanguage":"en-US"}]}},"acf":[],"_links":{"self":[{"href":"https:\/\/apuliapraia-hotel.com\/en\/wp-json\/wp\/v2\/pages\/438","targetHints":{"allow":["GET"]}}],"collection":[{"href":"https:\/\/apuliapraia-hotel.com\/en\/wp-json\/wp\/v2\/pages"}],"about":[{"href":"https:\/\/apuliapraia-hotel.com\/en\/wp-json\/wp\/v2\/types\/page"}],"author":[{"embeddable":true,"href":"https:\/\/apuliapraia-hotel.com\/en\/wp-json\/wp\/v2\/users\/565"}],"replies":[{"embeddable":true,"href":"https:\/\/apuliapraia-hotel.com\/en\/wp-json\/wp\/v2\/comments?post=438"}],"version-history":[{"count":0,"href":"https:\/\/apuliapraia-hotel.com\/en\/wp-json\/wp\/v2\/pages\/438\/revisions"}],"up":[{"embeddable":true,"href":"https:\/\/apuliapraia-hotel.com\/en\/wp-json\/wp\/v2\/pages\/364"}],"wp:attachment":[{"href":"https:\/\/apuliapraia-hotel.com\/en\/wp-json\/wp\/v2\/media?parent=438"}],"curies":[{"name":"wp","href":"https:\/\/api.w.org\/{rel}","templated":true}]}}