{"id":850,"date":"2023-07-25T09:07:47","date_gmt":"2023-07-25T09:07:47","guid":{"rendered":"https:\/\/apuliapraia-hotel.com\/?page_id=850"},"modified":"2023-07-25T09:08:54","modified_gmt":"2023-07-25T09:08:54","slug":"stand-up-paddling","status":"publish","type":"page","link":"https:\/\/apuliapraia-hotel.com\/de\/789-2\/stand-up-paddling\/","title":{"rendered":"Stand-Up-Paddling"},"content":{"rendered":"<p><span style=\"vertical-align: inherit\"><span style=\"vertical-align: inherit\"><span style=\"vertical-align: inherit\"><span style=\"vertical-align: inherit\">Verbinden Sie Spa\u00df mit Geschicklichkeit und Gleichgewicht bei einer Stand-Up-Paddle-Aktivit\u00e4t entlang des Ufers des Flusses C\u00e1vado.<\/span><\/span><\/span><\/span><\/p>\n<ul>\n<li><span style=\"vertical-align: inherit\"><span style=\"vertical-align: inherit\"><span style=\"vertical-align: inherit\"><span style=\"vertical-align: inherit\">8\u20ac\/h f\u00fcr Stand-Up-Paddle<\/span><\/span><\/span><\/span><\/li>\n<li><span style=\"vertical-align: inherit\"><span style=\"vertical-align: inherit\"><span style=\"vertical-align: inherit\"><span style=\"vertical-align: inherit\">Ausstattung wird bereitgestellt<\/span><\/span><\/span><\/span><\/li>\n<\/ul>\n","protected":false},"excerpt":{"rendered":"<p>Verbinden Sie Spa\u00df mit Geschicklichkeit und Gleichgewicht bei einer Stand-Up-Paddle-Aktivit\u00e4t entlang des Ufers des Flusses C\u00e1vado. 8\u20ac\/h f\u00fcr Stand-Up-Paddle Ausstattung wird bereitgestellt<\/p>\n","protected":false},"author":565,"featured_media":239,"parent":789,"menu_order":22,"comment_status":"closed","ping_status":"closed","template":"template-default-4.php","meta":{"footnotes":""},"class_list":["post-850","page","type-page","status-publish","has-post-thumbnail","hentry"],"yoast_head":"<!-- This site is optimized with the Yoast SEO plugin v26.9 - https:\/\/yoast.com\/product\/yoast-seo-wordpress\/ -->\n<title>Stand-Up-Paddling - Apulia Praia Hotel -<\/title>\n<meta name=\"description\" content=\"Verbinden Sie Spa\u00df mit Geschicklichkeit und Gleichgewicht bei einer Stand-Up-Paddle-Aktivit\u00e4t entlang des Ufers des Flusses C\u00e1vado.   8\u20ac\/h f\u00fcr Stand-Up-Paddle  Ausstattung wird bereitgestellt .\" \/>\n<meta name=\"robots\" content=\"index, follow, max-snippet:-1, max-image-preview:large, max-video-preview:-1\" \/>\n<link rel=\"canonical\" href=\"https:\/\/apuliapraia-hotel.com\/de\/789-2\/stand-up-paddling\/\" \/>\n<meta property=\"og:locale\" content=\"de_DE\" \/>\n<meta property=\"og:type\" content=\"article\" \/>\n<meta property=\"og:title\" content=\"Stand-Up-Paddling - Apulia Praia Hotel -\" \/>\n<meta property=\"og:description\" content=\"Verbinden Sie Spa\u00df mit Geschicklichkeit und Gleichgewicht bei einer Stand-Up-Paddle-Aktivit\u00e4t entlang des Ufers des Flusses C\u00e1vado.   8\u20ac\/h f\u00fcr Stand-Up-Paddle  Ausstattung wird bereitgestellt .\" \/>\n<meta property=\"og:url\" content=\"https:\/\/apuliapraia-hotel.com\/de\/789-2\/stand-up-paddling\/\" \/>\n<meta property=\"og:site_name\" content=\"Apulia Praia Hotel\" \/>\n<meta property=\"article:modified_time\" content=\"2023-07-25T09:08:54+00:00\" \/>\n<meta property=\"og:image\" content=\"https:\/\/apuliapraia-hotel.com\/wp-content\/uploads\/sites\/512\/2023\/01\/Experiencia-13.jpg\" \/>\n\t<meta property=\"og:image:width\" content=\"940\" \/>\n\t<meta property=\"og:image:height\" content=\"788\" \/>\n\t<meta property=\"og:image:type\" content=\"image\/jpeg\" \/>\n<meta name=\"twitter:card\" content=\"summary_large_image\" \/>\n<script type=\"application\/ld+json\" class=\"yoast-schema-graph\">{\"@context\":\"https:\/\/schema.org\",\"@graph\":[{\"@type\":\"WebPage\",\"@id\":\"https:\/\/apuliapraia-hotel.com\/de\/789-2\/stand-up-paddling\/\",\"url\":\"https:\/\/apuliapraia-hotel.com\/de\/789-2\/stand-up-paddling\/\",\"name\":\"Stand-Up-Paddling - Apulia Praia Hotel -\",\"isPartOf\":{\"@id\":\"https:\/\/apuliapraia-hotel.com\/de\/#website\"},\"primaryImageOfPage\":{\"@id\":\"https:\/\/apuliapraia-hotel.com\/de\/789-2\/stand-up-paddling\/#primaryimage\"},\"image\":{\"@id\":\"https:\/\/apuliapraia-hotel.com\/de\/789-2\/stand-up-paddling\/#primaryimage\"},\"thumbnailUrl\":\"https:\/\/apuliapraia-hotel.com\/wp-content\/uploads\/sites\/512\/2023\/01\/Experiencia-13.jpg\",\"datePublished\":\"2023-07-25T09:07:47+00:00\",\"dateModified\":\"2023-07-25T09:08:54+00:00\",\"description\":\"Verbinden Sie Spa\u00df mit Geschicklichkeit und Gleichgewicht bei einer Stand-Up-Paddle-Aktivit\u00e4t entlang des Ufers des Flusses C\u00e1vado. \u2022 8\u20ac\/h f\u00fcr Stand-Up-Paddle \u2022 Ausstattung wird bereitgestellt .\",\"breadcrumb\":{\"@id\":\"https:\/\/apuliapraia-hotel.com\/de\/789-2\/stand-up-paddling\/#breadcrumb\"},\"inLanguage\":\"de-DE\",\"potentialAction\":[{\"@type\":\"ReadAction\",\"target\":[\"https:\/\/apuliapraia-hotel.com\/de\/789-2\/stand-up-paddling\/\"]}]},{\"@type\":\"ImageObject\",\"inLanguage\":\"de-DE\",\"@id\":\"https:\/\/apuliapraia-hotel.com\/de\/789-2\/stand-up-paddling\/#primaryimage\",\"url\":\"https:\/\/apuliapraia-hotel.com\/wp-content\/uploads\/sites\/512\/2023\/01\/Experiencia-13.jpg\",\"contentUrl\":\"https:\/\/apuliapraia-hotel.com\/wp-content\/uploads\/sites\/512\/2023\/01\/Experiencia-13.jpg\",\"width\":940,\"height\":788},{\"@type\":\"BreadcrumbList\",\"@id\":\"https:\/\/apuliapraia-hotel.com\/de\/789-2\/stand-up-paddling\/#breadcrumb\",\"itemListElement\":[{\"@type\":\"ListItem\",\"position\":1,\"name\":\"Home\",\"item\":\"https:\/\/apuliapraia-hotel.com\/de\/\"},{\"@type\":\"ListItem\",\"position\":2,\"name\":\"Erlebnisse\",\"item\":\"https:\/\/apuliapraia-hotel.com\/de\/789-2\/\"},{\"@type\":\"ListItem\",\"position\":3,\"name\":\"Stand-Up-Paddling\"}]},{\"@type\":\"WebSite\",\"@id\":\"https:\/\/apuliapraia-hotel.com\/de\/#website\",\"url\":\"https:\/\/apuliapraia-hotel.com\/de\/\",\"name\":\"Apulia Praia Hotel\",\"description\":\"\",\"potentialAction\":[{\"@type\":\"SearchAction\",\"target\":{\"@type\":\"EntryPoint\",\"urlTemplate\":\"https:\/\/apuliapraia-hotel.com\/de\/?s={search_term_string}\"},\"query-input\":{\"@type\":\"PropertyValueSpecification\",\"valueRequired\":true,\"valueName\":\"search_term_string\"}}],\"inLanguage\":\"de-DE\"}]}<\/script>\n<!-- \/ Yoast SEO plugin. -->","yoast_head_json":{"title":"Stand-Up-Paddling - Apulia Praia Hotel -","description":"Verbinden Sie Spa\u00df mit Geschicklichkeit und Gleichgewicht bei einer Stand-Up-Paddle-Aktivit\u00e4t entlang des Ufers des Flusses C\u00e1vado.   8\u20ac\/h f\u00fcr Stand-Up-Paddle  Ausstattung wird bereitgestellt .","robots":{"index":"index","follow":"follow","max-snippet":"max-snippet:-1","max-image-preview":"max-image-preview:large","max-video-preview":"max-video-preview:-1"},"canonical":"https:\/\/apuliapraia-hotel.com\/de\/789-2\/stand-up-paddling\/","og_locale":"de_DE","og_type":"article","og_title":"Stand-Up-Paddling - Apulia Praia Hotel -","og_description":"Verbinden Sie Spa\u00df mit Geschicklichkeit und Gleichgewicht bei einer Stand-Up-Paddle-Aktivit\u00e4t entlang des Ufers des Flusses C\u00e1vado.   8\u20ac\/h f\u00fcr Stand-Up-Paddle  Ausstattung wird bereitgestellt .","og_url":"https:\/\/apuliapraia-hotel.com\/de\/789-2\/stand-up-paddling\/","og_site_name":"Apulia Praia Hotel","article_modified_time":"2023-07-25T09:08:54+00:00","og_image":[{"width":940,"height":788,"url":"https:\/\/apuliapraia-hotel.com\/wp-content\/uploads\/sites\/512\/2023\/01\/Experiencia-13.jpg","type":"image\/jpeg"}],"twitter_card":"summary_large_image","schema":{"@context":"https:\/\/schema.org","@graph":[{"@type":"WebPage","@id":"https:\/\/apuliapraia-hotel.com\/de\/789-2\/stand-up-paddling\/","url":"https:\/\/apuliapraia-hotel.com\/de\/789-2\/stand-up-paddling\/","name":"Stand-Up-Paddling - Apulia Praia Hotel -","isPartOf":{"@id":"https:\/\/apuliapraia-hotel.com\/de\/#website"},"primaryImageOfPage":{"@id":"https:\/\/apuliapraia-hotel.com\/de\/789-2\/stand-up-paddling\/#primaryimage"},"image":{"@id":"https:\/\/apuliapraia-hotel.com\/de\/789-2\/stand-up-paddling\/#primaryimage"},"thumbnailUrl":"https:\/\/apuliapraia-hotel.com\/wp-content\/uploads\/sites\/512\/2023\/01\/Experiencia-13.jpg","datePublished":"2023-07-25T09:07:47+00:00","dateModified":"2023-07-25T09:08:54+00:00","description":"Verbinden Sie Spa\u00df mit Geschicklichkeit und Gleichgewicht bei einer Stand-Up-Paddle-Aktivit\u00e4t entlang des Ufers des Flusses C\u00e1vado. \u2022 8\u20ac\/h f\u00fcr Stand-Up-Paddle \u2022 Ausstattung wird bereitgestellt .","breadcrumb":{"@id":"https:\/\/apuliapraia-hotel.com\/de\/789-2\/stand-up-paddling\/#breadcrumb"},"inLanguage":"de-DE","potentialAction":[{"@type":"ReadAction","target":["https:\/\/apuliapraia-hotel.com\/de\/789-2\/stand-up-paddling\/"]}]},{"@type":"ImageObject","inLanguage":"de-DE","@id":"https:\/\/apuliapraia-hotel.com\/de\/789-2\/stand-up-paddling\/#primaryimage","url":"https:\/\/apuliapraia-hotel.com\/wp-content\/uploads\/sites\/512\/2023\/01\/Experiencia-13.jpg","contentUrl":"https:\/\/apuliapraia-hotel.com\/wp-content\/uploads\/sites\/512\/2023\/01\/Experiencia-13.jpg","width":940,"height":788},{"@type":"BreadcrumbList","@id":"https:\/\/apuliapraia-hotel.com\/de\/789-2\/stand-up-paddling\/#breadcrumb","itemListElement":[{"@type":"ListItem","position":1,"name":"Home","item":"https:\/\/apuliapraia-hotel.com\/de\/"},{"@type":"ListItem","position":2,"name":"Erlebnisse","item":"https:\/\/apuliapraia-hotel.com\/de\/789-2\/"},{"@type":"ListItem","position":3,"name":"Stand-Up-Paddling"}]},{"@type":"WebSite","@id":"https:\/\/apuliapraia-hotel.com\/de\/#website","url":"https:\/\/apuliapraia-hotel.com\/de\/","name":"Apulia Praia Hotel","description":"","potentialAction":[{"@type":"SearchAction","target":{"@type":"EntryPoint","urlTemplate":"https:\/\/apuliapraia-hotel.com\/de\/?s={search_term_string}"},"query-input":{"@type":"PropertyValueSpecification","valueRequired":true,"valueName":"search_term_string"}}],"inLanguage":"de-DE"}]}},"acf":[],"_links":{"self":[{"href":"https:\/\/apuliapraia-hotel.com\/de\/wp-json\/wp\/v2\/pages\/850","targetHints":{"allow":["GET"]}}],"collection":[{"href":"https:\/\/apuliapraia-hotel.com\/de\/wp-json\/wp\/v2\/pages"}],"about":[{"href":"https:\/\/apuliapraia-hotel.com\/de\/wp-json\/wp\/v2\/types\/page"}],"author":[{"embeddable":true,"href":"https:\/\/apuliapraia-hotel.com\/de\/wp-json\/wp\/v2\/users\/565"}],"replies":[{"embeddable":true,"href":"https:\/\/apuliapraia-hotel.com\/de\/wp-json\/wp\/v2\/comments?post=850"}],"version-history":[{"count":0,"href":"https:\/\/apuliapraia-hotel.com\/de\/wp-json\/wp\/v2\/pages\/850\/revisions"}],"up":[{"embeddable":true,"href":"https:\/\/apuliapraia-hotel.com\/de\/wp-json\/wp\/v2\/pages\/789"}],"wp:featuredmedia":[{"embeddable":true,"href":"https:\/\/apuliapraia-hotel.com\/de\/wp-json\/wp\/v2\/media\/239"}],"wp:attachment":[{"href":"https:\/\/apuliapraia-hotel.com\/de\/wp-json\/wp\/v2\/media?parent=850"}],"curies":[{"name":"wp","href":"https:\/\/api.w.org\/{rel}","templated":true}]}}