{"id":848,"date":"2023-07-25T09:01:33","date_gmt":"2023-07-25T09:01:33","guid":{"rendered":"https:\/\/apuliapraia-hotel.com\/?page_id=848"},"modified":"2023-07-25T09:03:22","modified_gmt":"2023-07-25T09:03:22","slug":"passierende-faehre","status":"publish","type":"page","link":"https:\/\/apuliapraia-hotel.com\/de\/789-2\/passierende-faehre\/","title":{"rendered":"F\u00e4hre"},"content":{"rendered":"<p><span style=\"vertical-align: inherit\"><span style=\"vertical-align: inherit\"><span style=\"vertical-align: inherit\"><span style=\"vertical-align: inherit\">Steigen Sie an Bord der Proriver&#8217;s passierenden F\u00e4hre und genie\u00dfen Sie eine entspannende Gruppenaktivit\u00e4t in der Mitte des Flusses C\u00e1vado.<\/span><\/span><\/span><\/span><\/p>\n<ul>\n<li><span style=\"vertical-align: inherit\"><span style=\"vertical-align: inherit\"><span style=\"vertical-align: inherit\"><span style=\"vertical-align: inherit\">Preis 12,50 \u20ac pro Person (2 Stunden)<\/span><\/span><\/span><\/span><\/li>\n<li><span style=\"vertical-align: inherit\"><span style=\"vertical-align: inherit\"><span style=\"vertical-align: inherit\"><span style=\"vertical-align: inherit\">F\u00fcr Gruppen zwischen 10 und 18 Personen<\/span><\/span><\/span><\/span><\/li>\n<\/ul>\n","protected":false},"excerpt":{"rendered":"<p>Steigen Sie an Bord der Proriver&#8217;s passierenden F\u00e4hre und genie\u00dfen Sie eine entspannende Gruppenaktivit\u00e4t in der Mitte des Flusses C\u00e1vado. Preis 12,50 \u20ac pro Person (2 Stunden) F\u00fcr Gruppen zwischen 10 und 18 Personen<\/p>\n","protected":false},"author":565,"featured_media":323,"parent":789,"menu_order":20,"comment_status":"closed","ping_status":"closed","template":"template-default-4.php","meta":{"footnotes":""},"class_list":["post-848","page","type-page","status-publish","has-post-thumbnail","hentry"],"yoast_head":"<!-- This site is optimized with the Yoast SEO plugin v26.9 - https:\/\/yoast.com\/product\/yoast-seo-wordpress\/ -->\n<title>F\u00e4hre - Apulia Praia Hotel -<\/title>\n<meta name=\"description\" content=\"Steigen Sie an Bord der Proriver&#039;s passierenden F\u00e4hre und genie\u00dfen Sie eine entspannende Gruppenaktivit\u00e4t in der Mitte des Flusses C\u00e1vado.   Preis 12,50 \u20ac pro Person (2 Stunden)  F\u00fcr Gruppen zwischen 10 und 18 Personen .\" \/>\n<meta name=\"robots\" content=\"index, follow, max-snippet:-1, max-image-preview:large, max-video-preview:-1\" \/>\n<link rel=\"canonical\" href=\"https:\/\/apuliapraia-hotel.com\/de\/789-2\/passierende-faehre\/\" \/>\n<meta property=\"og:locale\" content=\"de_DE\" \/>\n<meta property=\"og:type\" content=\"article\" \/>\n<meta property=\"og:title\" content=\"F\u00e4hre - Apulia Praia Hotel -\" \/>\n<meta property=\"og:description\" content=\"Steigen Sie an Bord der Proriver&#039;s passierenden F\u00e4hre und genie\u00dfen Sie eine entspannende Gruppenaktivit\u00e4t in der Mitte des Flusses C\u00e1vado.   Preis 12,50 \u20ac pro Person (2 Stunden)  F\u00fcr Gruppen zwischen 10 und 18 Personen .\" \/>\n<meta property=\"og:url\" content=\"https:\/\/apuliapraia-hotel.com\/de\/789-2\/passierende-faehre\/\" \/>\n<meta property=\"og:site_name\" content=\"Apulia Praia Hotel\" \/>\n<meta property=\"article:modified_time\" content=\"2023-07-25T09:03:22+00:00\" \/>\n<meta property=\"og:image\" content=\"https:\/\/apuliapraia-hotel.com\/wp-content\/uploads\/sites\/512\/2023\/02\/Experiencia_11.jpg\" \/>\n\t<meta property=\"og:image:width\" content=\"1200\" \/>\n\t<meta property=\"og:image:height\" content=\"800\" \/>\n\t<meta property=\"og:image:type\" content=\"image\/jpeg\" \/>\n<meta name=\"twitter:card\" content=\"summary_large_image\" \/>\n<script type=\"application\/ld+json\" class=\"yoast-schema-graph\">{\"@context\":\"https:\/\/schema.org\",\"@graph\":[{\"@type\":\"WebPage\",\"@id\":\"https:\/\/apuliapraia-hotel.com\/de\/789-2\/passierende-faehre\/\",\"url\":\"https:\/\/apuliapraia-hotel.com\/de\/789-2\/passierende-faehre\/\",\"name\":\"F\u00e4hre - Apulia Praia Hotel -\",\"isPartOf\":{\"@id\":\"https:\/\/apuliapraia-hotel.com\/de\/#website\"},\"primaryImageOfPage\":{\"@id\":\"https:\/\/apuliapraia-hotel.com\/de\/789-2\/passierende-faehre\/#primaryimage\"},\"image\":{\"@id\":\"https:\/\/apuliapraia-hotel.com\/de\/789-2\/passierende-faehre\/#primaryimage\"},\"thumbnailUrl\":\"https:\/\/apuliapraia-hotel.com\/wp-content\/uploads\/sites\/512\/2023\/02\/Experiencia_11.jpg\",\"datePublished\":\"2023-07-25T09:01:33+00:00\",\"dateModified\":\"2023-07-25T09:03:22+00:00\",\"description\":\"Steigen Sie an Bord der Proriver's passierenden F\u00e4hre und genie\u00dfen Sie eine entspannende Gruppenaktivit\u00e4t in der Mitte des Flusses C\u00e1vado. \u2022 Preis 12,50 \u20ac pro Person (2 Stunden) \u2022 F\u00fcr Gruppen zwischen 10 und 18 Personen .\",\"breadcrumb\":{\"@id\":\"https:\/\/apuliapraia-hotel.com\/de\/789-2\/passierende-faehre\/#breadcrumb\"},\"inLanguage\":\"de-DE\",\"potentialAction\":[{\"@type\":\"ReadAction\",\"target\":[\"https:\/\/apuliapraia-hotel.com\/de\/789-2\/passierende-faehre\/\"]}]},{\"@type\":\"ImageObject\",\"inLanguage\":\"de-DE\",\"@id\":\"https:\/\/apuliapraia-hotel.com\/de\/789-2\/passierende-faehre\/#primaryimage\",\"url\":\"https:\/\/apuliapraia-hotel.com\/wp-content\/uploads\/sites\/512\/2023\/02\/Experiencia_11.jpg\",\"contentUrl\":\"https:\/\/apuliapraia-hotel.com\/wp-content\/uploads\/sites\/512\/2023\/02\/Experiencia_11.jpg\",\"width\":1200,\"height\":800},{\"@type\":\"BreadcrumbList\",\"@id\":\"https:\/\/apuliapraia-hotel.com\/de\/789-2\/passierende-faehre\/#breadcrumb\",\"itemListElement\":[{\"@type\":\"ListItem\",\"position\":1,\"name\":\"Home\",\"item\":\"https:\/\/apuliapraia-hotel.com\/de\/\"},{\"@type\":\"ListItem\",\"position\":2,\"name\":\"Erlebnisse\",\"item\":\"https:\/\/apuliapraia-hotel.com\/de\/789-2\/\"},{\"@type\":\"ListItem\",\"position\":3,\"name\":\"F\u00e4hre\"}]},{\"@type\":\"WebSite\",\"@id\":\"https:\/\/apuliapraia-hotel.com\/de\/#website\",\"url\":\"https:\/\/apuliapraia-hotel.com\/de\/\",\"name\":\"Apulia Praia Hotel\",\"description\":\"\",\"potentialAction\":[{\"@type\":\"SearchAction\",\"target\":{\"@type\":\"EntryPoint\",\"urlTemplate\":\"https:\/\/apuliapraia-hotel.com\/de\/?s={search_term_string}\"},\"query-input\":{\"@type\":\"PropertyValueSpecification\",\"valueRequired\":true,\"valueName\":\"search_term_string\"}}],\"inLanguage\":\"de-DE\"}]}<\/script>\n<!-- \/ Yoast SEO plugin. -->","yoast_head_json":{"title":"F\u00e4hre - Apulia Praia Hotel -","description":"Steigen Sie an Bord der Proriver's passierenden F\u00e4hre und genie\u00dfen Sie eine entspannende Gruppenaktivit\u00e4t in der Mitte des Flusses C\u00e1vado.   Preis 12,50 \u20ac pro Person (2 Stunden)  F\u00fcr Gruppen zwischen 10 und 18 Personen .","robots":{"index":"index","follow":"follow","max-snippet":"max-snippet:-1","max-image-preview":"max-image-preview:large","max-video-preview":"max-video-preview:-1"},"canonical":"https:\/\/apuliapraia-hotel.com\/de\/789-2\/passierende-faehre\/","og_locale":"de_DE","og_type":"article","og_title":"F\u00e4hre - Apulia Praia Hotel -","og_description":"Steigen Sie an Bord der Proriver's passierenden F\u00e4hre und genie\u00dfen Sie eine entspannende Gruppenaktivit\u00e4t in der Mitte des Flusses C\u00e1vado.   Preis 12,50 \u20ac pro Person (2 Stunden)  F\u00fcr Gruppen zwischen 10 und 18 Personen .","og_url":"https:\/\/apuliapraia-hotel.com\/de\/789-2\/passierende-faehre\/","og_site_name":"Apulia Praia Hotel","article_modified_time":"2023-07-25T09:03:22+00:00","og_image":[{"width":1200,"height":800,"url":"https:\/\/apuliapraia-hotel.com\/wp-content\/uploads\/sites\/512\/2023\/02\/Experiencia_11.jpg","type":"image\/jpeg"}],"twitter_card":"summary_large_image","schema":{"@context":"https:\/\/schema.org","@graph":[{"@type":"WebPage","@id":"https:\/\/apuliapraia-hotel.com\/de\/789-2\/passierende-faehre\/","url":"https:\/\/apuliapraia-hotel.com\/de\/789-2\/passierende-faehre\/","name":"F\u00e4hre - Apulia Praia Hotel -","isPartOf":{"@id":"https:\/\/apuliapraia-hotel.com\/de\/#website"},"primaryImageOfPage":{"@id":"https:\/\/apuliapraia-hotel.com\/de\/789-2\/passierende-faehre\/#primaryimage"},"image":{"@id":"https:\/\/apuliapraia-hotel.com\/de\/789-2\/passierende-faehre\/#primaryimage"},"thumbnailUrl":"https:\/\/apuliapraia-hotel.com\/wp-content\/uploads\/sites\/512\/2023\/02\/Experiencia_11.jpg","datePublished":"2023-07-25T09:01:33+00:00","dateModified":"2023-07-25T09:03:22+00:00","description":"Steigen Sie an Bord der Proriver's passierenden F\u00e4hre und genie\u00dfen Sie eine entspannende Gruppenaktivit\u00e4t in der Mitte des Flusses C\u00e1vado. \u2022 Preis 12,50 \u20ac pro Person (2 Stunden) \u2022 F\u00fcr Gruppen zwischen 10 und 18 Personen .","breadcrumb":{"@id":"https:\/\/apuliapraia-hotel.com\/de\/789-2\/passierende-faehre\/#breadcrumb"},"inLanguage":"de-DE","potentialAction":[{"@type":"ReadAction","target":["https:\/\/apuliapraia-hotel.com\/de\/789-2\/passierende-faehre\/"]}]},{"@type":"ImageObject","inLanguage":"de-DE","@id":"https:\/\/apuliapraia-hotel.com\/de\/789-2\/passierende-faehre\/#primaryimage","url":"https:\/\/apuliapraia-hotel.com\/wp-content\/uploads\/sites\/512\/2023\/02\/Experiencia_11.jpg","contentUrl":"https:\/\/apuliapraia-hotel.com\/wp-content\/uploads\/sites\/512\/2023\/02\/Experiencia_11.jpg","width":1200,"height":800},{"@type":"BreadcrumbList","@id":"https:\/\/apuliapraia-hotel.com\/de\/789-2\/passierende-faehre\/#breadcrumb","itemListElement":[{"@type":"ListItem","position":1,"name":"Home","item":"https:\/\/apuliapraia-hotel.com\/de\/"},{"@type":"ListItem","position":2,"name":"Erlebnisse","item":"https:\/\/apuliapraia-hotel.com\/de\/789-2\/"},{"@type":"ListItem","position":3,"name":"F\u00e4hre"}]},{"@type":"WebSite","@id":"https:\/\/apuliapraia-hotel.com\/de\/#website","url":"https:\/\/apuliapraia-hotel.com\/de\/","name":"Apulia Praia Hotel","description":"","potentialAction":[{"@type":"SearchAction","target":{"@type":"EntryPoint","urlTemplate":"https:\/\/apuliapraia-hotel.com\/de\/?s={search_term_string}"},"query-input":{"@type":"PropertyValueSpecification","valueRequired":true,"valueName":"search_term_string"}}],"inLanguage":"de-DE"}]}},"acf":[],"_links":{"self":[{"href":"https:\/\/apuliapraia-hotel.com\/de\/wp-json\/wp\/v2\/pages\/848","targetHints":{"allow":["GET"]}}],"collection":[{"href":"https:\/\/apuliapraia-hotel.com\/de\/wp-json\/wp\/v2\/pages"}],"about":[{"href":"https:\/\/apuliapraia-hotel.com\/de\/wp-json\/wp\/v2\/types\/page"}],"author":[{"embeddable":true,"href":"https:\/\/apuliapraia-hotel.com\/de\/wp-json\/wp\/v2\/users\/565"}],"replies":[{"embeddable":true,"href":"https:\/\/apuliapraia-hotel.com\/de\/wp-json\/wp\/v2\/comments?post=848"}],"version-history":[{"count":0,"href":"https:\/\/apuliapraia-hotel.com\/de\/wp-json\/wp\/v2\/pages\/848\/revisions"}],"up":[{"embeddable":true,"href":"https:\/\/apuliapraia-hotel.com\/de\/wp-json\/wp\/v2\/pages\/789"}],"wp:featuredmedia":[{"embeddable":true,"href":"https:\/\/apuliapraia-hotel.com\/de\/wp-json\/wp\/v2\/media\/323"}],"wp:attachment":[{"href":"https:\/\/apuliapraia-hotel.com\/de\/wp-json\/wp\/v2\/media?parent=848"}],"curies":[{"name":"wp","href":"https:\/\/api.w.org\/{rel}","templated":true}]}}