{"id":845,"date":"2023-07-25T08:53:28","date_gmt":"2023-07-25T08:53:28","guid":{"rendered":"https:\/\/apuliapraia-hotel.com\/?page_id=845"},"modified":"2025-07-29T21:55:30","modified_gmt":"2025-07-29T21:55:30","slug":"pferdereiten","status":"publish","type":"page","link":"https:\/\/apuliapraia-hotel.com\/de\/789-2\/pferdereiten\/","title":{"rendered":"Pferdereiten"},"content":{"rendered":"<p class=\"sr-only\"><span style=\"font-size: 16px\">P\u00ebr adhuruesit e kal\u00ebrve dhe natyr\u00ebs, bashk\u00ebpunojm\u00eb me partner\u00ebt m\u00eb t\u00eb mir\u00eb p\u00ebr t\u2019ju ofruar ecje \u00ebndrrash mes pyllit, p\u00ebrgjat\u00eb brigjeve t\u00eb lumit ose pran\u00eb detit.<\/span><\/p>\n<ul>\n<li><span style=\"vertical-align: inherit\"><span style=\"vertical-align: inherit\">35\u20ac pro Person<\/span><\/span><\/li>\n<li><span style=\"vertical-align: inherit\"><span style=\"vertical-align: inherit\">F\u00fcr alle Reiterlevel<\/span><\/span><\/li>\n<li><span style=\"vertical-align: inherit\"><span style=\"vertical-align: inherit\">Reitausstattung wird von unserem Partner bereitgestellt<\/span><\/span><\/li>\n<li><span style=\"vertical-align: inherit\"><span style=\"vertical-align: inherit\">Bequeme Kleidung wird ben\u00f6tigt<\/span><\/span><\/li>\n<\/ul>\n","protected":false},"excerpt":{"rendered":"<p>P\u00ebr adhuruesit e kal\u00ebrve dhe natyr\u00ebs, bashk\u00ebpunojm\u00eb me partner\u00ebt m\u00eb t\u00eb mir\u00eb p\u00ebr t\u2019ju ofruar ecje \u00ebndrrash mes pyllit, p\u00ebrgjat\u00eb brigjeve t\u00eb lumit ose pran\u00eb detit. 35\u20ac pro Person F\u00fcr alle Reiterlevel Reitausstattung wird von unserem Partner bereitgestellt Bequeme Kleidung wird ben\u00f6tigt<\/p>\n","protected":false},"author":565,"featured_media":246,"parent":789,"menu_order":17,"comment_status":"closed","ping_status":"closed","template":"template-default-4.php","meta":{"footnotes":""},"class_list":["post-845","page","type-page","status-publish","has-post-thumbnail","hentry"],"yoast_head":"<!-- This site is optimized with the Yoast SEO plugin v26.9 - https:\/\/yoast.com\/product\/yoast-seo-wordpress\/ -->\n<title>Pferdereiten - Apulia Praia Hotel -<\/title>\n<meta name=\"description\" content=\"P\u00ebr adhuruesit e kal\u00ebrve dhe natyr\u00ebs, bashk\u00ebpunojm\u00eb me partner\u00ebt m\u00eb t\u00eb mir\u00eb p\u00ebr t\u2019ju ofruar ecje \u00ebndrrash mes pyllit, p\u00ebrgjat\u00eb brigjeve t\u00eb lumit ose pran\u00eb detit.    35\u20ac pro Person  F\u00fcr alle Reiterlevel  Reitausstattung wird von unserem Partner bereitgestellt  Bequeme Kleidung wird ben\u00f6tigt .\" \/>\n<meta name=\"robots\" content=\"index, follow, max-snippet:-1, max-image-preview:large, max-video-preview:-1\" \/>\n<link rel=\"canonical\" href=\"https:\/\/apuliapraia-hotel.com\/de\/789-2\/pferdereiten\/\" \/>\n<meta property=\"og:locale\" content=\"de_DE\" \/>\n<meta property=\"og:type\" content=\"article\" \/>\n<meta property=\"og:title\" content=\"Pferdereiten - Apulia Praia Hotel -\" \/>\n<meta property=\"og:description\" content=\"P\u00ebr adhuruesit e kal\u00ebrve dhe natyr\u00ebs, bashk\u00ebpunojm\u00eb me partner\u00ebt m\u00eb t\u00eb mir\u00eb p\u00ebr t\u2019ju ofruar ecje \u00ebndrrash mes pyllit, p\u00ebrgjat\u00eb brigjeve t\u00eb lumit ose pran\u00eb detit.    35\u20ac pro Person  F\u00fcr alle Reiterlevel  Reitausstattung wird von unserem Partner bereitgestellt  Bequeme Kleidung wird ben\u00f6tigt .\" \/>\n<meta property=\"og:url\" content=\"https:\/\/apuliapraia-hotel.com\/de\/789-2\/pferdereiten\/\" \/>\n<meta property=\"og:site_name\" content=\"Apulia Praia Hotel\" \/>\n<meta property=\"article:modified_time\" content=\"2025-07-29T21:55:30+00:00\" \/>\n<meta property=\"og:image\" content=\"https:\/\/apuliapraia-hotel.com\/wp-content\/uploads\/sites\/512\/2023\/01\/Experiencia_08.jpg\" \/>\n\t<meta property=\"og:image:width\" content=\"940\" \/>\n\t<meta property=\"og:image:height\" content=\"788\" \/>\n\t<meta property=\"og:image:type\" content=\"image\/jpeg\" \/>\n<meta name=\"twitter:card\" content=\"summary_large_image\" \/>\n<meta name=\"twitter:label1\" content=\"Gesch\u00e4tzte Lesezeit\" \/>\n\t<meta name=\"twitter:data1\" content=\"1 Minute\" \/>\n<script type=\"application\/ld+json\" class=\"yoast-schema-graph\">{\"@context\":\"https:\/\/schema.org\",\"@graph\":[{\"@type\":\"WebPage\",\"@id\":\"https:\/\/apuliapraia-hotel.com\/de\/789-2\/pferdereiten\/\",\"url\":\"https:\/\/apuliapraia-hotel.com\/de\/789-2\/pferdereiten\/\",\"name\":\"Pferdereiten - Apulia Praia Hotel -\",\"isPartOf\":{\"@id\":\"https:\/\/apuliapraia-hotel.com\/de\/#website\"},\"primaryImageOfPage\":{\"@id\":\"https:\/\/apuliapraia-hotel.com\/de\/789-2\/pferdereiten\/#primaryimage\"},\"image\":{\"@id\":\"https:\/\/apuliapraia-hotel.com\/de\/789-2\/pferdereiten\/#primaryimage\"},\"thumbnailUrl\":\"https:\/\/apuliapraia-hotel.com\/wp-content\/uploads\/sites\/512\/2023\/01\/Experiencia_08.jpg\",\"datePublished\":\"2023-07-25T08:53:28+00:00\",\"dateModified\":\"2025-07-29T21:55:30+00:00\",\"description\":\"P\u00ebr adhuruesit e kal\u00ebrve dhe natyr\u00ebs, bashk\u00ebpunojm\u00eb me partner\u00ebt m\u00eb t\u00eb mir\u00eb p\u00ebr t\u2019ju ofruar ecje \u00ebndrrash mes pyllit, p\u00ebrgjat\u00eb brigjeve t\u00eb lumit ose pran\u00eb detit. \u2022 35\u20ac pro Person \u2022 F\u00fcr alle Reiterlevel \u2022 Reitausstattung wird von unserem Partner bereitgestellt \u2022 Bequeme Kleidung wird ben\u00f6tigt .\",\"breadcrumb\":{\"@id\":\"https:\/\/apuliapraia-hotel.com\/de\/789-2\/pferdereiten\/#breadcrumb\"},\"inLanguage\":\"de-DE\",\"potentialAction\":[{\"@type\":\"ReadAction\",\"target\":[\"https:\/\/apuliapraia-hotel.com\/de\/789-2\/pferdereiten\/\"]}]},{\"@type\":\"ImageObject\",\"inLanguage\":\"de-DE\",\"@id\":\"https:\/\/apuliapraia-hotel.com\/de\/789-2\/pferdereiten\/#primaryimage\",\"url\":\"https:\/\/apuliapraia-hotel.com\/wp-content\/uploads\/sites\/512\/2023\/01\/Experiencia_08.jpg\",\"contentUrl\":\"https:\/\/apuliapraia-hotel.com\/wp-content\/uploads\/sites\/512\/2023\/01\/Experiencia_08.jpg\",\"width\":940,\"height\":788},{\"@type\":\"BreadcrumbList\",\"@id\":\"https:\/\/apuliapraia-hotel.com\/de\/789-2\/pferdereiten\/#breadcrumb\",\"itemListElement\":[{\"@type\":\"ListItem\",\"position\":1,\"name\":\"Home\",\"item\":\"https:\/\/apuliapraia-hotel.com\/de\/\"},{\"@type\":\"ListItem\",\"position\":2,\"name\":\"Erlebnisse\",\"item\":\"https:\/\/apuliapraia-hotel.com\/de\/789-2\/\"},{\"@type\":\"ListItem\",\"position\":3,\"name\":\"Pferdereiten\"}]},{\"@type\":\"WebSite\",\"@id\":\"https:\/\/apuliapraia-hotel.com\/de\/#website\",\"url\":\"https:\/\/apuliapraia-hotel.com\/de\/\",\"name\":\"Apulia Praia Hotel\",\"description\":\"\",\"potentialAction\":[{\"@type\":\"SearchAction\",\"target\":{\"@type\":\"EntryPoint\",\"urlTemplate\":\"https:\/\/apuliapraia-hotel.com\/de\/?s={search_term_string}\"},\"query-input\":{\"@type\":\"PropertyValueSpecification\",\"valueRequired\":true,\"valueName\":\"search_term_string\"}}],\"inLanguage\":\"de-DE\"}]}<\/script>\n<!-- \/ Yoast SEO plugin. -->","yoast_head_json":{"title":"Pferdereiten - Apulia Praia Hotel -","description":"P\u00ebr adhuruesit e kal\u00ebrve dhe natyr\u00ebs, bashk\u00ebpunojm\u00eb me partner\u00ebt m\u00eb t\u00eb mir\u00eb p\u00ebr t\u2019ju ofruar ecje \u00ebndrrash mes pyllit, p\u00ebrgjat\u00eb brigjeve t\u00eb lumit ose pran\u00eb detit.    35\u20ac pro Person  F\u00fcr alle Reiterlevel  Reitausstattung wird von unserem Partner bereitgestellt  Bequeme Kleidung wird ben\u00f6tigt .","robots":{"index":"index","follow":"follow","max-snippet":"max-snippet:-1","max-image-preview":"max-image-preview:large","max-video-preview":"max-video-preview:-1"},"canonical":"https:\/\/apuliapraia-hotel.com\/de\/789-2\/pferdereiten\/","og_locale":"de_DE","og_type":"article","og_title":"Pferdereiten - Apulia Praia Hotel -","og_description":"P\u00ebr adhuruesit e kal\u00ebrve dhe natyr\u00ebs, bashk\u00ebpunojm\u00eb me partner\u00ebt m\u00eb t\u00eb mir\u00eb p\u00ebr t\u2019ju ofruar ecje \u00ebndrrash mes pyllit, p\u00ebrgjat\u00eb brigjeve t\u00eb lumit ose pran\u00eb detit.    35\u20ac pro Person  F\u00fcr alle Reiterlevel  Reitausstattung wird von unserem Partner bereitgestellt  Bequeme Kleidung wird ben\u00f6tigt .","og_url":"https:\/\/apuliapraia-hotel.com\/de\/789-2\/pferdereiten\/","og_site_name":"Apulia Praia Hotel","article_modified_time":"2025-07-29T21:55:30+00:00","og_image":[{"width":940,"height":788,"url":"https:\/\/apuliapraia-hotel.com\/wp-content\/uploads\/sites\/512\/2023\/01\/Experiencia_08.jpg","type":"image\/jpeg"}],"twitter_card":"summary_large_image","twitter_misc":{"Gesch\u00e4tzte Lesezeit":"1 Minute"},"schema":{"@context":"https:\/\/schema.org","@graph":[{"@type":"WebPage","@id":"https:\/\/apuliapraia-hotel.com\/de\/789-2\/pferdereiten\/","url":"https:\/\/apuliapraia-hotel.com\/de\/789-2\/pferdereiten\/","name":"Pferdereiten - Apulia Praia Hotel -","isPartOf":{"@id":"https:\/\/apuliapraia-hotel.com\/de\/#website"},"primaryImageOfPage":{"@id":"https:\/\/apuliapraia-hotel.com\/de\/789-2\/pferdereiten\/#primaryimage"},"image":{"@id":"https:\/\/apuliapraia-hotel.com\/de\/789-2\/pferdereiten\/#primaryimage"},"thumbnailUrl":"https:\/\/apuliapraia-hotel.com\/wp-content\/uploads\/sites\/512\/2023\/01\/Experiencia_08.jpg","datePublished":"2023-07-25T08:53:28+00:00","dateModified":"2025-07-29T21:55:30+00:00","description":"P\u00ebr adhuruesit e kal\u00ebrve dhe natyr\u00ebs, bashk\u00ebpunojm\u00eb me partner\u00ebt m\u00eb t\u00eb mir\u00eb p\u00ebr t\u2019ju ofruar ecje \u00ebndrrash mes pyllit, p\u00ebrgjat\u00eb brigjeve t\u00eb lumit ose pran\u00eb detit. \u2022 35\u20ac pro Person \u2022 F\u00fcr alle Reiterlevel \u2022 Reitausstattung wird von unserem Partner bereitgestellt \u2022 Bequeme Kleidung wird ben\u00f6tigt .","breadcrumb":{"@id":"https:\/\/apuliapraia-hotel.com\/de\/789-2\/pferdereiten\/#breadcrumb"},"inLanguage":"de-DE","potentialAction":[{"@type":"ReadAction","target":["https:\/\/apuliapraia-hotel.com\/de\/789-2\/pferdereiten\/"]}]},{"@type":"ImageObject","inLanguage":"de-DE","@id":"https:\/\/apuliapraia-hotel.com\/de\/789-2\/pferdereiten\/#primaryimage","url":"https:\/\/apuliapraia-hotel.com\/wp-content\/uploads\/sites\/512\/2023\/01\/Experiencia_08.jpg","contentUrl":"https:\/\/apuliapraia-hotel.com\/wp-content\/uploads\/sites\/512\/2023\/01\/Experiencia_08.jpg","width":940,"height":788},{"@type":"BreadcrumbList","@id":"https:\/\/apuliapraia-hotel.com\/de\/789-2\/pferdereiten\/#breadcrumb","itemListElement":[{"@type":"ListItem","position":1,"name":"Home","item":"https:\/\/apuliapraia-hotel.com\/de\/"},{"@type":"ListItem","position":2,"name":"Erlebnisse","item":"https:\/\/apuliapraia-hotel.com\/de\/789-2\/"},{"@type":"ListItem","position":3,"name":"Pferdereiten"}]},{"@type":"WebSite","@id":"https:\/\/apuliapraia-hotel.com\/de\/#website","url":"https:\/\/apuliapraia-hotel.com\/de\/","name":"Apulia Praia Hotel","description":"","potentialAction":[{"@type":"SearchAction","target":{"@type":"EntryPoint","urlTemplate":"https:\/\/apuliapraia-hotel.com\/de\/?s={search_term_string}"},"query-input":{"@type":"PropertyValueSpecification","valueRequired":true,"valueName":"search_term_string"}}],"inLanguage":"de-DE"}]}},"acf":[],"_links":{"self":[{"href":"https:\/\/apuliapraia-hotel.com\/de\/wp-json\/wp\/v2\/pages\/845","targetHints":{"allow":["GET"]}}],"collection":[{"href":"https:\/\/apuliapraia-hotel.com\/de\/wp-json\/wp\/v2\/pages"}],"about":[{"href":"https:\/\/apuliapraia-hotel.com\/de\/wp-json\/wp\/v2\/types\/page"}],"author":[{"embeddable":true,"href":"https:\/\/apuliapraia-hotel.com\/de\/wp-json\/wp\/v2\/users\/565"}],"replies":[{"embeddable":true,"href":"https:\/\/apuliapraia-hotel.com\/de\/wp-json\/wp\/v2\/comments?post=845"}],"version-history":[{"count":0,"href":"https:\/\/apuliapraia-hotel.com\/de\/wp-json\/wp\/v2\/pages\/845\/revisions"}],"up":[{"embeddable":true,"href":"https:\/\/apuliapraia-hotel.com\/de\/wp-json\/wp\/v2\/pages\/789"}],"wp:featuredmedia":[{"embeddable":true,"href":"https:\/\/apuliapraia-hotel.com\/de\/wp-json\/wp\/v2\/media\/246"}],"wp:attachment":[{"href":"https:\/\/apuliapraia-hotel.com\/de\/wp-json\/wp\/v2\/media?parent=845"}],"curies":[{"name":"wp","href":"https:\/\/api.w.org\/{rel}","templated":true}]}}