{"id":836,"date":"2023-07-25T08:19:21","date_gmt":"2023-07-25T08:19:21","guid":{"rendered":"https:\/\/apuliapraia-hotel.com\/?page_id=836"},"modified":"2023-07-25T08:29:11","modified_gmt":"2023-07-25T08:29:11","slug":"romantik-paket","status":"publish","type":"page","link":"https:\/\/apuliapraia-hotel.com\/de\/789-2\/romantik-paket\/","title":{"rendered":"Romantik Paket"},"content":{"rendered":"<p><span style=\"vertical-align: inherit\"><span style=\"vertical-align: inherit\"><span style=\"vertical-align: inherit\"><span style=\"vertical-align: inherit\"><span style=\"vertical-align: inherit\"><span style=\"vertical-align: inherit\"><span style=\"vertical-align: inherit\"><span style=\"vertical-align: inherit\"><span style=\"vertical-align: inherit\"><span style=\"vertical-align: inherit\">\u00dcberraschen Sie jemanden ganz Besonderes mit unserem Romantik Paket, welches folgendes beinhaltet: ein Abendessen f\u00fcr Zwei in unserem Restaurant, ein Aufenthalt in unserem romantischen Zimmer mit einem Schaumwein, Schokolade und ein Fr\u00fchst\u00fcck in Ihrem Zimmer.<\/span><\/span><\/span><\/span><\/span><\/span><\/span><\/span><\/span><\/span><\/p>\n<ul>\n<li><span style=\"vertical-align: inherit\"><span style=\"vertical-align: inherit\"><span style=\"vertical-align: inherit\"><span style=\"vertical-align: inherit\"><span style=\"vertical-align: inherit\"><span style=\"vertical-align: inherit\"><span style=\"vertical-align: inherit\"><span style=\"vertical-align: inherit\"><span style=\"vertical-align: inherit\"><span style=\"vertical-align: inherit\">Preis auf Anfrage<\/span><\/span><\/span><\/span><\/span><\/span><\/span><\/span><\/span><\/span><\/li>\n<\/ul>\n","protected":false},"excerpt":{"rendered":"<p>\u00dcberraschen Sie jemanden ganz Besonderes mit unserem Romantik Paket, welches folgendes beinhaltet: ein Abendessen f\u00fcr Zwei in unserem Restaurant, ein Aufenthalt in unserem romantischen Zimmer mit einem Schaumwein, Schokolade und ein Fr\u00fchst\u00fcck in Ihrem Zimmer. Preis auf Anfrage<\/p>\n","protected":false},"author":565,"featured_media":342,"parent":789,"menu_order":9,"comment_status":"closed","ping_status":"closed","template":"template-default-4.php","meta":{"footnotes":""},"class_list":["post-836","page","type-page","status-publish","has-post-thumbnail","hentry"],"yoast_head":"<!-- This site is optimized with the Yoast SEO plugin v26.9 - https:\/\/yoast.com\/product\/yoast-seo-wordpress\/ -->\n<title>Romantik Paket - Apulia Praia Hotel -<\/title>\n<meta name=\"description\" content=\"\u00dcberraschen Sie jemanden ganz Besonderes mit unserem Romantik Paket, welches folgendes beinhaltet: ein Abendessen f\u00fcr Zwei in unserem Restaurant, ein Aufenthalt in unserem romantischen Zimmer mit einem Schaumwein, Schokolade und ein Fr\u00fchst\u00fcck in Ihrem Zimmer.   Preis auf Anfrage .\" \/>\n<meta name=\"robots\" content=\"index, follow, max-snippet:-1, max-image-preview:large, max-video-preview:-1\" \/>\n<link rel=\"canonical\" href=\"https:\/\/apuliapraia-hotel.com\/de\/789-2\/romantik-paket\/\" \/>\n<meta property=\"og:locale\" content=\"de_DE\" \/>\n<meta property=\"og:type\" content=\"article\" \/>\n<meta property=\"og:title\" content=\"Romantik Paket - Apulia Praia Hotel -\" \/>\n<meta property=\"og:description\" content=\"\u00dcberraschen Sie jemanden ganz Besonderes mit unserem Romantik Paket, welches folgendes beinhaltet: ein Abendessen f\u00fcr Zwei in unserem Restaurant, ein Aufenthalt in unserem romantischen Zimmer mit einem Schaumwein, Schokolade und ein Fr\u00fchst\u00fcck in Ihrem Zimmer.   Preis auf Anfrage .\" \/>\n<meta property=\"og:url\" content=\"https:\/\/apuliapraia-hotel.com\/de\/789-2\/romantik-paket\/\" \/>\n<meta property=\"og:site_name\" content=\"Apulia Praia Hotel\" \/>\n<meta property=\"article:modified_time\" content=\"2023-07-25T08:29:11+00:00\" \/>\n<meta property=\"og:image\" content=\"https:\/\/apuliapraia-hotel.com\/wp-content\/uploads\/sites\/512\/2023\/02\/Experience_14.jpg\" \/>\n\t<meta property=\"og:image:width\" content=\"1200\" \/>\n\t<meta property=\"og:image:height\" content=\"800\" \/>\n\t<meta property=\"og:image:type\" content=\"image\/jpeg\" \/>\n<meta name=\"twitter:card\" content=\"summary_large_image\" \/>\n<script type=\"application\/ld+json\" class=\"yoast-schema-graph\">{\"@context\":\"https:\/\/schema.org\",\"@graph\":[{\"@type\":\"WebPage\",\"@id\":\"https:\/\/apuliapraia-hotel.com\/de\/789-2\/romantik-paket\/\",\"url\":\"https:\/\/apuliapraia-hotel.com\/de\/789-2\/romantik-paket\/\",\"name\":\"Romantik Paket - Apulia Praia Hotel -\",\"isPartOf\":{\"@id\":\"https:\/\/apuliapraia-hotel.com\/de\/#website\"},\"primaryImageOfPage\":{\"@id\":\"https:\/\/apuliapraia-hotel.com\/de\/789-2\/romantik-paket\/#primaryimage\"},\"image\":{\"@id\":\"https:\/\/apuliapraia-hotel.com\/de\/789-2\/romantik-paket\/#primaryimage\"},\"thumbnailUrl\":\"https:\/\/apuliapraia-hotel.com\/wp-content\/uploads\/sites\/512\/2023\/02\/Experience_14.jpg\",\"datePublished\":\"2023-07-25T08:19:21+00:00\",\"dateModified\":\"2023-07-25T08:29:11+00:00\",\"description\":\"\u00dcberraschen Sie jemanden ganz Besonderes mit unserem Romantik Paket, welches folgendes beinhaltet: ein Abendessen f\u00fcr Zwei in unserem Restaurant, ein Aufenthalt in unserem romantischen Zimmer mit einem Schaumwein, Schokolade und ein Fr\u00fchst\u00fcck in Ihrem Zimmer. \u2022 Preis auf Anfrage .\",\"breadcrumb\":{\"@id\":\"https:\/\/apuliapraia-hotel.com\/de\/789-2\/romantik-paket\/#breadcrumb\"},\"inLanguage\":\"de-DE\",\"potentialAction\":[{\"@type\":\"ReadAction\",\"target\":[\"https:\/\/apuliapraia-hotel.com\/de\/789-2\/romantik-paket\/\"]}]},{\"@type\":\"ImageObject\",\"inLanguage\":\"de-DE\",\"@id\":\"https:\/\/apuliapraia-hotel.com\/de\/789-2\/romantik-paket\/#primaryimage\",\"url\":\"https:\/\/apuliapraia-hotel.com\/wp-content\/uploads\/sites\/512\/2023\/02\/Experience_14.jpg\",\"contentUrl\":\"https:\/\/apuliapraia-hotel.com\/wp-content\/uploads\/sites\/512\/2023\/02\/Experience_14.jpg\",\"width\":1200,\"height\":800},{\"@type\":\"BreadcrumbList\",\"@id\":\"https:\/\/apuliapraia-hotel.com\/de\/789-2\/romantik-paket\/#breadcrumb\",\"itemListElement\":[{\"@type\":\"ListItem\",\"position\":1,\"name\":\"Home\",\"item\":\"https:\/\/apuliapraia-hotel.com\/de\/\"},{\"@type\":\"ListItem\",\"position\":2,\"name\":\"Erlebnisse\",\"item\":\"https:\/\/apuliapraia-hotel.com\/de\/789-2\/\"},{\"@type\":\"ListItem\",\"position\":3,\"name\":\"Romantik Paket\"}]},{\"@type\":\"WebSite\",\"@id\":\"https:\/\/apuliapraia-hotel.com\/de\/#website\",\"url\":\"https:\/\/apuliapraia-hotel.com\/de\/\",\"name\":\"Apulia Praia Hotel\",\"description\":\"\",\"potentialAction\":[{\"@type\":\"SearchAction\",\"target\":{\"@type\":\"EntryPoint\",\"urlTemplate\":\"https:\/\/apuliapraia-hotel.com\/de\/?s={search_term_string}\"},\"query-input\":{\"@type\":\"PropertyValueSpecification\",\"valueRequired\":true,\"valueName\":\"search_term_string\"}}],\"inLanguage\":\"de-DE\"}]}<\/script>\n<!-- \/ Yoast SEO plugin. -->","yoast_head_json":{"title":"Romantik Paket - Apulia Praia Hotel -","description":"\u00dcberraschen Sie jemanden ganz Besonderes mit unserem Romantik Paket, welches folgendes beinhaltet: ein Abendessen f\u00fcr Zwei in unserem Restaurant, ein Aufenthalt in unserem romantischen Zimmer mit einem Schaumwein, Schokolade und ein Fr\u00fchst\u00fcck in Ihrem Zimmer.   Preis auf Anfrage .","robots":{"index":"index","follow":"follow","max-snippet":"max-snippet:-1","max-image-preview":"max-image-preview:large","max-video-preview":"max-video-preview:-1"},"canonical":"https:\/\/apuliapraia-hotel.com\/de\/789-2\/romantik-paket\/","og_locale":"de_DE","og_type":"article","og_title":"Romantik Paket - Apulia Praia Hotel -","og_description":"\u00dcberraschen Sie jemanden ganz Besonderes mit unserem Romantik Paket, welches folgendes beinhaltet: ein Abendessen f\u00fcr Zwei in unserem Restaurant, ein Aufenthalt in unserem romantischen Zimmer mit einem Schaumwein, Schokolade und ein Fr\u00fchst\u00fcck in Ihrem Zimmer.   Preis auf Anfrage .","og_url":"https:\/\/apuliapraia-hotel.com\/de\/789-2\/romantik-paket\/","og_site_name":"Apulia Praia Hotel","article_modified_time":"2023-07-25T08:29:11+00:00","og_image":[{"width":1200,"height":800,"url":"https:\/\/apuliapraia-hotel.com\/wp-content\/uploads\/sites\/512\/2023\/02\/Experience_14.jpg","type":"image\/jpeg"}],"twitter_card":"summary_large_image","schema":{"@context":"https:\/\/schema.org","@graph":[{"@type":"WebPage","@id":"https:\/\/apuliapraia-hotel.com\/de\/789-2\/romantik-paket\/","url":"https:\/\/apuliapraia-hotel.com\/de\/789-2\/romantik-paket\/","name":"Romantik Paket - Apulia Praia Hotel -","isPartOf":{"@id":"https:\/\/apuliapraia-hotel.com\/de\/#website"},"primaryImageOfPage":{"@id":"https:\/\/apuliapraia-hotel.com\/de\/789-2\/romantik-paket\/#primaryimage"},"image":{"@id":"https:\/\/apuliapraia-hotel.com\/de\/789-2\/romantik-paket\/#primaryimage"},"thumbnailUrl":"https:\/\/apuliapraia-hotel.com\/wp-content\/uploads\/sites\/512\/2023\/02\/Experience_14.jpg","datePublished":"2023-07-25T08:19:21+00:00","dateModified":"2023-07-25T08:29:11+00:00","description":"\u00dcberraschen Sie jemanden ganz Besonderes mit unserem Romantik Paket, welches folgendes beinhaltet: ein Abendessen f\u00fcr Zwei in unserem Restaurant, ein Aufenthalt in unserem romantischen Zimmer mit einem Schaumwein, Schokolade und ein Fr\u00fchst\u00fcck in Ihrem Zimmer. \u2022 Preis auf Anfrage .","breadcrumb":{"@id":"https:\/\/apuliapraia-hotel.com\/de\/789-2\/romantik-paket\/#breadcrumb"},"inLanguage":"de-DE","potentialAction":[{"@type":"ReadAction","target":["https:\/\/apuliapraia-hotel.com\/de\/789-2\/romantik-paket\/"]}]},{"@type":"ImageObject","inLanguage":"de-DE","@id":"https:\/\/apuliapraia-hotel.com\/de\/789-2\/romantik-paket\/#primaryimage","url":"https:\/\/apuliapraia-hotel.com\/wp-content\/uploads\/sites\/512\/2023\/02\/Experience_14.jpg","contentUrl":"https:\/\/apuliapraia-hotel.com\/wp-content\/uploads\/sites\/512\/2023\/02\/Experience_14.jpg","width":1200,"height":800},{"@type":"BreadcrumbList","@id":"https:\/\/apuliapraia-hotel.com\/de\/789-2\/romantik-paket\/#breadcrumb","itemListElement":[{"@type":"ListItem","position":1,"name":"Home","item":"https:\/\/apuliapraia-hotel.com\/de\/"},{"@type":"ListItem","position":2,"name":"Erlebnisse","item":"https:\/\/apuliapraia-hotel.com\/de\/789-2\/"},{"@type":"ListItem","position":3,"name":"Romantik Paket"}]},{"@type":"WebSite","@id":"https:\/\/apuliapraia-hotel.com\/de\/#website","url":"https:\/\/apuliapraia-hotel.com\/de\/","name":"Apulia Praia Hotel","description":"","potentialAction":[{"@type":"SearchAction","target":{"@type":"EntryPoint","urlTemplate":"https:\/\/apuliapraia-hotel.com\/de\/?s={search_term_string}"},"query-input":{"@type":"PropertyValueSpecification","valueRequired":true,"valueName":"search_term_string"}}],"inLanguage":"de-DE"}]}},"acf":[],"_links":{"self":[{"href":"https:\/\/apuliapraia-hotel.com\/de\/wp-json\/wp\/v2\/pages\/836","targetHints":{"allow":["GET"]}}],"collection":[{"href":"https:\/\/apuliapraia-hotel.com\/de\/wp-json\/wp\/v2\/pages"}],"about":[{"href":"https:\/\/apuliapraia-hotel.com\/de\/wp-json\/wp\/v2\/types\/page"}],"author":[{"embeddable":true,"href":"https:\/\/apuliapraia-hotel.com\/de\/wp-json\/wp\/v2\/users\/565"}],"replies":[{"embeddable":true,"href":"https:\/\/apuliapraia-hotel.com\/de\/wp-json\/wp\/v2\/comments?post=836"}],"version-history":[{"count":0,"href":"https:\/\/apuliapraia-hotel.com\/de\/wp-json\/wp\/v2\/pages\/836\/revisions"}],"up":[{"embeddable":true,"href":"https:\/\/apuliapraia-hotel.com\/de\/wp-json\/wp\/v2\/pages\/789"}],"wp:featuredmedia":[{"embeddable":true,"href":"https:\/\/apuliapraia-hotel.com\/de\/wp-json\/wp\/v2\/media\/342"}],"wp:attachment":[{"href":"https:\/\/apuliapraia-hotel.com\/de\/wp-json\/wp\/v2\/media?parent=836"}],"curies":[{"name":"wp","href":"https:\/\/api.w.org\/{rel}","templated":true}]}}