{"id":835,"date":"2023-07-24T15:44:57","date_gmt":"2023-07-24T15:44:57","guid":{"rendered":"https:\/\/apuliapraia-hotel.com\/?page_id=835"},"modified":"2023-07-27T10:01:35","modified_gmt":"2023-07-27T10:01:35","slug":"heiligtum-der-lieben-frau-von-guia","status":"publish","type":"page","link":"https:\/\/apuliapraia-hotel.com\/de\/region\/heiligtum-der-lieben-frau-von-guia\/","title":{"rendered":"Heiligtum der lieben Frau von Guia"},"content":{"rendered":"<p>Dies ist ein Ort, den Sie nicht verpassen d\u00fcrfen! Um dorthin zu kommen, k\u00f6nnen Sie entweder die Route <strong>Via Sacra<\/strong> nehmen oder die wunderbare Treppe hinaufgehen, die dieses Heiligtum ausmacht. Oben, am <strong>Aussichtspunkt Senhora da Guia<\/strong>, finden Sie ein wundersch\u00f6nes Fleckchen zwischen der Sch\u00f6nheit des Meeres und dem fossilen Felsen mit einer atemberaubenden Aussicht auf die Atlantikk\u00fcste zwischen S\u00e3o Bartolomeu do Mar und Viana do Castelo. Dar\u00fcber hinaus haben Sie auch die M\u00f6glichkeit, einige Monumente wie die von Legenden und Mythen umgebene <strong>J\u00f3ia-Monge-H\u00f6hle<\/strong> zu erkunden oder f\u00fcr ein angenehmes Picknick anzuhalten. Verpassen Sie auch nicht die Gelegenheit, die <strong>Kapelle Senhora da Guia<\/strong> zu besichtigen, die fr\u00fcher allen Seeleuten als Leuchtturm diente.<\/p>\n","protected":false},"excerpt":{"rendered":"<p>Dies ist ein Ort, den Sie nicht verpassen d\u00fcrfen! Um dorthin zu kommen, k\u00f6nnen Sie entweder die Route Via Sacra nehmen oder die wunderbare Treppe hinaufgehen, die dieses Heiligtum ausmacht. Oben, am Aussichtspunkt Senhora da Guia, finden Sie ein wundersch\u00f6nes Fleckchen zwischen der Sch\u00f6nheit des Meeres und dem fossilen Felsen mit einer atemberaubenden Aussicht auf [&hellip;]<\/p>\n","protected":false},"author":565,"featured_media":380,"parent":815,"menu_order":13,"comment_status":"closed","ping_status":"closed","template":"template-default-4.php","meta":{"footnotes":""},"class_list":["post-835","page","type-page","status-publish","has-post-thumbnail","hentry"],"yoast_head":"<!-- This site is optimized with the Yoast SEO plugin v26.9 - https:\/\/yoast.com\/product\/yoast-seo-wordpress\/ -->\n<title>Heiligtum der lieben Frau von Guia - Apulia Praia Hotel -<\/title>\n<meta name=\"description\" content=\"Dies ist ein Ort, den Sie nicht verpassen d\u00fcrfen! Um dorthin zu kommen, k\u00f6nnen Sie entweder die Route Via Sacra nehmen oder die wunderbare Treppe hinaufgehen, die dieses Heiligtum ausmacht. Oben, am Aussichtspunkt Senhora da Guia, finden Sie ein wundersch\u00f6nes Fleckchen zwischen der Sch\u00f6nheit des Meeres und dem fossilen Felsen mit einer atemberaubenden Aussicht auf die Atlantikk\u00fcste zwischen S\u00e3o Bartolomeu do Mar und Viana do Castelo\" \/>\n<meta name=\"robots\" content=\"index, follow, max-snippet:-1, max-image-preview:large, max-video-preview:-1\" \/>\n<link rel=\"canonical\" href=\"https:\/\/apuliapraia-hotel.com\/de\/region\/heiligtum-der-lieben-frau-von-guia\/\" \/>\n<meta property=\"og:locale\" content=\"de_DE\" \/>\n<meta property=\"og:type\" content=\"article\" \/>\n<meta property=\"og:title\" content=\"Heiligtum der lieben Frau von Guia - Apulia Praia Hotel -\" \/>\n<meta property=\"og:description\" content=\"Dies ist ein Ort, den Sie nicht verpassen d\u00fcrfen! Um dorthin zu kommen, k\u00f6nnen Sie entweder die Route Via Sacra nehmen oder die wunderbare Treppe hinaufgehen, die dieses Heiligtum ausmacht. Oben, am Aussichtspunkt Senhora da Guia, finden Sie ein wundersch\u00f6nes Fleckchen zwischen der Sch\u00f6nheit des Meeres und dem fossilen Felsen mit einer atemberaubenden Aussicht auf die Atlantikk\u00fcste zwischen S\u00e3o Bartolomeu do Mar und Viana do Castelo\" \/>\n<meta property=\"og:url\" content=\"https:\/\/apuliapraia-hotel.com\/de\/region\/heiligtum-der-lieben-frau-von-guia\/\" \/>\n<meta property=\"og:site_name\" content=\"Apulia Praia Hotel\" \/>\n<meta property=\"article:modified_time\" content=\"2023-07-27T10:01:35+00:00\" \/>\n<meta property=\"og:image\" content=\"https:\/\/apuliapraia-hotel.com\/wp-content\/uploads\/sites\/512\/2023\/02\/Santuario-Senhora-da-Guia.png\" \/>\n\t<meta property=\"og:image:width\" content=\"1200\" \/>\n\t<meta property=\"og:image:height\" content=\"800\" \/>\n\t<meta property=\"og:image:type\" content=\"image\/png\" \/>\n<meta name=\"twitter:card\" content=\"summary_large_image\" \/>\n<meta name=\"twitter:label1\" content=\"Gesch\u00e4tzte Lesezeit\" \/>\n\t<meta name=\"twitter:data1\" content=\"1 Minute\" \/>\n<script type=\"application\/ld+json\" class=\"yoast-schema-graph\">{\"@context\":\"https:\/\/schema.org\",\"@graph\":[{\"@type\":\"WebPage\",\"@id\":\"https:\/\/apuliapraia-hotel.com\/de\/region\/heiligtum-der-lieben-frau-von-guia\/\",\"url\":\"https:\/\/apuliapraia-hotel.com\/de\/region\/heiligtum-der-lieben-frau-von-guia\/\",\"name\":\"Heiligtum der lieben Frau von Guia - Apulia Praia Hotel -\",\"isPartOf\":{\"@id\":\"https:\/\/apuliapraia-hotel.com\/de\/#website\"},\"primaryImageOfPage\":{\"@id\":\"https:\/\/apuliapraia-hotel.com\/de\/region\/heiligtum-der-lieben-frau-von-guia\/#primaryimage\"},\"image\":{\"@id\":\"https:\/\/apuliapraia-hotel.com\/de\/region\/heiligtum-der-lieben-frau-von-guia\/#primaryimage\"},\"thumbnailUrl\":\"https:\/\/apuliapraia-hotel.com\/wp-content\/uploads\/sites\/512\/2023\/02\/Santuario-Senhora-da-Guia.png\",\"datePublished\":\"2023-07-24T15:44:57+00:00\",\"dateModified\":\"2023-07-27T10:01:35+00:00\",\"description\":\"Dies ist ein Ort, den Sie nicht verpassen d\u00fcrfen! Um dorthin zu kommen, k\u00f6nnen Sie entweder die Route Via Sacra nehmen oder die wunderbare Treppe hinaufgehen, die dieses Heiligtum ausmacht. Oben, am Aussichtspunkt Senhora da Guia, finden Sie ein wundersch\u00f6nes Fleckchen zwischen der Sch\u00f6nheit des Meeres und dem fossilen Felsen mit einer atemberaubenden Aussicht auf die Atlantikk\u00fcste zwischen S\u00e3o Bartolomeu do Mar und Viana do Castelo\",\"breadcrumb\":{\"@id\":\"https:\/\/apuliapraia-hotel.com\/de\/region\/heiligtum-der-lieben-frau-von-guia\/#breadcrumb\"},\"inLanguage\":\"de-DE\",\"potentialAction\":[{\"@type\":\"ReadAction\",\"target\":[\"https:\/\/apuliapraia-hotel.com\/de\/region\/heiligtum-der-lieben-frau-von-guia\/\"]}]},{\"@type\":\"ImageObject\",\"inLanguage\":\"de-DE\",\"@id\":\"https:\/\/apuliapraia-hotel.com\/de\/region\/heiligtum-der-lieben-frau-von-guia\/#primaryimage\",\"url\":\"https:\/\/apuliapraia-hotel.com\/wp-content\/uploads\/sites\/512\/2023\/02\/Santuario-Senhora-da-Guia.png\",\"contentUrl\":\"https:\/\/apuliapraia-hotel.com\/wp-content\/uploads\/sites\/512\/2023\/02\/Santuario-Senhora-da-Guia.png\",\"width\":1200,\"height\":800,\"caption\":\"Santu\u00e1rio da Nossa Senhora da Guia\"},{\"@type\":\"BreadcrumbList\",\"@id\":\"https:\/\/apuliapraia-hotel.com\/de\/region\/heiligtum-der-lieben-frau-von-guia\/#breadcrumb\",\"itemListElement\":[{\"@type\":\"ListItem\",\"position\":1,\"name\":\"Home\",\"item\":\"https:\/\/apuliapraia-hotel.com\/de\/\"},{\"@type\":\"ListItem\",\"position\":2,\"name\":\"Region\",\"item\":\"https:\/\/apuliapraia-hotel.com\/de\/region\/\"},{\"@type\":\"ListItem\",\"position\":3,\"name\":\"Heiligtum der lieben Frau von Guia\"}]},{\"@type\":\"WebSite\",\"@id\":\"https:\/\/apuliapraia-hotel.com\/de\/#website\",\"url\":\"https:\/\/apuliapraia-hotel.com\/de\/\",\"name\":\"Apulia Praia Hotel\",\"description\":\"\",\"potentialAction\":[{\"@type\":\"SearchAction\",\"target\":{\"@type\":\"EntryPoint\",\"urlTemplate\":\"https:\/\/apuliapraia-hotel.com\/de\/?s={search_term_string}\"},\"query-input\":{\"@type\":\"PropertyValueSpecification\",\"valueRequired\":true,\"valueName\":\"search_term_string\"}}],\"inLanguage\":\"de-DE\"}]}<\/script>\n<!-- \/ Yoast SEO plugin. -->","yoast_head_json":{"title":"Heiligtum der lieben Frau von Guia - Apulia Praia Hotel -","description":"Dies ist ein Ort, den Sie nicht verpassen d\u00fcrfen! Um dorthin zu kommen, k\u00f6nnen Sie entweder die Route Via Sacra nehmen oder die wunderbare Treppe hinaufgehen, die dieses Heiligtum ausmacht. Oben, am Aussichtspunkt Senhora da Guia, finden Sie ein wundersch\u00f6nes Fleckchen zwischen der Sch\u00f6nheit des Meeres und dem fossilen Felsen mit einer atemberaubenden Aussicht auf die Atlantikk\u00fcste zwischen S\u00e3o Bartolomeu do Mar und Viana do Castelo","robots":{"index":"index","follow":"follow","max-snippet":"max-snippet:-1","max-image-preview":"max-image-preview:large","max-video-preview":"max-video-preview:-1"},"canonical":"https:\/\/apuliapraia-hotel.com\/de\/region\/heiligtum-der-lieben-frau-von-guia\/","og_locale":"de_DE","og_type":"article","og_title":"Heiligtum der lieben Frau von Guia - Apulia Praia Hotel -","og_description":"Dies ist ein Ort, den Sie nicht verpassen d\u00fcrfen! Um dorthin zu kommen, k\u00f6nnen Sie entweder die Route Via Sacra nehmen oder die wunderbare Treppe hinaufgehen, die dieses Heiligtum ausmacht. Oben, am Aussichtspunkt Senhora da Guia, finden Sie ein wundersch\u00f6nes Fleckchen zwischen der Sch\u00f6nheit des Meeres und dem fossilen Felsen mit einer atemberaubenden Aussicht auf die Atlantikk\u00fcste zwischen S\u00e3o Bartolomeu do Mar und Viana do Castelo","og_url":"https:\/\/apuliapraia-hotel.com\/de\/region\/heiligtum-der-lieben-frau-von-guia\/","og_site_name":"Apulia Praia Hotel","article_modified_time":"2023-07-27T10:01:35+00:00","og_image":[{"width":1200,"height":800,"url":"https:\/\/apuliapraia-hotel.com\/wp-content\/uploads\/sites\/512\/2023\/02\/Santuario-Senhora-da-Guia.png","type":"image\/png"}],"twitter_card":"summary_large_image","twitter_misc":{"Gesch\u00e4tzte Lesezeit":"1 Minute"},"schema":{"@context":"https:\/\/schema.org","@graph":[{"@type":"WebPage","@id":"https:\/\/apuliapraia-hotel.com\/de\/region\/heiligtum-der-lieben-frau-von-guia\/","url":"https:\/\/apuliapraia-hotel.com\/de\/region\/heiligtum-der-lieben-frau-von-guia\/","name":"Heiligtum der lieben Frau von Guia - Apulia Praia Hotel -","isPartOf":{"@id":"https:\/\/apuliapraia-hotel.com\/de\/#website"},"primaryImageOfPage":{"@id":"https:\/\/apuliapraia-hotel.com\/de\/region\/heiligtum-der-lieben-frau-von-guia\/#primaryimage"},"image":{"@id":"https:\/\/apuliapraia-hotel.com\/de\/region\/heiligtum-der-lieben-frau-von-guia\/#primaryimage"},"thumbnailUrl":"https:\/\/apuliapraia-hotel.com\/wp-content\/uploads\/sites\/512\/2023\/02\/Santuario-Senhora-da-Guia.png","datePublished":"2023-07-24T15:44:57+00:00","dateModified":"2023-07-27T10:01:35+00:00","description":"Dies ist ein Ort, den Sie nicht verpassen d\u00fcrfen! Um dorthin zu kommen, k\u00f6nnen Sie entweder die Route Via Sacra nehmen oder die wunderbare Treppe hinaufgehen, die dieses Heiligtum ausmacht. Oben, am Aussichtspunkt Senhora da Guia, finden Sie ein wundersch\u00f6nes Fleckchen zwischen der Sch\u00f6nheit des Meeres und dem fossilen Felsen mit einer atemberaubenden Aussicht auf die Atlantikk\u00fcste zwischen S\u00e3o Bartolomeu do Mar und Viana do Castelo","breadcrumb":{"@id":"https:\/\/apuliapraia-hotel.com\/de\/region\/heiligtum-der-lieben-frau-von-guia\/#breadcrumb"},"inLanguage":"de-DE","potentialAction":[{"@type":"ReadAction","target":["https:\/\/apuliapraia-hotel.com\/de\/region\/heiligtum-der-lieben-frau-von-guia\/"]}]},{"@type":"ImageObject","inLanguage":"de-DE","@id":"https:\/\/apuliapraia-hotel.com\/de\/region\/heiligtum-der-lieben-frau-von-guia\/#primaryimage","url":"https:\/\/apuliapraia-hotel.com\/wp-content\/uploads\/sites\/512\/2023\/02\/Santuario-Senhora-da-Guia.png","contentUrl":"https:\/\/apuliapraia-hotel.com\/wp-content\/uploads\/sites\/512\/2023\/02\/Santuario-Senhora-da-Guia.png","width":1200,"height":800,"caption":"Santu\u00e1rio da Nossa Senhora da Guia"},{"@type":"BreadcrumbList","@id":"https:\/\/apuliapraia-hotel.com\/de\/region\/heiligtum-der-lieben-frau-von-guia\/#breadcrumb","itemListElement":[{"@type":"ListItem","position":1,"name":"Home","item":"https:\/\/apuliapraia-hotel.com\/de\/"},{"@type":"ListItem","position":2,"name":"Region","item":"https:\/\/apuliapraia-hotel.com\/de\/region\/"},{"@type":"ListItem","position":3,"name":"Heiligtum der lieben Frau von Guia"}]},{"@type":"WebSite","@id":"https:\/\/apuliapraia-hotel.com\/de\/#website","url":"https:\/\/apuliapraia-hotel.com\/de\/","name":"Apulia Praia Hotel","description":"","potentialAction":[{"@type":"SearchAction","target":{"@type":"EntryPoint","urlTemplate":"https:\/\/apuliapraia-hotel.com\/de\/?s={search_term_string}"},"query-input":{"@type":"PropertyValueSpecification","valueRequired":true,"valueName":"search_term_string"}}],"inLanguage":"de-DE"}]}},"acf":[],"_links":{"self":[{"href":"https:\/\/apuliapraia-hotel.com\/de\/wp-json\/wp\/v2\/pages\/835","targetHints":{"allow":["GET"]}}],"collection":[{"href":"https:\/\/apuliapraia-hotel.com\/de\/wp-json\/wp\/v2\/pages"}],"about":[{"href":"https:\/\/apuliapraia-hotel.com\/de\/wp-json\/wp\/v2\/types\/page"}],"author":[{"embeddable":true,"href":"https:\/\/apuliapraia-hotel.com\/de\/wp-json\/wp\/v2\/users\/565"}],"replies":[{"embeddable":true,"href":"https:\/\/apuliapraia-hotel.com\/de\/wp-json\/wp\/v2\/comments?post=835"}],"version-history":[{"count":0,"href":"https:\/\/apuliapraia-hotel.com\/de\/wp-json\/wp\/v2\/pages\/835\/revisions"}],"up":[{"embeddable":true,"href":"https:\/\/apuliapraia-hotel.com\/de\/wp-json\/wp\/v2\/pages\/815"}],"wp:featuredmedia":[{"embeddable":true,"href":"https:\/\/apuliapraia-hotel.com\/de\/wp-json\/wp\/v2\/media\/380"}],"wp:attachment":[{"href":"https:\/\/apuliapraia-hotel.com\/de\/wp-json\/wp\/v2\/media?parent=835"}],"curies":[{"name":"wp","href":"https:\/\/api.w.org\/{rel}","templated":true}]}}