{"id":834,"date":"2023-07-24T15:40:11","date_gmt":"2023-07-24T15:40:11","guid":{"rendered":"https:\/\/apuliapraia-hotel.com\/?page_id=834"},"modified":"2023-07-24T15:40:11","modified_gmt":"2023-07-24T15:40:11","slug":"muehlen-von-abelheira","status":"publish","type":"page","link":"https:\/\/apuliapraia-hotel.com\/de\/region\/muehlen-von-abelheira\/","title":{"rendered":"M\u00fchlen von Abelheira"},"content":{"rendered":"<p>Die sieben <strong>Windm\u00fchlen von Abelheira<\/strong> sind enorme Zeugnisse der Geschichte und Getreidetraditionen unserer Region. Mit dem Ziel, dieses Erbe wiederherzustellen, wiederzubeleben und in den Dienst der Gemeinschaft zu stellen, sind die Moinhos da Abelheira heute Teil eines <a href=\"https:\/\/www.municipio.esposende.pt\/pages\/603?poi_id=276\">Freizeitparks<\/a>. Das Projekt in Aktion zielt darauf ab, einen thematischen Rundgang zu schaffen, der mit einer Route durch die Naturlandschaft verbunden ist und die verschiedenen Strukturen als Bezugspunkte nutzt. Diese Orte werden von Infopoints und Informationstafeln begleitet, die den Besuchern w\u00e4hrend des gesamten Besuches mehr Unterst\u00fctzung und gleichzeitig mehr Autonomie erm\u00f6glichen. Es ist ein gro\u00dfartiger Ort, um mit der Familie die Gegend zu erkunden und sich von der Sch\u00f6nheit unserer Stadt verzaubern zu lassen.<\/p>\n","protected":false},"excerpt":{"rendered":"<p>Die sieben Windm\u00fchlen von Abelheira sind enorme Zeugnisse der Geschichte und Getreidetraditionen unserer Region. Mit dem Ziel, dieses Erbe wiederherzustellen, wiederzubeleben und in den Dienst der Gemeinschaft zu stellen, sind die Moinhos da Abelheira heute Teil eines Freizeitparks. Das Projekt in Aktion zielt darauf ab, einen thematischen Rundgang zu schaffen, der mit einer Route durch [&hellip;]<\/p>\n","protected":false},"author":565,"featured_media":393,"parent":815,"menu_order":12,"comment_status":"closed","ping_status":"closed","template":"template-default-4.php","meta":{"footnotes":""},"class_list":["post-834","page","type-page","status-publish","has-post-thumbnail","hentry"],"yoast_head":"<!-- This site is optimized with the Yoast SEO plugin v26.9 - https:\/\/yoast.com\/product\/yoast-seo-wordpress\/ -->\n<title>M\u00fchlen von Abelheira - Apulia Praia Hotel -<\/title>\n<meta name=\"description\" content=\"Die sieben Windm\u00fchlen von Abelheira sind enorme Zeugnisse der Geschichte und Getreidetraditionen unserer Region. Mit dem Ziel, dieses Erbe wiederherzustellen, wiederzubeleben und in den Dienst der Gemeinschaft zu stellen, sind die Moinhos da Abelheira heute Teil eines Freizeitparks\" \/>\n<meta name=\"robots\" content=\"index, follow, max-snippet:-1, max-image-preview:large, max-video-preview:-1\" \/>\n<link rel=\"canonical\" href=\"https:\/\/apuliapraia-hotel.com\/de\/region\/muehlen-von-abelheira\/\" \/>\n<meta property=\"og:locale\" content=\"de_DE\" \/>\n<meta property=\"og:type\" content=\"article\" \/>\n<meta property=\"og:title\" content=\"M\u00fchlen von Abelheira - Apulia Praia Hotel -\" \/>\n<meta property=\"og:description\" content=\"Die sieben Windm\u00fchlen von Abelheira sind enorme Zeugnisse der Geschichte und Getreidetraditionen unserer Region. Mit dem Ziel, dieses Erbe wiederherzustellen, wiederzubeleben und in den Dienst der Gemeinschaft zu stellen, sind die Moinhos da Abelheira heute Teil eines Freizeitparks\" \/>\n<meta property=\"og:url\" content=\"https:\/\/apuliapraia-hotel.com\/de\/region\/muehlen-von-abelheira\/\" \/>\n<meta property=\"og:site_name\" content=\"Apulia Praia Hotel\" \/>\n<meta property=\"og:image\" content=\"https:\/\/apuliapraia-hotel.com\/wp-content\/uploads\/sites\/512\/2023\/02\/Moinhos-da-Abelheira-2.png\" \/>\n\t<meta property=\"og:image:width\" content=\"1200\" \/>\n\t<meta property=\"og:image:height\" content=\"800\" \/>\n\t<meta property=\"og:image:type\" content=\"image\/png\" \/>\n<meta name=\"twitter:card\" content=\"summary_large_image\" \/>\n<meta name=\"twitter:label1\" content=\"Gesch\u00e4tzte Lesezeit\" \/>\n\t<meta name=\"twitter:data1\" content=\"1 Minute\" \/>\n<script type=\"application\/ld+json\" class=\"yoast-schema-graph\">{\"@context\":\"https:\/\/schema.org\",\"@graph\":[{\"@type\":\"WebPage\",\"@id\":\"https:\/\/apuliapraia-hotel.com\/de\/region\/muehlen-von-abelheira\/\",\"url\":\"https:\/\/apuliapraia-hotel.com\/de\/region\/muehlen-von-abelheira\/\",\"name\":\"M\u00fchlen von Abelheira - Apulia Praia Hotel -\",\"isPartOf\":{\"@id\":\"https:\/\/apuliapraia-hotel.com\/de\/#website\"},\"primaryImageOfPage\":{\"@id\":\"https:\/\/apuliapraia-hotel.com\/de\/region\/muehlen-von-abelheira\/#primaryimage\"},\"image\":{\"@id\":\"https:\/\/apuliapraia-hotel.com\/de\/region\/muehlen-von-abelheira\/#primaryimage\"},\"thumbnailUrl\":\"https:\/\/apuliapraia-hotel.com\/wp-content\/uploads\/sites\/512\/2023\/02\/Moinhos-da-Abelheira-2.png\",\"datePublished\":\"2023-07-24T15:40:11+00:00\",\"description\":\"Die sieben Windm\u00fchlen von Abelheira sind enorme Zeugnisse der Geschichte und Getreidetraditionen unserer Region. Mit dem Ziel, dieses Erbe wiederherzustellen, wiederzubeleben und in den Dienst der Gemeinschaft zu stellen, sind die Moinhos da Abelheira heute Teil eines Freizeitparks\",\"breadcrumb\":{\"@id\":\"https:\/\/apuliapraia-hotel.com\/de\/region\/muehlen-von-abelheira\/#breadcrumb\"},\"inLanguage\":\"de-DE\",\"potentialAction\":[{\"@type\":\"ReadAction\",\"target\":[\"https:\/\/apuliapraia-hotel.com\/de\/region\/muehlen-von-abelheira\/\"]}]},{\"@type\":\"ImageObject\",\"inLanguage\":\"de-DE\",\"@id\":\"https:\/\/apuliapraia-hotel.com\/de\/region\/muehlen-von-abelheira\/#primaryimage\",\"url\":\"https:\/\/apuliapraia-hotel.com\/wp-content\/uploads\/sites\/512\/2023\/02\/Moinhos-da-Abelheira-2.png\",\"contentUrl\":\"https:\/\/apuliapraia-hotel.com\/wp-content\/uploads\/sites\/512\/2023\/02\/Moinhos-da-Abelheira-2.png\",\"width\":1200,\"height\":800,\"caption\":\"Moinhos da Abelheira\"},{\"@type\":\"BreadcrumbList\",\"@id\":\"https:\/\/apuliapraia-hotel.com\/de\/region\/muehlen-von-abelheira\/#breadcrumb\",\"itemListElement\":[{\"@type\":\"ListItem\",\"position\":1,\"name\":\"Home\",\"item\":\"https:\/\/apuliapraia-hotel.com\/de\/\"},{\"@type\":\"ListItem\",\"position\":2,\"name\":\"Region\",\"item\":\"https:\/\/apuliapraia-hotel.com\/de\/region\/\"},{\"@type\":\"ListItem\",\"position\":3,\"name\":\"M\u00fchlen von Abelheira\"}]},{\"@type\":\"WebSite\",\"@id\":\"https:\/\/apuliapraia-hotel.com\/de\/#website\",\"url\":\"https:\/\/apuliapraia-hotel.com\/de\/\",\"name\":\"Apulia Praia Hotel\",\"description\":\"\",\"potentialAction\":[{\"@type\":\"SearchAction\",\"target\":{\"@type\":\"EntryPoint\",\"urlTemplate\":\"https:\/\/apuliapraia-hotel.com\/de\/?s={search_term_string}\"},\"query-input\":{\"@type\":\"PropertyValueSpecification\",\"valueRequired\":true,\"valueName\":\"search_term_string\"}}],\"inLanguage\":\"de-DE\"}]}<\/script>\n<!-- \/ Yoast SEO plugin. -->","yoast_head_json":{"title":"M\u00fchlen von Abelheira - Apulia Praia Hotel -","description":"Die sieben Windm\u00fchlen von Abelheira sind enorme Zeugnisse der Geschichte und Getreidetraditionen unserer Region. Mit dem Ziel, dieses Erbe wiederherzustellen, wiederzubeleben und in den Dienst der Gemeinschaft zu stellen, sind die Moinhos da Abelheira heute Teil eines Freizeitparks","robots":{"index":"index","follow":"follow","max-snippet":"max-snippet:-1","max-image-preview":"max-image-preview:large","max-video-preview":"max-video-preview:-1"},"canonical":"https:\/\/apuliapraia-hotel.com\/de\/region\/muehlen-von-abelheira\/","og_locale":"de_DE","og_type":"article","og_title":"M\u00fchlen von Abelheira - Apulia Praia Hotel -","og_description":"Die sieben Windm\u00fchlen von Abelheira sind enorme Zeugnisse der Geschichte und Getreidetraditionen unserer Region. Mit dem Ziel, dieses Erbe wiederherzustellen, wiederzubeleben und in den Dienst der Gemeinschaft zu stellen, sind die Moinhos da Abelheira heute Teil eines Freizeitparks","og_url":"https:\/\/apuliapraia-hotel.com\/de\/region\/muehlen-von-abelheira\/","og_site_name":"Apulia Praia Hotel","og_image":[{"width":1200,"height":800,"url":"https:\/\/apuliapraia-hotel.com\/wp-content\/uploads\/sites\/512\/2023\/02\/Moinhos-da-Abelheira-2.png","type":"image\/png"}],"twitter_card":"summary_large_image","twitter_misc":{"Gesch\u00e4tzte Lesezeit":"1 Minute"},"schema":{"@context":"https:\/\/schema.org","@graph":[{"@type":"WebPage","@id":"https:\/\/apuliapraia-hotel.com\/de\/region\/muehlen-von-abelheira\/","url":"https:\/\/apuliapraia-hotel.com\/de\/region\/muehlen-von-abelheira\/","name":"M\u00fchlen von Abelheira - Apulia Praia Hotel -","isPartOf":{"@id":"https:\/\/apuliapraia-hotel.com\/de\/#website"},"primaryImageOfPage":{"@id":"https:\/\/apuliapraia-hotel.com\/de\/region\/muehlen-von-abelheira\/#primaryimage"},"image":{"@id":"https:\/\/apuliapraia-hotel.com\/de\/region\/muehlen-von-abelheira\/#primaryimage"},"thumbnailUrl":"https:\/\/apuliapraia-hotel.com\/wp-content\/uploads\/sites\/512\/2023\/02\/Moinhos-da-Abelheira-2.png","datePublished":"2023-07-24T15:40:11+00:00","description":"Die sieben Windm\u00fchlen von Abelheira sind enorme Zeugnisse der Geschichte und Getreidetraditionen unserer Region. Mit dem Ziel, dieses Erbe wiederherzustellen, wiederzubeleben und in den Dienst der Gemeinschaft zu stellen, sind die Moinhos da Abelheira heute Teil eines Freizeitparks","breadcrumb":{"@id":"https:\/\/apuliapraia-hotel.com\/de\/region\/muehlen-von-abelheira\/#breadcrumb"},"inLanguage":"de-DE","potentialAction":[{"@type":"ReadAction","target":["https:\/\/apuliapraia-hotel.com\/de\/region\/muehlen-von-abelheira\/"]}]},{"@type":"ImageObject","inLanguage":"de-DE","@id":"https:\/\/apuliapraia-hotel.com\/de\/region\/muehlen-von-abelheira\/#primaryimage","url":"https:\/\/apuliapraia-hotel.com\/wp-content\/uploads\/sites\/512\/2023\/02\/Moinhos-da-Abelheira-2.png","contentUrl":"https:\/\/apuliapraia-hotel.com\/wp-content\/uploads\/sites\/512\/2023\/02\/Moinhos-da-Abelheira-2.png","width":1200,"height":800,"caption":"Moinhos da Abelheira"},{"@type":"BreadcrumbList","@id":"https:\/\/apuliapraia-hotel.com\/de\/region\/muehlen-von-abelheira\/#breadcrumb","itemListElement":[{"@type":"ListItem","position":1,"name":"Home","item":"https:\/\/apuliapraia-hotel.com\/de\/"},{"@type":"ListItem","position":2,"name":"Region","item":"https:\/\/apuliapraia-hotel.com\/de\/region\/"},{"@type":"ListItem","position":3,"name":"M\u00fchlen von Abelheira"}]},{"@type":"WebSite","@id":"https:\/\/apuliapraia-hotel.com\/de\/#website","url":"https:\/\/apuliapraia-hotel.com\/de\/","name":"Apulia Praia Hotel","description":"","potentialAction":[{"@type":"SearchAction","target":{"@type":"EntryPoint","urlTemplate":"https:\/\/apuliapraia-hotel.com\/de\/?s={search_term_string}"},"query-input":{"@type":"PropertyValueSpecification","valueRequired":true,"valueName":"search_term_string"}}],"inLanguage":"de-DE"}]}},"acf":[],"_links":{"self":[{"href":"https:\/\/apuliapraia-hotel.com\/de\/wp-json\/wp\/v2\/pages\/834","targetHints":{"allow":["GET"]}}],"collection":[{"href":"https:\/\/apuliapraia-hotel.com\/de\/wp-json\/wp\/v2\/pages"}],"about":[{"href":"https:\/\/apuliapraia-hotel.com\/de\/wp-json\/wp\/v2\/types\/page"}],"author":[{"embeddable":true,"href":"https:\/\/apuliapraia-hotel.com\/de\/wp-json\/wp\/v2\/users\/565"}],"replies":[{"embeddable":true,"href":"https:\/\/apuliapraia-hotel.com\/de\/wp-json\/wp\/v2\/comments?post=834"}],"version-history":[{"count":0,"href":"https:\/\/apuliapraia-hotel.com\/de\/wp-json\/wp\/v2\/pages\/834\/revisions"}],"up":[{"embeddable":true,"href":"https:\/\/apuliapraia-hotel.com\/de\/wp-json\/wp\/v2\/pages\/815"}],"wp:featuredmedia":[{"embeddable":true,"href":"https:\/\/apuliapraia-hotel.com\/de\/wp-json\/wp\/v2\/media\/393"}],"wp:attachment":[{"href":"https:\/\/apuliapraia-hotel.com\/de\/wp-json\/wp\/v2\/media?parent=834"}],"curies":[{"name":"wp","href":"https:\/\/api.w.org\/{rel}","templated":true}]}}