{"id":831,"date":"2023-07-24T15:32:31","date_gmt":"2023-07-24T15:32:31","guid":{"rendered":"https:\/\/apuliapraia-hotel.com\/?page_id=831"},"modified":"2023-07-27T09:59:19","modified_gmt":"2023-07-27T09:59:19","slug":"nordkuesten-naturpark","status":"publish","type":"page","link":"https:\/\/apuliapraia-hotel.com\/de\/region\/nordkuesten-naturpark\/","title":{"rendered":"Nordk\u00fcsten Naturpark"},"content":{"rendered":"<p>Der <strong>Nordk\u00fcsten Naturpark<\/strong> ist ein Ort, an dem Sie bei einem ruhigen Spaziergang oder einer entspannten <a href=\"https:\/\/apuliapraia-hotel.com\/experiencias\/aluguer-de-bicicleta\/\">Radtour<\/a> mit der herrlichen Fauna und Flora der Region in Kontakt kommen k\u00f6nnen. Dieser Park ist von wunderbarer, landschaftlicher Sch\u00f6nheit und breitet sich entlang der gesamten Atlantikk\u00fcste von der M\u00fcndung des Flusses Neiva bis in die Gegend Ap\u00falia aus. Der <a href=\"https:\/\/natural.pt\/protected-areas\/parque-natural-litoral-norte?locale=pt\">Naturpark der Nordk\u00fcste<\/a> verl\u00e4uft gr\u00f6\u00dftenteils \u00fcber die Fu\u00dfg\u00e4ngerbr\u00fccken und dehnt sich \u00fcber eine 16 km lange Strecke entlang der K\u00fcste aus. Zu dieser geh\u00f6ren auch die <a href=\"https:\/\/www.visitesposende.com\/pt\/fazer\/percursos\">st\u00e4dtischen Wanderrouten<\/a>. Wenn Sie im Apulia Praia Hotel \u00fcbernachten, haben Sie die M\u00f6glichkeit, diese landschaftliche Sch\u00f6nheit auf dem <a href=\"https:\/\/pt.wikiloc.com\/trilhas-caminhada\/pr12-eps-trilho-das-masseiras-percurso-do-vento-e-do-homem-17757610\">Masseiras-Pfad (PR<sub>12<\/sub>)<\/a> zu erleben.<\/p>\n","protected":false},"excerpt":{"rendered":"<p>Der Nordk\u00fcsten Naturpark ist ein Ort, an dem Sie bei einem ruhigen Spaziergang oder einer entspannten Radtour mit der herrlichen Fauna und Flora der Region in Kontakt kommen k\u00f6nnen. Dieser Park ist von wunderbarer, landschaftlicher Sch\u00f6nheit und breitet sich entlang der gesamten Atlantikk\u00fcste von der M\u00fcndung des Flusses Neiva bis in die Gegend Ap\u00falia aus. [&hellip;]<\/p>\n","protected":false},"author":565,"featured_media":398,"parent":815,"menu_order":10,"comment_status":"closed","ping_status":"closed","template":"template-default-4.php","meta":{"footnotes":""},"class_list":["post-831","page","type-page","status-publish","has-post-thumbnail","hentry"],"yoast_head":"<!-- This site is optimized with the Yoast SEO plugin v26.9 - https:\/\/yoast.com\/product\/yoast-seo-wordpress\/ -->\n<title>Nordk\u00fcsten Naturpark - Apulia Praia Hotel -<\/title>\n<meta name=\"description\" content=\"Der Nordk\u00fcsten Naturpark ist ein Ort, an dem Sie bei einem ruhigen Spaziergang oder einer entspannten Radtour mit der herrlichen Fauna und Flora der Region in Kontakt kommen k\u00f6nnen. Dieser Park ist von wunderbarer, landschaftlicher Sch\u00f6nheit und breitet sich entlang der gesamten Atlantikk\u00fcste von der M\u00fcndung des Flusses Neiva bis in die Gegend Ap\u00falia aus\" \/>\n<meta name=\"robots\" content=\"index, follow, max-snippet:-1, max-image-preview:large, max-video-preview:-1\" \/>\n<link rel=\"canonical\" href=\"https:\/\/apuliapraia-hotel.com\/de\/region\/nordkuesten-naturpark\/\" \/>\n<meta property=\"og:locale\" content=\"de_DE\" \/>\n<meta property=\"og:type\" content=\"article\" \/>\n<meta property=\"og:title\" content=\"Nordk\u00fcsten Naturpark - Apulia Praia Hotel -\" \/>\n<meta property=\"og:description\" content=\"Der Nordk\u00fcsten Naturpark ist ein Ort, an dem Sie bei einem ruhigen Spaziergang oder einer entspannten Radtour mit der herrlichen Fauna und Flora der Region in Kontakt kommen k\u00f6nnen. Dieser Park ist von wunderbarer, landschaftlicher Sch\u00f6nheit und breitet sich entlang der gesamten Atlantikk\u00fcste von der M\u00fcndung des Flusses Neiva bis in die Gegend Ap\u00falia aus\" \/>\n<meta property=\"og:url\" content=\"https:\/\/apuliapraia-hotel.com\/de\/region\/nordkuesten-naturpark\/\" \/>\n<meta property=\"og:site_name\" content=\"Apulia Praia Hotel\" \/>\n<meta property=\"article:modified_time\" content=\"2023-07-27T09:59:19+00:00\" \/>\n<meta property=\"og:image\" content=\"https:\/\/apuliapraia-hotel.com\/wp-content\/uploads\/sites\/512\/2023\/02\/Parque-Natural-do-Litoral-Norte-2.png\" \/>\n\t<meta property=\"og:image:width\" content=\"1200\" \/>\n\t<meta property=\"og:image:height\" content=\"800\" \/>\n\t<meta property=\"og:image:type\" content=\"image\/png\" \/>\n<meta name=\"twitter:card\" content=\"summary_large_image\" \/>\n<meta name=\"twitter:label1\" content=\"Gesch\u00e4tzte Lesezeit\" \/>\n\t<meta name=\"twitter:data1\" content=\"1 Minute\" \/>\n<script type=\"application\/ld+json\" class=\"yoast-schema-graph\">{\"@context\":\"https:\/\/schema.org\",\"@graph\":[{\"@type\":\"WebPage\",\"@id\":\"https:\/\/apuliapraia-hotel.com\/de\/region\/nordkuesten-naturpark\/\",\"url\":\"https:\/\/apuliapraia-hotel.com\/de\/region\/nordkuesten-naturpark\/\",\"name\":\"Nordk\u00fcsten Naturpark - Apulia Praia Hotel -\",\"isPartOf\":{\"@id\":\"https:\/\/apuliapraia-hotel.com\/de\/#website\"},\"primaryImageOfPage\":{\"@id\":\"https:\/\/apuliapraia-hotel.com\/de\/region\/nordkuesten-naturpark\/#primaryimage\"},\"image\":{\"@id\":\"https:\/\/apuliapraia-hotel.com\/de\/region\/nordkuesten-naturpark\/#primaryimage\"},\"thumbnailUrl\":\"https:\/\/apuliapraia-hotel.com\/wp-content\/uploads\/sites\/512\/2023\/02\/Parque-Natural-do-Litoral-Norte-2.png\",\"datePublished\":\"2023-07-24T15:32:31+00:00\",\"dateModified\":\"2023-07-27T09:59:19+00:00\",\"description\":\"Der Nordk\u00fcsten Naturpark ist ein Ort, an dem Sie bei einem ruhigen Spaziergang oder einer entspannten Radtour mit der herrlichen Fauna und Flora der Region in Kontakt kommen k\u00f6nnen. Dieser Park ist von wunderbarer, landschaftlicher Sch\u00f6nheit und breitet sich entlang der gesamten Atlantikk\u00fcste von der M\u00fcndung des Flusses Neiva bis in die Gegend Ap\u00falia aus\",\"breadcrumb\":{\"@id\":\"https:\/\/apuliapraia-hotel.com\/de\/region\/nordkuesten-naturpark\/#breadcrumb\"},\"inLanguage\":\"de-DE\",\"potentialAction\":[{\"@type\":\"ReadAction\",\"target\":[\"https:\/\/apuliapraia-hotel.com\/de\/region\/nordkuesten-naturpark\/\"]}]},{\"@type\":\"ImageObject\",\"inLanguage\":\"de-DE\",\"@id\":\"https:\/\/apuliapraia-hotel.com\/de\/region\/nordkuesten-naturpark\/#primaryimage\",\"url\":\"https:\/\/apuliapraia-hotel.com\/wp-content\/uploads\/sites\/512\/2023\/02\/Parque-Natural-do-Litoral-Norte-2.png\",\"contentUrl\":\"https:\/\/apuliapraia-hotel.com\/wp-content\/uploads\/sites\/512\/2023\/02\/Parque-Natural-do-Litoral-Norte-2.png\",\"width\":1200,\"height\":800,\"caption\":\"Parque Natural do Litoral Norte\"},{\"@type\":\"BreadcrumbList\",\"@id\":\"https:\/\/apuliapraia-hotel.com\/de\/region\/nordkuesten-naturpark\/#breadcrumb\",\"itemListElement\":[{\"@type\":\"ListItem\",\"position\":1,\"name\":\"Home\",\"item\":\"https:\/\/apuliapraia-hotel.com\/de\/\"},{\"@type\":\"ListItem\",\"position\":2,\"name\":\"Region\",\"item\":\"https:\/\/apuliapraia-hotel.com\/de\/region\/\"},{\"@type\":\"ListItem\",\"position\":3,\"name\":\"Nordk\u00fcsten Naturpark\"}]},{\"@type\":\"WebSite\",\"@id\":\"https:\/\/apuliapraia-hotel.com\/de\/#website\",\"url\":\"https:\/\/apuliapraia-hotel.com\/de\/\",\"name\":\"Apulia Praia Hotel\",\"description\":\"\",\"potentialAction\":[{\"@type\":\"SearchAction\",\"target\":{\"@type\":\"EntryPoint\",\"urlTemplate\":\"https:\/\/apuliapraia-hotel.com\/de\/?s={search_term_string}\"},\"query-input\":{\"@type\":\"PropertyValueSpecification\",\"valueRequired\":true,\"valueName\":\"search_term_string\"}}],\"inLanguage\":\"de-DE\"}]}<\/script>\n<!-- \/ Yoast SEO plugin. -->","yoast_head_json":{"title":"Nordk\u00fcsten Naturpark - Apulia Praia Hotel -","description":"Der Nordk\u00fcsten Naturpark ist ein Ort, an dem Sie bei einem ruhigen Spaziergang oder einer entspannten Radtour mit der herrlichen Fauna und Flora der Region in Kontakt kommen k\u00f6nnen. Dieser Park ist von wunderbarer, landschaftlicher Sch\u00f6nheit und breitet sich entlang der gesamten Atlantikk\u00fcste von der M\u00fcndung des Flusses Neiva bis in die Gegend Ap\u00falia aus","robots":{"index":"index","follow":"follow","max-snippet":"max-snippet:-1","max-image-preview":"max-image-preview:large","max-video-preview":"max-video-preview:-1"},"canonical":"https:\/\/apuliapraia-hotel.com\/de\/region\/nordkuesten-naturpark\/","og_locale":"de_DE","og_type":"article","og_title":"Nordk\u00fcsten Naturpark - Apulia Praia Hotel -","og_description":"Der Nordk\u00fcsten Naturpark ist ein Ort, an dem Sie bei einem ruhigen Spaziergang oder einer entspannten Radtour mit der herrlichen Fauna und Flora der Region in Kontakt kommen k\u00f6nnen. Dieser Park ist von wunderbarer, landschaftlicher Sch\u00f6nheit und breitet sich entlang der gesamten Atlantikk\u00fcste von der M\u00fcndung des Flusses Neiva bis in die Gegend Ap\u00falia aus","og_url":"https:\/\/apuliapraia-hotel.com\/de\/region\/nordkuesten-naturpark\/","og_site_name":"Apulia Praia Hotel","article_modified_time":"2023-07-27T09:59:19+00:00","og_image":[{"width":1200,"height":800,"url":"https:\/\/apuliapraia-hotel.com\/wp-content\/uploads\/sites\/512\/2023\/02\/Parque-Natural-do-Litoral-Norte-2.png","type":"image\/png"}],"twitter_card":"summary_large_image","twitter_misc":{"Gesch\u00e4tzte Lesezeit":"1 Minute"},"schema":{"@context":"https:\/\/schema.org","@graph":[{"@type":"WebPage","@id":"https:\/\/apuliapraia-hotel.com\/de\/region\/nordkuesten-naturpark\/","url":"https:\/\/apuliapraia-hotel.com\/de\/region\/nordkuesten-naturpark\/","name":"Nordk\u00fcsten Naturpark - Apulia Praia Hotel -","isPartOf":{"@id":"https:\/\/apuliapraia-hotel.com\/de\/#website"},"primaryImageOfPage":{"@id":"https:\/\/apuliapraia-hotel.com\/de\/region\/nordkuesten-naturpark\/#primaryimage"},"image":{"@id":"https:\/\/apuliapraia-hotel.com\/de\/region\/nordkuesten-naturpark\/#primaryimage"},"thumbnailUrl":"https:\/\/apuliapraia-hotel.com\/wp-content\/uploads\/sites\/512\/2023\/02\/Parque-Natural-do-Litoral-Norte-2.png","datePublished":"2023-07-24T15:32:31+00:00","dateModified":"2023-07-27T09:59:19+00:00","description":"Der Nordk\u00fcsten Naturpark ist ein Ort, an dem Sie bei einem ruhigen Spaziergang oder einer entspannten Radtour mit der herrlichen Fauna und Flora der Region in Kontakt kommen k\u00f6nnen. Dieser Park ist von wunderbarer, landschaftlicher Sch\u00f6nheit und breitet sich entlang der gesamten Atlantikk\u00fcste von der M\u00fcndung des Flusses Neiva bis in die Gegend Ap\u00falia aus","breadcrumb":{"@id":"https:\/\/apuliapraia-hotel.com\/de\/region\/nordkuesten-naturpark\/#breadcrumb"},"inLanguage":"de-DE","potentialAction":[{"@type":"ReadAction","target":["https:\/\/apuliapraia-hotel.com\/de\/region\/nordkuesten-naturpark\/"]}]},{"@type":"ImageObject","inLanguage":"de-DE","@id":"https:\/\/apuliapraia-hotel.com\/de\/region\/nordkuesten-naturpark\/#primaryimage","url":"https:\/\/apuliapraia-hotel.com\/wp-content\/uploads\/sites\/512\/2023\/02\/Parque-Natural-do-Litoral-Norte-2.png","contentUrl":"https:\/\/apuliapraia-hotel.com\/wp-content\/uploads\/sites\/512\/2023\/02\/Parque-Natural-do-Litoral-Norte-2.png","width":1200,"height":800,"caption":"Parque Natural do Litoral Norte"},{"@type":"BreadcrumbList","@id":"https:\/\/apuliapraia-hotel.com\/de\/region\/nordkuesten-naturpark\/#breadcrumb","itemListElement":[{"@type":"ListItem","position":1,"name":"Home","item":"https:\/\/apuliapraia-hotel.com\/de\/"},{"@type":"ListItem","position":2,"name":"Region","item":"https:\/\/apuliapraia-hotel.com\/de\/region\/"},{"@type":"ListItem","position":3,"name":"Nordk\u00fcsten Naturpark"}]},{"@type":"WebSite","@id":"https:\/\/apuliapraia-hotel.com\/de\/#website","url":"https:\/\/apuliapraia-hotel.com\/de\/","name":"Apulia Praia Hotel","description":"","potentialAction":[{"@type":"SearchAction","target":{"@type":"EntryPoint","urlTemplate":"https:\/\/apuliapraia-hotel.com\/de\/?s={search_term_string}"},"query-input":{"@type":"PropertyValueSpecification","valueRequired":true,"valueName":"search_term_string"}}],"inLanguage":"de-DE"}]}},"acf":[],"_links":{"self":[{"href":"https:\/\/apuliapraia-hotel.com\/de\/wp-json\/wp\/v2\/pages\/831","targetHints":{"allow":["GET"]}}],"collection":[{"href":"https:\/\/apuliapraia-hotel.com\/de\/wp-json\/wp\/v2\/pages"}],"about":[{"href":"https:\/\/apuliapraia-hotel.com\/de\/wp-json\/wp\/v2\/types\/page"}],"author":[{"embeddable":true,"href":"https:\/\/apuliapraia-hotel.com\/de\/wp-json\/wp\/v2\/users\/565"}],"replies":[{"embeddable":true,"href":"https:\/\/apuliapraia-hotel.com\/de\/wp-json\/wp\/v2\/comments?post=831"}],"version-history":[{"count":0,"href":"https:\/\/apuliapraia-hotel.com\/de\/wp-json\/wp\/v2\/pages\/831\/revisions"}],"up":[{"embeddable":true,"href":"https:\/\/apuliapraia-hotel.com\/de\/wp-json\/wp\/v2\/pages\/815"}],"wp:featuredmedia":[{"embeddable":true,"href":"https:\/\/apuliapraia-hotel.com\/de\/wp-json\/wp\/v2\/media\/398"}],"wp:attachment":[{"href":"https:\/\/apuliapraia-hotel.com\/de\/wp-json\/wp\/v2\/media?parent=831"}],"curies":[{"name":"wp","href":"https:\/\/api.w.org\/{rel}","templated":true}]}}