{"id":830,"date":"2023-07-24T15:27:01","date_gmt":"2023-07-24T15:27:01","guid":{"rendered":"https:\/\/apuliapraia-hotel.com\/?page_id=830"},"modified":"2023-07-24T15:27:01","modified_gmt":"2023-07-24T15:27:01","slug":"berg-von-sao-felix","status":"publish","type":"page","link":"https:\/\/apuliapraia-hotel.com\/de\/region\/berg-von-sao-felix\/","title":{"rendered":"Berg von S\u00e3o F\u00e9lix"},"content":{"rendered":"<p>Monte <strong>de S\u00e3o F\u00e9lix<\/strong> ist der h\u00f6chste Touristenpunkt in der Gemeinde Laundos. Ber\u00fcchtigt f\u00fcr seine 328 Stufen lange Treppe und die \u00fcppigen Seiteng\u00e4rten ist dieser Ort von Sch\u00f6nheit und Spirituali\u00e4t umgeben. Hier haben Sie die M\u00f6glichkeit, am Ende der Treppe das <strong>Heiligtum von Senhora da S\u00e1ude<\/strong> und oben die <strong>Kapelle von S\u00e3o F\u00e9lix<\/strong> und die <strong>Windm\u00fchlen<\/strong> zu betrachten. Hinzu kommt der atemberaubende Panoramablick \u00fcber das Meer und die Stadt. Gehen Sie auf ein Abenteuer und entdecken Sie einen der sch\u00f6nsten Aussichtspunkte der Region.<\/p>\n","protected":false},"excerpt":{"rendered":"<p>Monte de S\u00e3o F\u00e9lix ist der h\u00f6chste Touristenpunkt in der Gemeinde Laundos. Ber\u00fcchtigt f\u00fcr seine 328 Stufen lange Treppe und die \u00fcppigen Seiteng\u00e4rten ist dieser Ort von Sch\u00f6nheit und Spirituali\u00e4t umgeben. Hier haben Sie die M\u00f6glichkeit, am Ende der Treppe das Heiligtum von Senhora da S\u00e1ude und oben die Kapelle von S\u00e3o F\u00e9lix und die [&hellip;]<\/p>\n","protected":false},"author":565,"featured_media":368,"parent":815,"menu_order":9,"comment_status":"closed","ping_status":"closed","template":"template-default-4.php","meta":{"footnotes":""},"class_list":["post-830","page","type-page","status-publish","has-post-thumbnail","hentry"],"yoast_head":"<!-- This site is optimized with the Yoast SEO plugin v26.9 - https:\/\/yoast.com\/product\/yoast-seo-wordpress\/ -->\n<title>Berg von S\u00e3o F\u00e9lix - Apulia Praia Hotel -<\/title>\n<meta name=\"description\" content=\"Monte de S\u00e3o F\u00e9lix ist der h\u00f6chste Touristenpunkt in der Gemeinde Laundos. Ber\u00fcchtigt f\u00fcr seine 328 Stufen lange Treppe und die \u00fcppigen Seiteng\u00e4rten ist dieser Ort von Sch\u00f6nheit und Spirituali\u00e4t umgeben\" \/>\n<meta name=\"robots\" content=\"index, follow, max-snippet:-1, max-image-preview:large, max-video-preview:-1\" \/>\n<link rel=\"canonical\" href=\"https:\/\/apuliapraia-hotel.com\/de\/region\/berg-von-sao-felix\/\" \/>\n<meta property=\"og:locale\" content=\"de_DE\" \/>\n<meta property=\"og:type\" content=\"article\" \/>\n<meta property=\"og:title\" content=\"Berg von S\u00e3o F\u00e9lix - Apulia Praia Hotel -\" \/>\n<meta property=\"og:description\" content=\"Monte de S\u00e3o F\u00e9lix ist der h\u00f6chste Touristenpunkt in der Gemeinde Laundos. Ber\u00fcchtigt f\u00fcr seine 328 Stufen lange Treppe und die \u00fcppigen Seiteng\u00e4rten ist dieser Ort von Sch\u00f6nheit und Spirituali\u00e4t umgeben\" \/>\n<meta property=\"og:url\" content=\"https:\/\/apuliapraia-hotel.com\/de\/region\/berg-von-sao-felix\/\" \/>\n<meta property=\"og:site_name\" content=\"Apulia Praia Hotel\" \/>\n<meta property=\"og:image\" content=\"https:\/\/apuliapraia-hotel.com\/wp-content\/uploads\/sites\/512\/2023\/02\/Monte-Sao-Felix.png\" \/>\n\t<meta property=\"og:image:width\" content=\"1200\" \/>\n\t<meta property=\"og:image:height\" content=\"800\" \/>\n\t<meta property=\"og:image:type\" content=\"image\/png\" \/>\n<meta name=\"twitter:card\" content=\"summary_large_image\" \/>\n<script type=\"application\/ld+json\" class=\"yoast-schema-graph\">{\"@context\":\"https:\/\/schema.org\",\"@graph\":[{\"@type\":\"WebPage\",\"@id\":\"https:\/\/apuliapraia-hotel.com\/de\/region\/berg-von-sao-felix\/\",\"url\":\"https:\/\/apuliapraia-hotel.com\/de\/region\/berg-von-sao-felix\/\",\"name\":\"Berg von S\u00e3o F\u00e9lix - Apulia Praia Hotel -\",\"isPartOf\":{\"@id\":\"https:\/\/apuliapraia-hotel.com\/de\/#website\"},\"primaryImageOfPage\":{\"@id\":\"https:\/\/apuliapraia-hotel.com\/de\/region\/berg-von-sao-felix\/#primaryimage\"},\"image\":{\"@id\":\"https:\/\/apuliapraia-hotel.com\/de\/region\/berg-von-sao-felix\/#primaryimage\"},\"thumbnailUrl\":\"https:\/\/apuliapraia-hotel.com\/wp-content\/uploads\/sites\/512\/2023\/02\/Monte-Sao-Felix.png\",\"datePublished\":\"2023-07-24T15:27:01+00:00\",\"description\":\"Monte de S\u00e3o F\u00e9lix ist der h\u00f6chste Touristenpunkt in der Gemeinde Laundos. Ber\u00fcchtigt f\u00fcr seine 328 Stufen lange Treppe und die \u00fcppigen Seiteng\u00e4rten ist dieser Ort von Sch\u00f6nheit und Spirituali\u00e4t umgeben\",\"breadcrumb\":{\"@id\":\"https:\/\/apuliapraia-hotel.com\/de\/region\/berg-von-sao-felix\/#breadcrumb\"},\"inLanguage\":\"de-DE\",\"potentialAction\":[{\"@type\":\"ReadAction\",\"target\":[\"https:\/\/apuliapraia-hotel.com\/de\/region\/berg-von-sao-felix\/\"]}]},{\"@type\":\"ImageObject\",\"inLanguage\":\"de-DE\",\"@id\":\"https:\/\/apuliapraia-hotel.com\/de\/region\/berg-von-sao-felix\/#primaryimage\",\"url\":\"https:\/\/apuliapraia-hotel.com\/wp-content\/uploads\/sites\/512\/2023\/02\/Monte-Sao-Felix.png\",\"contentUrl\":\"https:\/\/apuliapraia-hotel.com\/wp-content\/uploads\/sites\/512\/2023\/02\/Monte-Sao-Felix.png\",\"width\":1200,\"height\":800,\"caption\":\"Monte de S\u00e3o F\u00e9lix\"},{\"@type\":\"BreadcrumbList\",\"@id\":\"https:\/\/apuliapraia-hotel.com\/de\/region\/berg-von-sao-felix\/#breadcrumb\",\"itemListElement\":[{\"@type\":\"ListItem\",\"position\":1,\"name\":\"Home\",\"item\":\"https:\/\/apuliapraia-hotel.com\/de\/\"},{\"@type\":\"ListItem\",\"position\":2,\"name\":\"Region\",\"item\":\"https:\/\/apuliapraia-hotel.com\/de\/region\/\"},{\"@type\":\"ListItem\",\"position\":3,\"name\":\"Berg von S\u00e3o F\u00e9lix\"}]},{\"@type\":\"WebSite\",\"@id\":\"https:\/\/apuliapraia-hotel.com\/de\/#website\",\"url\":\"https:\/\/apuliapraia-hotel.com\/de\/\",\"name\":\"Apulia Praia Hotel\",\"description\":\"\",\"potentialAction\":[{\"@type\":\"SearchAction\",\"target\":{\"@type\":\"EntryPoint\",\"urlTemplate\":\"https:\/\/apuliapraia-hotel.com\/de\/?s={search_term_string}\"},\"query-input\":{\"@type\":\"PropertyValueSpecification\",\"valueRequired\":true,\"valueName\":\"search_term_string\"}}],\"inLanguage\":\"de-DE\"}]}<\/script>\n<!-- \/ Yoast SEO plugin. -->","yoast_head_json":{"title":"Berg von S\u00e3o F\u00e9lix - Apulia Praia Hotel -","description":"Monte de S\u00e3o F\u00e9lix ist der h\u00f6chste Touristenpunkt in der Gemeinde Laundos. Ber\u00fcchtigt f\u00fcr seine 328 Stufen lange Treppe und die \u00fcppigen Seiteng\u00e4rten ist dieser Ort von Sch\u00f6nheit und Spirituali\u00e4t umgeben","robots":{"index":"index","follow":"follow","max-snippet":"max-snippet:-1","max-image-preview":"max-image-preview:large","max-video-preview":"max-video-preview:-1"},"canonical":"https:\/\/apuliapraia-hotel.com\/de\/region\/berg-von-sao-felix\/","og_locale":"de_DE","og_type":"article","og_title":"Berg von S\u00e3o F\u00e9lix - Apulia Praia Hotel -","og_description":"Monte de S\u00e3o F\u00e9lix ist der h\u00f6chste Touristenpunkt in der Gemeinde Laundos. Ber\u00fcchtigt f\u00fcr seine 328 Stufen lange Treppe und die \u00fcppigen Seiteng\u00e4rten ist dieser Ort von Sch\u00f6nheit und Spirituali\u00e4t umgeben","og_url":"https:\/\/apuliapraia-hotel.com\/de\/region\/berg-von-sao-felix\/","og_site_name":"Apulia Praia Hotel","og_image":[{"width":1200,"height":800,"url":"https:\/\/apuliapraia-hotel.com\/wp-content\/uploads\/sites\/512\/2023\/02\/Monte-Sao-Felix.png","type":"image\/png"}],"twitter_card":"summary_large_image","schema":{"@context":"https:\/\/schema.org","@graph":[{"@type":"WebPage","@id":"https:\/\/apuliapraia-hotel.com\/de\/region\/berg-von-sao-felix\/","url":"https:\/\/apuliapraia-hotel.com\/de\/region\/berg-von-sao-felix\/","name":"Berg von S\u00e3o F\u00e9lix - Apulia Praia Hotel -","isPartOf":{"@id":"https:\/\/apuliapraia-hotel.com\/de\/#website"},"primaryImageOfPage":{"@id":"https:\/\/apuliapraia-hotel.com\/de\/region\/berg-von-sao-felix\/#primaryimage"},"image":{"@id":"https:\/\/apuliapraia-hotel.com\/de\/region\/berg-von-sao-felix\/#primaryimage"},"thumbnailUrl":"https:\/\/apuliapraia-hotel.com\/wp-content\/uploads\/sites\/512\/2023\/02\/Monte-Sao-Felix.png","datePublished":"2023-07-24T15:27:01+00:00","description":"Monte de S\u00e3o F\u00e9lix ist der h\u00f6chste Touristenpunkt in der Gemeinde Laundos. Ber\u00fcchtigt f\u00fcr seine 328 Stufen lange Treppe und die \u00fcppigen Seiteng\u00e4rten ist dieser Ort von Sch\u00f6nheit und Spirituali\u00e4t umgeben","breadcrumb":{"@id":"https:\/\/apuliapraia-hotel.com\/de\/region\/berg-von-sao-felix\/#breadcrumb"},"inLanguage":"de-DE","potentialAction":[{"@type":"ReadAction","target":["https:\/\/apuliapraia-hotel.com\/de\/region\/berg-von-sao-felix\/"]}]},{"@type":"ImageObject","inLanguage":"de-DE","@id":"https:\/\/apuliapraia-hotel.com\/de\/region\/berg-von-sao-felix\/#primaryimage","url":"https:\/\/apuliapraia-hotel.com\/wp-content\/uploads\/sites\/512\/2023\/02\/Monte-Sao-Felix.png","contentUrl":"https:\/\/apuliapraia-hotel.com\/wp-content\/uploads\/sites\/512\/2023\/02\/Monte-Sao-Felix.png","width":1200,"height":800,"caption":"Monte de S\u00e3o F\u00e9lix"},{"@type":"BreadcrumbList","@id":"https:\/\/apuliapraia-hotel.com\/de\/region\/berg-von-sao-felix\/#breadcrumb","itemListElement":[{"@type":"ListItem","position":1,"name":"Home","item":"https:\/\/apuliapraia-hotel.com\/de\/"},{"@type":"ListItem","position":2,"name":"Region","item":"https:\/\/apuliapraia-hotel.com\/de\/region\/"},{"@type":"ListItem","position":3,"name":"Berg von S\u00e3o F\u00e9lix"}]},{"@type":"WebSite","@id":"https:\/\/apuliapraia-hotel.com\/de\/#website","url":"https:\/\/apuliapraia-hotel.com\/de\/","name":"Apulia Praia Hotel","description":"","potentialAction":[{"@type":"SearchAction","target":{"@type":"EntryPoint","urlTemplate":"https:\/\/apuliapraia-hotel.com\/de\/?s={search_term_string}"},"query-input":{"@type":"PropertyValueSpecification","valueRequired":true,"valueName":"search_term_string"}}],"inLanguage":"de-DE"}]}},"acf":[],"_links":{"self":[{"href":"https:\/\/apuliapraia-hotel.com\/de\/wp-json\/wp\/v2\/pages\/830","targetHints":{"allow":["GET"]}}],"collection":[{"href":"https:\/\/apuliapraia-hotel.com\/de\/wp-json\/wp\/v2\/pages"}],"about":[{"href":"https:\/\/apuliapraia-hotel.com\/de\/wp-json\/wp\/v2\/types\/page"}],"author":[{"embeddable":true,"href":"https:\/\/apuliapraia-hotel.com\/de\/wp-json\/wp\/v2\/users\/565"}],"replies":[{"embeddable":true,"href":"https:\/\/apuliapraia-hotel.com\/de\/wp-json\/wp\/v2\/comments?post=830"}],"version-history":[{"count":0,"href":"https:\/\/apuliapraia-hotel.com\/de\/wp-json\/wp\/v2\/pages\/830\/revisions"}],"up":[{"embeddable":true,"href":"https:\/\/apuliapraia-hotel.com\/de\/wp-json\/wp\/v2\/pages\/815"}],"wp:featuredmedia":[{"embeddable":true,"href":"https:\/\/apuliapraia-hotel.com\/de\/wp-json\/wp\/v2\/media\/368"}],"wp:attachment":[{"href":"https:\/\/apuliapraia-hotel.com\/de\/wp-json\/wp\/v2\/media?parent=830"}],"curies":[{"name":"wp","href":"https:\/\/api.w.org\/{rel}","templated":true}]}}