{"id":829,"date":"2023-07-24T15:22:45","date_gmt":"2023-07-24T15:22:45","guid":{"rendered":"https:\/\/apuliapraia-hotel.com\/?page_id=829"},"modified":"2023-07-24T15:23:05","modified_gmt":"2023-07-24T15:23:05","slug":"laticinios-das-marinhas","status":"publish","type":"page","link":"https:\/\/apuliapraia-hotel.com\/de\/region\/laticinios-das-marinhas\/","title":{"rendered":"Latic\u00ednios das Marinhas"},"content":{"rendered":"<p><span style=\"vertical-align: inherit\"><span style=\"vertical-align: inherit\">Seit 1954 werden <\/span><\/span><strong><span style=\"vertical-align: inherit\"><span style=\"vertical-align: inherit\">K\u00e4sesorten und Buttersorten<\/span><\/span><\/strong><span style=\"vertical-align: inherit\"><span style=\"vertical-align: inherit\"> von <\/span><\/span><a href=\"https:\/\/www.lmarinhas.pt\/\"><span style=\"vertical-align: inherit\"><span style=\"vertical-align: inherit\">Dairy das Marinhas<\/span><\/span><\/a><span style=\"vertical-align: inherit\"><span style=\"vertical-align: inherit\"> handwerklich hergestellt. <\/span><span style=\"vertical-align: inherit\">Der K\u00e4se und die Butter sind ein regionales Relikt, welche viel von der lokalen Tradition in sich tragen. <\/span><span style=\"vertical-align: inherit\">Dies ist ein weiterer Beweis daf\u00fcr, dass unsere Region voller gastronomischer Wunder ist, die jedem, der sie probieren m\u00f6chte, viel Geschmack auf den Tisch bringen. <\/span><span style=\"vertical-align: inherit\">Lassen Sie sich von Ihrer Kreativit\u00e4t mitrei\u00dfen und \u00fcberraschen Sie sich mit verschiedenen K\u00e4se- und Butterkombinationen dieses lokalen Herstellers, die auch auf der K\u00e4setafel in unserem <\/span><\/span><a href=\"https:\/\/apuliapraia-hotel.com\/restaurante\/\"><span style=\"vertical-align: inherit\"><span style=\"vertical-align: inherit\">Hotel<\/span><\/span><\/a><span style=\"vertical-align: inherit\"><span style=\"vertical-align: inherit\"> erh\u00e4ltlich sind.<\/span><\/span><\/p>\n","protected":false},"excerpt":{"rendered":"<p>Seit 1954 werden K\u00e4sesorten und Buttersorten von Dairy das Marinhas handwerklich hergestellt. Der K\u00e4se und die Butter sind ein regionales Relikt, welche viel von der lokalen Tradition in sich tragen. Dies ist ein weiterer Beweis daf\u00fcr, dass unsere Region voller gastronomischer Wunder ist, die jedem, der sie probieren m\u00f6chte, viel Geschmack auf den Tisch bringen. [&hellip;]<\/p>\n","protected":false},"author":565,"featured_media":383,"parent":815,"menu_order":8,"comment_status":"closed","ping_status":"closed","template":"template-default-4.php","meta":{"footnotes":""},"class_list":["post-829","page","type-page","status-publish","has-post-thumbnail","hentry"],"yoast_head":"<!-- This site is optimized with the Yoast SEO plugin v26.9 - https:\/\/yoast.com\/product\/yoast-seo-wordpress\/ -->\n<title>Latic\u00ednios das Marinhas - Apulia Praia Hotel -<\/title>\n<meta name=\"description\" content=\"Seit 1954 werden K\u00e4sesorten und Buttersorten von Dairy das Marinhas handwerklich hergestellt. Der K\u00e4se und die Butter sind ein regionales Relikt, welche viel von der lokalen Tradition in sich tragen\" \/>\n<meta name=\"robots\" content=\"index, follow, max-snippet:-1, max-image-preview:large, max-video-preview:-1\" \/>\n<link rel=\"canonical\" href=\"https:\/\/apuliapraia-hotel.com\/de\/region\/laticinios-das-marinhas\/\" \/>\n<meta property=\"og:locale\" content=\"de_DE\" \/>\n<meta property=\"og:type\" content=\"article\" \/>\n<meta property=\"og:title\" content=\"Latic\u00ednios das Marinhas - Apulia Praia Hotel -\" \/>\n<meta property=\"og:description\" content=\"Seit 1954 werden K\u00e4sesorten und Buttersorten von Dairy das Marinhas handwerklich hergestellt. Der K\u00e4se und die Butter sind ein regionales Relikt, welche viel von der lokalen Tradition in sich tragen\" \/>\n<meta property=\"og:url\" content=\"https:\/\/apuliapraia-hotel.com\/de\/region\/laticinios-das-marinhas\/\" \/>\n<meta property=\"og:site_name\" content=\"Apulia Praia Hotel\" \/>\n<meta property=\"article:modified_time\" content=\"2023-07-24T15:23:05+00:00\" \/>\n<meta property=\"og:image\" content=\"https:\/\/apuliapraia-hotel.com\/wp-content\/uploads\/sites\/512\/2023\/02\/Laticinios-das-marinhas.png\" \/>\n\t<meta property=\"og:image:width\" content=\"1200\" \/>\n\t<meta property=\"og:image:height\" content=\"800\" \/>\n\t<meta property=\"og:image:type\" content=\"image\/png\" \/>\n<meta name=\"twitter:card\" content=\"summary_large_image\" \/>\n<script type=\"application\/ld+json\" class=\"yoast-schema-graph\">{\"@context\":\"https:\/\/schema.org\",\"@graph\":[{\"@type\":\"WebPage\",\"@id\":\"https:\/\/apuliapraia-hotel.com\/de\/region\/laticinios-das-marinhas\/\",\"url\":\"https:\/\/apuliapraia-hotel.com\/de\/region\/laticinios-das-marinhas\/\",\"name\":\"Latic\u00ednios das Marinhas - Apulia Praia Hotel -\",\"isPartOf\":{\"@id\":\"https:\/\/apuliapraia-hotel.com\/de\/#website\"},\"primaryImageOfPage\":{\"@id\":\"https:\/\/apuliapraia-hotel.com\/de\/region\/laticinios-das-marinhas\/#primaryimage\"},\"image\":{\"@id\":\"https:\/\/apuliapraia-hotel.com\/de\/region\/laticinios-das-marinhas\/#primaryimage\"},\"thumbnailUrl\":\"https:\/\/apuliapraia-hotel.com\/wp-content\/uploads\/sites\/512\/2023\/02\/Laticinios-das-marinhas.png\",\"datePublished\":\"2023-07-24T15:22:45+00:00\",\"dateModified\":\"2023-07-24T15:23:05+00:00\",\"description\":\"Seit 1954 werden K\u00e4sesorten und Buttersorten von Dairy das Marinhas handwerklich hergestellt. Der K\u00e4se und die Butter sind ein regionales Relikt, welche viel von der lokalen Tradition in sich tragen\",\"breadcrumb\":{\"@id\":\"https:\/\/apuliapraia-hotel.com\/de\/region\/laticinios-das-marinhas\/#breadcrumb\"},\"inLanguage\":\"de-DE\",\"potentialAction\":[{\"@type\":\"ReadAction\",\"target\":[\"https:\/\/apuliapraia-hotel.com\/de\/region\/laticinios-das-marinhas\/\"]}]},{\"@type\":\"ImageObject\",\"inLanguage\":\"de-DE\",\"@id\":\"https:\/\/apuliapraia-hotel.com\/de\/region\/laticinios-das-marinhas\/#primaryimage\",\"url\":\"https:\/\/apuliapraia-hotel.com\/wp-content\/uploads\/sites\/512\/2023\/02\/Laticinios-das-marinhas.png\",\"contentUrl\":\"https:\/\/apuliapraia-hotel.com\/wp-content\/uploads\/sites\/512\/2023\/02\/Laticinios-das-marinhas.png\",\"width\":1200,\"height\":800,\"caption\":\"Latic\u00ednios das Marinhas\"},{\"@type\":\"BreadcrumbList\",\"@id\":\"https:\/\/apuliapraia-hotel.com\/de\/region\/laticinios-das-marinhas\/#breadcrumb\",\"itemListElement\":[{\"@type\":\"ListItem\",\"position\":1,\"name\":\"Home\",\"item\":\"https:\/\/apuliapraia-hotel.com\/de\/\"},{\"@type\":\"ListItem\",\"position\":2,\"name\":\"Region\",\"item\":\"https:\/\/apuliapraia-hotel.com\/de\/region\/\"},{\"@type\":\"ListItem\",\"position\":3,\"name\":\"Latic\u00ednios das Marinhas\"}]},{\"@type\":\"WebSite\",\"@id\":\"https:\/\/apuliapraia-hotel.com\/de\/#website\",\"url\":\"https:\/\/apuliapraia-hotel.com\/de\/\",\"name\":\"Apulia Praia Hotel\",\"description\":\"\",\"potentialAction\":[{\"@type\":\"SearchAction\",\"target\":{\"@type\":\"EntryPoint\",\"urlTemplate\":\"https:\/\/apuliapraia-hotel.com\/de\/?s={search_term_string}\"},\"query-input\":{\"@type\":\"PropertyValueSpecification\",\"valueRequired\":true,\"valueName\":\"search_term_string\"}}],\"inLanguage\":\"de-DE\"}]}<\/script>\n<!-- \/ Yoast SEO plugin. -->","yoast_head_json":{"title":"Latic\u00ednios das Marinhas - Apulia Praia Hotel -","description":"Seit 1954 werden K\u00e4sesorten und Buttersorten von Dairy das Marinhas handwerklich hergestellt. Der K\u00e4se und die Butter sind ein regionales Relikt, welche viel von der lokalen Tradition in sich tragen","robots":{"index":"index","follow":"follow","max-snippet":"max-snippet:-1","max-image-preview":"max-image-preview:large","max-video-preview":"max-video-preview:-1"},"canonical":"https:\/\/apuliapraia-hotel.com\/de\/region\/laticinios-das-marinhas\/","og_locale":"de_DE","og_type":"article","og_title":"Latic\u00ednios das Marinhas - Apulia Praia Hotel -","og_description":"Seit 1954 werden K\u00e4sesorten und Buttersorten von Dairy das Marinhas handwerklich hergestellt. Der K\u00e4se und die Butter sind ein regionales Relikt, welche viel von der lokalen Tradition in sich tragen","og_url":"https:\/\/apuliapraia-hotel.com\/de\/region\/laticinios-das-marinhas\/","og_site_name":"Apulia Praia Hotel","article_modified_time":"2023-07-24T15:23:05+00:00","og_image":[{"width":1200,"height":800,"url":"https:\/\/apuliapraia-hotel.com\/wp-content\/uploads\/sites\/512\/2023\/02\/Laticinios-das-marinhas.png","type":"image\/png"}],"twitter_card":"summary_large_image","schema":{"@context":"https:\/\/schema.org","@graph":[{"@type":"WebPage","@id":"https:\/\/apuliapraia-hotel.com\/de\/region\/laticinios-das-marinhas\/","url":"https:\/\/apuliapraia-hotel.com\/de\/region\/laticinios-das-marinhas\/","name":"Latic\u00ednios das Marinhas - Apulia Praia Hotel -","isPartOf":{"@id":"https:\/\/apuliapraia-hotel.com\/de\/#website"},"primaryImageOfPage":{"@id":"https:\/\/apuliapraia-hotel.com\/de\/region\/laticinios-das-marinhas\/#primaryimage"},"image":{"@id":"https:\/\/apuliapraia-hotel.com\/de\/region\/laticinios-das-marinhas\/#primaryimage"},"thumbnailUrl":"https:\/\/apuliapraia-hotel.com\/wp-content\/uploads\/sites\/512\/2023\/02\/Laticinios-das-marinhas.png","datePublished":"2023-07-24T15:22:45+00:00","dateModified":"2023-07-24T15:23:05+00:00","description":"Seit 1954 werden K\u00e4sesorten und Buttersorten von Dairy das Marinhas handwerklich hergestellt. Der K\u00e4se und die Butter sind ein regionales Relikt, welche viel von der lokalen Tradition in sich tragen","breadcrumb":{"@id":"https:\/\/apuliapraia-hotel.com\/de\/region\/laticinios-das-marinhas\/#breadcrumb"},"inLanguage":"de-DE","potentialAction":[{"@type":"ReadAction","target":["https:\/\/apuliapraia-hotel.com\/de\/region\/laticinios-das-marinhas\/"]}]},{"@type":"ImageObject","inLanguage":"de-DE","@id":"https:\/\/apuliapraia-hotel.com\/de\/region\/laticinios-das-marinhas\/#primaryimage","url":"https:\/\/apuliapraia-hotel.com\/wp-content\/uploads\/sites\/512\/2023\/02\/Laticinios-das-marinhas.png","contentUrl":"https:\/\/apuliapraia-hotel.com\/wp-content\/uploads\/sites\/512\/2023\/02\/Laticinios-das-marinhas.png","width":1200,"height":800,"caption":"Latic\u00ednios das Marinhas"},{"@type":"BreadcrumbList","@id":"https:\/\/apuliapraia-hotel.com\/de\/region\/laticinios-das-marinhas\/#breadcrumb","itemListElement":[{"@type":"ListItem","position":1,"name":"Home","item":"https:\/\/apuliapraia-hotel.com\/de\/"},{"@type":"ListItem","position":2,"name":"Region","item":"https:\/\/apuliapraia-hotel.com\/de\/region\/"},{"@type":"ListItem","position":3,"name":"Latic\u00ednios das Marinhas"}]},{"@type":"WebSite","@id":"https:\/\/apuliapraia-hotel.com\/de\/#website","url":"https:\/\/apuliapraia-hotel.com\/de\/","name":"Apulia Praia Hotel","description":"","potentialAction":[{"@type":"SearchAction","target":{"@type":"EntryPoint","urlTemplate":"https:\/\/apuliapraia-hotel.com\/de\/?s={search_term_string}"},"query-input":{"@type":"PropertyValueSpecification","valueRequired":true,"valueName":"search_term_string"}}],"inLanguage":"de-DE"}]}},"acf":[],"_links":{"self":[{"href":"https:\/\/apuliapraia-hotel.com\/de\/wp-json\/wp\/v2\/pages\/829","targetHints":{"allow":["GET"]}}],"collection":[{"href":"https:\/\/apuliapraia-hotel.com\/de\/wp-json\/wp\/v2\/pages"}],"about":[{"href":"https:\/\/apuliapraia-hotel.com\/de\/wp-json\/wp\/v2\/types\/page"}],"author":[{"embeddable":true,"href":"https:\/\/apuliapraia-hotel.com\/de\/wp-json\/wp\/v2\/users\/565"}],"replies":[{"embeddable":true,"href":"https:\/\/apuliapraia-hotel.com\/de\/wp-json\/wp\/v2\/comments?post=829"}],"version-history":[{"count":0,"href":"https:\/\/apuliapraia-hotel.com\/de\/wp-json\/wp\/v2\/pages\/829\/revisions"}],"up":[{"embeddable":true,"href":"https:\/\/apuliapraia-hotel.com\/de\/wp-json\/wp\/v2\/pages\/815"}],"wp:featuredmedia":[{"embeddable":true,"href":"https:\/\/apuliapraia-hotel.com\/de\/wp-json\/wp\/v2\/media\/383"}],"wp:attachment":[{"href":"https:\/\/apuliapraia-hotel.com\/de\/wp-json\/wp\/v2\/media?parent=829"}],"curies":[{"name":"wp","href":"https:\/\/api.w.org\/{rel}","templated":true}]}}