{"id":827,"date":"2023-07-24T15:18:32","date_gmt":"2023-07-24T15:18:32","guid":{"rendered":"https:\/\/apuliapraia-hotel.com\/?page_id=827"},"modified":"2023-07-24T15:18:32","modified_gmt":"2023-07-24T15:18:32","slug":"quinta-de-curvos","status":"publish","type":"page","link":"https:\/\/apuliapraia-hotel.com\/de\/region\/quinta-de-curvos\/","title":{"rendered":"Quinta de Curvos"},"content":{"rendered":"<p><strong>Quinta de Curvo<\/strong> zeichnet sich durch seine \u00fcber vierhundertj\u00e4hrige Geschichte und der wundervollen Gr\u00fcnen Weine aus. Dieser Ort ist einer der sch\u00f6nsten Quintas in Minho und spiegelt die Freiheit der Reben, die guten Aromen und einen Gro\u00dfteil unseres <strong>kulturellen Erbes<\/strong> wider. Die Geschichten von <a href=\"http:\/\/www.quintadecurvos.pt\/\">Quinta de Curvos <\/a>basieren nicht nur auf atemberaubende Landschaften, zu denen der See, ein alter Palast, seine wundersch\u00f6nen G\u00e4rten\u00a0 und beeindruckende H\u00f6hlen geh\u00f6ren. Da es sich um ein Privatgrundst\u00fcck handelt, ist f\u00fcr einen Besuch ein Termin erforderlich. Haben Sie Gedult, es lohnt sich! Und um all dies zu verbessern, haben Sie im <a href=\"https:\/\/apuliapraia-hotel.com\/restaurante\/\">Apulia Praia Hotel Restaurant<\/a> die M\u00f6glichkeit, Ihre Mahlzeit mit den Weinen dieser Quinta zu harmonieren.<\/p>\n","protected":false},"excerpt":{"rendered":"<p>Quinta de Curvo zeichnet sich durch seine \u00fcber vierhundertj\u00e4hrige Geschichte und der wundervollen Gr\u00fcnen Weine aus. Dieser Ort ist einer der sch\u00f6nsten Quintas in Minho und spiegelt die Freiheit der Reben, die guten Aromen und einen Gro\u00dfteil unseres kulturellen Erbes wider. Die Geschichten von Quinta de Curvos basieren nicht nur auf atemberaubende Landschaften, zu denen [&hellip;]<\/p>\n","protected":false},"author":565,"featured_media":387,"parent":815,"menu_order":7,"comment_status":"closed","ping_status":"closed","template":"template-default-4.php","meta":{"footnotes":""},"class_list":["post-827","page","type-page","status-publish","has-post-thumbnail","hentry"],"yoast_head":"<!-- This site is optimized with the Yoast SEO plugin v26.9 - https:\/\/yoast.com\/product\/yoast-seo-wordpress\/ -->\n<title>Quinta de Curvos - Apulia Praia Hotel -<\/title>\n<meta name=\"description\" content=\"Quinta de Curvo zeichnet sich durch seine \u00fcber vierhundertj\u00e4hrige Geschichte und der wundervollen Gr\u00fcnen Weine aus. Dieser Ort ist einer der sch\u00f6nsten Quintas in Minho und spiegelt die Freiheit der Reben, die guten Aromen und einen Gro\u00dfteil unseres kulturellen Erbes wider\" \/>\n<meta name=\"robots\" content=\"index, follow, max-snippet:-1, max-image-preview:large, max-video-preview:-1\" \/>\n<link rel=\"canonical\" href=\"https:\/\/apuliapraia-hotel.com\/de\/region\/quinta-de-curvos\/\" \/>\n<meta property=\"og:locale\" content=\"de_DE\" \/>\n<meta property=\"og:type\" content=\"article\" \/>\n<meta property=\"og:title\" content=\"Quinta de Curvos - Apulia Praia Hotel -\" \/>\n<meta property=\"og:description\" content=\"Quinta de Curvo zeichnet sich durch seine \u00fcber vierhundertj\u00e4hrige Geschichte und der wundervollen Gr\u00fcnen Weine aus. Dieser Ort ist einer der sch\u00f6nsten Quintas in Minho und spiegelt die Freiheit der Reben, die guten Aromen und einen Gro\u00dfteil unseres kulturellen Erbes wider\" \/>\n<meta property=\"og:url\" content=\"https:\/\/apuliapraia-hotel.com\/de\/region\/quinta-de-curvos\/\" \/>\n<meta property=\"og:site_name\" content=\"Apulia Praia Hotel\" \/>\n<meta property=\"og:image\" content=\"https:\/\/apuliapraia-hotel.com\/wp-content\/uploads\/sites\/512\/2023\/02\/Quinta-de-Curvos.png\" \/>\n\t<meta property=\"og:image:width\" content=\"1200\" \/>\n\t<meta property=\"og:image:height\" content=\"800\" \/>\n\t<meta property=\"og:image:type\" content=\"image\/png\" \/>\n<meta name=\"twitter:card\" content=\"summary_large_image\" \/>\n<meta name=\"twitter:label1\" content=\"Gesch\u00e4tzte Lesezeit\" \/>\n\t<meta name=\"twitter:data1\" content=\"1 Minute\" \/>\n<script type=\"application\/ld+json\" class=\"yoast-schema-graph\">{\"@context\":\"https:\/\/schema.org\",\"@graph\":[{\"@type\":\"WebPage\",\"@id\":\"https:\/\/apuliapraia-hotel.com\/de\/region\/quinta-de-curvos\/\",\"url\":\"https:\/\/apuliapraia-hotel.com\/de\/region\/quinta-de-curvos\/\",\"name\":\"Quinta de Curvos - Apulia Praia Hotel -\",\"isPartOf\":{\"@id\":\"https:\/\/apuliapraia-hotel.com\/de\/#website\"},\"primaryImageOfPage\":{\"@id\":\"https:\/\/apuliapraia-hotel.com\/de\/region\/quinta-de-curvos\/#primaryimage\"},\"image\":{\"@id\":\"https:\/\/apuliapraia-hotel.com\/de\/region\/quinta-de-curvos\/#primaryimage\"},\"thumbnailUrl\":\"https:\/\/apuliapraia-hotel.com\/wp-content\/uploads\/sites\/512\/2023\/02\/Quinta-de-Curvos.png\",\"datePublished\":\"2023-07-24T15:18:32+00:00\",\"description\":\"Quinta de Curvo zeichnet sich durch seine \u00fcber vierhundertj\u00e4hrige Geschichte und der wundervollen Gr\u00fcnen Weine aus. Dieser Ort ist einer der sch\u00f6nsten Quintas in Minho und spiegelt die Freiheit der Reben, die guten Aromen und einen Gro\u00dfteil unseres kulturellen Erbes wider\",\"breadcrumb\":{\"@id\":\"https:\/\/apuliapraia-hotel.com\/de\/region\/quinta-de-curvos\/#breadcrumb\"},\"inLanguage\":\"de-DE\",\"potentialAction\":[{\"@type\":\"ReadAction\",\"target\":[\"https:\/\/apuliapraia-hotel.com\/de\/region\/quinta-de-curvos\/\"]}]},{\"@type\":\"ImageObject\",\"inLanguage\":\"de-DE\",\"@id\":\"https:\/\/apuliapraia-hotel.com\/de\/region\/quinta-de-curvos\/#primaryimage\",\"url\":\"https:\/\/apuliapraia-hotel.com\/wp-content\/uploads\/sites\/512\/2023\/02\/Quinta-de-Curvos.png\",\"contentUrl\":\"https:\/\/apuliapraia-hotel.com\/wp-content\/uploads\/sites\/512\/2023\/02\/Quinta-de-Curvos.png\",\"width\":1200,\"height\":800,\"caption\":\"Quinta de Curvos\"},{\"@type\":\"BreadcrumbList\",\"@id\":\"https:\/\/apuliapraia-hotel.com\/de\/region\/quinta-de-curvos\/#breadcrumb\",\"itemListElement\":[{\"@type\":\"ListItem\",\"position\":1,\"name\":\"Home\",\"item\":\"https:\/\/apuliapraia-hotel.com\/de\/\"},{\"@type\":\"ListItem\",\"position\":2,\"name\":\"Region\",\"item\":\"https:\/\/apuliapraia-hotel.com\/de\/region\/\"},{\"@type\":\"ListItem\",\"position\":3,\"name\":\"Quinta de Curvos\"}]},{\"@type\":\"WebSite\",\"@id\":\"https:\/\/apuliapraia-hotel.com\/de\/#website\",\"url\":\"https:\/\/apuliapraia-hotel.com\/de\/\",\"name\":\"Apulia Praia Hotel\",\"description\":\"\",\"potentialAction\":[{\"@type\":\"SearchAction\",\"target\":{\"@type\":\"EntryPoint\",\"urlTemplate\":\"https:\/\/apuliapraia-hotel.com\/de\/?s={search_term_string}\"},\"query-input\":{\"@type\":\"PropertyValueSpecification\",\"valueRequired\":true,\"valueName\":\"search_term_string\"}}],\"inLanguage\":\"de-DE\"}]}<\/script>\n<!-- \/ Yoast SEO plugin. -->","yoast_head_json":{"title":"Quinta de Curvos - Apulia Praia Hotel -","description":"Quinta de Curvo zeichnet sich durch seine \u00fcber vierhundertj\u00e4hrige Geschichte und der wundervollen Gr\u00fcnen Weine aus. Dieser Ort ist einer der sch\u00f6nsten Quintas in Minho und spiegelt die Freiheit der Reben, die guten Aromen und einen Gro\u00dfteil unseres kulturellen Erbes wider","robots":{"index":"index","follow":"follow","max-snippet":"max-snippet:-1","max-image-preview":"max-image-preview:large","max-video-preview":"max-video-preview:-1"},"canonical":"https:\/\/apuliapraia-hotel.com\/de\/region\/quinta-de-curvos\/","og_locale":"de_DE","og_type":"article","og_title":"Quinta de Curvos - Apulia Praia Hotel -","og_description":"Quinta de Curvo zeichnet sich durch seine \u00fcber vierhundertj\u00e4hrige Geschichte und der wundervollen Gr\u00fcnen Weine aus. Dieser Ort ist einer der sch\u00f6nsten Quintas in Minho und spiegelt die Freiheit der Reben, die guten Aromen und einen Gro\u00dfteil unseres kulturellen Erbes wider","og_url":"https:\/\/apuliapraia-hotel.com\/de\/region\/quinta-de-curvos\/","og_site_name":"Apulia Praia Hotel","og_image":[{"width":1200,"height":800,"url":"https:\/\/apuliapraia-hotel.com\/wp-content\/uploads\/sites\/512\/2023\/02\/Quinta-de-Curvos.png","type":"image\/png"}],"twitter_card":"summary_large_image","twitter_misc":{"Gesch\u00e4tzte Lesezeit":"1 Minute"},"schema":{"@context":"https:\/\/schema.org","@graph":[{"@type":"WebPage","@id":"https:\/\/apuliapraia-hotel.com\/de\/region\/quinta-de-curvos\/","url":"https:\/\/apuliapraia-hotel.com\/de\/region\/quinta-de-curvos\/","name":"Quinta de Curvos - Apulia Praia Hotel -","isPartOf":{"@id":"https:\/\/apuliapraia-hotel.com\/de\/#website"},"primaryImageOfPage":{"@id":"https:\/\/apuliapraia-hotel.com\/de\/region\/quinta-de-curvos\/#primaryimage"},"image":{"@id":"https:\/\/apuliapraia-hotel.com\/de\/region\/quinta-de-curvos\/#primaryimage"},"thumbnailUrl":"https:\/\/apuliapraia-hotel.com\/wp-content\/uploads\/sites\/512\/2023\/02\/Quinta-de-Curvos.png","datePublished":"2023-07-24T15:18:32+00:00","description":"Quinta de Curvo zeichnet sich durch seine \u00fcber vierhundertj\u00e4hrige Geschichte und der wundervollen Gr\u00fcnen Weine aus. Dieser Ort ist einer der sch\u00f6nsten Quintas in Minho und spiegelt die Freiheit der Reben, die guten Aromen und einen Gro\u00dfteil unseres kulturellen Erbes wider","breadcrumb":{"@id":"https:\/\/apuliapraia-hotel.com\/de\/region\/quinta-de-curvos\/#breadcrumb"},"inLanguage":"de-DE","potentialAction":[{"@type":"ReadAction","target":["https:\/\/apuliapraia-hotel.com\/de\/region\/quinta-de-curvos\/"]}]},{"@type":"ImageObject","inLanguage":"de-DE","@id":"https:\/\/apuliapraia-hotel.com\/de\/region\/quinta-de-curvos\/#primaryimage","url":"https:\/\/apuliapraia-hotel.com\/wp-content\/uploads\/sites\/512\/2023\/02\/Quinta-de-Curvos.png","contentUrl":"https:\/\/apuliapraia-hotel.com\/wp-content\/uploads\/sites\/512\/2023\/02\/Quinta-de-Curvos.png","width":1200,"height":800,"caption":"Quinta de Curvos"},{"@type":"BreadcrumbList","@id":"https:\/\/apuliapraia-hotel.com\/de\/region\/quinta-de-curvos\/#breadcrumb","itemListElement":[{"@type":"ListItem","position":1,"name":"Home","item":"https:\/\/apuliapraia-hotel.com\/de\/"},{"@type":"ListItem","position":2,"name":"Region","item":"https:\/\/apuliapraia-hotel.com\/de\/region\/"},{"@type":"ListItem","position":3,"name":"Quinta de Curvos"}]},{"@type":"WebSite","@id":"https:\/\/apuliapraia-hotel.com\/de\/#website","url":"https:\/\/apuliapraia-hotel.com\/de\/","name":"Apulia Praia Hotel","description":"","potentialAction":[{"@type":"SearchAction","target":{"@type":"EntryPoint","urlTemplate":"https:\/\/apuliapraia-hotel.com\/de\/?s={search_term_string}"},"query-input":{"@type":"PropertyValueSpecification","valueRequired":true,"valueName":"search_term_string"}}],"inLanguage":"de-DE"}]}},"acf":[],"_links":{"self":[{"href":"https:\/\/apuliapraia-hotel.com\/de\/wp-json\/wp\/v2\/pages\/827","targetHints":{"allow":["GET"]}}],"collection":[{"href":"https:\/\/apuliapraia-hotel.com\/de\/wp-json\/wp\/v2\/pages"}],"about":[{"href":"https:\/\/apuliapraia-hotel.com\/de\/wp-json\/wp\/v2\/types\/page"}],"author":[{"embeddable":true,"href":"https:\/\/apuliapraia-hotel.com\/de\/wp-json\/wp\/v2\/users\/565"}],"replies":[{"embeddable":true,"href":"https:\/\/apuliapraia-hotel.com\/de\/wp-json\/wp\/v2\/comments?post=827"}],"version-history":[{"count":0,"href":"https:\/\/apuliapraia-hotel.com\/de\/wp-json\/wp\/v2\/pages\/827\/revisions"}],"up":[{"embeddable":true,"href":"https:\/\/apuliapraia-hotel.com\/de\/wp-json\/wp\/v2\/pages\/815"}],"wp:featuredmedia":[{"embeddable":true,"href":"https:\/\/apuliapraia-hotel.com\/de\/wp-json\/wp\/v2\/media\/387"}],"wp:attachment":[{"href":"https:\/\/apuliapraia-hotel.com\/de\/wp-json\/wp\/v2\/media?parent=827"}],"curies":[{"name":"wp","href":"https:\/\/api.w.org\/{rel}","templated":true}]}}