{"id":825,"date":"2023-07-24T15:14:14","date_gmt":"2023-07-24T15:14:14","guid":{"rendered":"https:\/\/apuliapraia-hotel.com\/?page_id=825"},"modified":"2023-07-24T15:14:14","modified_gmt":"2023-07-24T15:14:14","slug":"catraia","status":"publish","type":"page","link":"https:\/\/apuliapraia-hotel.com\/de\/region\/catraia\/","title":{"rendered":"Catraia"},"content":{"rendered":"<p>Haben Sie gewusst, dass <strong>Catraia<\/strong> der Name von kleinen Segel- und Ruderboote ist, die f\u00fcr die Angelkunst sehr bedeutend sind? Das abgebildete Gef\u00e4\u00df ist die Inspiration f\u00fcr die Herstellung dieser <strong>typischen regionalen S\u00fc\u00dfigkeit<\/strong> gewesen, deren Ziel es ist, Geschichte und Tradition durch ihre Form und ihren Geschmack zu bringen. Diese von der Konditorei <a href=\"https:\/\/www.facebook.com\/profile.php?id=100036214343866\">Rio Doce<\/a> kreierte S\u00fc\u00dfigkeit ist ein Ma\u00dfstab in der Region und in der Erfahrung der Vorbeikommenden und bringt den Besuchern den Geist unseres Landes durch ihren Geschmack n\u00e4her.<\/p>\n","protected":false},"excerpt":{"rendered":"<p>Haben Sie gewusst, dass Catraia der Name von kleinen Segel- und Ruderboote ist, die f\u00fcr die Angelkunst sehr bedeutend sind? Das abgebildete Gef\u00e4\u00df ist die Inspiration f\u00fcr die Herstellung dieser typischen regionalen S\u00fc\u00dfigkeit gewesen, deren Ziel es ist, Geschichte und Tradition durch ihre Form und ihren Geschmack zu bringen. Diese von der Konditorei Rio Doce [&hellip;]<\/p>\n","protected":false},"author":565,"featured_media":391,"parent":815,"menu_order":6,"comment_status":"closed","ping_status":"closed","template":"template-default-4.php","meta":{"footnotes":""},"class_list":["post-825","page","type-page","status-publish","has-post-thumbnail","hentry"],"yoast_head":"<!-- This site is optimized with the Yoast SEO plugin v26.9 - https:\/\/yoast.com\/product\/yoast-seo-wordpress\/ -->\n<title>Catraia - Apulia Praia Hotel -<\/title>\n<meta name=\"description\" content=\"Haben Sie gewusst, dass Catraia der Name von kleinen Segel- und Ruderboote ist, die f\u00fcr die Angelkunst sehr bedeutend sind? Das abgebildete Gef\u00e4\u00df ist die Inspiration f\u00fcr die Herstellung dieser typischen regionalen S\u00fc\u00dfigkeit gewesen, deren Ziel es ist, Geschichte und Tradition durch ihre Form und ihren Geschmack zu bringen. Diese von der Konditorei Rio Doce kreierte S\u00fc\u00dfigkeit ist ein Ma\u00dfstab in der Region und in der Erfahrung der Vorbeikommenden und bringt den Besuchern den Geist unseres Landes durch ihren Geschmack n\u00e4her.\" \/>\n<meta name=\"robots\" content=\"index, follow, max-snippet:-1, max-image-preview:large, max-video-preview:-1\" \/>\n<link rel=\"canonical\" href=\"https:\/\/apuliapraia-hotel.com\/de\/region\/catraia\/\" \/>\n<meta property=\"og:locale\" content=\"de_DE\" \/>\n<meta property=\"og:type\" content=\"article\" \/>\n<meta property=\"og:title\" content=\"Catraia - Apulia Praia Hotel -\" \/>\n<meta property=\"og:description\" content=\"Haben Sie gewusst, dass Catraia der Name von kleinen Segel- und Ruderboote ist, die f\u00fcr die Angelkunst sehr bedeutend sind? Das abgebildete Gef\u00e4\u00df ist die Inspiration f\u00fcr die Herstellung dieser typischen regionalen S\u00fc\u00dfigkeit gewesen, deren Ziel es ist, Geschichte und Tradition durch ihre Form und ihren Geschmack zu bringen. Diese von der Konditorei Rio Doce kreierte S\u00fc\u00dfigkeit ist ein Ma\u00dfstab in der Region und in der Erfahrung der Vorbeikommenden und bringt den Besuchern den Geist unseres Landes durch ihren Geschmack n\u00e4her.\" \/>\n<meta property=\"og:url\" content=\"https:\/\/apuliapraia-hotel.com\/de\/region\/catraia\/\" \/>\n<meta property=\"og:site_name\" content=\"Apulia Praia Hotel\" \/>\n<meta property=\"og:image\" content=\"https:\/\/apuliapraia-hotel.com\/wp-content\/uploads\/sites\/512\/2023\/02\/Catraia.png\" \/>\n\t<meta property=\"og:image:width\" content=\"1200\" \/>\n\t<meta property=\"og:image:height\" content=\"800\" \/>\n\t<meta property=\"og:image:type\" content=\"image\/png\" \/>\n<meta name=\"twitter:card\" content=\"summary_large_image\" \/>\n<script type=\"application\/ld+json\" class=\"yoast-schema-graph\">{\"@context\":\"https:\/\/schema.org\",\"@graph\":[{\"@type\":\"WebPage\",\"@id\":\"https:\/\/apuliapraia-hotel.com\/de\/region\/catraia\/\",\"url\":\"https:\/\/apuliapraia-hotel.com\/de\/region\/catraia\/\",\"name\":\"Catraia - Apulia Praia Hotel -\",\"isPartOf\":{\"@id\":\"https:\/\/apuliapraia-hotel.com\/de\/#website\"},\"primaryImageOfPage\":{\"@id\":\"https:\/\/apuliapraia-hotel.com\/de\/region\/catraia\/#primaryimage\"},\"image\":{\"@id\":\"https:\/\/apuliapraia-hotel.com\/de\/region\/catraia\/#primaryimage\"},\"thumbnailUrl\":\"https:\/\/apuliapraia-hotel.com\/wp-content\/uploads\/sites\/512\/2023\/02\/Catraia.png\",\"datePublished\":\"2023-07-24T15:14:14+00:00\",\"description\":\"Haben Sie gewusst, dass Catraia der Name von kleinen Segel- und Ruderboote ist, die f\u00fcr die Angelkunst sehr bedeutend sind? Das abgebildete Gef\u00e4\u00df ist die Inspiration f\u00fcr die Herstellung dieser typischen regionalen S\u00fc\u00dfigkeit gewesen, deren Ziel es ist, Geschichte und Tradition durch ihre Form und ihren Geschmack zu bringen. Diese von der Konditorei Rio Doce kreierte S\u00fc\u00dfigkeit ist ein Ma\u00dfstab in der Region und in der Erfahrung der Vorbeikommenden und bringt den Besuchern den Geist unseres Landes durch ihren Geschmack n\u00e4her.\",\"breadcrumb\":{\"@id\":\"https:\/\/apuliapraia-hotel.com\/de\/region\/catraia\/#breadcrumb\"},\"inLanguage\":\"de-DE\",\"potentialAction\":[{\"@type\":\"ReadAction\",\"target\":[\"https:\/\/apuliapraia-hotel.com\/de\/region\/catraia\/\"]}]},{\"@type\":\"ImageObject\",\"inLanguage\":\"de-DE\",\"@id\":\"https:\/\/apuliapraia-hotel.com\/de\/region\/catraia\/#primaryimage\",\"url\":\"https:\/\/apuliapraia-hotel.com\/wp-content\/uploads\/sites\/512\/2023\/02\/Catraia.png\",\"contentUrl\":\"https:\/\/apuliapraia-hotel.com\/wp-content\/uploads\/sites\/512\/2023\/02\/Catraia.png\",\"width\":1200,\"height\":800,\"caption\":\"Catraia\"},{\"@type\":\"BreadcrumbList\",\"@id\":\"https:\/\/apuliapraia-hotel.com\/de\/region\/catraia\/#breadcrumb\",\"itemListElement\":[{\"@type\":\"ListItem\",\"position\":1,\"name\":\"Home\",\"item\":\"https:\/\/apuliapraia-hotel.com\/de\/\"},{\"@type\":\"ListItem\",\"position\":2,\"name\":\"Region\",\"item\":\"https:\/\/apuliapraia-hotel.com\/de\/region\/\"},{\"@type\":\"ListItem\",\"position\":3,\"name\":\"Catraia\"}]},{\"@type\":\"WebSite\",\"@id\":\"https:\/\/apuliapraia-hotel.com\/de\/#website\",\"url\":\"https:\/\/apuliapraia-hotel.com\/de\/\",\"name\":\"Apulia Praia Hotel\",\"description\":\"\",\"potentialAction\":[{\"@type\":\"SearchAction\",\"target\":{\"@type\":\"EntryPoint\",\"urlTemplate\":\"https:\/\/apuliapraia-hotel.com\/de\/?s={search_term_string}\"},\"query-input\":{\"@type\":\"PropertyValueSpecification\",\"valueRequired\":true,\"valueName\":\"search_term_string\"}}],\"inLanguage\":\"de-DE\"}]}<\/script>\n<!-- \/ Yoast SEO plugin. -->","yoast_head_json":{"title":"Catraia - Apulia Praia Hotel -","description":"Haben Sie gewusst, dass Catraia der Name von kleinen Segel- und Ruderboote ist, die f\u00fcr die Angelkunst sehr bedeutend sind? Das abgebildete Gef\u00e4\u00df ist die Inspiration f\u00fcr die Herstellung dieser typischen regionalen S\u00fc\u00dfigkeit gewesen, deren Ziel es ist, Geschichte und Tradition durch ihre Form und ihren Geschmack zu bringen. Diese von der Konditorei Rio Doce kreierte S\u00fc\u00dfigkeit ist ein Ma\u00dfstab in der Region und in der Erfahrung der Vorbeikommenden und bringt den Besuchern den Geist unseres Landes durch ihren Geschmack n\u00e4her.","robots":{"index":"index","follow":"follow","max-snippet":"max-snippet:-1","max-image-preview":"max-image-preview:large","max-video-preview":"max-video-preview:-1"},"canonical":"https:\/\/apuliapraia-hotel.com\/de\/region\/catraia\/","og_locale":"de_DE","og_type":"article","og_title":"Catraia - Apulia Praia Hotel -","og_description":"Haben Sie gewusst, dass Catraia der Name von kleinen Segel- und Ruderboote ist, die f\u00fcr die Angelkunst sehr bedeutend sind? Das abgebildete Gef\u00e4\u00df ist die Inspiration f\u00fcr die Herstellung dieser typischen regionalen S\u00fc\u00dfigkeit gewesen, deren Ziel es ist, Geschichte und Tradition durch ihre Form und ihren Geschmack zu bringen. Diese von der Konditorei Rio Doce kreierte S\u00fc\u00dfigkeit ist ein Ma\u00dfstab in der Region und in der Erfahrung der Vorbeikommenden und bringt den Besuchern den Geist unseres Landes durch ihren Geschmack n\u00e4her.","og_url":"https:\/\/apuliapraia-hotel.com\/de\/region\/catraia\/","og_site_name":"Apulia Praia Hotel","og_image":[{"width":1200,"height":800,"url":"https:\/\/apuliapraia-hotel.com\/wp-content\/uploads\/sites\/512\/2023\/02\/Catraia.png","type":"image\/png"}],"twitter_card":"summary_large_image","schema":{"@context":"https:\/\/schema.org","@graph":[{"@type":"WebPage","@id":"https:\/\/apuliapraia-hotel.com\/de\/region\/catraia\/","url":"https:\/\/apuliapraia-hotel.com\/de\/region\/catraia\/","name":"Catraia - Apulia Praia Hotel -","isPartOf":{"@id":"https:\/\/apuliapraia-hotel.com\/de\/#website"},"primaryImageOfPage":{"@id":"https:\/\/apuliapraia-hotel.com\/de\/region\/catraia\/#primaryimage"},"image":{"@id":"https:\/\/apuliapraia-hotel.com\/de\/region\/catraia\/#primaryimage"},"thumbnailUrl":"https:\/\/apuliapraia-hotel.com\/wp-content\/uploads\/sites\/512\/2023\/02\/Catraia.png","datePublished":"2023-07-24T15:14:14+00:00","description":"Haben Sie gewusst, dass Catraia der Name von kleinen Segel- und Ruderboote ist, die f\u00fcr die Angelkunst sehr bedeutend sind? Das abgebildete Gef\u00e4\u00df ist die Inspiration f\u00fcr die Herstellung dieser typischen regionalen S\u00fc\u00dfigkeit gewesen, deren Ziel es ist, Geschichte und Tradition durch ihre Form und ihren Geschmack zu bringen. Diese von der Konditorei Rio Doce kreierte S\u00fc\u00dfigkeit ist ein Ma\u00dfstab in der Region und in der Erfahrung der Vorbeikommenden und bringt den Besuchern den Geist unseres Landes durch ihren Geschmack n\u00e4her.","breadcrumb":{"@id":"https:\/\/apuliapraia-hotel.com\/de\/region\/catraia\/#breadcrumb"},"inLanguage":"de-DE","potentialAction":[{"@type":"ReadAction","target":["https:\/\/apuliapraia-hotel.com\/de\/region\/catraia\/"]}]},{"@type":"ImageObject","inLanguage":"de-DE","@id":"https:\/\/apuliapraia-hotel.com\/de\/region\/catraia\/#primaryimage","url":"https:\/\/apuliapraia-hotel.com\/wp-content\/uploads\/sites\/512\/2023\/02\/Catraia.png","contentUrl":"https:\/\/apuliapraia-hotel.com\/wp-content\/uploads\/sites\/512\/2023\/02\/Catraia.png","width":1200,"height":800,"caption":"Catraia"},{"@type":"BreadcrumbList","@id":"https:\/\/apuliapraia-hotel.com\/de\/region\/catraia\/#breadcrumb","itemListElement":[{"@type":"ListItem","position":1,"name":"Home","item":"https:\/\/apuliapraia-hotel.com\/de\/"},{"@type":"ListItem","position":2,"name":"Region","item":"https:\/\/apuliapraia-hotel.com\/de\/region\/"},{"@type":"ListItem","position":3,"name":"Catraia"}]},{"@type":"WebSite","@id":"https:\/\/apuliapraia-hotel.com\/de\/#website","url":"https:\/\/apuliapraia-hotel.com\/de\/","name":"Apulia Praia Hotel","description":"","potentialAction":[{"@type":"SearchAction","target":{"@type":"EntryPoint","urlTemplate":"https:\/\/apuliapraia-hotel.com\/de\/?s={search_term_string}"},"query-input":{"@type":"PropertyValueSpecification","valueRequired":true,"valueName":"search_term_string"}}],"inLanguage":"de-DE"}]}},"acf":[],"_links":{"self":[{"href":"https:\/\/apuliapraia-hotel.com\/de\/wp-json\/wp\/v2\/pages\/825","targetHints":{"allow":["GET"]}}],"collection":[{"href":"https:\/\/apuliapraia-hotel.com\/de\/wp-json\/wp\/v2\/pages"}],"about":[{"href":"https:\/\/apuliapraia-hotel.com\/de\/wp-json\/wp\/v2\/types\/page"}],"author":[{"embeddable":true,"href":"https:\/\/apuliapraia-hotel.com\/de\/wp-json\/wp\/v2\/users\/565"}],"replies":[{"embeddable":true,"href":"https:\/\/apuliapraia-hotel.com\/de\/wp-json\/wp\/v2\/comments?post=825"}],"version-history":[{"count":0,"href":"https:\/\/apuliapraia-hotel.com\/de\/wp-json\/wp\/v2\/pages\/825\/revisions"}],"up":[{"embeddable":true,"href":"https:\/\/apuliapraia-hotel.com\/de\/wp-json\/wp\/v2\/pages\/815"}],"wp:featuredmedia":[{"embeddable":true,"href":"https:\/\/apuliapraia-hotel.com\/de\/wp-json\/wp\/v2\/media\/391"}],"wp:attachment":[{"href":"https:\/\/apuliapraia-hotel.com\/de\/wp-json\/wp\/v2\/media?parent=825"}],"curies":[{"name":"wp","href":"https:\/\/api.w.org\/{rel}","templated":true}]}}