{"id":822,"date":"2023-07-24T15:09:12","date_gmt":"2023-07-24T15:09:12","guid":{"rendered":"https:\/\/apuliapraia-hotel.com\/?page_id=822"},"modified":"2023-07-24T15:09:12","modified_gmt":"2023-07-24T15:09:12","slug":"stadtmuseum-von-esposende","status":"publish","type":"page","link":"https:\/\/apuliapraia-hotel.com\/de\/region\/stadtmuseum-von-esposende\/","title":{"rendered":"Stadtmuseum von Esposende"},"content":{"rendered":"<p>Das <strong>Stadtmuseum von Esposende<\/strong> ist ein Platz, den Sie nicht verpassen d\u00fcrfen! Dieser Platz befindet sich in einem Geb\u00e4ude aus dem fr\u00fchen 20. Jahrhundert im Zentrum von Esposende. Das Stadtmuseum f\u00f6rdert Kultur, Erinnerungen und regionales Erbe in seiner ganzen Vielfalt. Das Museum ist in drei verschiedene Etagen unterteilt, wobei das Erdgeschoss f\u00fcr tempor\u00e4re Kunstpr\u00e4sentation vorgesehen ist und die n\u00e4chsten zwei Etagen f\u00fcr Daueraustellungen. Wenn Sie durch Esposende spazieren, verpassen Sie nicht die Chance Freizeit mit Kultur, dem Besuch des <a href=\"https:\/\/www.municipio.esposende.pt\/pages\/311\">Stadtmuseums<\/a> und Entspannung am <strong>Catraia Brunnen<\/strong> zu kombinieren! Dieser Brunnen befindet sich mitten einem Platz voller Gesch\u00e4fte und Restaurants.<\/p>\n","protected":false},"excerpt":{"rendered":"<p>Das Stadtmuseum von Esposende ist ein Platz, den Sie nicht verpassen d\u00fcrfen! Dieser Platz befindet sich in einem Geb\u00e4ude aus dem fr\u00fchen 20. Jahrhundert im Zentrum von Esposende. Das Stadtmuseum f\u00f6rdert Kultur, Erinnerungen und regionales Erbe in seiner ganzen Vielfalt. Das Museum ist in drei verschiedene Etagen unterteilt, wobei das Erdgeschoss f\u00fcr tempor\u00e4re Kunstpr\u00e4sentation vorgesehen [&hellip;]<\/p>\n","protected":false},"author":565,"featured_media":389,"parent":815,"menu_order":5,"comment_status":"closed","ping_status":"closed","template":"template-default-4.php","meta":{"footnotes":""},"class_list":["post-822","page","type-page","status-publish","has-post-thumbnail","hentry"],"yoast_head":"<!-- This site is optimized with the Yoast SEO plugin v26.9 - https:\/\/yoast.com\/product\/yoast-seo-wordpress\/ -->\n<title>Stadtmuseum von Esposende - Apulia Praia Hotel -<\/title>\n<meta name=\"description\" content=\"Das Stadtmuseum von Esposende ist ein Platz, den Sie nicht verpassen d\u00fcrfen! Dieser Platz befindet sich in einem Geb\u00e4ude aus dem fr\u00fchen 20. Jahrhundert im Zentrum von Esposende\" \/>\n<meta name=\"robots\" content=\"index, follow, max-snippet:-1, max-image-preview:large, max-video-preview:-1\" \/>\n<link rel=\"canonical\" href=\"https:\/\/apuliapraia-hotel.com\/de\/region\/stadtmuseum-von-esposende\/\" \/>\n<meta property=\"og:locale\" content=\"de_DE\" \/>\n<meta property=\"og:type\" content=\"article\" \/>\n<meta property=\"og:title\" content=\"Stadtmuseum von Esposende - Apulia Praia Hotel -\" \/>\n<meta property=\"og:description\" content=\"Das Stadtmuseum von Esposende ist ein Platz, den Sie nicht verpassen d\u00fcrfen! Dieser Platz befindet sich in einem Geb\u00e4ude aus dem fr\u00fchen 20. Jahrhundert im Zentrum von Esposende\" \/>\n<meta property=\"og:url\" content=\"https:\/\/apuliapraia-hotel.com\/de\/region\/stadtmuseum-von-esposende\/\" \/>\n<meta property=\"og:site_name\" content=\"Apulia Praia Hotel\" \/>\n<meta property=\"og:image\" content=\"https:\/\/apuliapraia-hotel.com\/wp-content\/uploads\/sites\/512\/2023\/02\/Museu-Municipal-de-Esposende.png\" \/>\n\t<meta property=\"og:image:width\" content=\"1200\" \/>\n\t<meta property=\"og:image:height\" content=\"800\" \/>\n\t<meta property=\"og:image:type\" content=\"image\/png\" \/>\n<meta name=\"twitter:card\" content=\"summary_large_image\" \/>\n<meta name=\"twitter:label1\" content=\"Gesch\u00e4tzte Lesezeit\" \/>\n\t<meta name=\"twitter:data1\" content=\"1 Minute\" \/>\n<script type=\"application\/ld+json\" class=\"yoast-schema-graph\">{\"@context\":\"https:\/\/schema.org\",\"@graph\":[{\"@type\":\"WebPage\",\"@id\":\"https:\/\/apuliapraia-hotel.com\/de\/region\/stadtmuseum-von-esposende\/\",\"url\":\"https:\/\/apuliapraia-hotel.com\/de\/region\/stadtmuseum-von-esposende\/\",\"name\":\"Stadtmuseum von Esposende - Apulia Praia Hotel -\",\"isPartOf\":{\"@id\":\"https:\/\/apuliapraia-hotel.com\/de\/#website\"},\"primaryImageOfPage\":{\"@id\":\"https:\/\/apuliapraia-hotel.com\/de\/region\/stadtmuseum-von-esposende\/#primaryimage\"},\"image\":{\"@id\":\"https:\/\/apuliapraia-hotel.com\/de\/region\/stadtmuseum-von-esposende\/#primaryimage\"},\"thumbnailUrl\":\"https:\/\/apuliapraia-hotel.com\/wp-content\/uploads\/sites\/512\/2023\/02\/Museu-Municipal-de-Esposende.png\",\"datePublished\":\"2023-07-24T15:09:12+00:00\",\"description\":\"Das Stadtmuseum von Esposende ist ein Platz, den Sie nicht verpassen d\u00fcrfen! Dieser Platz befindet sich in einem Geb\u00e4ude aus dem fr\u00fchen 20. Jahrhundert im Zentrum von Esposende\",\"breadcrumb\":{\"@id\":\"https:\/\/apuliapraia-hotel.com\/de\/region\/stadtmuseum-von-esposende\/#breadcrumb\"},\"inLanguage\":\"de-DE\",\"potentialAction\":[{\"@type\":\"ReadAction\",\"target\":[\"https:\/\/apuliapraia-hotel.com\/de\/region\/stadtmuseum-von-esposende\/\"]}]},{\"@type\":\"ImageObject\",\"inLanguage\":\"de-DE\",\"@id\":\"https:\/\/apuliapraia-hotel.com\/de\/region\/stadtmuseum-von-esposende\/#primaryimage\",\"url\":\"https:\/\/apuliapraia-hotel.com\/wp-content\/uploads\/sites\/512\/2023\/02\/Museu-Municipal-de-Esposende.png\",\"contentUrl\":\"https:\/\/apuliapraia-hotel.com\/wp-content\/uploads\/sites\/512\/2023\/02\/Museu-Municipal-de-Esposende.png\",\"width\":1200,\"height\":800,\"caption\":\"Museu Municipal de Esposende\"},{\"@type\":\"BreadcrumbList\",\"@id\":\"https:\/\/apuliapraia-hotel.com\/de\/region\/stadtmuseum-von-esposende\/#breadcrumb\",\"itemListElement\":[{\"@type\":\"ListItem\",\"position\":1,\"name\":\"Home\",\"item\":\"https:\/\/apuliapraia-hotel.com\/de\/\"},{\"@type\":\"ListItem\",\"position\":2,\"name\":\"Region\",\"item\":\"https:\/\/apuliapraia-hotel.com\/de\/region\/\"},{\"@type\":\"ListItem\",\"position\":3,\"name\":\"Stadtmuseum von Esposende\"}]},{\"@type\":\"WebSite\",\"@id\":\"https:\/\/apuliapraia-hotel.com\/de\/#website\",\"url\":\"https:\/\/apuliapraia-hotel.com\/de\/\",\"name\":\"Apulia Praia Hotel\",\"description\":\"\",\"potentialAction\":[{\"@type\":\"SearchAction\",\"target\":{\"@type\":\"EntryPoint\",\"urlTemplate\":\"https:\/\/apuliapraia-hotel.com\/de\/?s={search_term_string}\"},\"query-input\":{\"@type\":\"PropertyValueSpecification\",\"valueRequired\":true,\"valueName\":\"search_term_string\"}}],\"inLanguage\":\"de-DE\"}]}<\/script>\n<!-- \/ Yoast SEO plugin. -->","yoast_head_json":{"title":"Stadtmuseum von Esposende - Apulia Praia Hotel -","description":"Das Stadtmuseum von Esposende ist ein Platz, den Sie nicht verpassen d\u00fcrfen! Dieser Platz befindet sich in einem Geb\u00e4ude aus dem fr\u00fchen 20. Jahrhundert im Zentrum von Esposende","robots":{"index":"index","follow":"follow","max-snippet":"max-snippet:-1","max-image-preview":"max-image-preview:large","max-video-preview":"max-video-preview:-1"},"canonical":"https:\/\/apuliapraia-hotel.com\/de\/region\/stadtmuseum-von-esposende\/","og_locale":"de_DE","og_type":"article","og_title":"Stadtmuseum von Esposende - Apulia Praia Hotel -","og_description":"Das Stadtmuseum von Esposende ist ein Platz, den Sie nicht verpassen d\u00fcrfen! Dieser Platz befindet sich in einem Geb\u00e4ude aus dem fr\u00fchen 20. Jahrhundert im Zentrum von Esposende","og_url":"https:\/\/apuliapraia-hotel.com\/de\/region\/stadtmuseum-von-esposende\/","og_site_name":"Apulia Praia Hotel","og_image":[{"width":1200,"height":800,"url":"https:\/\/apuliapraia-hotel.com\/wp-content\/uploads\/sites\/512\/2023\/02\/Museu-Municipal-de-Esposende.png","type":"image\/png"}],"twitter_card":"summary_large_image","twitter_misc":{"Gesch\u00e4tzte Lesezeit":"1 Minute"},"schema":{"@context":"https:\/\/schema.org","@graph":[{"@type":"WebPage","@id":"https:\/\/apuliapraia-hotel.com\/de\/region\/stadtmuseum-von-esposende\/","url":"https:\/\/apuliapraia-hotel.com\/de\/region\/stadtmuseum-von-esposende\/","name":"Stadtmuseum von Esposende - Apulia Praia Hotel -","isPartOf":{"@id":"https:\/\/apuliapraia-hotel.com\/de\/#website"},"primaryImageOfPage":{"@id":"https:\/\/apuliapraia-hotel.com\/de\/region\/stadtmuseum-von-esposende\/#primaryimage"},"image":{"@id":"https:\/\/apuliapraia-hotel.com\/de\/region\/stadtmuseum-von-esposende\/#primaryimage"},"thumbnailUrl":"https:\/\/apuliapraia-hotel.com\/wp-content\/uploads\/sites\/512\/2023\/02\/Museu-Municipal-de-Esposende.png","datePublished":"2023-07-24T15:09:12+00:00","description":"Das Stadtmuseum von Esposende ist ein Platz, den Sie nicht verpassen d\u00fcrfen! Dieser Platz befindet sich in einem Geb\u00e4ude aus dem fr\u00fchen 20. Jahrhundert im Zentrum von Esposende","breadcrumb":{"@id":"https:\/\/apuliapraia-hotel.com\/de\/region\/stadtmuseum-von-esposende\/#breadcrumb"},"inLanguage":"de-DE","potentialAction":[{"@type":"ReadAction","target":["https:\/\/apuliapraia-hotel.com\/de\/region\/stadtmuseum-von-esposende\/"]}]},{"@type":"ImageObject","inLanguage":"de-DE","@id":"https:\/\/apuliapraia-hotel.com\/de\/region\/stadtmuseum-von-esposende\/#primaryimage","url":"https:\/\/apuliapraia-hotel.com\/wp-content\/uploads\/sites\/512\/2023\/02\/Museu-Municipal-de-Esposende.png","contentUrl":"https:\/\/apuliapraia-hotel.com\/wp-content\/uploads\/sites\/512\/2023\/02\/Museu-Municipal-de-Esposende.png","width":1200,"height":800,"caption":"Museu Municipal de Esposende"},{"@type":"BreadcrumbList","@id":"https:\/\/apuliapraia-hotel.com\/de\/region\/stadtmuseum-von-esposende\/#breadcrumb","itemListElement":[{"@type":"ListItem","position":1,"name":"Home","item":"https:\/\/apuliapraia-hotel.com\/de\/"},{"@type":"ListItem","position":2,"name":"Region","item":"https:\/\/apuliapraia-hotel.com\/de\/region\/"},{"@type":"ListItem","position":3,"name":"Stadtmuseum von Esposende"}]},{"@type":"WebSite","@id":"https:\/\/apuliapraia-hotel.com\/de\/#website","url":"https:\/\/apuliapraia-hotel.com\/de\/","name":"Apulia Praia Hotel","description":"","potentialAction":[{"@type":"SearchAction","target":{"@type":"EntryPoint","urlTemplate":"https:\/\/apuliapraia-hotel.com\/de\/?s={search_term_string}"},"query-input":{"@type":"PropertyValueSpecification","valueRequired":true,"valueName":"search_term_string"}}],"inLanguage":"de-DE"}]}},"acf":[],"_links":{"self":[{"href":"https:\/\/apuliapraia-hotel.com\/de\/wp-json\/wp\/v2\/pages\/822","targetHints":{"allow":["GET"]}}],"collection":[{"href":"https:\/\/apuliapraia-hotel.com\/de\/wp-json\/wp\/v2\/pages"}],"about":[{"href":"https:\/\/apuliapraia-hotel.com\/de\/wp-json\/wp\/v2\/types\/page"}],"author":[{"embeddable":true,"href":"https:\/\/apuliapraia-hotel.com\/de\/wp-json\/wp\/v2\/users\/565"}],"replies":[{"embeddable":true,"href":"https:\/\/apuliapraia-hotel.com\/de\/wp-json\/wp\/v2\/comments?post=822"}],"version-history":[{"count":0,"href":"https:\/\/apuliapraia-hotel.com\/de\/wp-json\/wp\/v2\/pages\/822\/revisions"}],"up":[{"embeddable":true,"href":"https:\/\/apuliapraia-hotel.com\/de\/wp-json\/wp\/v2\/pages\/815"}],"wp:featuredmedia":[{"embeddable":true,"href":"https:\/\/apuliapraia-hotel.com\/de\/wp-json\/wp\/v2\/media\/389"}],"wp:attachment":[{"href":"https:\/\/apuliapraia-hotel.com\/de\/wp-json\/wp\/v2\/media?parent=822"}],"curies":[{"name":"wp","href":"https:\/\/api.w.org\/{rel}","templated":true}]}}