{"id":820,"date":"2023-07-24T15:04:26","date_gmt":"2023-07-24T15:04:26","guid":{"rendered":"https:\/\/apuliapraia-hotel.com\/?page_id=820"},"modified":"2023-07-24T15:04:26","modified_gmt":"2023-07-24T15:04:26","slug":"cardoso-likoere","status":"publish","type":"page","link":"https:\/\/apuliapraia-hotel.com\/de\/region\/cardoso-likoere\/","title":{"rendered":"Cardoso Lik\u00f6re"},"content":{"rendered":"<p><strong>Licores Cardoso<\/strong> unterscheidet sich zum einem landesweit durch seine <strong>handwerklichen Methoden<\/strong> und zum anderen durch seine Produktion, bei dieser der Schwerpunkt auf der Verwendung lokaler Produkte liegt. Diese Lik\u00f6re sind 2014 in famili\u00e4rer Atmosph\u00e4re kreiert worden und haben bereits eine langj\u00e4hrige Geschichte, als auch eine gro\u00dfe Auswahl an Geschmacksrichtungen, die Sie an jedem beliebigen Ort, zu jeder Zeit und jeder Tagesverfassung genie\u00dfen k\u00f6nnen. Die k\u00f6stlichen Lik\u00f6re finden Sie auf allen lokalen Messen, die von der <a href=\"https:\/\/www.municipio.esposende.pt\/\">Gemeinde Esposende<\/a> organisiert werden. Verpassen Sie nicht die Gelegenheit den <a href=\"https:\/\/licores-cardoso.webnode.pt\/\">Licores Cardoso<\/a> Stand zu besuchen und probieren Sie den \u201eginjinha\u201c in einer Schokoladentasse!<\/p>\n","protected":false},"excerpt":{"rendered":"<p>Licores Cardoso unterscheidet sich zum einem landesweit durch seine handwerklichen Methoden und zum anderen durch seine Produktion, bei dieser der Schwerpunkt auf der Verwendung lokaler Produkte liegt. Diese Lik\u00f6re sind 2014 in famili\u00e4rer Atmosph\u00e4re kreiert worden und haben bereits eine langj\u00e4hrige Geschichte, als auch eine gro\u00dfe Auswahl an Geschmacksrichtungen, die Sie an jedem beliebigen Ort, [&hellip;]<\/p>\n","protected":false},"author":565,"featured_media":378,"parent":815,"menu_order":4,"comment_status":"closed","ping_status":"closed","template":"template-default-4.php","meta":{"footnotes":""},"class_list":["post-820","page","type-page","status-publish","has-post-thumbnail","hentry"],"yoast_head":"<!-- This site is optimized with the Yoast SEO plugin v26.9 - https:\/\/yoast.com\/product\/yoast-seo-wordpress\/ -->\n<title>Cardoso Lik\u00f6re - Apulia Praia Hotel -<\/title>\n<meta name=\"description\" content=\"Licores Cardoso unterscheidet sich zum einem landesweit durch seine handwerklichen Methoden und zum anderen durch seine Produktion, bei dieser der Schwerpunkt auf der Verwendung lokaler Produkte liegt. Diese Lik\u00f6re sind 2014 in famili\u00e4rer Atmosph\u00e4re kreiert worden und haben bereits eine langj\u00e4hrige Geschichte, als auch eine gro\u00dfe Auswahl an Geschmacksrichtungen, die Sie an jedem beliebigen Ort, zu jeder Zeit und jeder Tagesverfassung genie\u00dfen k\u00f6nnen\" \/>\n<meta name=\"robots\" content=\"index, follow, max-snippet:-1, max-image-preview:large, max-video-preview:-1\" \/>\n<link rel=\"canonical\" href=\"https:\/\/apuliapraia-hotel.com\/de\/region\/cardoso-likoere\/\" \/>\n<meta property=\"og:locale\" content=\"de_DE\" \/>\n<meta property=\"og:type\" content=\"article\" \/>\n<meta property=\"og:title\" content=\"Cardoso Lik\u00f6re - Apulia Praia Hotel -\" \/>\n<meta property=\"og:description\" content=\"Licores Cardoso unterscheidet sich zum einem landesweit durch seine handwerklichen Methoden und zum anderen durch seine Produktion, bei dieser der Schwerpunkt auf der Verwendung lokaler Produkte liegt. Diese Lik\u00f6re sind 2014 in famili\u00e4rer Atmosph\u00e4re kreiert worden und haben bereits eine langj\u00e4hrige Geschichte, als auch eine gro\u00dfe Auswahl an Geschmacksrichtungen, die Sie an jedem beliebigen Ort, zu jeder Zeit und jeder Tagesverfassung genie\u00dfen k\u00f6nnen\" \/>\n<meta property=\"og:url\" content=\"https:\/\/apuliapraia-hotel.com\/de\/region\/cardoso-likoere\/\" \/>\n<meta property=\"og:site_name\" content=\"Apulia Praia Hotel\" \/>\n<meta property=\"og:image\" content=\"https:\/\/apuliapraia-hotel.com\/wp-content\/uploads\/sites\/512\/2023\/02\/Licores-Cardoso.png\" \/>\n\t<meta property=\"og:image:width\" content=\"1200\" \/>\n\t<meta property=\"og:image:height\" content=\"800\" \/>\n\t<meta property=\"og:image:type\" content=\"image\/png\" \/>\n<meta name=\"twitter:card\" content=\"summary_large_image\" \/>\n<meta name=\"twitter:label1\" content=\"Gesch\u00e4tzte Lesezeit\" \/>\n\t<meta name=\"twitter:data1\" content=\"1 Minute\" \/>\n<script type=\"application\/ld+json\" class=\"yoast-schema-graph\">{\"@context\":\"https:\/\/schema.org\",\"@graph\":[{\"@type\":\"WebPage\",\"@id\":\"https:\/\/apuliapraia-hotel.com\/de\/region\/cardoso-likoere\/\",\"url\":\"https:\/\/apuliapraia-hotel.com\/de\/region\/cardoso-likoere\/\",\"name\":\"Cardoso Lik\u00f6re - Apulia Praia Hotel -\",\"isPartOf\":{\"@id\":\"https:\/\/apuliapraia-hotel.com\/de\/#website\"},\"primaryImageOfPage\":{\"@id\":\"https:\/\/apuliapraia-hotel.com\/de\/region\/cardoso-likoere\/#primaryimage\"},\"image\":{\"@id\":\"https:\/\/apuliapraia-hotel.com\/de\/region\/cardoso-likoere\/#primaryimage\"},\"thumbnailUrl\":\"https:\/\/apuliapraia-hotel.com\/wp-content\/uploads\/sites\/512\/2023\/02\/Licores-Cardoso.png\",\"datePublished\":\"2023-07-24T15:04:26+00:00\",\"description\":\"Licores Cardoso unterscheidet sich zum einem landesweit durch seine handwerklichen Methoden und zum anderen durch seine Produktion, bei dieser der Schwerpunkt auf der Verwendung lokaler Produkte liegt. Diese Lik\u00f6re sind 2014 in famili\u00e4rer Atmosph\u00e4re kreiert worden und haben bereits eine langj\u00e4hrige Geschichte, als auch eine gro\u00dfe Auswahl an Geschmacksrichtungen, die Sie an jedem beliebigen Ort, zu jeder Zeit und jeder Tagesverfassung genie\u00dfen k\u00f6nnen\",\"breadcrumb\":{\"@id\":\"https:\/\/apuliapraia-hotel.com\/de\/region\/cardoso-likoere\/#breadcrumb\"},\"inLanguage\":\"de-DE\",\"potentialAction\":[{\"@type\":\"ReadAction\",\"target\":[\"https:\/\/apuliapraia-hotel.com\/de\/region\/cardoso-likoere\/\"]}]},{\"@type\":\"ImageObject\",\"inLanguage\":\"de-DE\",\"@id\":\"https:\/\/apuliapraia-hotel.com\/de\/region\/cardoso-likoere\/#primaryimage\",\"url\":\"https:\/\/apuliapraia-hotel.com\/wp-content\/uploads\/sites\/512\/2023\/02\/Licores-Cardoso.png\",\"contentUrl\":\"https:\/\/apuliapraia-hotel.com\/wp-content\/uploads\/sites\/512\/2023\/02\/Licores-Cardoso.png\",\"width\":1200,\"height\":800,\"caption\":\"Licores Cardoso\"},{\"@type\":\"BreadcrumbList\",\"@id\":\"https:\/\/apuliapraia-hotel.com\/de\/region\/cardoso-likoere\/#breadcrumb\",\"itemListElement\":[{\"@type\":\"ListItem\",\"position\":1,\"name\":\"Home\",\"item\":\"https:\/\/apuliapraia-hotel.com\/de\/\"},{\"@type\":\"ListItem\",\"position\":2,\"name\":\"Region\",\"item\":\"https:\/\/apuliapraia-hotel.com\/de\/region\/\"},{\"@type\":\"ListItem\",\"position\":3,\"name\":\"Cardoso Lik\u00f6re\"}]},{\"@type\":\"WebSite\",\"@id\":\"https:\/\/apuliapraia-hotel.com\/de\/#website\",\"url\":\"https:\/\/apuliapraia-hotel.com\/de\/\",\"name\":\"Apulia Praia Hotel\",\"description\":\"\",\"potentialAction\":[{\"@type\":\"SearchAction\",\"target\":{\"@type\":\"EntryPoint\",\"urlTemplate\":\"https:\/\/apuliapraia-hotel.com\/de\/?s={search_term_string}\"},\"query-input\":{\"@type\":\"PropertyValueSpecification\",\"valueRequired\":true,\"valueName\":\"search_term_string\"}}],\"inLanguage\":\"de-DE\"}]}<\/script>\n<!-- \/ Yoast SEO plugin. -->","yoast_head_json":{"title":"Cardoso Lik\u00f6re - Apulia Praia Hotel -","description":"Licores Cardoso unterscheidet sich zum einem landesweit durch seine handwerklichen Methoden und zum anderen durch seine Produktion, bei dieser der Schwerpunkt auf der Verwendung lokaler Produkte liegt. Diese Lik\u00f6re sind 2014 in famili\u00e4rer Atmosph\u00e4re kreiert worden und haben bereits eine langj\u00e4hrige Geschichte, als auch eine gro\u00dfe Auswahl an Geschmacksrichtungen, die Sie an jedem beliebigen Ort, zu jeder Zeit und jeder Tagesverfassung genie\u00dfen k\u00f6nnen","robots":{"index":"index","follow":"follow","max-snippet":"max-snippet:-1","max-image-preview":"max-image-preview:large","max-video-preview":"max-video-preview:-1"},"canonical":"https:\/\/apuliapraia-hotel.com\/de\/region\/cardoso-likoere\/","og_locale":"de_DE","og_type":"article","og_title":"Cardoso Lik\u00f6re - Apulia Praia Hotel -","og_description":"Licores Cardoso unterscheidet sich zum einem landesweit durch seine handwerklichen Methoden und zum anderen durch seine Produktion, bei dieser der Schwerpunkt auf der Verwendung lokaler Produkte liegt. Diese Lik\u00f6re sind 2014 in famili\u00e4rer Atmosph\u00e4re kreiert worden und haben bereits eine langj\u00e4hrige Geschichte, als auch eine gro\u00dfe Auswahl an Geschmacksrichtungen, die Sie an jedem beliebigen Ort, zu jeder Zeit und jeder Tagesverfassung genie\u00dfen k\u00f6nnen","og_url":"https:\/\/apuliapraia-hotel.com\/de\/region\/cardoso-likoere\/","og_site_name":"Apulia Praia Hotel","og_image":[{"width":1200,"height":800,"url":"https:\/\/apuliapraia-hotel.com\/wp-content\/uploads\/sites\/512\/2023\/02\/Licores-Cardoso.png","type":"image\/png"}],"twitter_card":"summary_large_image","twitter_misc":{"Gesch\u00e4tzte Lesezeit":"1 Minute"},"schema":{"@context":"https:\/\/schema.org","@graph":[{"@type":"WebPage","@id":"https:\/\/apuliapraia-hotel.com\/de\/region\/cardoso-likoere\/","url":"https:\/\/apuliapraia-hotel.com\/de\/region\/cardoso-likoere\/","name":"Cardoso Lik\u00f6re - Apulia Praia Hotel -","isPartOf":{"@id":"https:\/\/apuliapraia-hotel.com\/de\/#website"},"primaryImageOfPage":{"@id":"https:\/\/apuliapraia-hotel.com\/de\/region\/cardoso-likoere\/#primaryimage"},"image":{"@id":"https:\/\/apuliapraia-hotel.com\/de\/region\/cardoso-likoere\/#primaryimage"},"thumbnailUrl":"https:\/\/apuliapraia-hotel.com\/wp-content\/uploads\/sites\/512\/2023\/02\/Licores-Cardoso.png","datePublished":"2023-07-24T15:04:26+00:00","description":"Licores Cardoso unterscheidet sich zum einem landesweit durch seine handwerklichen Methoden und zum anderen durch seine Produktion, bei dieser der Schwerpunkt auf der Verwendung lokaler Produkte liegt. Diese Lik\u00f6re sind 2014 in famili\u00e4rer Atmosph\u00e4re kreiert worden und haben bereits eine langj\u00e4hrige Geschichte, als auch eine gro\u00dfe Auswahl an Geschmacksrichtungen, die Sie an jedem beliebigen Ort, zu jeder Zeit und jeder Tagesverfassung genie\u00dfen k\u00f6nnen","breadcrumb":{"@id":"https:\/\/apuliapraia-hotel.com\/de\/region\/cardoso-likoere\/#breadcrumb"},"inLanguage":"de-DE","potentialAction":[{"@type":"ReadAction","target":["https:\/\/apuliapraia-hotel.com\/de\/region\/cardoso-likoere\/"]}]},{"@type":"ImageObject","inLanguage":"de-DE","@id":"https:\/\/apuliapraia-hotel.com\/de\/region\/cardoso-likoere\/#primaryimage","url":"https:\/\/apuliapraia-hotel.com\/wp-content\/uploads\/sites\/512\/2023\/02\/Licores-Cardoso.png","contentUrl":"https:\/\/apuliapraia-hotel.com\/wp-content\/uploads\/sites\/512\/2023\/02\/Licores-Cardoso.png","width":1200,"height":800,"caption":"Licores Cardoso"},{"@type":"BreadcrumbList","@id":"https:\/\/apuliapraia-hotel.com\/de\/region\/cardoso-likoere\/#breadcrumb","itemListElement":[{"@type":"ListItem","position":1,"name":"Home","item":"https:\/\/apuliapraia-hotel.com\/de\/"},{"@type":"ListItem","position":2,"name":"Region","item":"https:\/\/apuliapraia-hotel.com\/de\/region\/"},{"@type":"ListItem","position":3,"name":"Cardoso Lik\u00f6re"}]},{"@type":"WebSite","@id":"https:\/\/apuliapraia-hotel.com\/de\/#website","url":"https:\/\/apuliapraia-hotel.com\/de\/","name":"Apulia Praia Hotel","description":"","potentialAction":[{"@type":"SearchAction","target":{"@type":"EntryPoint","urlTemplate":"https:\/\/apuliapraia-hotel.com\/de\/?s={search_term_string}"},"query-input":{"@type":"PropertyValueSpecification","valueRequired":true,"valueName":"search_term_string"}}],"inLanguage":"de-DE"}]}},"acf":[],"_links":{"self":[{"href":"https:\/\/apuliapraia-hotel.com\/de\/wp-json\/wp\/v2\/pages\/820","targetHints":{"allow":["GET"]}}],"collection":[{"href":"https:\/\/apuliapraia-hotel.com\/de\/wp-json\/wp\/v2\/pages"}],"about":[{"href":"https:\/\/apuliapraia-hotel.com\/de\/wp-json\/wp\/v2\/types\/page"}],"author":[{"embeddable":true,"href":"https:\/\/apuliapraia-hotel.com\/de\/wp-json\/wp\/v2\/users\/565"}],"replies":[{"embeddable":true,"href":"https:\/\/apuliapraia-hotel.com\/de\/wp-json\/wp\/v2\/comments?post=820"}],"version-history":[{"count":0,"href":"https:\/\/apuliapraia-hotel.com\/de\/wp-json\/wp\/v2\/pages\/820\/revisions"}],"up":[{"embeddable":true,"href":"https:\/\/apuliapraia-hotel.com\/de\/wp-json\/wp\/v2\/pages\/815"}],"wp:featuredmedia":[{"embeddable":true,"href":"https:\/\/apuliapraia-hotel.com\/de\/wp-json\/wp\/v2\/media\/378"}],"wp:attachment":[{"href":"https:\/\/apuliapraia-hotel.com\/de\/wp-json\/wp\/v2\/media?parent=820"}],"curies":[{"name":"wp","href":"https:\/\/api.w.org\/{rel}","templated":true}]}}