{"id":818,"date":"2023-07-24T15:01:44","date_gmt":"2023-07-24T15:01:44","guid":{"rendered":"https:\/\/apuliapraia-hotel.com\/?page_id=818"},"modified":"2023-07-27T09:57:11","modified_gmt":"2023-07-27T09:57:11","slug":"castro-de-sao-lourenco","status":"publish","type":"page","link":"https:\/\/apuliapraia-hotel.com\/de\/region\/castro-de-sao-lourenco\/","title":{"rendered":"Castro de S\u00e3o Louren\u00e7o"},"content":{"rendered":"<p><strong>Castro de S\u00e3o Louren\u00e7o<\/strong> liegt in der Gemeinde von Vila Ch\u00e3, in Esponsende auf einer der Erhebungen, die die fossile Klippe bilden, 200 Meter \u00fcber der Meereslinie. Auf dieser Erh\u00f6hung befinden sich die <strong>Kapelle von S\u00e3o Louren\u00e7o<\/strong> und ein Aussichtspunkt mit Blick auf die K\u00fcste. Zus\u00e4tzlich zu dieser Sch\u00f6nheit ist dies auch eine <strong>arch\u00e4ologische St\u00e4tte<\/strong>, die aus Ruinen besteht, welche aus verschiedenen Besatzungsperioden stammen und das t\u00e4gliche Leben unserer Vorfahren charakterisiert. Wenn Sie Abenteuer und das Erkunden von neuen Orten lieben, empfehlen wir Ihnen, diesen Ort \u00fcber den <a href=\"https:\/\/pt.wikiloc.com\/trilhas-caminhada\/pr6-eps-percurso-pedestre-do-castro-de-s-lourenco-1441889\">Fu\u00dfg\u00e4ngerweg Castro de S\u00e3o Louren\u00e7o (PR6)<\/a>, kennenzulernen. Dieses <strong>Eigentum von \u00f6ffentlichem Interesse<\/strong> ist ein Ort voller Geschichten, welcher Sie mit all seinen Mythen und Legenden verzaubern wird.<\/p>\n","protected":false},"excerpt":{"rendered":"<p>Castro de S\u00e3o Louren\u00e7o liegt in der Gemeinde von Vila Ch\u00e3, in Esponsende auf einer der Erhebungen, die die fossile Klippe bilden, 200 Meter \u00fcber der Meereslinie. Auf dieser Erh\u00f6hung befinden sich die Kapelle von S\u00e3o Louren\u00e7o und ein Aussichtspunkt mit Blick auf die K\u00fcste. Zus\u00e4tzlich zu dieser Sch\u00f6nheit ist dies auch eine arch\u00e4ologische St\u00e4tte, [&hellip;]<\/p>\n","protected":false},"author":565,"featured_media":385,"parent":815,"menu_order":3,"comment_status":"closed","ping_status":"closed","template":"template-default-4.php","meta":{"footnotes":""},"class_list":["post-818","page","type-page","status-publish","has-post-thumbnail","hentry"],"yoast_head":"<!-- This site is optimized with the Yoast SEO plugin v26.9 - https:\/\/yoast.com\/product\/yoast-seo-wordpress\/ -->\n<title>Castro de S\u00e3o Louren\u00e7o - Apulia Praia Hotel -<\/title>\n<meta name=\"description\" content=\"Castro de S\u00e3o Louren\u00e7o liegt in der Gemeinde von Vila Ch\u00e3, in Esponsende auf einer der Erhebungen, die die fossile Klippe bilden, 200 Meter \u00fcber der Meereslinie. Auf dieser Erh\u00f6hung befinden sich die Kapelle von S\u00e3o Louren\u00e7o und ein Aussichtspunkt mit Blick auf die K\u00fcste\" \/>\n<meta name=\"robots\" content=\"index, follow, max-snippet:-1, max-image-preview:large, max-video-preview:-1\" \/>\n<link rel=\"canonical\" href=\"https:\/\/apuliapraia-hotel.com\/de\/region\/castro-de-sao-lourenco\/\" \/>\n<meta property=\"og:locale\" content=\"de_DE\" \/>\n<meta property=\"og:type\" content=\"article\" \/>\n<meta property=\"og:title\" content=\"Castro de S\u00e3o Louren\u00e7o - Apulia Praia Hotel -\" \/>\n<meta property=\"og:description\" content=\"Castro de S\u00e3o Louren\u00e7o liegt in der Gemeinde von Vila Ch\u00e3, in Esponsende auf einer der Erhebungen, die die fossile Klippe bilden, 200 Meter \u00fcber der Meereslinie. Auf dieser Erh\u00f6hung befinden sich die Kapelle von S\u00e3o Louren\u00e7o und ein Aussichtspunkt mit Blick auf die K\u00fcste\" \/>\n<meta property=\"og:url\" content=\"https:\/\/apuliapraia-hotel.com\/de\/region\/castro-de-sao-lourenco\/\" \/>\n<meta property=\"og:site_name\" content=\"Apulia Praia Hotel\" \/>\n<meta property=\"article:modified_time\" content=\"2023-07-27T09:57:11+00:00\" \/>\n<meta property=\"og:image\" content=\"https:\/\/apuliapraia-hotel.com\/wp-content\/uploads\/sites\/512\/2023\/02\/Castro-Sao-Lourenco.png\" \/>\n\t<meta property=\"og:image:width\" content=\"1200\" \/>\n\t<meta property=\"og:image:height\" content=\"800\" \/>\n\t<meta property=\"og:image:type\" content=\"image\/png\" \/>\n<meta name=\"twitter:card\" content=\"summary_large_image\" \/>\n<meta name=\"twitter:label1\" content=\"Gesch\u00e4tzte Lesezeit\" \/>\n\t<meta name=\"twitter:data1\" content=\"1 Minute\" \/>\n<script type=\"application\/ld+json\" class=\"yoast-schema-graph\">{\"@context\":\"https:\/\/schema.org\",\"@graph\":[{\"@type\":\"WebPage\",\"@id\":\"https:\/\/apuliapraia-hotel.com\/de\/region\/castro-de-sao-lourenco\/\",\"url\":\"https:\/\/apuliapraia-hotel.com\/de\/region\/castro-de-sao-lourenco\/\",\"name\":\"Castro de S\u00e3o Louren\u00e7o - Apulia Praia Hotel -\",\"isPartOf\":{\"@id\":\"https:\/\/apuliapraia-hotel.com\/de\/#website\"},\"primaryImageOfPage\":{\"@id\":\"https:\/\/apuliapraia-hotel.com\/de\/region\/castro-de-sao-lourenco\/#primaryimage\"},\"image\":{\"@id\":\"https:\/\/apuliapraia-hotel.com\/de\/region\/castro-de-sao-lourenco\/#primaryimage\"},\"thumbnailUrl\":\"https:\/\/apuliapraia-hotel.com\/wp-content\/uploads\/sites\/512\/2023\/02\/Castro-Sao-Lourenco.png\",\"datePublished\":\"2023-07-24T15:01:44+00:00\",\"dateModified\":\"2023-07-27T09:57:11+00:00\",\"description\":\"Castro de S\u00e3o Louren\u00e7o liegt in der Gemeinde von Vila Ch\u00e3, in Esponsende auf einer der Erhebungen, die die fossile Klippe bilden, 200 Meter \u00fcber der Meereslinie. Auf dieser Erh\u00f6hung befinden sich die Kapelle von S\u00e3o Louren\u00e7o und ein Aussichtspunkt mit Blick auf die K\u00fcste\",\"breadcrumb\":{\"@id\":\"https:\/\/apuliapraia-hotel.com\/de\/region\/castro-de-sao-lourenco\/#breadcrumb\"},\"inLanguage\":\"de-DE\",\"potentialAction\":[{\"@type\":\"ReadAction\",\"target\":[\"https:\/\/apuliapraia-hotel.com\/de\/region\/castro-de-sao-lourenco\/\"]}]},{\"@type\":\"ImageObject\",\"inLanguage\":\"de-DE\",\"@id\":\"https:\/\/apuliapraia-hotel.com\/de\/region\/castro-de-sao-lourenco\/#primaryimage\",\"url\":\"https:\/\/apuliapraia-hotel.com\/wp-content\/uploads\/sites\/512\/2023\/02\/Castro-Sao-Lourenco.png\",\"contentUrl\":\"https:\/\/apuliapraia-hotel.com\/wp-content\/uploads\/sites\/512\/2023\/02\/Castro-Sao-Lourenco.png\",\"width\":1200,\"height\":800,\"caption\":\"Castro de S\u00e3o Louren\u00e7o\"},{\"@type\":\"BreadcrumbList\",\"@id\":\"https:\/\/apuliapraia-hotel.com\/de\/region\/castro-de-sao-lourenco\/#breadcrumb\",\"itemListElement\":[{\"@type\":\"ListItem\",\"position\":1,\"name\":\"Home\",\"item\":\"https:\/\/apuliapraia-hotel.com\/de\/\"},{\"@type\":\"ListItem\",\"position\":2,\"name\":\"Region\",\"item\":\"https:\/\/apuliapraia-hotel.com\/de\/region\/\"},{\"@type\":\"ListItem\",\"position\":3,\"name\":\"Castro de S\u00e3o Louren\u00e7o\"}]},{\"@type\":\"WebSite\",\"@id\":\"https:\/\/apuliapraia-hotel.com\/de\/#website\",\"url\":\"https:\/\/apuliapraia-hotel.com\/de\/\",\"name\":\"Apulia Praia Hotel\",\"description\":\"\",\"potentialAction\":[{\"@type\":\"SearchAction\",\"target\":{\"@type\":\"EntryPoint\",\"urlTemplate\":\"https:\/\/apuliapraia-hotel.com\/de\/?s={search_term_string}\"},\"query-input\":{\"@type\":\"PropertyValueSpecification\",\"valueRequired\":true,\"valueName\":\"search_term_string\"}}],\"inLanguage\":\"de-DE\"}]}<\/script>\n<!-- \/ Yoast SEO plugin. -->","yoast_head_json":{"title":"Castro de S\u00e3o Louren\u00e7o - Apulia Praia Hotel -","description":"Castro de S\u00e3o Louren\u00e7o liegt in der Gemeinde von Vila Ch\u00e3, in Esponsende auf einer der Erhebungen, die die fossile Klippe bilden, 200 Meter \u00fcber der Meereslinie. Auf dieser Erh\u00f6hung befinden sich die Kapelle von S\u00e3o Louren\u00e7o und ein Aussichtspunkt mit Blick auf die K\u00fcste","robots":{"index":"index","follow":"follow","max-snippet":"max-snippet:-1","max-image-preview":"max-image-preview:large","max-video-preview":"max-video-preview:-1"},"canonical":"https:\/\/apuliapraia-hotel.com\/de\/region\/castro-de-sao-lourenco\/","og_locale":"de_DE","og_type":"article","og_title":"Castro de S\u00e3o Louren\u00e7o - Apulia Praia Hotel -","og_description":"Castro de S\u00e3o Louren\u00e7o liegt in der Gemeinde von Vila Ch\u00e3, in Esponsende auf einer der Erhebungen, die die fossile Klippe bilden, 200 Meter \u00fcber der Meereslinie. Auf dieser Erh\u00f6hung befinden sich die Kapelle von S\u00e3o Louren\u00e7o und ein Aussichtspunkt mit Blick auf die K\u00fcste","og_url":"https:\/\/apuliapraia-hotel.com\/de\/region\/castro-de-sao-lourenco\/","og_site_name":"Apulia Praia Hotel","article_modified_time":"2023-07-27T09:57:11+00:00","og_image":[{"width":1200,"height":800,"url":"https:\/\/apuliapraia-hotel.com\/wp-content\/uploads\/sites\/512\/2023\/02\/Castro-Sao-Lourenco.png","type":"image\/png"}],"twitter_card":"summary_large_image","twitter_misc":{"Gesch\u00e4tzte Lesezeit":"1 Minute"},"schema":{"@context":"https:\/\/schema.org","@graph":[{"@type":"WebPage","@id":"https:\/\/apuliapraia-hotel.com\/de\/region\/castro-de-sao-lourenco\/","url":"https:\/\/apuliapraia-hotel.com\/de\/region\/castro-de-sao-lourenco\/","name":"Castro de S\u00e3o Louren\u00e7o - Apulia Praia Hotel -","isPartOf":{"@id":"https:\/\/apuliapraia-hotel.com\/de\/#website"},"primaryImageOfPage":{"@id":"https:\/\/apuliapraia-hotel.com\/de\/region\/castro-de-sao-lourenco\/#primaryimage"},"image":{"@id":"https:\/\/apuliapraia-hotel.com\/de\/region\/castro-de-sao-lourenco\/#primaryimage"},"thumbnailUrl":"https:\/\/apuliapraia-hotel.com\/wp-content\/uploads\/sites\/512\/2023\/02\/Castro-Sao-Lourenco.png","datePublished":"2023-07-24T15:01:44+00:00","dateModified":"2023-07-27T09:57:11+00:00","description":"Castro de S\u00e3o Louren\u00e7o liegt in der Gemeinde von Vila Ch\u00e3, in Esponsende auf einer der Erhebungen, die die fossile Klippe bilden, 200 Meter \u00fcber der Meereslinie. Auf dieser Erh\u00f6hung befinden sich die Kapelle von S\u00e3o Louren\u00e7o und ein Aussichtspunkt mit Blick auf die K\u00fcste","breadcrumb":{"@id":"https:\/\/apuliapraia-hotel.com\/de\/region\/castro-de-sao-lourenco\/#breadcrumb"},"inLanguage":"de-DE","potentialAction":[{"@type":"ReadAction","target":["https:\/\/apuliapraia-hotel.com\/de\/region\/castro-de-sao-lourenco\/"]}]},{"@type":"ImageObject","inLanguage":"de-DE","@id":"https:\/\/apuliapraia-hotel.com\/de\/region\/castro-de-sao-lourenco\/#primaryimage","url":"https:\/\/apuliapraia-hotel.com\/wp-content\/uploads\/sites\/512\/2023\/02\/Castro-Sao-Lourenco.png","contentUrl":"https:\/\/apuliapraia-hotel.com\/wp-content\/uploads\/sites\/512\/2023\/02\/Castro-Sao-Lourenco.png","width":1200,"height":800,"caption":"Castro de S\u00e3o Louren\u00e7o"},{"@type":"BreadcrumbList","@id":"https:\/\/apuliapraia-hotel.com\/de\/region\/castro-de-sao-lourenco\/#breadcrumb","itemListElement":[{"@type":"ListItem","position":1,"name":"Home","item":"https:\/\/apuliapraia-hotel.com\/de\/"},{"@type":"ListItem","position":2,"name":"Region","item":"https:\/\/apuliapraia-hotel.com\/de\/region\/"},{"@type":"ListItem","position":3,"name":"Castro de S\u00e3o Louren\u00e7o"}]},{"@type":"WebSite","@id":"https:\/\/apuliapraia-hotel.com\/de\/#website","url":"https:\/\/apuliapraia-hotel.com\/de\/","name":"Apulia Praia Hotel","description":"","potentialAction":[{"@type":"SearchAction","target":{"@type":"EntryPoint","urlTemplate":"https:\/\/apuliapraia-hotel.com\/de\/?s={search_term_string}"},"query-input":{"@type":"PropertyValueSpecification","valueRequired":true,"valueName":"search_term_string"}}],"inLanguage":"de-DE"}]}},"acf":[],"_links":{"self":[{"href":"https:\/\/apuliapraia-hotel.com\/de\/wp-json\/wp\/v2\/pages\/818","targetHints":{"allow":["GET"]}}],"collection":[{"href":"https:\/\/apuliapraia-hotel.com\/de\/wp-json\/wp\/v2\/pages"}],"about":[{"href":"https:\/\/apuliapraia-hotel.com\/de\/wp-json\/wp\/v2\/types\/page"}],"author":[{"embeddable":true,"href":"https:\/\/apuliapraia-hotel.com\/de\/wp-json\/wp\/v2\/users\/565"}],"replies":[{"embeddable":true,"href":"https:\/\/apuliapraia-hotel.com\/de\/wp-json\/wp\/v2\/comments?post=818"}],"version-history":[{"count":0,"href":"https:\/\/apuliapraia-hotel.com\/de\/wp-json\/wp\/v2\/pages\/818\/revisions"}],"up":[{"embeddable":true,"href":"https:\/\/apuliapraia-hotel.com\/de\/wp-json\/wp\/v2\/pages\/815"}],"wp:featuredmedia":[{"embeddable":true,"href":"https:\/\/apuliapraia-hotel.com\/de\/wp-json\/wp\/v2\/media\/385"}],"wp:attachment":[{"href":"https:\/\/apuliapraia-hotel.com\/de\/wp-json\/wp\/v2\/media?parent=818"}],"curies":[{"name":"wp","href":"https:\/\/api.w.org\/{rel}","templated":true}]}}