{"id":817,"date":"2023-07-24T14:56:32","date_gmt":"2023-07-24T14:56:32","guid":{"rendered":"https:\/\/apuliapraia-hotel.com\/?page_id=817"},"modified":"2023-07-24T14:56:32","modified_gmt":"2023-07-24T14:56:32","slug":"clarinhas-de-fao","status":"publish","type":"page","link":"https:\/\/apuliapraia-hotel.com\/de\/region\/clarinhas-de-fao\/","title":{"rendered":"Clarinhas de F\u00e3o"},"content":{"rendered":"<p>Bekannt im Norden als ein traditionelles Geb\u00e4ck voller Geschichte, f\u00fcllt <strong>Clarinhas de F\u00e3o<\/strong> das ganze Jahr \u00fcber die Tische und B\u00e4uche aller, die diese regionale Delikatesse probieren m\u00f6chten. Was sie so zweifellos besonders macht, ist ihre Spaghetti-K\u00fcrbis-Marmelade-F\u00fcllung und ihr d\u00fcnner, knuspriger und mondf\u00f6rmiger Teig, welcher zum Schluss mit Zucker bestreut wird, um ihrer Geschmacksexplosion noch mehr Textur und Kontrast zu erzielen. Sie haben in unserem <a href=\"https:\/\/apuliapraia-hotel.com\/restaurante\/\">Hotel<\/a> ebenfalls die M\u00f6glichkeit diese k\u00f6stliche, regionale S\u00fc\u00dfigkeit, welche direkt von unserer B\u00e4ckerei stammt, zu kaufen.<\/p>\n","protected":false},"excerpt":{"rendered":"<p>Bekannt im Norden als ein traditionelles Geb\u00e4ck voller Geschichte, f\u00fcllt Clarinhas de F\u00e3o das ganze Jahr \u00fcber die Tische und B\u00e4uche aller, die diese regionale Delikatesse probieren m\u00f6chten. Was sie so zweifellos besonders macht, ist ihre Spaghetti-K\u00fcrbis-Marmelade-F\u00fcllung und ihr d\u00fcnner, knuspriger und mondf\u00f6rmiger Teig, welcher zum Schluss mit Zucker bestreut wird, um ihrer Geschmacksexplosion noch [&hellip;]<\/p>\n","protected":false},"author":565,"featured_media":366,"parent":815,"menu_order":2,"comment_status":"closed","ping_status":"closed","template":"template-default-4.php","meta":{"footnotes":""},"class_list":["post-817","page","type-page","status-publish","has-post-thumbnail","hentry"],"yoast_head":"<!-- This site is optimized with the Yoast SEO plugin v26.9 - https:\/\/yoast.com\/product\/yoast-seo-wordpress\/ -->\n<title>Clarinhas de F\u00e3o - Apulia Praia Hotel -<\/title>\n<meta name=\"description\" content=\"Bekannt im Norden als ein traditionelles Geb\u00e4ck voller Geschichte, f\u00fcllt Clarinhas de F\u00e3o das ganze Jahr \u00fcber die Tische und B\u00e4uche aller, die diese regionale Delikatesse probieren m\u00f6chten. Was sie so zweifellos besonders macht, ist ihre Spaghetti-K\u00fcrbis-Marmelade-F\u00fcllung und ihr d\u00fcnner, knuspriger und mondf\u00f6rmiger Teig, welcher zum Schluss mit Zucker bestreut wird, um ihrer Geschmacksexplosion noch mehr Textur und Kontrast zu erzielen\" \/>\n<meta name=\"robots\" content=\"index, follow, max-snippet:-1, max-image-preview:large, max-video-preview:-1\" \/>\n<link rel=\"canonical\" href=\"https:\/\/apuliapraia-hotel.com\/de\/region\/clarinhas-de-fao\/\" \/>\n<meta property=\"og:locale\" content=\"de_DE\" \/>\n<meta property=\"og:type\" content=\"article\" \/>\n<meta property=\"og:title\" content=\"Clarinhas de F\u00e3o - Apulia Praia Hotel -\" \/>\n<meta property=\"og:description\" content=\"Bekannt im Norden als ein traditionelles Geb\u00e4ck voller Geschichte, f\u00fcllt Clarinhas de F\u00e3o das ganze Jahr \u00fcber die Tische und B\u00e4uche aller, die diese regionale Delikatesse probieren m\u00f6chten. Was sie so zweifellos besonders macht, ist ihre Spaghetti-K\u00fcrbis-Marmelade-F\u00fcllung und ihr d\u00fcnner, knuspriger und mondf\u00f6rmiger Teig, welcher zum Schluss mit Zucker bestreut wird, um ihrer Geschmacksexplosion noch mehr Textur und Kontrast zu erzielen\" \/>\n<meta property=\"og:url\" content=\"https:\/\/apuliapraia-hotel.com\/de\/region\/clarinhas-de-fao\/\" \/>\n<meta property=\"og:site_name\" content=\"Apulia Praia Hotel\" \/>\n<meta property=\"og:image\" content=\"https:\/\/apuliapraia-hotel.com\/wp-content\/uploads\/sites\/512\/2023\/02\/Clarinhas-de-Fao.png\" \/>\n\t<meta property=\"og:image:width\" content=\"1200\" \/>\n\t<meta property=\"og:image:height\" content=\"800\" \/>\n\t<meta property=\"og:image:type\" content=\"image\/png\" \/>\n<meta name=\"twitter:card\" content=\"summary_large_image\" \/>\n<script type=\"application\/ld+json\" class=\"yoast-schema-graph\">{\"@context\":\"https:\/\/schema.org\",\"@graph\":[{\"@type\":\"WebPage\",\"@id\":\"https:\/\/apuliapraia-hotel.com\/de\/region\/clarinhas-de-fao\/\",\"url\":\"https:\/\/apuliapraia-hotel.com\/de\/region\/clarinhas-de-fao\/\",\"name\":\"Clarinhas de F\u00e3o - Apulia Praia Hotel -\",\"isPartOf\":{\"@id\":\"https:\/\/apuliapraia-hotel.com\/de\/#website\"},\"primaryImageOfPage\":{\"@id\":\"https:\/\/apuliapraia-hotel.com\/de\/region\/clarinhas-de-fao\/#primaryimage\"},\"image\":{\"@id\":\"https:\/\/apuliapraia-hotel.com\/de\/region\/clarinhas-de-fao\/#primaryimage\"},\"thumbnailUrl\":\"https:\/\/apuliapraia-hotel.com\/wp-content\/uploads\/sites\/512\/2023\/02\/Clarinhas-de-Fao.png\",\"datePublished\":\"2023-07-24T14:56:32+00:00\",\"description\":\"Bekannt im Norden als ein traditionelles Geb\u00e4ck voller Geschichte, f\u00fcllt Clarinhas de F\u00e3o das ganze Jahr \u00fcber die Tische und B\u00e4uche aller, die diese regionale Delikatesse probieren m\u00f6chten. Was sie so zweifellos besonders macht, ist ihre Spaghetti-K\u00fcrbis-Marmelade-F\u00fcllung und ihr d\u00fcnner, knuspriger und mondf\u00f6rmiger Teig, welcher zum Schluss mit Zucker bestreut wird, um ihrer Geschmacksexplosion noch mehr Textur und Kontrast zu erzielen\",\"breadcrumb\":{\"@id\":\"https:\/\/apuliapraia-hotel.com\/de\/region\/clarinhas-de-fao\/#breadcrumb\"},\"inLanguage\":\"de-DE\",\"potentialAction\":[{\"@type\":\"ReadAction\",\"target\":[\"https:\/\/apuliapraia-hotel.com\/de\/region\/clarinhas-de-fao\/\"]}]},{\"@type\":\"ImageObject\",\"inLanguage\":\"de-DE\",\"@id\":\"https:\/\/apuliapraia-hotel.com\/de\/region\/clarinhas-de-fao\/#primaryimage\",\"url\":\"https:\/\/apuliapraia-hotel.com\/wp-content\/uploads\/sites\/512\/2023\/02\/Clarinhas-de-Fao.png\",\"contentUrl\":\"https:\/\/apuliapraia-hotel.com\/wp-content\/uploads\/sites\/512\/2023\/02\/Clarinhas-de-Fao.png\",\"width\":1200,\"height\":800,\"caption\":\"Clarinhas de F\u00e3o\"},{\"@type\":\"BreadcrumbList\",\"@id\":\"https:\/\/apuliapraia-hotel.com\/de\/region\/clarinhas-de-fao\/#breadcrumb\",\"itemListElement\":[{\"@type\":\"ListItem\",\"position\":1,\"name\":\"Home\",\"item\":\"https:\/\/apuliapraia-hotel.com\/de\/\"},{\"@type\":\"ListItem\",\"position\":2,\"name\":\"Region\",\"item\":\"https:\/\/apuliapraia-hotel.com\/de\/region\/\"},{\"@type\":\"ListItem\",\"position\":3,\"name\":\"Clarinhas de F\u00e3o\"}]},{\"@type\":\"WebSite\",\"@id\":\"https:\/\/apuliapraia-hotel.com\/de\/#website\",\"url\":\"https:\/\/apuliapraia-hotel.com\/de\/\",\"name\":\"Apulia Praia Hotel\",\"description\":\"\",\"potentialAction\":[{\"@type\":\"SearchAction\",\"target\":{\"@type\":\"EntryPoint\",\"urlTemplate\":\"https:\/\/apuliapraia-hotel.com\/de\/?s={search_term_string}\"},\"query-input\":{\"@type\":\"PropertyValueSpecification\",\"valueRequired\":true,\"valueName\":\"search_term_string\"}}],\"inLanguage\":\"de-DE\"}]}<\/script>\n<!-- \/ Yoast SEO plugin. -->","yoast_head_json":{"title":"Clarinhas de F\u00e3o - Apulia Praia Hotel -","description":"Bekannt im Norden als ein traditionelles Geb\u00e4ck voller Geschichte, f\u00fcllt Clarinhas de F\u00e3o das ganze Jahr \u00fcber die Tische und B\u00e4uche aller, die diese regionale Delikatesse probieren m\u00f6chten. Was sie so zweifellos besonders macht, ist ihre Spaghetti-K\u00fcrbis-Marmelade-F\u00fcllung und ihr d\u00fcnner, knuspriger und mondf\u00f6rmiger Teig, welcher zum Schluss mit Zucker bestreut wird, um ihrer Geschmacksexplosion noch mehr Textur und Kontrast zu erzielen","robots":{"index":"index","follow":"follow","max-snippet":"max-snippet:-1","max-image-preview":"max-image-preview:large","max-video-preview":"max-video-preview:-1"},"canonical":"https:\/\/apuliapraia-hotel.com\/de\/region\/clarinhas-de-fao\/","og_locale":"de_DE","og_type":"article","og_title":"Clarinhas de F\u00e3o - Apulia Praia Hotel -","og_description":"Bekannt im Norden als ein traditionelles Geb\u00e4ck voller Geschichte, f\u00fcllt Clarinhas de F\u00e3o das ganze Jahr \u00fcber die Tische und B\u00e4uche aller, die diese regionale Delikatesse probieren m\u00f6chten. Was sie so zweifellos besonders macht, ist ihre Spaghetti-K\u00fcrbis-Marmelade-F\u00fcllung und ihr d\u00fcnner, knuspriger und mondf\u00f6rmiger Teig, welcher zum Schluss mit Zucker bestreut wird, um ihrer Geschmacksexplosion noch mehr Textur und Kontrast zu erzielen","og_url":"https:\/\/apuliapraia-hotel.com\/de\/region\/clarinhas-de-fao\/","og_site_name":"Apulia Praia Hotel","og_image":[{"width":1200,"height":800,"url":"https:\/\/apuliapraia-hotel.com\/wp-content\/uploads\/sites\/512\/2023\/02\/Clarinhas-de-Fao.png","type":"image\/png"}],"twitter_card":"summary_large_image","schema":{"@context":"https:\/\/schema.org","@graph":[{"@type":"WebPage","@id":"https:\/\/apuliapraia-hotel.com\/de\/region\/clarinhas-de-fao\/","url":"https:\/\/apuliapraia-hotel.com\/de\/region\/clarinhas-de-fao\/","name":"Clarinhas de F\u00e3o - Apulia Praia Hotel -","isPartOf":{"@id":"https:\/\/apuliapraia-hotel.com\/de\/#website"},"primaryImageOfPage":{"@id":"https:\/\/apuliapraia-hotel.com\/de\/region\/clarinhas-de-fao\/#primaryimage"},"image":{"@id":"https:\/\/apuliapraia-hotel.com\/de\/region\/clarinhas-de-fao\/#primaryimage"},"thumbnailUrl":"https:\/\/apuliapraia-hotel.com\/wp-content\/uploads\/sites\/512\/2023\/02\/Clarinhas-de-Fao.png","datePublished":"2023-07-24T14:56:32+00:00","description":"Bekannt im Norden als ein traditionelles Geb\u00e4ck voller Geschichte, f\u00fcllt Clarinhas de F\u00e3o das ganze Jahr \u00fcber die Tische und B\u00e4uche aller, die diese regionale Delikatesse probieren m\u00f6chten. Was sie so zweifellos besonders macht, ist ihre Spaghetti-K\u00fcrbis-Marmelade-F\u00fcllung und ihr d\u00fcnner, knuspriger und mondf\u00f6rmiger Teig, welcher zum Schluss mit Zucker bestreut wird, um ihrer Geschmacksexplosion noch mehr Textur und Kontrast zu erzielen","breadcrumb":{"@id":"https:\/\/apuliapraia-hotel.com\/de\/region\/clarinhas-de-fao\/#breadcrumb"},"inLanguage":"de-DE","potentialAction":[{"@type":"ReadAction","target":["https:\/\/apuliapraia-hotel.com\/de\/region\/clarinhas-de-fao\/"]}]},{"@type":"ImageObject","inLanguage":"de-DE","@id":"https:\/\/apuliapraia-hotel.com\/de\/region\/clarinhas-de-fao\/#primaryimage","url":"https:\/\/apuliapraia-hotel.com\/wp-content\/uploads\/sites\/512\/2023\/02\/Clarinhas-de-Fao.png","contentUrl":"https:\/\/apuliapraia-hotel.com\/wp-content\/uploads\/sites\/512\/2023\/02\/Clarinhas-de-Fao.png","width":1200,"height":800,"caption":"Clarinhas de F\u00e3o"},{"@type":"BreadcrumbList","@id":"https:\/\/apuliapraia-hotel.com\/de\/region\/clarinhas-de-fao\/#breadcrumb","itemListElement":[{"@type":"ListItem","position":1,"name":"Home","item":"https:\/\/apuliapraia-hotel.com\/de\/"},{"@type":"ListItem","position":2,"name":"Region","item":"https:\/\/apuliapraia-hotel.com\/de\/region\/"},{"@type":"ListItem","position":3,"name":"Clarinhas de F\u00e3o"}]},{"@type":"WebSite","@id":"https:\/\/apuliapraia-hotel.com\/de\/#website","url":"https:\/\/apuliapraia-hotel.com\/de\/","name":"Apulia Praia Hotel","description":"","potentialAction":[{"@type":"SearchAction","target":{"@type":"EntryPoint","urlTemplate":"https:\/\/apuliapraia-hotel.com\/de\/?s={search_term_string}"},"query-input":{"@type":"PropertyValueSpecification","valueRequired":true,"valueName":"search_term_string"}}],"inLanguage":"de-DE"}]}},"acf":[],"_links":{"self":[{"href":"https:\/\/apuliapraia-hotel.com\/de\/wp-json\/wp\/v2\/pages\/817","targetHints":{"allow":["GET"]}}],"collection":[{"href":"https:\/\/apuliapraia-hotel.com\/de\/wp-json\/wp\/v2\/pages"}],"about":[{"href":"https:\/\/apuliapraia-hotel.com\/de\/wp-json\/wp\/v2\/types\/page"}],"author":[{"embeddable":true,"href":"https:\/\/apuliapraia-hotel.com\/de\/wp-json\/wp\/v2\/users\/565"}],"replies":[{"embeddable":true,"href":"https:\/\/apuliapraia-hotel.com\/de\/wp-json\/wp\/v2\/comments?post=817"}],"version-history":[{"count":0,"href":"https:\/\/apuliapraia-hotel.com\/de\/wp-json\/wp\/v2\/pages\/817\/revisions"}],"up":[{"embeddable":true,"href":"https:\/\/apuliapraia-hotel.com\/de\/wp-json\/wp\/v2\/pages\/815"}],"wp:featuredmedia":[{"embeddable":true,"href":"https:\/\/apuliapraia-hotel.com\/de\/wp-json\/wp\/v2\/media\/366"}],"wp:attachment":[{"href":"https:\/\/apuliapraia-hotel.com\/de\/wp-json\/wp\/v2\/media?parent=817"}],"curies":[{"name":"wp","href":"https:\/\/api.w.org\/{rel}","templated":true}]}}