{"id":816,"date":"2023-07-24T14:53:00","date_gmt":"2023-07-24T14:53:00","guid":{"rendered":"https:\/\/apuliapraia-hotel.com\/?page_id=816"},"modified":"2023-07-24T14:54:02","modified_gmt":"2023-07-24T14:54:02","slug":"muehlen-von-apulia","status":"publish","type":"page","link":"https:\/\/apuliapraia-hotel.com\/de\/region\/muehlen-von-apulia\/","title":{"rendered":"M\u00fchlen von Ap\u00falia"},"content":{"rendered":"<p><span style=\"vertical-align: inherit\"><span style=\"vertical-align: inherit\">Die M\u00fchlen befinden sich am au\u00dfergew\u00f6hnlichen <\/span><\/span><strong><span style=\"vertical-align: inherit\"><span style=\"vertical-align: inherit\">Strand von Apulien<\/span><\/span><\/strong><span style=\"vertical-align: inherit\"><span style=\"vertical-align: inherit\"> , ganz in der N\u00e4he des Meeres und bringen die Sch\u00f6nheit der Region mit sich. <\/span><span style=\"vertical-align: inherit\">Die f\u00fcnf in einer Reihe angeordneten <\/span><\/span><strong><span style=\"vertical-align: inherit\"><span style=\"vertical-align: inherit\">Windm\u00fchlen<\/span><\/span><\/strong><span style=\"vertical-align: inherit\"><span style=\"vertical-align: inherit\"> haben der Getreidemahlung gedient. <\/span><span style=\"vertical-align: inherit\">Im Laufe der Zeit und der Weiterentwicklung der Produktionsmethoden sind diese M\u00fchlen requalifiziert und umgebaut worden. <\/span><span style=\"vertical-align: inherit\">Heute sind sie Privath\u00e4user. <\/span><span style=\"vertical-align: inherit\">Obwohl das Innere der M\u00fchlen nur f\u00fcr die Bewohner zug\u00e4nglich ist, kann man sie von au\u00dfen mit einem sch\u00f6nen Sonnenuntergang im Hintergrund bewundern. <\/span><span style=\"vertical-align: inherit\">Daneben finden Sie einen Gehweg, auf dem Sie entlang spazieren k\u00f6nnen, der die f\u00fcnf ber\u00fchmten M\u00fchlen Apuliens verbindet. <\/span><span style=\"vertical-align: inherit\">Von dem Gehweg aus ist es m\u00f6glich, die Denkm\u00e4ler der Region zu betrachten.<\/span><\/span><\/p>\n<p><span style=\"vertical-align: inherit\"><span style=\"vertical-align: inherit\">Foto von Pedro Figueiredo<\/span><\/span><\/p>\n","protected":false},"excerpt":{"rendered":"<p>Die M\u00fchlen befinden sich am au\u00dfergew\u00f6hnlichen Strand von Apulien , ganz in der N\u00e4he des Meeres und bringen die Sch\u00f6nheit der Region mit sich. Die f\u00fcnf in einer Reihe angeordneten Windm\u00fchlen haben der Getreidemahlung gedient. Im Laufe der Zeit und der Weiterentwicklung der Produktionsmethoden sind diese M\u00fchlen requalifiziert und umgebaut worden. Heute sind sie Privath\u00e4user. [&hellip;]<\/p>\n","protected":false},"author":565,"featured_media":363,"parent":815,"menu_order":1,"comment_status":"closed","ping_status":"closed","template":"template-default-4.php","meta":{"footnotes":""},"class_list":["post-816","page","type-page","status-publish","has-post-thumbnail","hentry"],"yoast_head":"<!-- This site is optimized with the Yoast SEO plugin v26.9 - https:\/\/yoast.com\/product\/yoast-seo-wordpress\/ -->\n<title>M\u00fchlen von Ap\u00falia - Apulia Praia Hotel -<\/title>\n<meta name=\"description\" content=\"Die M\u00fchlen befinden sich am au\u00dfergew\u00f6hnlichen Strand von Apulien , ganz in der N\u00e4he des Meeres und bringen die Sch\u00f6nheit der Region mit sich. Die f\u00fcnf in einer Reihe angeordneten Windm\u00fchlen haben der Getreidemahlung gedient\" \/>\n<meta name=\"robots\" content=\"index, follow, max-snippet:-1, max-image-preview:large, max-video-preview:-1\" \/>\n<link rel=\"canonical\" href=\"https:\/\/apuliapraia-hotel.com\/de\/region\/muehlen-von-apulia\/\" \/>\n<meta property=\"og:locale\" content=\"de_DE\" \/>\n<meta property=\"og:type\" content=\"article\" \/>\n<meta property=\"og:title\" content=\"M\u00fchlen von Ap\u00falia - Apulia Praia Hotel -\" \/>\n<meta property=\"og:description\" content=\"Die M\u00fchlen befinden sich am au\u00dfergew\u00f6hnlichen Strand von Apulien , ganz in der N\u00e4he des Meeres und bringen die Sch\u00f6nheit der Region mit sich. Die f\u00fcnf in einer Reihe angeordneten Windm\u00fchlen haben der Getreidemahlung gedient\" \/>\n<meta property=\"og:url\" content=\"https:\/\/apuliapraia-hotel.com\/de\/region\/muehlen-von-apulia\/\" \/>\n<meta property=\"og:site_name\" content=\"Apulia Praia Hotel\" \/>\n<meta property=\"article:modified_time\" content=\"2023-07-24T14:54:02+00:00\" \/>\n<meta property=\"og:image\" content=\"https:\/\/apuliapraia-hotel.com\/wp-content\/uploads\/sites\/512\/2023\/02\/Moinhos-da-Apulia.png\" \/>\n\t<meta property=\"og:image:width\" content=\"1200\" \/>\n\t<meta property=\"og:image:height\" content=\"800\" \/>\n\t<meta property=\"og:image:type\" content=\"image\/png\" \/>\n<meta name=\"twitter:card\" content=\"summary_large_image\" \/>\n<meta name=\"twitter:label1\" content=\"Gesch\u00e4tzte Lesezeit\" \/>\n\t<meta name=\"twitter:data1\" content=\"1 Minute\" \/>\n<script type=\"application\/ld+json\" class=\"yoast-schema-graph\">{\"@context\":\"https:\/\/schema.org\",\"@graph\":[{\"@type\":\"WebPage\",\"@id\":\"https:\/\/apuliapraia-hotel.com\/de\/region\/muehlen-von-apulia\/\",\"url\":\"https:\/\/apuliapraia-hotel.com\/de\/region\/muehlen-von-apulia\/\",\"name\":\"M\u00fchlen von Ap\u00falia - Apulia Praia Hotel -\",\"isPartOf\":{\"@id\":\"https:\/\/apuliapraia-hotel.com\/de\/#website\"},\"primaryImageOfPage\":{\"@id\":\"https:\/\/apuliapraia-hotel.com\/de\/region\/muehlen-von-apulia\/#primaryimage\"},\"image\":{\"@id\":\"https:\/\/apuliapraia-hotel.com\/de\/region\/muehlen-von-apulia\/#primaryimage\"},\"thumbnailUrl\":\"https:\/\/apuliapraia-hotel.com\/wp-content\/uploads\/sites\/512\/2023\/02\/Moinhos-da-Apulia.png\",\"datePublished\":\"2023-07-24T14:53:00+00:00\",\"dateModified\":\"2023-07-24T14:54:02+00:00\",\"description\":\"Die M\u00fchlen befinden sich am au\u00dfergew\u00f6hnlichen Strand von Apulien , ganz in der N\u00e4he des Meeres und bringen die Sch\u00f6nheit der Region mit sich. Die f\u00fcnf in einer Reihe angeordneten Windm\u00fchlen haben der Getreidemahlung gedient\",\"breadcrumb\":{\"@id\":\"https:\/\/apuliapraia-hotel.com\/de\/region\/muehlen-von-apulia\/#breadcrumb\"},\"inLanguage\":\"de-DE\",\"potentialAction\":[{\"@type\":\"ReadAction\",\"target\":[\"https:\/\/apuliapraia-hotel.com\/de\/region\/muehlen-von-apulia\/\"]}]},{\"@type\":\"ImageObject\",\"inLanguage\":\"de-DE\",\"@id\":\"https:\/\/apuliapraia-hotel.com\/de\/region\/muehlen-von-apulia\/#primaryimage\",\"url\":\"https:\/\/apuliapraia-hotel.com\/wp-content\/uploads\/sites\/512\/2023\/02\/Moinhos-da-Apulia.png\",\"contentUrl\":\"https:\/\/apuliapraia-hotel.com\/wp-content\/uploads\/sites\/512\/2023\/02\/Moinhos-da-Apulia.png\",\"width\":1200,\"height\":800,\"caption\":\"Fotografia de Pedro Figueiredo\"},{\"@type\":\"BreadcrumbList\",\"@id\":\"https:\/\/apuliapraia-hotel.com\/de\/region\/muehlen-von-apulia\/#breadcrumb\",\"itemListElement\":[{\"@type\":\"ListItem\",\"position\":1,\"name\":\"Home\",\"item\":\"https:\/\/apuliapraia-hotel.com\/de\/\"},{\"@type\":\"ListItem\",\"position\":2,\"name\":\"Region\",\"item\":\"https:\/\/apuliapraia-hotel.com\/de\/region\/\"},{\"@type\":\"ListItem\",\"position\":3,\"name\":\"M\u00fchlen von Ap\u00falia\"}]},{\"@type\":\"WebSite\",\"@id\":\"https:\/\/apuliapraia-hotel.com\/de\/#website\",\"url\":\"https:\/\/apuliapraia-hotel.com\/de\/\",\"name\":\"Apulia Praia Hotel\",\"description\":\"\",\"potentialAction\":[{\"@type\":\"SearchAction\",\"target\":{\"@type\":\"EntryPoint\",\"urlTemplate\":\"https:\/\/apuliapraia-hotel.com\/de\/?s={search_term_string}\"},\"query-input\":{\"@type\":\"PropertyValueSpecification\",\"valueRequired\":true,\"valueName\":\"search_term_string\"}}],\"inLanguage\":\"de-DE\"}]}<\/script>\n<!-- \/ Yoast SEO plugin. -->","yoast_head_json":{"title":"M\u00fchlen von Ap\u00falia - Apulia Praia Hotel -","description":"Die M\u00fchlen befinden sich am au\u00dfergew\u00f6hnlichen Strand von Apulien , ganz in der N\u00e4he des Meeres und bringen die Sch\u00f6nheit der Region mit sich. Die f\u00fcnf in einer Reihe angeordneten Windm\u00fchlen haben der Getreidemahlung gedient","robots":{"index":"index","follow":"follow","max-snippet":"max-snippet:-1","max-image-preview":"max-image-preview:large","max-video-preview":"max-video-preview:-1"},"canonical":"https:\/\/apuliapraia-hotel.com\/de\/region\/muehlen-von-apulia\/","og_locale":"de_DE","og_type":"article","og_title":"M\u00fchlen von Ap\u00falia - Apulia Praia Hotel -","og_description":"Die M\u00fchlen befinden sich am au\u00dfergew\u00f6hnlichen Strand von Apulien , ganz in der N\u00e4he des Meeres und bringen die Sch\u00f6nheit der Region mit sich. Die f\u00fcnf in einer Reihe angeordneten Windm\u00fchlen haben der Getreidemahlung gedient","og_url":"https:\/\/apuliapraia-hotel.com\/de\/region\/muehlen-von-apulia\/","og_site_name":"Apulia Praia Hotel","article_modified_time":"2023-07-24T14:54:02+00:00","og_image":[{"width":1200,"height":800,"url":"https:\/\/apuliapraia-hotel.com\/wp-content\/uploads\/sites\/512\/2023\/02\/Moinhos-da-Apulia.png","type":"image\/png"}],"twitter_card":"summary_large_image","twitter_misc":{"Gesch\u00e4tzte Lesezeit":"1 Minute"},"schema":{"@context":"https:\/\/schema.org","@graph":[{"@type":"WebPage","@id":"https:\/\/apuliapraia-hotel.com\/de\/region\/muehlen-von-apulia\/","url":"https:\/\/apuliapraia-hotel.com\/de\/region\/muehlen-von-apulia\/","name":"M\u00fchlen von Ap\u00falia - Apulia Praia Hotel -","isPartOf":{"@id":"https:\/\/apuliapraia-hotel.com\/de\/#website"},"primaryImageOfPage":{"@id":"https:\/\/apuliapraia-hotel.com\/de\/region\/muehlen-von-apulia\/#primaryimage"},"image":{"@id":"https:\/\/apuliapraia-hotel.com\/de\/region\/muehlen-von-apulia\/#primaryimage"},"thumbnailUrl":"https:\/\/apuliapraia-hotel.com\/wp-content\/uploads\/sites\/512\/2023\/02\/Moinhos-da-Apulia.png","datePublished":"2023-07-24T14:53:00+00:00","dateModified":"2023-07-24T14:54:02+00:00","description":"Die M\u00fchlen befinden sich am au\u00dfergew\u00f6hnlichen Strand von Apulien , ganz in der N\u00e4he des Meeres und bringen die Sch\u00f6nheit der Region mit sich. Die f\u00fcnf in einer Reihe angeordneten Windm\u00fchlen haben der Getreidemahlung gedient","breadcrumb":{"@id":"https:\/\/apuliapraia-hotel.com\/de\/region\/muehlen-von-apulia\/#breadcrumb"},"inLanguage":"de-DE","potentialAction":[{"@type":"ReadAction","target":["https:\/\/apuliapraia-hotel.com\/de\/region\/muehlen-von-apulia\/"]}]},{"@type":"ImageObject","inLanguage":"de-DE","@id":"https:\/\/apuliapraia-hotel.com\/de\/region\/muehlen-von-apulia\/#primaryimage","url":"https:\/\/apuliapraia-hotel.com\/wp-content\/uploads\/sites\/512\/2023\/02\/Moinhos-da-Apulia.png","contentUrl":"https:\/\/apuliapraia-hotel.com\/wp-content\/uploads\/sites\/512\/2023\/02\/Moinhos-da-Apulia.png","width":1200,"height":800,"caption":"Fotografia de Pedro Figueiredo"},{"@type":"BreadcrumbList","@id":"https:\/\/apuliapraia-hotel.com\/de\/region\/muehlen-von-apulia\/#breadcrumb","itemListElement":[{"@type":"ListItem","position":1,"name":"Home","item":"https:\/\/apuliapraia-hotel.com\/de\/"},{"@type":"ListItem","position":2,"name":"Region","item":"https:\/\/apuliapraia-hotel.com\/de\/region\/"},{"@type":"ListItem","position":3,"name":"M\u00fchlen von Ap\u00falia"}]},{"@type":"WebSite","@id":"https:\/\/apuliapraia-hotel.com\/de\/#website","url":"https:\/\/apuliapraia-hotel.com\/de\/","name":"Apulia Praia Hotel","description":"","potentialAction":[{"@type":"SearchAction","target":{"@type":"EntryPoint","urlTemplate":"https:\/\/apuliapraia-hotel.com\/de\/?s={search_term_string}"},"query-input":{"@type":"PropertyValueSpecification","valueRequired":true,"valueName":"search_term_string"}}],"inLanguage":"de-DE"}]}},"acf":[],"_links":{"self":[{"href":"https:\/\/apuliapraia-hotel.com\/de\/wp-json\/wp\/v2\/pages\/816","targetHints":{"allow":["GET"]}}],"collection":[{"href":"https:\/\/apuliapraia-hotel.com\/de\/wp-json\/wp\/v2\/pages"}],"about":[{"href":"https:\/\/apuliapraia-hotel.com\/de\/wp-json\/wp\/v2\/types\/page"}],"author":[{"embeddable":true,"href":"https:\/\/apuliapraia-hotel.com\/de\/wp-json\/wp\/v2\/users\/565"}],"replies":[{"embeddable":true,"href":"https:\/\/apuliapraia-hotel.com\/de\/wp-json\/wp\/v2\/comments?post=816"}],"version-history":[{"count":0,"href":"https:\/\/apuliapraia-hotel.com\/de\/wp-json\/wp\/v2\/pages\/816\/revisions"}],"up":[{"embeddable":true,"href":"https:\/\/apuliapraia-hotel.com\/de\/wp-json\/wp\/v2\/pages\/815"}],"wp:featuredmedia":[{"embeddable":true,"href":"https:\/\/apuliapraia-hotel.com\/de\/wp-json\/wp\/v2\/media\/363"}],"wp:attachment":[{"href":"https:\/\/apuliapraia-hotel.com\/de\/wp-json\/wp\/v2\/media?parent=816"}],"curies":[{"name":"wp","href":"https:\/\/api.w.org\/{rel}","templated":true}]}}