{"id":800,"date":"2023-07-24T13:15:55","date_gmt":"2023-07-24T13:15:55","guid":{"rendered":"https:\/\/apuliapraia-hotel.com\/?page_id=800"},"modified":"2023-07-24T13:19:41","modified_gmt":"2023-07-24T13:19:41","slug":"geschenksgutschein-95e","status":"publish","type":"page","link":"https:\/\/apuliapraia-hotel.com\/de\/789-2\/geschenksgutschein-95e\/","title":{"rendered":"Geschenksgutschein 95\u20ac"},"content":{"rendered":"<p>Das Apulia Praia Hotel hilft Ihnen die besten Geschenke zu organisieren, voll von Bequemlichkeit, Freundlichkeit und Qualit\u00e4t. Verschenken Sie einen Geschenkgutschein im Wert von 95\u20ac, welcher f\u00fcr einen bequemen Aufenthalt im Apulia Praia Hotel, f\u00fcr alle Annehmlichkeiten und einzigartige Erlebnisse mit unseren Partnern verwendet werden kann.<\/p>\n<p><strong>Wie kann man diesen E-Gutschein verwenden?<\/strong><\/p>\n<ul>\n<li>Eine Nacht in einer Unterkunft mit Halbpension f\u00fcr zwei Personen in einem Zwei- \/ Dreibettzimmer (h\u00e4ngt von den gebuchten Daten ab \u2013 Wenn die Unterkunft mehr kostet als der Wert am E-Gutschein, wird die Differenz als Zahlung verlangt).<\/li>\n<li>Als einen Rabatt f\u00fcr andere Aufenthalte in unterschiedlichen R\u00e4umen und Unterkunftvereinbarungen im Apulia Praia Hotel.<\/li>\n<li>Als einen Rabatt f\u00fcr jeden Zuschlag ihres Aufenthalts, beinhaltet Erfahrungen mit unseren Partnern und direktes Buchen bei unserer Rezeption.<\/li>\n<\/ul>\n","protected":false},"excerpt":{"rendered":"<p>Das Apulia Praia Hotel hilft Ihnen die besten Geschenke zu organisieren, voll von Bequemlichkeit, Freundlichkeit und Qualit\u00e4t. Verschenken Sie einen Geschenkgutschein im Wert von 95\u20ac, welcher f\u00fcr einen bequemen Aufenthalt im Apulia Praia Hotel, f\u00fcr alle Annehmlichkeiten und einzigartige Erlebnisse mit unseren Partnern verwendet werden kann. Wie kann man diesen E-Gutschein verwenden? Eine Nacht in [&hellip;]<\/p>\n","protected":false},"author":565,"featured_media":513,"parent":789,"menu_order":25,"comment_status":"closed","ping_status":"closed","template":"template-voucher.php","meta":{"footnotes":""},"class_list":["post-800","page","type-page","status-publish","has-post-thumbnail","hentry"],"yoast_head":"<!-- This site is optimized with the Yoast SEO plugin v26.9 - https:\/\/yoast.com\/product\/yoast-seo-wordpress\/ -->\n<title>Geschenksgutschein 95\u20ac - Apulia Praia Hotel -<\/title>\n<meta name=\"description\" content=\"Das Apulia Praia Hotel hilft Ihnen die besten Geschenke zu organisieren, voll von Bequemlichkeit, Freundlichkeit und Qualit\u00e4t. Verschenken Sie einen Geschenkgutschein im Wert von 95\u20ac, welcher f\u00fcr einen bequemen Aufenthalt im Apulia Praia Hotel, f\u00fcr alle Annehmlichkeiten und einzigartige Erlebnisse mit unseren Partnern verwendet werden kann.  Wie kann man diesen E-Gutschein verwenden?   Eine Nacht in einer Unterkunft mit Halbpension f\u00fcr zwei Personen in einem Zwei- \/ Dreibettzimmer (h\u00e4ngt von den gebuchten Daten ab \u2013 Wenn die Unterkunft mehr kostet als der Wert am E-Gutschein, wird die Differenz als Zahlung verlangt).  Als einen Rabatt f\u00fcr andere Aufenthalte in unterschiedlichen R\u00e4umen und Unterkunftvereinbarungen im Apulia Praia Hotel.  Als einen Rabatt f\u00fcr jeden Zuschlag ihres Aufenthalts, beinhaltet Erfahrungen mit unseren Partnern und direktes Buchen bei unserer Rezeption.\" \/>\n<meta name=\"robots\" content=\"index, follow, max-snippet:-1, max-image-preview:large, max-video-preview:-1\" \/>\n<link rel=\"canonical\" href=\"https:\/\/apuliapraia-hotel.com\/de\/789-2\/geschenksgutschein-95e\/\" \/>\n<meta property=\"og:locale\" content=\"de_DE\" \/>\n<meta property=\"og:type\" content=\"article\" \/>\n<meta property=\"og:title\" content=\"Geschenksgutschein 95\u20ac - Apulia Praia Hotel -\" \/>\n<meta property=\"og:description\" content=\"Das Apulia Praia Hotel hilft Ihnen die besten Geschenke zu organisieren, voll von Bequemlichkeit, Freundlichkeit und Qualit\u00e4t. Verschenken Sie einen Geschenkgutschein im Wert von 95\u20ac, welcher f\u00fcr einen bequemen Aufenthalt im Apulia Praia Hotel, f\u00fcr alle Annehmlichkeiten und einzigartige Erlebnisse mit unseren Partnern verwendet werden kann.  Wie kann man diesen E-Gutschein verwenden?   Eine Nacht in einer Unterkunft mit Halbpension f\u00fcr zwei Personen in einem Zwei- \/ Dreibettzimmer (h\u00e4ngt von den gebuchten Daten ab \u2013 Wenn die Unterkunft mehr kostet als der Wert am E-Gutschein, wird die Differenz als Zahlung verlangt).  Als einen Rabatt f\u00fcr andere Aufenthalte in unterschiedlichen R\u00e4umen und Unterkunftvereinbarungen im Apulia Praia Hotel.  Als einen Rabatt f\u00fcr jeden Zuschlag ihres Aufenthalts, beinhaltet Erfahrungen mit unseren Partnern und direktes Buchen bei unserer Rezeption.\" \/>\n<meta property=\"og:url\" content=\"https:\/\/apuliapraia-hotel.com\/de\/789-2\/geschenksgutschein-95e\/\" \/>\n<meta property=\"og:site_name\" content=\"Apulia Praia Hotel\" \/>\n<meta property=\"article:modified_time\" content=\"2023-07-24T13:19:41+00:00\" \/>\n<meta property=\"og:image\" content=\"https:\/\/apuliapraia-hotel.com\/wp-content\/uploads\/sites\/512\/2023\/03\/Voucher95-1.png\" \/>\n\t<meta property=\"og:image:width\" content=\"1200\" \/>\n\t<meta property=\"og:image:height\" content=\"800\" \/>\n\t<meta property=\"og:image:type\" content=\"image\/png\" \/>\n<meta name=\"twitter:card\" content=\"summary_large_image\" \/>\n<meta name=\"twitter:label1\" content=\"Gesch\u00e4tzte Lesezeit\" \/>\n\t<meta name=\"twitter:data1\" content=\"1 Minute\" \/>\n<script type=\"application\/ld+json\" class=\"yoast-schema-graph\">{\"@context\":\"https:\/\/schema.org\",\"@graph\":[{\"@type\":\"WebPage\",\"@id\":\"https:\/\/apuliapraia-hotel.com\/de\/789-2\/geschenksgutschein-95e\/\",\"url\":\"https:\/\/apuliapraia-hotel.com\/de\/789-2\/geschenksgutschein-95e\/\",\"name\":\"Geschenksgutschein 95\u20ac - Apulia Praia Hotel -\",\"isPartOf\":{\"@id\":\"https:\/\/apuliapraia-hotel.com\/de\/#website\"},\"primaryImageOfPage\":{\"@id\":\"https:\/\/apuliapraia-hotel.com\/de\/789-2\/geschenksgutschein-95e\/#primaryimage\"},\"image\":{\"@id\":\"https:\/\/apuliapraia-hotel.com\/de\/789-2\/geschenksgutschein-95e\/#primaryimage\"},\"thumbnailUrl\":\"https:\/\/apuliapraia-hotel.com\/wp-content\/uploads\/sites\/512\/2023\/03\/Voucher95-1.png\",\"datePublished\":\"2023-07-24T13:15:55+00:00\",\"dateModified\":\"2023-07-24T13:19:41+00:00\",\"description\":\"Das Apulia Praia Hotel hilft Ihnen die besten Geschenke zu organisieren, voll von Bequemlichkeit, Freundlichkeit und Qualit\u00e4t. Verschenken Sie einen Geschenkgutschein im Wert von 95\u20ac, welcher f\u00fcr einen bequemen Aufenthalt im Apulia Praia Hotel, f\u00fcr alle Annehmlichkeiten und einzigartige Erlebnisse mit unseren Partnern verwendet werden kann. Wie kann man diesen E-Gutschein verwenden? \u2022 Eine Nacht in einer Unterkunft mit Halbpension f\u00fcr zwei Personen in einem Zwei- \/ Dreibettzimmer (h\u00e4ngt von den gebuchten Daten ab \u2013 Wenn die Unterkunft mehr kostet als der Wert am E-Gutschein, wird die Differenz als Zahlung verlangt). \u2022 Als einen Rabatt f\u00fcr andere Aufenthalte in unterschiedlichen R\u00e4umen und Unterkunftvereinbarungen im Apulia Praia Hotel. \u2022 Als einen Rabatt f\u00fcr jeden Zuschlag ihres Aufenthalts, beinhaltet Erfahrungen mit unseren Partnern und direktes Buchen bei unserer Rezeption.\",\"breadcrumb\":{\"@id\":\"https:\/\/apuliapraia-hotel.com\/de\/789-2\/geschenksgutschein-95e\/#breadcrumb\"},\"inLanguage\":\"de-DE\",\"potentialAction\":[{\"@type\":\"ReadAction\",\"target\":[\"https:\/\/apuliapraia-hotel.com\/de\/789-2\/geschenksgutschein-95e\/\"]}]},{\"@type\":\"ImageObject\",\"inLanguage\":\"de-DE\",\"@id\":\"https:\/\/apuliapraia-hotel.com\/de\/789-2\/geschenksgutschein-95e\/#primaryimage\",\"url\":\"https:\/\/apuliapraia-hotel.com\/wp-content\/uploads\/sites\/512\/2023\/03\/Voucher95-1.png\",\"contentUrl\":\"https:\/\/apuliapraia-hotel.com\/wp-content\/uploads\/sites\/512\/2023\/03\/Voucher95-1.png\",\"width\":1200,\"height\":800},{\"@type\":\"BreadcrumbList\",\"@id\":\"https:\/\/apuliapraia-hotel.com\/de\/789-2\/geschenksgutschein-95e\/#breadcrumb\",\"itemListElement\":[{\"@type\":\"ListItem\",\"position\":1,\"name\":\"Home\",\"item\":\"https:\/\/apuliapraia-hotel.com\/de\/\"},{\"@type\":\"ListItem\",\"position\":2,\"name\":\"Erlebnisse\",\"item\":\"https:\/\/apuliapraia-hotel.com\/de\/789-2\/\"},{\"@type\":\"ListItem\",\"position\":3,\"name\":\"Geschenksgutschein 95\u20ac\"}]},{\"@type\":\"WebSite\",\"@id\":\"https:\/\/apuliapraia-hotel.com\/de\/#website\",\"url\":\"https:\/\/apuliapraia-hotel.com\/de\/\",\"name\":\"Apulia Praia Hotel\",\"description\":\"\",\"potentialAction\":[{\"@type\":\"SearchAction\",\"target\":{\"@type\":\"EntryPoint\",\"urlTemplate\":\"https:\/\/apuliapraia-hotel.com\/de\/?s={search_term_string}\"},\"query-input\":{\"@type\":\"PropertyValueSpecification\",\"valueRequired\":true,\"valueName\":\"search_term_string\"}}],\"inLanguage\":\"de-DE\"}]}<\/script>\n<!-- \/ Yoast SEO plugin. -->","yoast_head_json":{"title":"Geschenksgutschein 95\u20ac - Apulia Praia Hotel -","description":"Das Apulia Praia Hotel hilft Ihnen die besten Geschenke zu organisieren, voll von Bequemlichkeit, Freundlichkeit und Qualit\u00e4t. Verschenken Sie einen Geschenkgutschein im Wert von 95\u20ac, welcher f\u00fcr einen bequemen Aufenthalt im Apulia Praia Hotel, f\u00fcr alle Annehmlichkeiten und einzigartige Erlebnisse mit unseren Partnern verwendet werden kann.  Wie kann man diesen E-Gutschein verwenden?   Eine Nacht in einer Unterkunft mit Halbpension f\u00fcr zwei Personen in einem Zwei- \/ Dreibettzimmer (h\u00e4ngt von den gebuchten Daten ab \u2013 Wenn die Unterkunft mehr kostet als der Wert am E-Gutschein, wird die Differenz als Zahlung verlangt).  Als einen Rabatt f\u00fcr andere Aufenthalte in unterschiedlichen R\u00e4umen und Unterkunftvereinbarungen im Apulia Praia Hotel.  Als einen Rabatt f\u00fcr jeden Zuschlag ihres Aufenthalts, beinhaltet Erfahrungen mit unseren Partnern und direktes Buchen bei unserer Rezeption.","robots":{"index":"index","follow":"follow","max-snippet":"max-snippet:-1","max-image-preview":"max-image-preview:large","max-video-preview":"max-video-preview:-1"},"canonical":"https:\/\/apuliapraia-hotel.com\/de\/789-2\/geschenksgutschein-95e\/","og_locale":"de_DE","og_type":"article","og_title":"Geschenksgutschein 95\u20ac - Apulia Praia Hotel -","og_description":"Das Apulia Praia Hotel hilft Ihnen die besten Geschenke zu organisieren, voll von Bequemlichkeit, Freundlichkeit und Qualit\u00e4t. Verschenken Sie einen Geschenkgutschein im Wert von 95\u20ac, welcher f\u00fcr einen bequemen Aufenthalt im Apulia Praia Hotel, f\u00fcr alle Annehmlichkeiten und einzigartige Erlebnisse mit unseren Partnern verwendet werden kann.  Wie kann man diesen E-Gutschein verwenden?   Eine Nacht in einer Unterkunft mit Halbpension f\u00fcr zwei Personen in einem Zwei- \/ Dreibettzimmer (h\u00e4ngt von den gebuchten Daten ab \u2013 Wenn die Unterkunft mehr kostet als der Wert am E-Gutschein, wird die Differenz als Zahlung verlangt).  Als einen Rabatt f\u00fcr andere Aufenthalte in unterschiedlichen R\u00e4umen und Unterkunftvereinbarungen im Apulia Praia Hotel.  Als einen Rabatt f\u00fcr jeden Zuschlag ihres Aufenthalts, beinhaltet Erfahrungen mit unseren Partnern und direktes Buchen bei unserer Rezeption.","og_url":"https:\/\/apuliapraia-hotel.com\/de\/789-2\/geschenksgutschein-95e\/","og_site_name":"Apulia Praia Hotel","article_modified_time":"2023-07-24T13:19:41+00:00","og_image":[{"width":1200,"height":800,"url":"https:\/\/apuliapraia-hotel.com\/wp-content\/uploads\/sites\/512\/2023\/03\/Voucher95-1.png","type":"image\/png"}],"twitter_card":"summary_large_image","twitter_misc":{"Gesch\u00e4tzte Lesezeit":"1 Minute"},"schema":{"@context":"https:\/\/schema.org","@graph":[{"@type":"WebPage","@id":"https:\/\/apuliapraia-hotel.com\/de\/789-2\/geschenksgutschein-95e\/","url":"https:\/\/apuliapraia-hotel.com\/de\/789-2\/geschenksgutschein-95e\/","name":"Geschenksgutschein 95\u20ac - Apulia Praia Hotel -","isPartOf":{"@id":"https:\/\/apuliapraia-hotel.com\/de\/#website"},"primaryImageOfPage":{"@id":"https:\/\/apuliapraia-hotel.com\/de\/789-2\/geschenksgutschein-95e\/#primaryimage"},"image":{"@id":"https:\/\/apuliapraia-hotel.com\/de\/789-2\/geschenksgutschein-95e\/#primaryimage"},"thumbnailUrl":"https:\/\/apuliapraia-hotel.com\/wp-content\/uploads\/sites\/512\/2023\/03\/Voucher95-1.png","datePublished":"2023-07-24T13:15:55+00:00","dateModified":"2023-07-24T13:19:41+00:00","description":"Das Apulia Praia Hotel hilft Ihnen die besten Geschenke zu organisieren, voll von Bequemlichkeit, Freundlichkeit und Qualit\u00e4t. Verschenken Sie einen Geschenkgutschein im Wert von 95\u20ac, welcher f\u00fcr einen bequemen Aufenthalt im Apulia Praia Hotel, f\u00fcr alle Annehmlichkeiten und einzigartige Erlebnisse mit unseren Partnern verwendet werden kann. Wie kann man diesen E-Gutschein verwenden? \u2022 Eine Nacht in einer Unterkunft mit Halbpension f\u00fcr zwei Personen in einem Zwei- \/ Dreibettzimmer (h\u00e4ngt von den gebuchten Daten ab \u2013 Wenn die Unterkunft mehr kostet als der Wert am E-Gutschein, wird die Differenz als Zahlung verlangt). \u2022 Als einen Rabatt f\u00fcr andere Aufenthalte in unterschiedlichen R\u00e4umen und Unterkunftvereinbarungen im Apulia Praia Hotel. \u2022 Als einen Rabatt f\u00fcr jeden Zuschlag ihres Aufenthalts, beinhaltet Erfahrungen mit unseren Partnern und direktes Buchen bei unserer Rezeption.","breadcrumb":{"@id":"https:\/\/apuliapraia-hotel.com\/de\/789-2\/geschenksgutschein-95e\/#breadcrumb"},"inLanguage":"de-DE","potentialAction":[{"@type":"ReadAction","target":["https:\/\/apuliapraia-hotel.com\/de\/789-2\/geschenksgutschein-95e\/"]}]},{"@type":"ImageObject","inLanguage":"de-DE","@id":"https:\/\/apuliapraia-hotel.com\/de\/789-2\/geschenksgutschein-95e\/#primaryimage","url":"https:\/\/apuliapraia-hotel.com\/wp-content\/uploads\/sites\/512\/2023\/03\/Voucher95-1.png","contentUrl":"https:\/\/apuliapraia-hotel.com\/wp-content\/uploads\/sites\/512\/2023\/03\/Voucher95-1.png","width":1200,"height":800},{"@type":"BreadcrumbList","@id":"https:\/\/apuliapraia-hotel.com\/de\/789-2\/geschenksgutschein-95e\/#breadcrumb","itemListElement":[{"@type":"ListItem","position":1,"name":"Home","item":"https:\/\/apuliapraia-hotel.com\/de\/"},{"@type":"ListItem","position":2,"name":"Erlebnisse","item":"https:\/\/apuliapraia-hotel.com\/de\/789-2\/"},{"@type":"ListItem","position":3,"name":"Geschenksgutschein 95\u20ac"}]},{"@type":"WebSite","@id":"https:\/\/apuliapraia-hotel.com\/de\/#website","url":"https:\/\/apuliapraia-hotel.com\/de\/","name":"Apulia Praia Hotel","description":"","potentialAction":[{"@type":"SearchAction","target":{"@type":"EntryPoint","urlTemplate":"https:\/\/apuliapraia-hotel.com\/de\/?s={search_term_string}"},"query-input":{"@type":"PropertyValueSpecification","valueRequired":true,"valueName":"search_term_string"}}],"inLanguage":"de-DE"}]}},"acf":[],"_links":{"self":[{"href":"https:\/\/apuliapraia-hotel.com\/de\/wp-json\/wp\/v2\/pages\/800","targetHints":{"allow":["GET"]}}],"collection":[{"href":"https:\/\/apuliapraia-hotel.com\/de\/wp-json\/wp\/v2\/pages"}],"about":[{"href":"https:\/\/apuliapraia-hotel.com\/de\/wp-json\/wp\/v2\/types\/page"}],"author":[{"embeddable":true,"href":"https:\/\/apuliapraia-hotel.com\/de\/wp-json\/wp\/v2\/users\/565"}],"replies":[{"embeddable":true,"href":"https:\/\/apuliapraia-hotel.com\/de\/wp-json\/wp\/v2\/comments?post=800"}],"version-history":[{"count":0,"href":"https:\/\/apuliapraia-hotel.com\/de\/wp-json\/wp\/v2\/pages\/800\/revisions"}],"up":[{"embeddable":true,"href":"https:\/\/apuliapraia-hotel.com\/de\/wp-json\/wp\/v2\/pages\/789"}],"wp:featuredmedia":[{"embeddable":true,"href":"https:\/\/apuliapraia-hotel.com\/de\/wp-json\/wp\/v2\/media\/513"}],"wp:attachment":[{"href":"https:\/\/apuliapraia-hotel.com\/de\/wp-json\/wp\/v2\/media?parent=800"}],"curies":[{"name":"wp","href":"https:\/\/api.w.org\/{rel}","templated":true}]}}