{"id":796,"date":"2023-07-24T11:29:18","date_gmt":"2023-07-24T11:29:18","guid":{"rendered":"https:\/\/apuliapraia-hotel.com\/?page_id=796"},"modified":"2025-07-22T16:55:08","modified_gmt":"2025-07-22T16:55:08","slug":"ueber-uns","status":"publish","type":"page","link":"https:\/\/apuliapraia-hotel.com\/de\/ueber-uns\/","title":{"rendered":"\u00dcber uns"},"content":{"rendered":"<p><span style=\"vertical-align: inherit\"><span style=\"vertical-align: inherit\">Das Apulia Praia Hotel ist ein <\/span><\/span><strong><span style=\"vertical-align: inherit\"><span style=\"vertical-align: inherit\">kleines Familienhotel im malerischen Dorf Apulia<\/span><\/span><\/strong><span style=\"vertical-align: inherit\"><span style=\"vertical-align: inherit\"> in Esposende, nur 400 Meter vom Strand entfernt. <\/span><span style=\"vertical-align: inherit\">Umgeben von gro\u00dfartigen lokalen Restaurants und touristischen Aktivit\u00e4ten bietet dieses Hotel von seiner hervorragenden Lage, die f\u00fcr diejenigen, die sich f\u00fcr diesen Ort entscheiden, zahlreiche Vorteile. <\/span><span style=\"vertical-align: inherit\">Das Hotel ist aufgrund seiner geografischen Lage ein Bezugspunkt f\u00fcr jene, die den <\/span><\/span><strong><span style=\"vertical-align: inherit\"><span style=\"vertical-align: inherit\">Camino de Santiago (Jakobsweg)<\/span><\/span><\/strong><span style=\"vertical-align: inherit\"><span style=\"vertical-align: inherit\"> gehen, und empf\u00e4ngt das ganze Jahr \u00fcber Hunderte von Pilgern.<br \/>\nZus\u00e4tzlich steht unseren G\u00e4sten das \u00f6rtliche Gesundheitszentrum \u2013 der Gesundheitsst\u00fctzpunkt Ap\u00falia der USF EntreMar\u00e9s \u2013 nur etwa 5 Gehminuten vom Hotel entfernt zur Verf\u00fcgung und bietet schnellen Zugang zu grundlegender medizinischer Versorgung, wann immer n\u00f6tig.<br \/>\n<\/span><\/span><\/p>\n","protected":false},"excerpt":{"rendered":"<p>Das Apulia Praia Hotel ist ein kleines Familienhotel im malerischen Dorf Apulia in Esposende, nur 400 Meter vom Strand entfernt. Umgeben von gro\u00dfartigen lokalen Restaurants und touristischen Aktivit\u00e4ten bietet dieses Hotel von seiner hervorragenden Lage, die f\u00fcr diejenigen, die sich f\u00fcr diesen Ort entscheiden, zahlreiche Vorteile. Das Hotel ist aufgrund seiner geografischen Lage ein Bezugspunkt [&hellip;]<\/p>\n","protected":false},"author":565,"featured_media":260,"parent":0,"menu_order":0,"comment_status":"closed","ping_status":"closed","template":"template-default-3.php","meta":{"footnotes":""},"class_list":["post-796","page","type-page","status-publish","has-post-thumbnail","hentry"],"yoast_head":"<!-- This site is optimized with the Yoast SEO plugin v26.9 - https:\/\/yoast.com\/product\/yoast-seo-wordpress\/ -->\n<title>\u00dcber uns - Apulia Praia Hotel -<\/title>\n<meta name=\"description\" content=\"Das Apulia Praia Hotel ist ein kleines Familienhotel im malerischen Dorf Apulia in Esposende, nur 400 Meter vom Strand entfernt. Umgeben von gro\u00dfartigen lokalen Restaurants und touristischen Aktivit\u00e4ten bietet dieses Hotel von seiner hervorragenden Lage, die f\u00fcr diejenigen, die sich f\u00fcr diesen Ort entscheiden, zahlreiche Vorteile\" \/>\n<meta name=\"robots\" content=\"index, follow, max-snippet:-1, max-image-preview:large, max-video-preview:-1\" \/>\n<link rel=\"canonical\" href=\"https:\/\/apuliapraia-hotel.com\/de\/ueber-uns\/\" \/>\n<meta property=\"og:locale\" content=\"de_DE\" \/>\n<meta property=\"og:type\" content=\"article\" \/>\n<meta property=\"og:title\" content=\"\u00dcber uns - Apulia Praia Hotel -\" \/>\n<meta property=\"og:description\" content=\"Das Apulia Praia Hotel ist ein kleines Familienhotel im malerischen Dorf Apulia in Esposende, nur 400 Meter vom Strand entfernt. Umgeben von gro\u00dfartigen lokalen Restaurants und touristischen Aktivit\u00e4ten bietet dieses Hotel von seiner hervorragenden Lage, die f\u00fcr diejenigen, die sich f\u00fcr diesen Ort entscheiden, zahlreiche Vorteile\" \/>\n<meta property=\"og:url\" content=\"https:\/\/apuliapraia-hotel.com\/de\/ueber-uns\/\" \/>\n<meta property=\"og:site_name\" content=\"Apulia Praia Hotel\" \/>\n<meta property=\"article:modified_time\" content=\"2025-07-22T16:55:08+00:00\" \/>\n<meta property=\"og:image\" content=\"https:\/\/apuliapraia-hotel.com\/wp-content\/uploads\/sites\/512\/2023\/01\/home_slide_02.jpg\" \/>\n\t<meta property=\"og:image:width\" content=\"2200\" \/>\n\t<meta property=\"og:image:height\" content=\"1467\" \/>\n\t<meta property=\"og:image:type\" content=\"image\/jpeg\" \/>\n<meta name=\"twitter:card\" content=\"summary_large_image\" \/>\n<meta name=\"twitter:label1\" content=\"Gesch\u00e4tzte Lesezeit\" \/>\n\t<meta name=\"twitter:data1\" content=\"1 Minute\" \/>\n<script type=\"application\/ld+json\" class=\"yoast-schema-graph\">{\"@context\":\"https:\/\/schema.org\",\"@graph\":[{\"@type\":\"WebPage\",\"@id\":\"https:\/\/apuliapraia-hotel.com\/de\/ueber-uns\/\",\"url\":\"https:\/\/apuliapraia-hotel.com\/de\/ueber-uns\/\",\"name\":\"\u00dcber uns - Apulia Praia Hotel -\",\"isPartOf\":{\"@id\":\"https:\/\/apuliapraia-hotel.com\/de\/#website\"},\"primaryImageOfPage\":{\"@id\":\"https:\/\/apuliapraia-hotel.com\/de\/ueber-uns\/#primaryimage\"},\"image\":{\"@id\":\"https:\/\/apuliapraia-hotel.com\/de\/ueber-uns\/#primaryimage\"},\"thumbnailUrl\":\"https:\/\/apuliapraia-hotel.com\/wp-content\/uploads\/sites\/512\/2023\/01\/home_slide_02.jpg\",\"datePublished\":\"2023-07-24T11:29:18+00:00\",\"dateModified\":\"2025-07-22T16:55:08+00:00\",\"description\":\"Das Apulia Praia Hotel ist ein kleines Familienhotel im malerischen Dorf Apulia in Esposende, nur 400 Meter vom Strand entfernt. Umgeben von gro\u00dfartigen lokalen Restaurants und touristischen Aktivit\u00e4ten bietet dieses Hotel von seiner hervorragenden Lage, die f\u00fcr diejenigen, die sich f\u00fcr diesen Ort entscheiden, zahlreiche Vorteile\",\"breadcrumb\":{\"@id\":\"https:\/\/apuliapraia-hotel.com\/de\/ueber-uns\/#breadcrumb\"},\"inLanguage\":\"de-DE\",\"potentialAction\":[{\"@type\":\"ReadAction\",\"target\":[\"https:\/\/apuliapraia-hotel.com\/de\/ueber-uns\/\"]}]},{\"@type\":\"ImageObject\",\"inLanguage\":\"de-DE\",\"@id\":\"https:\/\/apuliapraia-hotel.com\/de\/ueber-uns\/#primaryimage\",\"url\":\"https:\/\/apuliapraia-hotel.com\/wp-content\/uploads\/sites\/512\/2023\/01\/home_slide_02.jpg\",\"contentUrl\":\"https:\/\/apuliapraia-hotel.com\/wp-content\/uploads\/sites\/512\/2023\/01\/home_slide_02.jpg\",\"width\":2200,\"height\":1467},{\"@type\":\"BreadcrumbList\",\"@id\":\"https:\/\/apuliapraia-hotel.com\/de\/ueber-uns\/#breadcrumb\",\"itemListElement\":[{\"@type\":\"ListItem\",\"position\":1,\"name\":\"Home\",\"item\":\"https:\/\/apuliapraia-hotel.com\/de\/\"},{\"@type\":\"ListItem\",\"position\":2,\"name\":\"\u00dcber uns\"}]},{\"@type\":\"WebSite\",\"@id\":\"https:\/\/apuliapraia-hotel.com\/de\/#website\",\"url\":\"https:\/\/apuliapraia-hotel.com\/de\/\",\"name\":\"Apulia Praia Hotel\",\"description\":\"\",\"potentialAction\":[{\"@type\":\"SearchAction\",\"target\":{\"@type\":\"EntryPoint\",\"urlTemplate\":\"https:\/\/apuliapraia-hotel.com\/de\/?s={search_term_string}\"},\"query-input\":{\"@type\":\"PropertyValueSpecification\",\"valueRequired\":true,\"valueName\":\"search_term_string\"}}],\"inLanguage\":\"de-DE\"}]}<\/script>\n<!-- \/ Yoast SEO plugin. -->","yoast_head_json":{"title":"\u00dcber uns - Apulia Praia Hotel -","description":"Das Apulia Praia Hotel ist ein kleines Familienhotel im malerischen Dorf Apulia in Esposende, nur 400 Meter vom Strand entfernt. Umgeben von gro\u00dfartigen lokalen Restaurants und touristischen Aktivit\u00e4ten bietet dieses Hotel von seiner hervorragenden Lage, die f\u00fcr diejenigen, die sich f\u00fcr diesen Ort entscheiden, zahlreiche Vorteile","robots":{"index":"index","follow":"follow","max-snippet":"max-snippet:-1","max-image-preview":"max-image-preview:large","max-video-preview":"max-video-preview:-1"},"canonical":"https:\/\/apuliapraia-hotel.com\/de\/ueber-uns\/","og_locale":"de_DE","og_type":"article","og_title":"\u00dcber uns - Apulia Praia Hotel -","og_description":"Das Apulia Praia Hotel ist ein kleines Familienhotel im malerischen Dorf Apulia in Esposende, nur 400 Meter vom Strand entfernt. Umgeben von gro\u00dfartigen lokalen Restaurants und touristischen Aktivit\u00e4ten bietet dieses Hotel von seiner hervorragenden Lage, die f\u00fcr diejenigen, die sich f\u00fcr diesen Ort entscheiden, zahlreiche Vorteile","og_url":"https:\/\/apuliapraia-hotel.com\/de\/ueber-uns\/","og_site_name":"Apulia Praia Hotel","article_modified_time":"2025-07-22T16:55:08+00:00","og_image":[{"width":2200,"height":1467,"url":"https:\/\/apuliapraia-hotel.com\/wp-content\/uploads\/sites\/512\/2023\/01\/home_slide_02.jpg","type":"image\/jpeg"}],"twitter_card":"summary_large_image","twitter_misc":{"Gesch\u00e4tzte Lesezeit":"1 Minute"},"schema":{"@context":"https:\/\/schema.org","@graph":[{"@type":"WebPage","@id":"https:\/\/apuliapraia-hotel.com\/de\/ueber-uns\/","url":"https:\/\/apuliapraia-hotel.com\/de\/ueber-uns\/","name":"\u00dcber uns - Apulia Praia Hotel -","isPartOf":{"@id":"https:\/\/apuliapraia-hotel.com\/de\/#website"},"primaryImageOfPage":{"@id":"https:\/\/apuliapraia-hotel.com\/de\/ueber-uns\/#primaryimage"},"image":{"@id":"https:\/\/apuliapraia-hotel.com\/de\/ueber-uns\/#primaryimage"},"thumbnailUrl":"https:\/\/apuliapraia-hotel.com\/wp-content\/uploads\/sites\/512\/2023\/01\/home_slide_02.jpg","datePublished":"2023-07-24T11:29:18+00:00","dateModified":"2025-07-22T16:55:08+00:00","description":"Das Apulia Praia Hotel ist ein kleines Familienhotel im malerischen Dorf Apulia in Esposende, nur 400 Meter vom Strand entfernt. Umgeben von gro\u00dfartigen lokalen Restaurants und touristischen Aktivit\u00e4ten bietet dieses Hotel von seiner hervorragenden Lage, die f\u00fcr diejenigen, die sich f\u00fcr diesen Ort entscheiden, zahlreiche Vorteile","breadcrumb":{"@id":"https:\/\/apuliapraia-hotel.com\/de\/ueber-uns\/#breadcrumb"},"inLanguage":"de-DE","potentialAction":[{"@type":"ReadAction","target":["https:\/\/apuliapraia-hotel.com\/de\/ueber-uns\/"]}]},{"@type":"ImageObject","inLanguage":"de-DE","@id":"https:\/\/apuliapraia-hotel.com\/de\/ueber-uns\/#primaryimage","url":"https:\/\/apuliapraia-hotel.com\/wp-content\/uploads\/sites\/512\/2023\/01\/home_slide_02.jpg","contentUrl":"https:\/\/apuliapraia-hotel.com\/wp-content\/uploads\/sites\/512\/2023\/01\/home_slide_02.jpg","width":2200,"height":1467},{"@type":"BreadcrumbList","@id":"https:\/\/apuliapraia-hotel.com\/de\/ueber-uns\/#breadcrumb","itemListElement":[{"@type":"ListItem","position":1,"name":"Home","item":"https:\/\/apuliapraia-hotel.com\/de\/"},{"@type":"ListItem","position":2,"name":"\u00dcber uns"}]},{"@type":"WebSite","@id":"https:\/\/apuliapraia-hotel.com\/de\/#website","url":"https:\/\/apuliapraia-hotel.com\/de\/","name":"Apulia Praia Hotel","description":"","potentialAction":[{"@type":"SearchAction","target":{"@type":"EntryPoint","urlTemplate":"https:\/\/apuliapraia-hotel.com\/de\/?s={search_term_string}"},"query-input":{"@type":"PropertyValueSpecification","valueRequired":true,"valueName":"search_term_string"}}],"inLanguage":"de-DE"}]}},"acf":[],"_links":{"self":[{"href":"https:\/\/apuliapraia-hotel.com\/de\/wp-json\/wp\/v2\/pages\/796","targetHints":{"allow":["GET"]}}],"collection":[{"href":"https:\/\/apuliapraia-hotel.com\/de\/wp-json\/wp\/v2\/pages"}],"about":[{"href":"https:\/\/apuliapraia-hotel.com\/de\/wp-json\/wp\/v2\/types\/page"}],"author":[{"embeddable":true,"href":"https:\/\/apuliapraia-hotel.com\/de\/wp-json\/wp\/v2\/users\/565"}],"replies":[{"embeddable":true,"href":"https:\/\/apuliapraia-hotel.com\/de\/wp-json\/wp\/v2\/comments?post=796"}],"version-history":[{"count":0,"href":"https:\/\/apuliapraia-hotel.com\/de\/wp-json\/wp\/v2\/pages\/796\/revisions"}],"wp:featuredmedia":[{"embeddable":true,"href":"https:\/\/apuliapraia-hotel.com\/de\/wp-json\/wp\/v2\/media\/260"}],"wp:attachment":[{"href":"https:\/\/apuliapraia-hotel.com\/de\/wp-json\/wp\/v2\/media?parent=796"}],"curies":[{"name":"wp","href":"https:\/\/api.w.org\/{rel}","templated":true}]}}