{"id":789,"date":"2023-07-24T08:28:51","date_gmt":"2023-07-24T08:28:51","guid":{"rendered":"https:\/\/apuliapraia-hotel.com\/?page_id=789"},"modified":"2023-07-25T10:11:57","modified_gmt":"2023-07-25T10:11:57","slug":"789-2","status":"publish","type":"page","link":"https:\/\/apuliapraia-hotel.com\/de\/789-2\/","title":{"rendered":"Erlebnisse"},"content":{"rendered":"<p><span style=\"vertical-align: inherit\"><span style=\"vertical-align: inherit\"><span style=\"vertical-align: inherit\"><span style=\"vertical-align: inherit\"><span style=\"vertical-align: inherit\"><span style=\"vertical-align: inherit\"><span style=\"vertical-align: inherit\"><span style=\"vertical-align: inherit\">Kommen Sie und lassen Sie sich von den unz\u00e4hligen <\/span><\/span><\/span><\/span><\/span><\/span><\/span><\/span><strong><span style=\"vertical-align: inherit\"><span style=\"vertical-align: inherit\"><span style=\"vertical-align: inherit\"><span style=\"vertical-align: inherit\"><span style=\"vertical-align: inherit\"><span style=\"vertical-align: inherit\"><span style=\"vertical-align: inherit\"><span style=\"vertical-align: inherit\">Erlebnissen<\/span><\/span><\/span><\/span><\/span><\/span><\/span><\/span><\/strong><span style=\"vertical-align: inherit\"><span style=\"vertical-align: inherit\"><span style=\"vertical-align: inherit\"><span style=\"vertical-align: inherit\"><span style=\"vertical-align: inherit\"><span style=\"vertical-align: inherit\"><span style=\"vertical-align: inherit\"><span style=\"vertical-align: inherit\"> \u00fcberraschen, die unsere Region bietet. <\/span><\/span><\/span><\/span><\/span><\/span><\/span><span style=\"vertical-align: inherit\"><span style=\"vertical-align: inherit\"><span style=\"vertical-align: inherit\"><span style=\"vertical-align: inherit\"><span style=\"vertical-align: inherit\"><span style=\"vertical-align: inherit\"><span style=\"vertical-align: inherit\">Es erwarten Sie verschiedene Aktivit\u00e4ten sowohl am Tag als auch in der Nacht. <\/span><\/span><\/span><\/span><\/span><\/span><\/span><\/span><strong><span style=\"vertical-align: inherit\"><span style=\"vertical-align: inherit\"><span style=\"vertical-align: inherit\"><span style=\"vertical-align: inherit\"><span style=\"vertical-align: inherit\"><span style=\"vertical-align: inherit\"><span style=\"vertical-align: inherit\"><span style=\"vertical-align: inherit\">Lassen Sie sich von den Abenteuern hinrei\u00dfen<\/span><\/span><\/span><\/span><\/span><\/span><\/span><\/span><\/strong><span style=\"vertical-align: inherit\"><span style=\"vertical-align: inherit\"><span style=\"vertical-align: inherit\"><span style=\"vertical-align: inherit\"><span style=\"vertical-align: inherit\"><span style=\"vertical-align: inherit\"><span style=\"vertical-align: inherit\"><span style=\"vertical-align: inherit\"> und <\/span><\/span><\/span><\/span><\/span><\/span><\/span><\/span><strong><span style=\"vertical-align: inherit\"><span style=\"vertical-align: inherit\"><span style=\"vertical-align: inherit\"><span style=\"vertical-align: inherit\"><span style=\"vertical-align: inherit\"><span style=\"vertical-align: inherit\"><span style=\"vertical-align: inherit\"><span style=\"vertical-align: inherit\">erleben Sie neue Szenarien<\/span><\/span><\/span><\/span><\/span><\/span><\/span><\/span><\/strong><span style=\"vertical-align: inherit\"><span style=\"vertical-align: inherit\"><span style=\"vertical-align: inherit\"><span style=\"vertical-align: inherit\"><span style=\"vertical-align: inherit\"><span style=\"vertical-align: inherit\"><span style=\"vertical-align: inherit\"><span style=\"vertical-align: inherit\"> , <\/span><\/span><\/span><\/span><\/span><\/span><\/span><\/span><strong><span style=\"vertical-align: inherit\"><span style=\"vertical-align: inherit\"><span style=\"vertical-align: inherit\"><span style=\"vertical-align: inherit\"><span style=\"vertical-align: inherit\"><span style=\"vertical-align: inherit\"><span style=\"vertical-align: inherit\"><span style=\"vertical-align: inherit\">unterschiedliche Kochk\u00fcnste<\/span><\/span><\/span><\/span><\/span><\/span><\/span><\/span><\/strong><span style=\"vertical-align: inherit\"><span style=\"vertical-align: inherit\"><span style=\"vertical-align: inherit\"><span style=\"vertical-align: inherit\"><span style=\"vertical-align: inherit\"><span style=\"vertical-align: inherit\"><span style=\"vertical-align: inherit\"><span style=\"vertical-align: inherit\"> und unvergessliche Momente. <\/span><\/span><\/span><\/span><\/span><\/span><\/span><span style=\"vertical-align: inherit\"><span style=\"vertical-align: inherit\"><span style=\"vertical-align: inherit\"><span style=\"vertical-align: inherit\"><span style=\"vertical-align: inherit\"><span style=\"vertical-align: inherit\"><span style=\"vertical-align: inherit\">Im Apulia Praia Hotel haben Sie Zutritt zu allem und vielem mehr!<\/span><\/span><\/span><\/span><\/span><\/span><\/span><\/span><\/p>\n","protected":false},"excerpt":{"rendered":"<p>Kommen Sie und lassen Sie sich von den unz\u00e4hligen Erlebnissen \u00fcberraschen, die unsere Region bietet. Es erwarten Sie verschiedene Aktivit\u00e4ten sowohl am Tag als auch in der Nacht. Lassen Sie sich von den Abenteuern hinrei\u00dfen und erleben Sie neue Szenarien , unterschiedliche Kochk\u00fcnste und unvergessliche Momente. Im Apulia Praia Hotel haben Sie Zutritt zu allem [&hellip;]<\/p>\n","protected":false},"author":565,"featured_media":240,"parent":0,"menu_order":8,"comment_status":"closed","ping_status":"closed","template":"template-experiences.php","meta":{"footnotes":""},"class_list":["post-789","page","type-page","status-publish","has-post-thumbnail","hentry"],"yoast_head":"<!-- This site is optimized with the Yoast SEO plugin v26.9 - https:\/\/yoast.com\/product\/yoast-seo-wordpress\/ -->\n<title>Erlebnisse - Apulia Praia Hotel -<\/title>\n<meta name=\"description\" content=\"Kommen Sie und lassen Sie sich von den unz\u00e4hligen Erlebnissen \u00fcberraschen, die unsere Region bietet. Es erwarten Sie verschiedene Aktivit\u00e4ten sowohl am Tag als auch in der Nacht\" \/>\n<meta name=\"robots\" content=\"index, follow, max-snippet:-1, max-image-preview:large, max-video-preview:-1\" \/>\n<link rel=\"canonical\" href=\"https:\/\/apuliapraia-hotel.com\/de\/789-2\/\" \/>\n<meta property=\"og:locale\" content=\"de_DE\" \/>\n<meta property=\"og:type\" content=\"article\" \/>\n<meta property=\"og:title\" content=\"Erlebnisse - Apulia Praia Hotel -\" \/>\n<meta property=\"og:description\" content=\"Kommen Sie und lassen Sie sich von den unz\u00e4hligen Erlebnissen \u00fcberraschen, die unsere Region bietet. Es erwarten Sie verschiedene Aktivit\u00e4ten sowohl am Tag als auch in der Nacht\" \/>\n<meta property=\"og:url\" content=\"https:\/\/apuliapraia-hotel.com\/de\/789-2\/\" \/>\n<meta property=\"og:site_name\" content=\"Apulia Praia Hotel\" \/>\n<meta property=\"article:modified_time\" content=\"2023-07-25T10:11:57+00:00\" \/>\n<meta property=\"og:image\" content=\"https:\/\/apuliapraia-hotel.com\/wp-content\/uploads\/sites\/512\/2023\/01\/Experiencia-03.jpg\" \/>\n\t<meta property=\"og:image:width\" content=\"940\" \/>\n\t<meta property=\"og:image:height\" content=\"788\" \/>\n\t<meta property=\"og:image:type\" content=\"image\/jpeg\" \/>\n<meta name=\"twitter:card\" content=\"summary_large_image\" \/>\n<script type=\"application\/ld+json\" class=\"yoast-schema-graph\">{\"@context\":\"https:\/\/schema.org\",\"@graph\":[{\"@type\":\"WebPage\",\"@id\":\"https:\/\/apuliapraia-hotel.com\/de\/789-2\/\",\"url\":\"https:\/\/apuliapraia-hotel.com\/de\/789-2\/\",\"name\":\"Erlebnisse - Apulia Praia Hotel -\",\"isPartOf\":{\"@id\":\"https:\/\/apuliapraia-hotel.com\/de\/#website\"},\"primaryImageOfPage\":{\"@id\":\"https:\/\/apuliapraia-hotel.com\/de\/789-2\/#primaryimage\"},\"image\":{\"@id\":\"https:\/\/apuliapraia-hotel.com\/de\/789-2\/#primaryimage\"},\"thumbnailUrl\":\"https:\/\/apuliapraia-hotel.com\/wp-content\/uploads\/sites\/512\/2023\/01\/Experiencia-03.jpg\",\"datePublished\":\"2023-07-24T08:28:51+00:00\",\"dateModified\":\"2023-07-25T10:11:57+00:00\",\"description\":\"Kommen Sie und lassen Sie sich von den unz\u00e4hligen Erlebnissen \u00fcberraschen, die unsere Region bietet. Es erwarten Sie verschiedene Aktivit\u00e4ten sowohl am Tag als auch in der Nacht\",\"breadcrumb\":{\"@id\":\"https:\/\/apuliapraia-hotel.com\/de\/789-2\/#breadcrumb\"},\"inLanguage\":\"de-DE\",\"potentialAction\":[{\"@type\":\"ReadAction\",\"target\":[\"https:\/\/apuliapraia-hotel.com\/de\/789-2\/\"]}]},{\"@type\":\"ImageObject\",\"inLanguage\":\"de-DE\",\"@id\":\"https:\/\/apuliapraia-hotel.com\/de\/789-2\/#primaryimage\",\"url\":\"https:\/\/apuliapraia-hotel.com\/wp-content\/uploads\/sites\/512\/2023\/01\/Experiencia-03.jpg\",\"contentUrl\":\"https:\/\/apuliapraia-hotel.com\/wp-content\/uploads\/sites\/512\/2023\/01\/Experiencia-03.jpg\",\"width\":940,\"height\":788},{\"@type\":\"BreadcrumbList\",\"@id\":\"https:\/\/apuliapraia-hotel.com\/de\/789-2\/#breadcrumb\",\"itemListElement\":[{\"@type\":\"ListItem\",\"position\":1,\"name\":\"Home\",\"item\":\"https:\/\/apuliapraia-hotel.com\/de\/\"},{\"@type\":\"ListItem\",\"position\":2,\"name\":\"Erlebnisse\"}]},{\"@type\":\"WebSite\",\"@id\":\"https:\/\/apuliapraia-hotel.com\/de\/#website\",\"url\":\"https:\/\/apuliapraia-hotel.com\/de\/\",\"name\":\"Apulia Praia Hotel\",\"description\":\"\",\"potentialAction\":[{\"@type\":\"SearchAction\",\"target\":{\"@type\":\"EntryPoint\",\"urlTemplate\":\"https:\/\/apuliapraia-hotel.com\/de\/?s={search_term_string}\"},\"query-input\":{\"@type\":\"PropertyValueSpecification\",\"valueRequired\":true,\"valueName\":\"search_term_string\"}}],\"inLanguage\":\"de-DE\"}]}<\/script>\n<!-- \/ Yoast SEO plugin. -->","yoast_head_json":{"title":"Erlebnisse - Apulia Praia Hotel -","description":"Kommen Sie und lassen Sie sich von den unz\u00e4hligen Erlebnissen \u00fcberraschen, die unsere Region bietet. Es erwarten Sie verschiedene Aktivit\u00e4ten sowohl am Tag als auch in der Nacht","robots":{"index":"index","follow":"follow","max-snippet":"max-snippet:-1","max-image-preview":"max-image-preview:large","max-video-preview":"max-video-preview:-1"},"canonical":"https:\/\/apuliapraia-hotel.com\/de\/789-2\/","og_locale":"de_DE","og_type":"article","og_title":"Erlebnisse - Apulia Praia Hotel -","og_description":"Kommen Sie und lassen Sie sich von den unz\u00e4hligen Erlebnissen \u00fcberraschen, die unsere Region bietet. Es erwarten Sie verschiedene Aktivit\u00e4ten sowohl am Tag als auch in der Nacht","og_url":"https:\/\/apuliapraia-hotel.com\/de\/789-2\/","og_site_name":"Apulia Praia Hotel","article_modified_time":"2023-07-25T10:11:57+00:00","og_image":[{"width":940,"height":788,"url":"https:\/\/apuliapraia-hotel.com\/wp-content\/uploads\/sites\/512\/2023\/01\/Experiencia-03.jpg","type":"image\/jpeg"}],"twitter_card":"summary_large_image","schema":{"@context":"https:\/\/schema.org","@graph":[{"@type":"WebPage","@id":"https:\/\/apuliapraia-hotel.com\/de\/789-2\/","url":"https:\/\/apuliapraia-hotel.com\/de\/789-2\/","name":"Erlebnisse - Apulia Praia Hotel -","isPartOf":{"@id":"https:\/\/apuliapraia-hotel.com\/de\/#website"},"primaryImageOfPage":{"@id":"https:\/\/apuliapraia-hotel.com\/de\/789-2\/#primaryimage"},"image":{"@id":"https:\/\/apuliapraia-hotel.com\/de\/789-2\/#primaryimage"},"thumbnailUrl":"https:\/\/apuliapraia-hotel.com\/wp-content\/uploads\/sites\/512\/2023\/01\/Experiencia-03.jpg","datePublished":"2023-07-24T08:28:51+00:00","dateModified":"2023-07-25T10:11:57+00:00","description":"Kommen Sie und lassen Sie sich von den unz\u00e4hligen Erlebnissen \u00fcberraschen, die unsere Region bietet. Es erwarten Sie verschiedene Aktivit\u00e4ten sowohl am Tag als auch in der Nacht","breadcrumb":{"@id":"https:\/\/apuliapraia-hotel.com\/de\/789-2\/#breadcrumb"},"inLanguage":"de-DE","potentialAction":[{"@type":"ReadAction","target":["https:\/\/apuliapraia-hotel.com\/de\/789-2\/"]}]},{"@type":"ImageObject","inLanguage":"de-DE","@id":"https:\/\/apuliapraia-hotel.com\/de\/789-2\/#primaryimage","url":"https:\/\/apuliapraia-hotel.com\/wp-content\/uploads\/sites\/512\/2023\/01\/Experiencia-03.jpg","contentUrl":"https:\/\/apuliapraia-hotel.com\/wp-content\/uploads\/sites\/512\/2023\/01\/Experiencia-03.jpg","width":940,"height":788},{"@type":"BreadcrumbList","@id":"https:\/\/apuliapraia-hotel.com\/de\/789-2\/#breadcrumb","itemListElement":[{"@type":"ListItem","position":1,"name":"Home","item":"https:\/\/apuliapraia-hotel.com\/de\/"},{"@type":"ListItem","position":2,"name":"Erlebnisse"}]},{"@type":"WebSite","@id":"https:\/\/apuliapraia-hotel.com\/de\/#website","url":"https:\/\/apuliapraia-hotel.com\/de\/","name":"Apulia Praia Hotel","description":"","potentialAction":[{"@type":"SearchAction","target":{"@type":"EntryPoint","urlTemplate":"https:\/\/apuliapraia-hotel.com\/de\/?s={search_term_string}"},"query-input":{"@type":"PropertyValueSpecification","valueRequired":true,"valueName":"search_term_string"}}],"inLanguage":"de-DE"}]}},"acf":[],"_links":{"self":[{"href":"https:\/\/apuliapraia-hotel.com\/de\/wp-json\/wp\/v2\/pages\/789","targetHints":{"allow":["GET"]}}],"collection":[{"href":"https:\/\/apuliapraia-hotel.com\/de\/wp-json\/wp\/v2\/pages"}],"about":[{"href":"https:\/\/apuliapraia-hotel.com\/de\/wp-json\/wp\/v2\/types\/page"}],"author":[{"embeddable":true,"href":"https:\/\/apuliapraia-hotel.com\/de\/wp-json\/wp\/v2\/users\/565"}],"replies":[{"embeddable":true,"href":"https:\/\/apuliapraia-hotel.com\/de\/wp-json\/wp\/v2\/comments?post=789"}],"version-history":[{"count":0,"href":"https:\/\/apuliapraia-hotel.com\/de\/wp-json\/wp\/v2\/pages\/789\/revisions"}],"wp:featuredmedia":[{"embeddable":true,"href":"https:\/\/apuliapraia-hotel.com\/de\/wp-json\/wp\/v2\/media\/240"}],"wp:attachment":[{"href":"https:\/\/apuliapraia-hotel.com\/de\/wp-json\/wp\/v2\/media?parent=789"}],"curies":[{"name":"wp","href":"https:\/\/api.w.org\/{rel}","templated":true}]}}