{"id":778,"date":"2023-07-22T08:28:46","date_gmt":"2023-07-22T08:28:46","guid":{"rendered":"https:\/\/apuliapraia-hotel.com\/?page_id=778"},"modified":"2025-02-21T22:26:53","modified_gmt":"2025-02-21T22:26:53","slug":"romantisch","status":"publish","type":"page","link":"https:\/\/apuliapraia-hotel.com\/de\/schlafzimmer\/romantisch\/","title":{"rendered":"Romantisch"},"content":{"rendered":"<p><span style=\"vertical-align: inherit\"><span style=\"vertical-align: inherit\"><span style=\"vertical-align: inherit\"><span style=\"vertical-align: inherit\">Doppelzimmer mit Doppelbett (Queen-Size), speziell eingerichtet f\u00fcr <strong>eine romantische und leidenschaftliche Atmosph\u00e4re. <\/strong><\/span><\/span><\/span><span style=\"vertical-align: inherit\"><span style=\"vertical-align: inherit\"><span style=\"vertical-align: inherit\">Der Aufenthalt in einem romantischen Zimmer beinhaltet das Angebot an Sekt und Pralinen sowie ein k\u00f6stliches Fr\u00fchst\u00fcck, \u00e0 das ins Zimmer serviert wird. <\/span><\/span><\/span><span style=\"vertical-align: inherit\"><span style=\"vertical-align: inherit\"><span style=\"vertical-align: inherit\">Ausgestattet mit schnellem WLAN und Flachbildfernseher, Klimaanlage, Telefon, Safe, Minibar, Wasserkocher und Schreibtisch.<\/span><\/span><\/span><\/span><\/p>\n","protected":false},"excerpt":{"rendered":"<p>Doppelzimmer mit Doppelbett (Queen-Size), speziell eingerichtet f\u00fcr eine romantische und leidenschaftliche Atmosph\u00e4re. Der Aufenthalt in einem romantischen Zimmer beinhaltet das Angebot an Sekt und Pralinen sowie ein k\u00f6stliches Fr\u00fchst\u00fcck, \u00e0 das ins Zimmer serviert wird. Ausgestattet mit schnellem WLAN und Flachbildfernseher, Klimaanlage, Telefon, Safe, Minibar, Wasserkocher und Schreibtisch.<\/p>\n","protected":false},"author":565,"featured_media":346,"parent":772,"menu_order":5,"comment_status":"closed","ping_status":"closed","template":"template-single-room.php","meta":{"footnotes":""},"class_list":["post-778","page","type-page","status-publish","has-post-thumbnail","hentry"],"yoast_head":"<!-- This site is optimized with the Yoast SEO plugin v26.9 - https:\/\/yoast.com\/product\/yoast-seo-wordpress\/ -->\n<title>Romantisch - Apulia Praia Hotel -<\/title>\n<meta name=\"description\" content=\"Doppelzimmer mit Doppelbett (Queen-Size), speziell eingerichtet f\u00fcr eine romantische und leidenschaftliche Atmosph\u00e4re. Der Aufenthalt in einem romantischen Zimmer beinhaltet das Angebot an Sekt und Pralinen sowie ein k\u00f6stliches Fr\u00fchst\u00fcck, \u00e0 das ins Zimmer serviert wird\" \/>\n<meta name=\"robots\" content=\"index, follow, max-snippet:-1, max-image-preview:large, max-video-preview:-1\" \/>\n<link rel=\"canonical\" href=\"https:\/\/apuliapraia-hotel.com\/de\/schlafzimmer\/romantisch\/\" \/>\n<meta property=\"og:locale\" content=\"de_DE\" \/>\n<meta property=\"og:type\" content=\"article\" \/>\n<meta property=\"og:title\" content=\"Romantisch - Apulia Praia Hotel -\" \/>\n<meta property=\"og:description\" content=\"Doppelzimmer mit Doppelbett (Queen-Size), speziell eingerichtet f\u00fcr eine romantische und leidenschaftliche Atmosph\u00e4re. Der Aufenthalt in einem romantischen Zimmer beinhaltet das Angebot an Sekt und Pralinen sowie ein k\u00f6stliches Fr\u00fchst\u00fcck, \u00e0 das ins Zimmer serviert wird\" \/>\n<meta property=\"og:url\" content=\"https:\/\/apuliapraia-hotel.com\/de\/schlafzimmer\/romantisch\/\" \/>\n<meta property=\"og:site_name\" content=\"Apulia Praia Hotel\" \/>\n<meta property=\"article:modified_time\" content=\"2025-02-21T22:26:53+00:00\" \/>\n<meta property=\"og:image\" content=\"https:\/\/apuliapraia-hotel.com\/wp-content\/uploads\/sites\/512\/2023\/02\/Quarto_Romantico3_thumb.jpg\" \/>\n\t<meta property=\"og:image:width\" content=\"1200\" \/>\n\t<meta property=\"og:image:height\" content=\"800\" \/>\n\t<meta property=\"og:image:type\" content=\"image\/jpeg\" \/>\n<meta name=\"twitter:card\" content=\"summary_large_image\" \/>\n<meta name=\"twitter:label1\" content=\"Gesch\u00e4tzte Lesezeit\" \/>\n\t<meta name=\"twitter:data1\" content=\"1 Minute\" \/>\n<script type=\"application\/ld+json\" class=\"yoast-schema-graph\">{\"@context\":\"https:\/\/schema.org\",\"@graph\":[{\"@type\":\"WebPage\",\"@id\":\"https:\/\/apuliapraia-hotel.com\/de\/schlafzimmer\/romantisch\/\",\"url\":\"https:\/\/apuliapraia-hotel.com\/de\/schlafzimmer\/romantisch\/\",\"name\":\"Romantisch - Apulia Praia Hotel -\",\"isPartOf\":{\"@id\":\"https:\/\/apuliapraia-hotel.com\/de\/#website\"},\"primaryImageOfPage\":{\"@id\":\"https:\/\/apuliapraia-hotel.com\/de\/schlafzimmer\/romantisch\/#primaryimage\"},\"image\":{\"@id\":\"https:\/\/apuliapraia-hotel.com\/de\/schlafzimmer\/romantisch\/#primaryimage\"},\"thumbnailUrl\":\"https:\/\/apuliapraia-hotel.com\/wp-content\/uploads\/sites\/512\/2023\/02\/Quarto_Romantico3_thumb.jpg\",\"datePublished\":\"2023-07-22T08:28:46+00:00\",\"dateModified\":\"2025-02-21T22:26:53+00:00\",\"description\":\"Doppelzimmer mit Doppelbett (Queen-Size), speziell eingerichtet f\u00fcr eine romantische und leidenschaftliche Atmosph\u00e4re. Der Aufenthalt in einem romantischen Zimmer beinhaltet das Angebot an Sekt und Pralinen sowie ein k\u00f6stliches Fr\u00fchst\u00fcck, \u00e0 das ins Zimmer serviert wird\",\"breadcrumb\":{\"@id\":\"https:\/\/apuliapraia-hotel.com\/de\/schlafzimmer\/romantisch\/#breadcrumb\"},\"inLanguage\":\"de-DE\",\"potentialAction\":[{\"@type\":\"ReadAction\",\"target\":[\"https:\/\/apuliapraia-hotel.com\/de\/schlafzimmer\/romantisch\/\"]}]},{\"@type\":\"ImageObject\",\"inLanguage\":\"de-DE\",\"@id\":\"https:\/\/apuliapraia-hotel.com\/de\/schlafzimmer\/romantisch\/#primaryimage\",\"url\":\"https:\/\/apuliapraia-hotel.com\/wp-content\/uploads\/sites\/512\/2023\/02\/Quarto_Romantico3_thumb.jpg\",\"contentUrl\":\"https:\/\/apuliapraia-hotel.com\/wp-content\/uploads\/sites\/512\/2023\/02\/Quarto_Romantico3_thumb.jpg\",\"width\":1200,\"height\":800},{\"@type\":\"BreadcrumbList\",\"@id\":\"https:\/\/apuliapraia-hotel.com\/de\/schlafzimmer\/romantisch\/#breadcrumb\",\"itemListElement\":[{\"@type\":\"ListItem\",\"position\":1,\"name\":\"Home\",\"item\":\"https:\/\/apuliapraia-hotel.com\/de\/\"},{\"@type\":\"ListItem\",\"position\":2,\"name\":\"Schlafzimmer\",\"item\":\"https:\/\/apuliapraia-hotel.com\/de\/schlafzimmer\/\"},{\"@type\":\"ListItem\",\"position\":3,\"name\":\"Romantisch\"}]},{\"@type\":\"WebSite\",\"@id\":\"https:\/\/apuliapraia-hotel.com\/de\/#website\",\"url\":\"https:\/\/apuliapraia-hotel.com\/de\/\",\"name\":\"Apulia Praia Hotel\",\"description\":\"\",\"potentialAction\":[{\"@type\":\"SearchAction\",\"target\":{\"@type\":\"EntryPoint\",\"urlTemplate\":\"https:\/\/apuliapraia-hotel.com\/de\/?s={search_term_string}\"},\"query-input\":{\"@type\":\"PropertyValueSpecification\",\"valueRequired\":true,\"valueName\":\"search_term_string\"}}],\"inLanguage\":\"de-DE\"}]}<\/script>\n<!-- \/ Yoast SEO plugin. -->","yoast_head_json":{"title":"Romantisch - Apulia Praia Hotel -","description":"Doppelzimmer mit Doppelbett (Queen-Size), speziell eingerichtet f\u00fcr eine romantische und leidenschaftliche Atmosph\u00e4re. Der Aufenthalt in einem romantischen Zimmer beinhaltet das Angebot an Sekt und Pralinen sowie ein k\u00f6stliches Fr\u00fchst\u00fcck, \u00e0 das ins Zimmer serviert wird","robots":{"index":"index","follow":"follow","max-snippet":"max-snippet:-1","max-image-preview":"max-image-preview:large","max-video-preview":"max-video-preview:-1"},"canonical":"https:\/\/apuliapraia-hotel.com\/de\/schlafzimmer\/romantisch\/","og_locale":"de_DE","og_type":"article","og_title":"Romantisch - Apulia Praia Hotel -","og_description":"Doppelzimmer mit Doppelbett (Queen-Size), speziell eingerichtet f\u00fcr eine romantische und leidenschaftliche Atmosph\u00e4re. Der Aufenthalt in einem romantischen Zimmer beinhaltet das Angebot an Sekt und Pralinen sowie ein k\u00f6stliches Fr\u00fchst\u00fcck, \u00e0 das ins Zimmer serviert wird","og_url":"https:\/\/apuliapraia-hotel.com\/de\/schlafzimmer\/romantisch\/","og_site_name":"Apulia Praia Hotel","article_modified_time":"2025-02-21T22:26:53+00:00","og_image":[{"width":1200,"height":800,"url":"https:\/\/apuliapraia-hotel.com\/wp-content\/uploads\/sites\/512\/2023\/02\/Quarto_Romantico3_thumb.jpg","type":"image\/jpeg"}],"twitter_card":"summary_large_image","twitter_misc":{"Gesch\u00e4tzte Lesezeit":"1 Minute"},"schema":{"@context":"https:\/\/schema.org","@graph":[{"@type":"WebPage","@id":"https:\/\/apuliapraia-hotel.com\/de\/schlafzimmer\/romantisch\/","url":"https:\/\/apuliapraia-hotel.com\/de\/schlafzimmer\/romantisch\/","name":"Romantisch - Apulia Praia Hotel -","isPartOf":{"@id":"https:\/\/apuliapraia-hotel.com\/de\/#website"},"primaryImageOfPage":{"@id":"https:\/\/apuliapraia-hotel.com\/de\/schlafzimmer\/romantisch\/#primaryimage"},"image":{"@id":"https:\/\/apuliapraia-hotel.com\/de\/schlafzimmer\/romantisch\/#primaryimage"},"thumbnailUrl":"https:\/\/apuliapraia-hotel.com\/wp-content\/uploads\/sites\/512\/2023\/02\/Quarto_Romantico3_thumb.jpg","datePublished":"2023-07-22T08:28:46+00:00","dateModified":"2025-02-21T22:26:53+00:00","description":"Doppelzimmer mit Doppelbett (Queen-Size), speziell eingerichtet f\u00fcr eine romantische und leidenschaftliche Atmosph\u00e4re. Der Aufenthalt in einem romantischen Zimmer beinhaltet das Angebot an Sekt und Pralinen sowie ein k\u00f6stliches Fr\u00fchst\u00fcck, \u00e0 das ins Zimmer serviert wird","breadcrumb":{"@id":"https:\/\/apuliapraia-hotel.com\/de\/schlafzimmer\/romantisch\/#breadcrumb"},"inLanguage":"de-DE","potentialAction":[{"@type":"ReadAction","target":["https:\/\/apuliapraia-hotel.com\/de\/schlafzimmer\/romantisch\/"]}]},{"@type":"ImageObject","inLanguage":"de-DE","@id":"https:\/\/apuliapraia-hotel.com\/de\/schlafzimmer\/romantisch\/#primaryimage","url":"https:\/\/apuliapraia-hotel.com\/wp-content\/uploads\/sites\/512\/2023\/02\/Quarto_Romantico3_thumb.jpg","contentUrl":"https:\/\/apuliapraia-hotel.com\/wp-content\/uploads\/sites\/512\/2023\/02\/Quarto_Romantico3_thumb.jpg","width":1200,"height":800},{"@type":"BreadcrumbList","@id":"https:\/\/apuliapraia-hotel.com\/de\/schlafzimmer\/romantisch\/#breadcrumb","itemListElement":[{"@type":"ListItem","position":1,"name":"Home","item":"https:\/\/apuliapraia-hotel.com\/de\/"},{"@type":"ListItem","position":2,"name":"Schlafzimmer","item":"https:\/\/apuliapraia-hotel.com\/de\/schlafzimmer\/"},{"@type":"ListItem","position":3,"name":"Romantisch"}]},{"@type":"WebSite","@id":"https:\/\/apuliapraia-hotel.com\/de\/#website","url":"https:\/\/apuliapraia-hotel.com\/de\/","name":"Apulia Praia Hotel","description":"","potentialAction":[{"@type":"SearchAction","target":{"@type":"EntryPoint","urlTemplate":"https:\/\/apuliapraia-hotel.com\/de\/?s={search_term_string}"},"query-input":{"@type":"PropertyValueSpecification","valueRequired":true,"valueName":"search_term_string"}}],"inLanguage":"de-DE"}]}},"acf":[],"_links":{"self":[{"href":"https:\/\/apuliapraia-hotel.com\/de\/wp-json\/wp\/v2\/pages\/778","targetHints":{"allow":["GET"]}}],"collection":[{"href":"https:\/\/apuliapraia-hotel.com\/de\/wp-json\/wp\/v2\/pages"}],"about":[{"href":"https:\/\/apuliapraia-hotel.com\/de\/wp-json\/wp\/v2\/types\/page"}],"author":[{"embeddable":true,"href":"https:\/\/apuliapraia-hotel.com\/de\/wp-json\/wp\/v2\/users\/565"}],"replies":[{"embeddable":true,"href":"https:\/\/apuliapraia-hotel.com\/de\/wp-json\/wp\/v2\/comments?post=778"}],"version-history":[{"count":0,"href":"https:\/\/apuliapraia-hotel.com\/de\/wp-json\/wp\/v2\/pages\/778\/revisions"}],"up":[{"embeddable":true,"href":"https:\/\/apuliapraia-hotel.com\/de\/wp-json\/wp\/v2\/pages\/772"}],"wp:featuredmedia":[{"embeddable":true,"href":"https:\/\/apuliapraia-hotel.com\/de\/wp-json\/wp\/v2\/media\/346"}],"wp:attachment":[{"href":"https:\/\/apuliapraia-hotel.com\/de\/wp-json\/wp\/v2\/media?parent=778"}],"curies":[{"name":"wp","href":"https:\/\/api.w.org\/{rel}","templated":true}]}}